{"id":3531,"date":"2024-02-02T14:44:34","date_gmt":"2024-02-02T14:44:34","guid":{"rendered":"https:\/\/dokerler.com\/kurumsal\/"},"modified":"2024-03-02T19:28:52","modified_gmt":"2024-03-02T19:28:52","slug":"kurumsal","status":"publish","type":"page","link":"https:\/\/dokerler.com\/tr\/kurumsal\/","title":{"rendered":"Kurumsal"},"content":{"rendered":"\t\t<div data-elementor-type=\"wp-page\" data-elementor-id=\"3531\" class=\"elementor elementor-3531\">\n\t\t\t\t\t\t<section class=\"elementor-section elementor-top-section elementor-element elementor-element-9ad4ab0 elementor-section-full_width elementor-section-height-default elementor-section-height-default\" data-id=\"9ad4ab0\" data-element_type=\"section\">\n\t\t\t\t\t\t<div class=\"elementor-container elementor-column-gap-default\">\n\t\t\t\t\t<div class=\"elementor-column elementor-col-100 elementor-top-column elementor-element elementor-element-1777117\" data-id=\"1777117\" data-element_type=\"column\">\n\t\t\t<div class=\"elementor-widget-wrap elementor-element-populated\">\n\t\t\t\t\t\t<div class=\"elementor-element elementor-element-855f2e1 elementor-widget elementor-widget-gva_post_breadcrumb\" data-id=\"855f2e1\" data-element_type=\"widget\" data-widget_type=\"gva_post_breadcrumb.default\">\n\t\t\t\t<div class=\"elementor-widget-container\">\n\t\t\t\t\t<div class=\"gva-element-gva_post_breadcrumb gva-element\">   \r\n<div class=\"post-breadcrumb\">\r\n   <div class=\"custom-breadcrumb \" >\r\n            <div class=\"breadcrumb-main\">\r\n        <div class=\"container\">\r\n          <div class=\"breadcrumb-container-inner\">\r\n            <h2 class=\"heading-title\">Kurumsal<\/h2><ol class=\"breadcrumb\"><li><a href=\"https:\/\/dokerler.com\/tr\/\">Home<\/a> <\/li> <li class=\"active\">Sayfa<\/li><\/ol>          <\/div>  \r\n        <\/div>   \r\n      <\/div>  \r\n   <\/div>\r\n<\/div>      \r\n\r\n<\/div>\t\t\t\t<\/div>\n\t\t\t\t<\/div>\n\t\t\t\t\t<\/div>\n\t\t<\/div>\n\t\t\t\t\t<\/div>\n\t\t<\/section>\n\t\t\t\t<section class=\"elementor-section elementor-top-section elementor-element elementor-element-16f69c0 elementor-section-boxed elementor-section-height-default elementor-section-height-default\" data-id=\"16f69c0\" data-element_type=\"section\">\n\t\t\t\t\t\t<div class=\"elementor-container elementor-column-gap-default\">\n\t\t\t\t\t<div class=\"elementor-column elementor-col-100 elementor-top-column elementor-element elementor-element-e8a334f\" data-id=\"e8a334f\" data-element_type=\"column\">\n\t\t\t<div class=\"elementor-widget-wrap elementor-element-populated\">\n\t\t\t\t\t\t<div class=\"elementor-element elementor-element-081132d elementor-widget elementor-widget-gva-heading-block\" data-id=\"081132d\" data-element_type=\"widget\" data-widget_type=\"gva-heading-block.default\">\n\t\t\t\t<div class=\"elementor-widget-container\">\n\t\t\t\t\t<div class=\"gva-element-gva-heading-block gva-element\">   <div class=\"align-left style-1 widget gsc-heading box-align-left auto-responsive\">\r\n      <div class=\"content-inner\">\r\n         \r\n                  \r\n         <div class=\"sub-title\"><span class=\"tagline\">Hakk\u0131m\u0131zda<\/span><\/div>  \r\n         \r\n                     <h2 class=\"title\">\r\n               <span>Kurumsal<\/span>\r\n            <\/h2>\r\n                  \r\n         \r\n         \r\n      <\/div>\r\n   <\/div>\r\n<\/div>\t\t\t\t<\/div>\n\t\t\t\t<\/div>\n\t\t\t\t<div class=\"elementor-element elementor-element-15b327e elementor-widget elementor-widget-text-editor\" data-id=\"15b327e\" data-element_type=\"widget\" data-widget_type=\"text-editor.default\">\n\t\t\t\t<div class=\"elementor-widget-container\">\n\t\t\t\t\t\t\t\t\t<p>D\u00f6kerler, 1935 y\u0131l\u0131nda altyap\u0131 su borular\u0131 i\u00e7in gri d\u00f6kme demir ba\u011flant\u0131 par\u00e7alar\u0131 \u00fcreticisi olarak \u00fcretim faaliyetlerine ba\u015flad\u0131. 1982 y\u0131l\u0131nda &#8220;D\u00f6kerler D\u00f6k\u00fcm Sanayi \u0130hracat \u0130thalat ve Ticaret Limited \u015eirketi &#8220;nin kurulmas\u0131n\u0131n ard\u0131ndan Ankara-\u0130stanbul karayolu \u00fczerinde Susuz K\u00f6y\u00fc&#8217;nde kurulan yeni fabrikas\u0131nda altyap\u0131 su borular\u0131 i\u00e7in pik ve sfero d\u00f6k\u00fcm ba\u011flant\u0131 par\u00e7alar\u0131 \u00fcretimine devam etti. 2018 y\u0131l\u0131nda Sincan Malik\u00f6y Ba\u015fkent Sanayi B\u00f6lgesi&#8217;nde yeni bir yat\u0131r\u0131m ger\u00e7ekle\u015ftiren D\u00f6kerler, &#8220;b\u00fcy\u00fcmeye devam etmek i\u00e7in stratejik d\u00fc\u015f\u00fcn\u00fcyoruz&#8221; ilkesiyle \u00fcretiminin b\u00fcy\u00fck bir k\u0131sm\u0131n\u0131 d\u0131\u015f pazarlara y\u00f6nlendirdi. Altyap\u0131 su boru ek par\u00e7alar\u0131nda yar\u0131m as\u0131rl\u0131k bilgi ve tecr\u00fcbesini polietilen HDPE boru ek par\u00e7alar\u0131na aktararak; Dokerler olarak su ve gaz \u00e7\u00f6z\u00fcmlerinde kendinden emin ve yenilik\u00e7i<\/p>\n\t\t\t\t\t\t\t\t<\/div>\n\t\t\t\t<\/div>\n\t\t\t\t<div class=\"elementor-element elementor-element-c472f12 elementor-widget elementor-widget-gva_icon_box_group\" data-id=\"c472f12\" data-element_type=\"widget\" data-widget_type=\"gva_icon_box_group.default\">\n\t\t\t\t<div class=\"elementor-widget-container\">\n\t\t\t\t\t<div class=\"gva-element-gva_icon_box_group gva-element\">\r\n<div class=\"gsc-icon-box-group layout-grid\">\r\n\t<div class=\"lg-block-grid-3 md-block-grid-3 sm-block-grid-2 xs-block-grid-1 xx-block-grid-1\">\r\n\t\t<div class=\"item-columns\">\r\n<div class=\"icon-box-item elementor-repeater-item-bf1a9e3\">\r\n\r\n\t\r\n\t\r\n\t<div class=\"iconbox-three__single\"><div class=\"iconbox-three__icon\"><i aria-hidden=\"true\" class=\" picon-badge\"><\/i><\/div><h3 class=\"iconbox-three__title\">Hakk\u0131m\u0131zda<\/h3>\t\t  \t<a href=\"https:\/\/dokerler.com\/tr\/kurumsal\/hakkimizda\/\" class=\"iconbox-three__link-overlay\" aria-label=\"link\">\r\n\t\t\t \t\t\t  \t<\/a>\r\n\t\t  <\/div>\r\n\t\r\n\t\r\n<\/div><\/div><div class=\"item-columns\">\r\n<div class=\"icon-box-item elementor-repeater-item-f27e971\">\r\n\r\n\t\r\n\t\r\n\t<div class=\"iconbox-three__single\"><div class=\"iconbox-three__icon\"><i aria-hidden=\"true\" class=\" picon-photograph\"><\/i><\/div><h3 class=\"iconbox-three__title\">Fuar Foto\u011fraflar\u0131<\/h3>\t\t  \t<a href=\"https:\/\/dokerler.com\/tr\/kurumsal\/fuar-fotograflari\/\" class=\"iconbox-three__link-overlay\" aria-label=\"link\">\r\n\t\t\t \t\t\t  \t<\/a>\r\n\t\t  <\/div>\r\n\t\r\n\t\r\n<\/div><\/div><div class=\"item-columns\">\r\n<div class=\"icon-box-item elementor-repeater-item-7e841c6\">\r\n\r\n\t\r\n\t\r\n\t<div class=\"iconbox-three__single\"><div class=\"iconbox-three__icon\"><i aria-hidden=\"true\" class=\" picon-content-creator\"><\/i><\/div><h3 class=\"iconbox-three__title\">Sertifikalar<\/h3>\t\t  \t<a href=\"https:\/\/dokerler.com\/tr\/kurumsal\/sertifika\/\" class=\"iconbox-three__link-overlay\" aria-label=\"link\">\r\n\t\t\t \t\t\t  \t<\/a>\r\n\t\t  <\/div>\r\n\t\r\n\t\r\n<\/div><\/div><div class=\"item-columns\">\r\n<div class=\"icon-box-item elementor-repeater-item-0aa27d0\">\r\n\r\n\t\r\n\t\r\n\t<div class=\"iconbox-three__single\"><div class=\"iconbox-three__icon\"><i aria-hidden=\"true\" class=\" picon-handshake\"><\/i><\/div><h3 class=\"iconbox-three__title\">\u0130nsan Kaynaklar\u0131<\/h3>\t\t  \t<a href=\"https:\/\/dokerler.com\/tr\/kurumsal\/insan-kaynaklari\/\" class=\"iconbox-three__link-overlay\" aria-label=\"link\">\r\n\t\t\t \t\t\t  \t<\/a>\r\n\t\t  <\/div>\r\n\t\r\n\t\r\n<\/div><\/div><div class=\"item-columns\">\r\n<div class=\"icon-box-item elementor-repeater-item-a81889b\">\r\n\r\n\t\r\n\t\r\n\t<div class=\"iconbox-three__single\"><div class=\"iconbox-three__icon\"><i aria-hidden=\"true\" class=\" picon-content-creator\"><\/i><\/div><h3 class=\"iconbox-three__title\">Haberler&Blog<\/h3>\t\t  \t<a href=\"https:\/\/dokerler.com\/tr\/kurumsal\/haberler\/\" class=\"iconbox-three__link-overlay\" aria-label=\"link\">\r\n\t\t\t \t\t\t  \t<\/a>\r\n\t\t  <\/div>\r\n\t\r\n\t\r\n<\/div><\/div><div class=\"item-columns\">\r\n<div class=\"icon-box-item elementor-repeater-item-c778e6c\">\r\n\r\n\t\r\n\t\r\n\t<div class=\"iconbox-three__single\"><div class=\"iconbox-three__icon\"><i aria-hidden=\"true\" class=\" picon-edit-tools\"><\/i><\/div><h3 class=\"iconbox-three__title\">\u00dcr\u00fcnler<\/h3>\t\t  \t<a href=\"https:\/\/dokerler.com\/tr\/urunler\/\" class=\"iconbox-three__link-overlay\" aria-label=\"link\">\r\n\t\t\t \t\t\t  \t<\/a>\r\n\t\t  <\/div>\r\n\t\r\n\t\r\n<\/div><\/div>\t<\/div>   \r\n<\/div>\r\n<\/div>\t\t\t\t<\/div>\n\t\t\t\t<\/div>\n\t\t\t\t\t<\/div>\n\t\t<\/div>\n\t\t\t\t\t<\/div>\n\t\t<\/section>\n\t\t\t\t<\/div>\n\t\t","protected":false},"excerpt":{"rendered":"<p>Kurumsal Home Page Hakk\u0131m\u0131zda Kurumsal D\u00f6kerler, 1935 y\u0131l\u0131nda altyap\u0131 su borular\u0131 i\u00e7in gri d\u00f6kme demir ba\u011flant\u0131 par\u00e7alar\u0131 \u00fcreticisi olarak \u00fcretim faaliyetlerine ba\u015flad\u0131. 1982 y\u0131l\u0131nda &#8220;D\u00f6kerler D\u00f6k\u00fcm Sanayi \u0130hracat \u0130thalat ve Ticaret Limited \u015eirketi &#8220;nin kurulmas\u0131n\u0131n ard\u0131ndan Ankara-\u0130stanbul karayolu \u00fczerinde Susuz K\u00f6y\u00fc&#8217;nde kurulan yeni fabrikas\u0131nda altyap\u0131 su borular\u0131 i\u00e7in pik ve sfero d\u00f6k\u00fcm ba\u011flant\u0131 par\u00e7alar\u0131 \u00fcretimine [&hellip;]<\/p>\n","protected":false},"author":1,"featured_media":0,"parent":0,"menu_order":0,"comment_status":"closed","ping_status":"closed","template":"","meta":{"footnotes":""},"class_list":["post-3531","page","type-page","status-publish","hentry"],"yoast_head":"<!-- This site is optimized with the Yoast SEO plugin v25.9 - https:\/\/yoast.com\/wordpress\/plugins\/seo\/ -->\n<title>Kurumsal - D\u00f6kerler D\u00f6k\u00fcm ve Plastik Polietilen San. \u0130th. \u0130hr. ve Tic. Ltd. \u015eti.<\/title>\n<meta name=\"robots\" content=\"index, follow, max-snippet:-1, max-image-preview:large, max-video-preview:-1\" \/>\n<link rel=\"canonical\" href=\"https:\/\/dokerler.com\/tr\/kurumsal\/\" \/>\n<meta property=\"og:locale\" content=\"tr_TR\" \/>\n<meta property=\"og:type\" content=\"article\" \/>\n<meta property=\"og:title\" content=\"Kurumsal - D\u00f6kerler D\u00f6k\u00fcm ve Plastik Polietilen San. \u0130th. \u0130hr. ve Tic. Ltd. \u015eti.\" \/>\n<meta property=\"og:description\" content=\"Kurumsal Home Page Hakk\u0131m\u0131zda Kurumsal D\u00f6kerler, 1935 y\u0131l\u0131nda altyap\u0131 su borular\u0131 i\u00e7in gri d\u00f6kme demir ba\u011flant\u0131 par\u00e7alar\u0131 \u00fcreticisi olarak \u00fcretim faaliyetlerine ba\u015flad\u0131. 1982 y\u0131l\u0131nda &#8220;D\u00f6kerler D\u00f6k\u00fcm Sanayi \u0130hracat \u0130thalat ve Ticaret Limited \u015eirketi &#8220;nin kurulmas\u0131n\u0131n ard\u0131ndan Ankara-\u0130stanbul karayolu \u00fczerinde Susuz K\u00f6y\u00fc&#8217;nde kurulan yeni fabrikas\u0131nda altyap\u0131 su borular\u0131 i\u00e7in pik ve sfero d\u00f6k\u00fcm ba\u011flant\u0131 par\u00e7alar\u0131 \u00fcretimine [&hellip;]\" \/>\n<meta property=\"og:url\" content=\"https:\/\/dokerler.com\/tr\/kurumsal\/\" \/>\n<meta property=\"og:site_name\" content=\"D\u00f6kerler D\u00f6k\u00fcm ve Plastik Polietilen San. \u0130th. \u0130hr. ve Tic. Ltd. \u015eti.\" \/>\n<meta property=\"article:modified_time\" content=\"2024-03-02T19:28:52+00:00\" \/>\n<meta name=\"twitter:card\" content=\"summary_large_image\" \/>\n<meta name=\"twitter:label1\" content=\"Tahmini okuma s\u00fcresi\" \/>\n\t<meta name=\"twitter:data1\" content=\"1 dakika\" \/>\n<script type=\"application\/ld+json\" class=\"yoast-schema-graph\">{\"@context\":\"https:\/\/schema.org\",\"@graph\":[{\"@type\":\"WebPage\",\"@id\":\"https:\/\/dokerler.com\/tr\/kurumsal\/\",\"url\":\"https:\/\/dokerler.com\/tr\/kurumsal\/\",\"name\":\"Kurumsal - D\u00f6kerler D\u00f6k\u00fcm ve Plastik Polietilen San. \u0130th. \u0130hr. ve Tic. Ltd. \u015eti.\",\"isPartOf\":{\"@id\":\"https:\/\/dokerler.com\/#website\"},\"datePublished\":\"2024-02-02T14:44:34+00:00\",\"dateModified\":\"2024-03-02T19:28:52+00:00\",\"breadcrumb\":{\"@id\":\"https:\/\/dokerler.com\/tr\/kurumsal\/#breadcrumb\"},\"inLanguage\":\"tr\",\"potentialAction\":[{\"@type\":\"ReadAction\",\"target\":[\"https:\/\/dokerler.com\/tr\/kurumsal\/\"]}]},{\"@type\":\"BreadcrumbList\",\"@id\":\"https:\/\/dokerler.com\/tr\/kurumsal\/#breadcrumb\",\"itemListElement\":[{\"@type\":\"ListItem\",\"position\":1,\"name\":\"Home\",\"item\":\"https:\/\/dokerler.com\/\"},{\"@type\":\"ListItem\",\"position\":2,\"name\":\"Kurumsal\"}]},{\"@type\":\"WebSite\",\"@id\":\"https:\/\/dokerler.com\/#website\",\"url\":\"https:\/\/dokerler.com\/\",\"name\":\"D\u00f6kerler D\u00f6k\u00fcm ve Plastik Polietilen San. \u0130th. \u0130hr. ve Tic. Ltd. \u015eti.\",\"description\":\"\",\"potentialAction\":[{\"@type\":\"SearchAction\",\"target\":{\"@type\":\"EntryPoint\",\"urlTemplate\":\"https:\/\/dokerler.com\/?s={search_term_string}\"},\"query-input\":{\"@type\":\"PropertyValueSpecification\",\"valueRequired\":true,\"valueName\":\"search_term_string\"}}],\"inLanguage\":\"tr\"}]}<\/script>\n<!-- \/ Yoast SEO plugin. -->","yoast_head_json":{"title":"Kurumsal - D\u00f6kerler D\u00f6k\u00fcm ve Plastik Polietilen San. \u0130th. \u0130hr. ve Tic. Ltd. \u015eti.","robots":{"index":"index","follow":"follow","max-snippet":"max-snippet:-1","max-image-preview":"max-image-preview:large","max-video-preview":"max-video-preview:-1"},"canonical":"https:\/\/dokerler.com\/tr\/kurumsal\/","og_locale":"tr_TR","og_type":"article","og_title":"Kurumsal - D\u00f6kerler D\u00f6k\u00fcm ve Plastik Polietilen San. \u0130th. \u0130hr. ve Tic. Ltd. \u015eti.","og_description":"Kurumsal Home Page Hakk\u0131m\u0131zda Kurumsal D\u00f6kerler, 1935 y\u0131l\u0131nda altyap\u0131 su borular\u0131 i\u00e7in gri d\u00f6kme demir ba\u011flant\u0131 par\u00e7alar\u0131 \u00fcreticisi olarak \u00fcretim faaliyetlerine ba\u015flad\u0131. 1982 y\u0131l\u0131nda &#8220;D\u00f6kerler D\u00f6k\u00fcm Sanayi \u0130hracat \u0130thalat ve Ticaret Limited \u015eirketi &#8220;nin kurulmas\u0131n\u0131n ard\u0131ndan Ankara-\u0130stanbul karayolu \u00fczerinde Susuz K\u00f6y\u00fc&#8217;nde kurulan yeni fabrikas\u0131nda altyap\u0131 su borular\u0131 i\u00e7in pik ve sfero d\u00f6k\u00fcm ba\u011flant\u0131 par\u00e7alar\u0131 \u00fcretimine [&hellip;]","og_url":"https:\/\/dokerler.com\/tr\/kurumsal\/","og_site_name":"D\u00f6kerler D\u00f6k\u00fcm ve Plastik Polietilen San. \u0130th. \u0130hr. ve Tic. Ltd. \u015eti.","article_modified_time":"2024-03-02T19:28:52+00:00","twitter_card":"summary_large_image","twitter_misc":{"Tahmini okuma s\u00fcresi":"1 dakika"},"schema":{"@context":"https:\/\/schema.org","@graph":[{"@type":"WebPage","@id":"https:\/\/dokerler.com\/tr\/kurumsal\/","url":"https:\/\/dokerler.com\/tr\/kurumsal\/","name":"Kurumsal - D\u00f6kerler D\u00f6k\u00fcm ve Plastik Polietilen San. \u0130th. \u0130hr. ve Tic. Ltd. \u015eti.","isPartOf":{"@id":"https:\/\/dokerler.com\/#website"},"datePublished":"2024-02-02T14:44:34+00:00","dateModified":"2024-03-02T19:28:52+00:00","breadcrumb":{"@id":"https:\/\/dokerler.com\/tr\/kurumsal\/#breadcrumb"},"inLanguage":"tr","potentialAction":[{"@type":"ReadAction","target":["https:\/\/dokerler.com\/tr\/kurumsal\/"]}]},{"@type":"BreadcrumbList","@id":"https:\/\/dokerler.com\/tr\/kurumsal\/#breadcrumb","itemListElement":[{"@type":"ListItem","position":1,"name":"Home","item":"https:\/\/dokerler.com\/"},{"@type":"ListItem","position":2,"name":"Kurumsal"}]},{"@type":"WebSite","@id":"https:\/\/dokerler.com\/#website","url":"https:\/\/dokerler.com\/","name":"D\u00f6kerler D\u00f6k\u00fcm ve Plastik Polietilen San. \u0130th. \u0130hr. ve Tic. Ltd. \u015eti.","description":"","potentialAction":[{"@type":"SearchAction","target":{"@type":"EntryPoint","urlTemplate":"https:\/\/dokerler.com\/?s={search_term_string}"},"query-input":{"@type":"PropertyValueSpecification","valueRequired":true,"valueName":"search_term_string"}}],"inLanguage":"tr"}]}},"_links":{"self":[{"href":"https:\/\/dokerler.com\/tr\/wp-json\/wp\/v2\/pages\/3531","targetHints":{"allow":["GET"]}}],"collection":[{"href":"https:\/\/dokerler.com\/tr\/wp-json\/wp\/v2\/pages"}],"about":[{"href":"https:\/\/dokerler.com\/tr\/wp-json\/wp\/v2\/types\/page"}],"author":[{"embeddable":true,"href":"https:\/\/dokerler.com\/tr\/wp-json\/wp\/v2\/users\/1"}],"replies":[{"embeddable":true,"href":"https:\/\/dokerler.com\/tr\/wp-json\/wp\/v2\/comments?post=3531"}],"version-history":[{"count":7,"href":"https:\/\/dokerler.com\/tr\/wp-json\/wp\/v2\/pages\/3531\/revisions"}],"predecessor-version":[{"id":4128,"href":"https:\/\/dokerler.com\/tr\/wp-json\/wp\/v2\/pages\/3531\/revisions\/4128"}],"wp:attachment":[{"href":"https:\/\/dokerler.com\/tr\/wp-json\/wp\/v2\/media?parent=3531"}],"curies":[{"name":"wp","href":"https:\/\/api.w.org\/{rel}","templated":true}]}}