{"id":3372,"date":"2024-02-03T10:23:24","date_gmt":"2024-02-03T10:23:24","guid":{"rendered":"https:\/\/dokerler.com\/hdpe-flans-adaptoru\/"},"modified":"2024-02-29T10:29:03","modified_gmt":"2024-02-29T10:29:03","slug":"hdpe-flans-adaptoru","status":"publish","type":"page","link":"https:\/\/dokerler.com\/tr\/hdpe-flans-adaptoru\/","title":{"rendered":"HDPE Flan\u015f Adapt\u00f6r\u00fc"},"content":{"rendered":"\t\t<div data-elementor-type=\"wp-page\" data-elementor-id=\"3372\" class=\"elementor elementor-3372\">\n\t\t\t\t\t\t<section class=\"elementor-section elementor-top-section elementor-element elementor-element-9ad4ab0 elementor-section-full_width elementor-section-height-default elementor-section-height-default\" data-id=\"9ad4ab0\" data-element_type=\"section\">\n\t\t\t\t\t\t<div class=\"elementor-container elementor-column-gap-default\">\n\t\t\t\t\t<div class=\"elementor-column elementor-col-100 elementor-top-column elementor-element elementor-element-1777117\" data-id=\"1777117\" data-element_type=\"column\">\n\t\t\t<div class=\"elementor-widget-wrap elementor-element-populated\">\n\t\t\t\t\t\t<div class=\"elementor-element elementor-element-855f2e1 elementor-widget elementor-widget-gva_post_breadcrumb\" data-id=\"855f2e1\" data-element_type=\"widget\" data-widget_type=\"gva_post_breadcrumb.default\">\n\t\t\t\t<div class=\"elementor-widget-container\">\n\t\t\t\t\t<div class=\"gva-element-gva_post_breadcrumb gva-element\">   \r\n<div class=\"post-breadcrumb\">\r\n   <div class=\"custom-breadcrumb \" >\r\n            <div class=\"breadcrumb-main\">\r\n        <div class=\"container\">\r\n          <div class=\"breadcrumb-container-inner\">\r\n            <h2 class=\"heading-title\">HDPE Flan\u015f Adapt\u00f6r\u00fc<\/h2><ol class=\"breadcrumb\"><li><a href=\"https:\/\/dokerler.com\/tr\/\">Home<\/a> <\/li> <li class=\"active\">Sayfa<\/li><\/ol>          <\/div>  \r\n        <\/div>   \r\n      <\/div>  \r\n   <\/div>\r\n<\/div>      \r\n\r\n<\/div>\t\t\t\t<\/div>\n\t\t\t\t<\/div>\n\t\t\t\t\t<\/div>\n\t\t<\/div>\n\t\t\t\t\t<\/div>\n\t\t<\/section>\n\t\t\t\t<section class=\"elementor-section elementor-top-section elementor-element elementor-element-16f69c0 elementor-section-boxed elementor-section-height-default elementor-section-height-default\" data-id=\"16f69c0\" data-element_type=\"section\">\n\t\t\t\t\t\t<div class=\"elementor-container elementor-column-gap-default\">\n\t\t\t\t\t<div class=\"elementor-column elementor-col-100 elementor-top-column elementor-element elementor-element-e8a334f\" data-id=\"e8a334f\" data-element_type=\"column\">\n\t\t\t<div class=\"elementor-widget-wrap elementor-element-populated\">\n\t\t\t\t\t\t<div class=\"elementor-element elementor-element-081132d elementor-widget elementor-widget-gva-heading-block\" data-id=\"081132d\" data-element_type=\"widget\" data-widget_type=\"gva-heading-block.default\">\n\t\t\t\t<div class=\"elementor-widget-container\">\n\t\t\t\t\t<div class=\"gva-element-gva-heading-block gva-element\">   <div class=\"align-left style-1 widget gsc-heading box-align-left auto-responsive\">\r\n      <div class=\"content-inner\">\r\n         \r\n                  \r\n           \r\n         \r\n                     <h2 class=\"title\">\r\n               <span>HDPE Flange Adapter<\/span>\r\n            <\/h2>\r\n                  \r\n         \r\n         \r\n      <\/div>\r\n   <\/div>\r\n<\/div>\t\t\t\t<\/div>\n\t\t\t\t<\/div>\n\t\t\t\t<div class=\"elementor-element elementor-element-15b327e elementor-widget elementor-widget-text-editor\" data-id=\"15b327e\" data-element_type=\"widget\" data-widget_type=\"text-editor.default\">\n\t\t\t\t<div class=\"elementor-widget-container\">\n\t\t\t\t\t\t\t\t\t<p>\n            <strong>HDPE Flan\u015f Adapt\u00f6rleri: \u00c7ok Y\u00f6nl\u00fc ve G\u00fcvenilir Ba\u011flant\u0131lar<\/strong>\n          <\/p>\n<p>HDPE Flan\u015f Adapt\u00f6rlerimiz, HDPE borular\u0131 flan\u015fl\u0131 boru sistemlerine ba\u011flamak i\u00e7in \u00e7ok y\u00f6nl\u00fc ve g\u00fcvenilir bir \u00e7\u00f6z\u00fcm sa\u011flar. En y\u00fcksek end\u00fcstri standartlar\u0131n\u0131 kar\u015f\u0131lamak \u00fczere tasarlanan bu adapt\u00f6rler ola\u011fan\u00fcst\u00fc g\u00fc\u00e7, dayan\u0131kl\u0131l\u0131k ve kurulum kolayl\u0131\u011f\u0131 sunar. \u0130ster bir su ar\u0131tma tesisi, ister end\u00fcstriyel tesis veya belediye altyap\u0131 projesi \u00fczerinde \u00e7al\u0131\u015f\u0131yor olun, HDPE Flan\u015f Adapt\u00f6rlerimiz sorunsuz ve g\u00fcvenli ba\u011flant\u0131lar i\u00e7in m\u00fckemmel se\u00e7imdir.<\/p>\n<ol>\n<li>Sorunsuz Entegrasyon: HDPE Flan\u015f Adapt\u00f6rlerimiz, hem HDPE borularla hem de flan\u015fl\u0131 boru sistemleriyle sorunsuz bir \u015fekilde entegre olacak \u015fekilde tasarlanm\u0131\u015ft\u0131r. S\u0131z\u0131nt\u0131lar\u0131 veya boru ba\u011flant\u0131lar\u0131n\u0131n kesilmesini \u00f6nlerken verimli s\u0131v\u0131 ak\u0131\u015f\u0131 sa\u011flayan g\u00fcvenilir bir ba\u011flant\u0131 noktas\u0131 sa\u011flarlar.<\/li>\n<li>G\u00fc\u00e7l\u00fc ve Dayan\u0131kl\u0131: Y\u00fcksek yo\u011funluklu polietilenden (HDPE) \u00fcretilen bu flan\u015f adapt\u00f6rleri ola\u011fan\u00fcst\u00fc g\u00fc\u00e7 ve dayan\u0131kl\u0131l\u0131k sunar. Y\u00fcksek bas\u0131n\u00e7lara, a\u011f\u0131r y\u00fcklere ve a\u015f\u0131r\u0131 \u00e7evre ko\u015fullar\u0131na dayanabilirler, bu da onlar\u0131 zorlu uygulamalar i\u00e7in ideal hale getirir.<\/li>\n<li>Korozyon ve Kimyasal Diren\u00e7: HDPE do\u011fas\u0131 gere\u011fi korozyona, kimyasallara ve a\u015f\u0131nmaya kar\u015f\u0131 diren\u00e7lidir ve end\u00fcstriyel ve belediye ortamlar\u0131nda yayg\u0131n olarak bulunan sert maddelere kar\u015f\u0131 m\u00fckemmel koruma sa\u011flar. HDPE Flan\u015f Adapt\u00f6rlerimiz kimyasal bozulmaya kar\u015f\u0131 dayan\u0131kl\u0131 olacak ve zaman i\u00e7inde b\u00fct\u00fcnl\u00fc\u011f\u00fcn\u00fc koruyacak \u015fekilde tasarlanm\u0131\u015ft\u0131r.<\/li>\n<li>Kolay Kurulum: HDPE Flan\u015f Adapt\u00f6rlerimizin montaj\u0131 h\u0131zl\u0131 ve basittir. Standart flan\u015f modelleriyle m\u00fckemmel uyum sa\u011flayan, g\u00fcvenli ve verimli bir ba\u011flant\u0131 sa\u011flayan \u00f6nceden delinmi\u015f c\u0131vata delikleriyle birlikte gelirler. Bu kurulum kolayl\u0131\u011f\u0131, montaj i\u015flemi s\u0131ras\u0131nda zamandan ve i\u015f\u00e7ilik maliyetlerinden tasarruf sa\u011flar.<\/li>\n<li>\u00c7ok Y\u00f6nl\u00fc Uygulamalar: HDPE Flan\u015f Adapt\u00f6rlerimiz su ve at\u0131k su ar\u0131tma, madencilik, kimyasal i\u015fleme ve daha fazlas\u0131 dahil olmak \u00fczere \u00e7ok \u00e7e\u015fitli uygulamalar i\u00e7in uygundur. Hem yer \u00fcst\u00fc hem de yer alt\u0131 kurulumlar\u0131nda kullan\u0131labilirler ve sistem tasar\u0131m\u0131nda \u00e7ok y\u00f6nl\u00fcl\u00fck ve esneklik sa\u011flarlar.<\/li>\n<li>Uyumluluk: Farkl\u0131 boru boyutlar\u0131na ve flan\u015f standartlar\u0131na uyum sa\u011flamak i\u00e7in \u00e7e\u015fitli boyutlarda ve konfig\u00fcrasyonlarda HDPE Flan\u015f Adapt\u00f6rleri sunuyoruz. Bu uyumluluk, adapt\u00f6rlerimizin mevcut boru sisteminize veya yeni in\u015faat projenize sorunsuz bir \u015fekilde entegre olabilmesini sa\u011flar.<\/li>\n<\/ol>\n<p>\n            <strong>Kalite ve G\u00fcvenilirli\u011fe Yat\u0131r\u0131m Yap\u0131n:<\/strong>\n          <\/p>\n<p>[Your Company Name] adresinde, HDPE Flan\u015f Adapt\u00f6rleri de dahil olmak \u00fczere t\u00fcm \u00fcr\u00fcnlerimizde kalite ve g\u00fcvenilirli\u011fe \u00f6ncelik veriyoruz. Adapt\u00f6rlerimiz en son teknikler kullan\u0131larak \u00fcretilmekte ve end\u00fcstri standartlar\u0131n\u0131 kar\u015f\u0131lamak ve a\u015fmak i\u00e7in titiz kalite kontrol \u00f6nlemlerinden ge\u00e7mektedir. HDPE Flan\u015f Adapt\u00f6rlerimizi se\u00e7ti\u011finizde, uzun y\u0131llar boyunca ola\u011fan\u00fcst\u00fc performans sa\u011flayacak g\u00fcvenilir bir \u00e7\u00f6z\u00fcme yat\u0131r\u0131m yapt\u0131\u011f\u0131n\u0131za g\u00fcvenebilirsiniz.<\/p>\n<p>Boru sisteminizi HDPE Flan\u015f Adapt\u00f6rlerimizle bug\u00fcn y\u00fckseltin. Daha fazla bilgi almak veya \u00f6zel proje gereksinimlerinizi g\u00f6r\u00fc\u015fmek i\u00e7in bizimle ileti\u015fime ge\u00e7in. Uzman ekibimiz, ihtiya\u00e7lar\u0131n\u0131z i\u00e7in m\u00fckemmel \u00e7\u00f6z\u00fcm\u00fc bulman\u0131zda size yard\u0131mc\u0131 olmaya haz\u0131rd\u0131r.<\/p>\n\t\t\t\t\t\t\t\t<\/div>\n\t\t\t\t<\/div>\n\t\t\t\t\t<\/div>\n\t\t<\/div>\n\t\t\t\t\t<\/div>\n\t\t<\/section>\n\t\t\t\t<\/div>\n\t\t","protected":false},"excerpt":{"rendered":"<p>Home HDPE Flange Adapter HDPE Flan\u015f Adapt\u00f6rleri: \u00c7ok Y\u00f6nl\u00fc ve G\u00fcvenilir Ba\u011flant\u0131lar HDPE Flan\u015f Adapt\u00f6rlerimiz, HDPE borular\u0131 flan\u015fl\u0131 boru sistemlerine ba\u011flamak i\u00e7in \u00e7ok y\u00f6nl\u00fc ve g\u00fcvenilir bir \u00e7\u00f6z\u00fcm sa\u011flar. En y\u00fcksek end\u00fcstri standartlar\u0131n\u0131 kar\u015f\u0131lamak \u00fczere tasarlanan bu adapt\u00f6rler ola\u011fan\u00fcst\u00fc g\u00fc\u00e7, dayan\u0131kl\u0131l\u0131k ve kurulum kolayl\u0131\u011f\u0131 sunar. \u0130ster bir su ar\u0131tma tesisi, ister end\u00fcstriyel tesis veya belediye [&hellip;]<\/p>\n","protected":false},"author":1,"featured_media":0,"parent":0,"menu_order":0,"comment_status":"closed","ping_status":"closed","template":"","meta":{"footnotes":""},"class_list":["post-3372","page","type-page","status-publish","hentry"],"yoast_head":"<!-- This site is optimized with the Yoast SEO plugin v25.9 - https:\/\/yoast.com\/wordpress\/plugins\/seo\/ -->\n<title>HDPE Flan\u015f Adapt\u00f6r\u00fc - D\u00f6kerler D\u00f6k\u00fcm ve Plastik Polietilen San. \u0130th. \u0130hr. ve Tic. Ltd. \u015eti.<\/title>\n<meta name=\"robots\" content=\"index, follow, max-snippet:-1, max-image-preview:large, max-video-preview:-1\" \/>\n<link rel=\"canonical\" href=\"https:\/\/dokerler.com\/hdpe-flange-adapter\/\" \/>\n<meta property=\"og:locale\" content=\"tr_TR\" \/>\n<meta property=\"og:type\" content=\"article\" \/>\n<meta property=\"og:title\" content=\"HDPE Flan\u015f Adapt\u00f6r\u00fc - D\u00f6kerler D\u00f6k\u00fcm ve Plastik Polietilen San. \u0130th. \u0130hr. ve Tic. Ltd. \u015eti.\" \/>\n<meta property=\"og:description\" content=\"Home HDPE Flange Adapter HDPE Flan\u015f Adapt\u00f6rleri: \u00c7ok Y\u00f6nl\u00fc ve G\u00fcvenilir Ba\u011flant\u0131lar HDPE Flan\u015f Adapt\u00f6rlerimiz, HDPE borular\u0131 flan\u015fl\u0131 boru sistemlerine ba\u011flamak i\u00e7in \u00e7ok y\u00f6nl\u00fc ve g\u00fcvenilir bir \u00e7\u00f6z\u00fcm sa\u011flar. En y\u00fcksek end\u00fcstri standartlar\u0131n\u0131 kar\u015f\u0131lamak \u00fczere tasarlanan bu adapt\u00f6rler ola\u011fan\u00fcst\u00fc g\u00fc\u00e7, dayan\u0131kl\u0131l\u0131k ve kurulum kolayl\u0131\u011f\u0131 sunar. \u0130ster bir su ar\u0131tma tesisi, ister end\u00fcstriyel tesis veya belediye [&hellip;]\" \/>\n<meta property=\"og:url\" content=\"https:\/\/dokerler.com\/hdpe-flange-adapter\/\" \/>\n<meta property=\"og:site_name\" content=\"D\u00f6kerler D\u00f6k\u00fcm ve Plastik Polietilen San. \u0130th. \u0130hr. ve Tic. Ltd. \u015eti.\" \/>\n<meta property=\"article:modified_time\" content=\"2024-02-29T10:29:03+00:00\" \/>\n<meta name=\"twitter:card\" content=\"summary_large_image\" \/>\n<meta name=\"twitter:label1\" content=\"Tahmini okuma s\u00fcresi\" \/>\n\t<meta name=\"twitter:data1\" content=\"3 dakika\" \/>\n<script type=\"application\/ld+json\" class=\"yoast-schema-graph\">{\"@context\":\"https:\/\/schema.org\",\"@graph\":[{\"@type\":\"WebPage\",\"@id\":\"https:\/\/dokerler.com\/hdpe-flange-adapter\/\",\"url\":\"https:\/\/dokerler.com\/hdpe-flange-adapter\/\",\"name\":\"HDPE Flan\u015f Adapt\u00f6r\u00fc - D\u00f6kerler D\u00f6k\u00fcm ve Plastik Polietilen San. \u0130th. \u0130hr. ve Tic. Ltd. \u015eti.\",\"isPartOf\":{\"@id\":\"https:\/\/dokerler.com\/#website\"},\"datePublished\":\"2024-02-03T10:23:24+00:00\",\"dateModified\":\"2024-02-29T10:29:03+00:00\",\"breadcrumb\":{\"@id\":\"https:\/\/dokerler.com\/hdpe-flange-adapter\/#breadcrumb\"},\"inLanguage\":\"tr\",\"potentialAction\":[{\"@type\":\"ReadAction\",\"target\":[\"https:\/\/dokerler.com\/hdpe-flange-adapter\/\"]}]},{\"@type\":\"BreadcrumbList\",\"@id\":\"https:\/\/dokerler.com\/hdpe-flange-adapter\/#breadcrumb\",\"itemListElement\":[{\"@type\":\"ListItem\",\"position\":1,\"name\":\"Home\",\"item\":\"https:\/\/dokerler.com\/\"},{\"@type\":\"ListItem\",\"position\":2,\"name\":\"HDPE Flan\u015f Adapt\u00f6r\u00fc\"}]},{\"@type\":\"WebSite\",\"@id\":\"https:\/\/dokerler.com\/#website\",\"url\":\"https:\/\/dokerler.com\/\",\"name\":\"D\u00f6kerler D\u00f6k\u00fcm ve Plastik Polietilen San. \u0130th. \u0130hr. ve Tic. Ltd. \u015eti.\",\"description\":\"\",\"potentialAction\":[{\"@type\":\"SearchAction\",\"target\":{\"@type\":\"EntryPoint\",\"urlTemplate\":\"https:\/\/dokerler.com\/?s={search_term_string}\"},\"query-input\":{\"@type\":\"PropertyValueSpecification\",\"valueRequired\":true,\"valueName\":\"search_term_string\"}}],\"inLanguage\":\"tr\"}]}<\/script>\n<!-- \/ Yoast SEO plugin. -->","yoast_head_json":{"title":"HDPE Flan\u015f Adapt\u00f6r\u00fc - D\u00f6kerler D\u00f6k\u00fcm ve Plastik Polietilen San. \u0130th. \u0130hr. ve Tic. Ltd. \u015eti.","robots":{"index":"index","follow":"follow","max-snippet":"max-snippet:-1","max-image-preview":"max-image-preview:large","max-video-preview":"max-video-preview:-1"},"canonical":"https:\/\/dokerler.com\/hdpe-flange-adapter\/","og_locale":"tr_TR","og_type":"article","og_title":"HDPE Flan\u015f Adapt\u00f6r\u00fc - D\u00f6kerler D\u00f6k\u00fcm ve Plastik Polietilen San. \u0130th. \u0130hr. ve Tic. Ltd. \u015eti.","og_description":"Home HDPE Flange Adapter HDPE Flan\u015f Adapt\u00f6rleri: \u00c7ok Y\u00f6nl\u00fc ve G\u00fcvenilir Ba\u011flant\u0131lar HDPE Flan\u015f Adapt\u00f6rlerimiz, HDPE borular\u0131 flan\u015fl\u0131 boru sistemlerine ba\u011flamak i\u00e7in \u00e7ok y\u00f6nl\u00fc ve g\u00fcvenilir bir \u00e7\u00f6z\u00fcm sa\u011flar. En y\u00fcksek end\u00fcstri standartlar\u0131n\u0131 kar\u015f\u0131lamak \u00fczere tasarlanan bu adapt\u00f6rler ola\u011fan\u00fcst\u00fc g\u00fc\u00e7, dayan\u0131kl\u0131l\u0131k ve kurulum kolayl\u0131\u011f\u0131 sunar. \u0130ster bir su ar\u0131tma tesisi, ister end\u00fcstriyel tesis veya belediye [&hellip;]","og_url":"https:\/\/dokerler.com\/hdpe-flange-adapter\/","og_site_name":"D\u00f6kerler D\u00f6k\u00fcm ve Plastik Polietilen San. \u0130th. \u0130hr. ve Tic. Ltd. \u015eti.","article_modified_time":"2024-02-29T10:29:03+00:00","twitter_card":"summary_large_image","twitter_misc":{"Tahmini okuma s\u00fcresi":"3 dakika"},"schema":{"@context":"https:\/\/schema.org","@graph":[{"@type":"WebPage","@id":"https:\/\/dokerler.com\/hdpe-flange-adapter\/","url":"https:\/\/dokerler.com\/hdpe-flange-adapter\/","name":"HDPE Flan\u015f Adapt\u00f6r\u00fc - D\u00f6kerler D\u00f6k\u00fcm ve Plastik Polietilen San. \u0130th. \u0130hr. ve Tic. Ltd. \u015eti.","isPartOf":{"@id":"https:\/\/dokerler.com\/#website"},"datePublished":"2024-02-03T10:23:24+00:00","dateModified":"2024-02-29T10:29:03+00:00","breadcrumb":{"@id":"https:\/\/dokerler.com\/hdpe-flange-adapter\/#breadcrumb"},"inLanguage":"tr","potentialAction":[{"@type":"ReadAction","target":["https:\/\/dokerler.com\/hdpe-flange-adapter\/"]}]},{"@type":"BreadcrumbList","@id":"https:\/\/dokerler.com\/hdpe-flange-adapter\/#breadcrumb","itemListElement":[{"@type":"ListItem","position":1,"name":"Home","item":"https:\/\/dokerler.com\/"},{"@type":"ListItem","position":2,"name":"HDPE Flan\u015f Adapt\u00f6r\u00fc"}]},{"@type":"WebSite","@id":"https:\/\/dokerler.com\/#website","url":"https:\/\/dokerler.com\/","name":"D\u00f6kerler D\u00f6k\u00fcm ve Plastik Polietilen San. \u0130th. \u0130hr. ve Tic. Ltd. \u015eti.","description":"","potentialAction":[{"@type":"SearchAction","target":{"@type":"EntryPoint","urlTemplate":"https:\/\/dokerler.com\/?s={search_term_string}"},"query-input":{"@type":"PropertyValueSpecification","valueRequired":true,"valueName":"search_term_string"}}],"inLanguage":"tr"}]}},"_links":{"self":[{"href":"https:\/\/dokerler.com\/tr\/wp-json\/wp\/v2\/pages\/3372","targetHints":{"allow":["GET"]}}],"collection":[{"href":"https:\/\/dokerler.com\/tr\/wp-json\/wp\/v2\/pages"}],"about":[{"href":"https:\/\/dokerler.com\/tr\/wp-json\/wp\/v2\/types\/page"}],"author":[{"embeddable":true,"href":"https:\/\/dokerler.com\/tr\/wp-json\/wp\/v2\/users\/1"}],"replies":[{"embeddable":true,"href":"https:\/\/dokerler.com\/tr\/wp-json\/wp\/v2\/comments?post=3372"}],"version-history":[{"count":1,"href":"https:\/\/dokerler.com\/tr\/wp-json\/wp\/v2\/pages\/3372\/revisions"}],"predecessor-version":[{"id":3374,"href":"https:\/\/dokerler.com\/tr\/wp-json\/wp\/v2\/pages\/3372\/revisions\/3374"}],"wp:attachment":[{"href":"https:\/\/dokerler.com\/tr\/wp-json\/wp\/v2\/media?parent=3372"}],"curies":[{"name":"wp","href":"https:\/\/api.w.org\/{rel}","templated":true}]}}