{"id":3353,"date":"2024-02-03T16:39:32","date_gmt":"2024-02-03T16:39:32","guid":{"rendered":"https:\/\/dokerler.com\/haberler\/"},"modified":"2024-03-20T15:16:19","modified_gmt":"2024-03-20T15:16:19","slug":"haberler","status":"publish","type":"page","link":"https:\/\/dokerler.com\/tr\/kurumsal\/haberler\/","title":{"rendered":"Haberler"},"content":{"rendered":"\t\t<div data-elementor-type=\"wp-page\" data-elementor-id=\"3353\" class=\"elementor elementor-3353\">\n\t\t\t\t\t\t<section class=\"elementor-section elementor-top-section elementor-element elementor-element-9ad4ab0 elementor-section-full_width elementor-section-height-default elementor-section-height-default\" data-id=\"9ad4ab0\" data-element_type=\"section\">\n\t\t\t\t\t\t<div class=\"elementor-container elementor-column-gap-default\">\n\t\t\t\t\t<div class=\"elementor-column elementor-col-100 elementor-top-column elementor-element elementor-element-1777117\" data-id=\"1777117\" data-element_type=\"column\">\n\t\t\t<div class=\"elementor-widget-wrap elementor-element-populated\">\n\t\t\t\t\t\t<div class=\"elementor-element elementor-element-855f2e1 elementor-widget elementor-widget-gva_post_breadcrumb\" data-id=\"855f2e1\" data-element_type=\"widget\" data-widget_type=\"gva_post_breadcrumb.default\">\n\t\t\t\t<div class=\"elementor-widget-container\">\n\t\t\t\t\t<div class=\"gva-element-gva_post_breadcrumb gva-element\">   \r\n<div class=\"post-breadcrumb\">\r\n   <div class=\"custom-breadcrumb \" >\r\n            <div class=\"breadcrumb-main\">\r\n        <div class=\"container\">\r\n          <div class=\"breadcrumb-container-inner\">\r\n            <h2 class=\"heading-title\">Haberler<\/h2><ol class=\"breadcrumb\"><li><a href=\"https:\/\/dokerler.com\/tr\/\">Home<\/a> <\/li> <li class=\"active\">Sayfa<\/li><\/ol>          <\/div>  \r\n        <\/div>   \r\n      <\/div>  \r\n   <\/div>\r\n<\/div>      \r\n\r\n<\/div>\t\t\t\t<\/div>\n\t\t\t\t<\/div>\n\t\t\t\t\t<\/div>\n\t\t<\/div>\n\t\t\t\t\t<\/div>\n\t\t<\/section>\n\t\t\t\t<section class=\"elementor-section elementor-top-section elementor-element elementor-element-16f69c0 elementor-section-boxed elementor-section-height-default elementor-section-height-default\" data-id=\"16f69c0\" data-element_type=\"section\">\n\t\t\t\t\t\t<div class=\"elementor-container elementor-column-gap-default\">\n\t\t\t\t\t<div class=\"elementor-column elementor-col-100 elementor-top-column elementor-element elementor-element-e8a334f\" data-id=\"e8a334f\" data-element_type=\"column\">\n\t\t\t<div class=\"elementor-widget-wrap elementor-element-populated\">\n\t\t\t\t\t\t<div class=\"elementor-element elementor-element-7b3599d elementor-widget elementor-widget-gva-posts\" data-id=\"7b3599d\" data-element_type=\"widget\" data-widget_type=\"gva-posts.default\">\n\t\t\t\t<div class=\"elementor-widget-container\">\n\t\t\t\t\t<div class=\"gva-element-gva-posts gva-element\">  \r\n  <div class=\"gva-posts-grid clearfix gva-posts\">\r\n\t\t<div class=\"gva-content-items\"> \r\n\t\t  <div class=\"lg-block-grid-3 md-block-grid-3 sm-block-grid-2 xs-block-grid-1 xx-block-grid-1\">\r\n\t\t\t <div class=\"item-columns\">\r\n   <article class=\"post-5605 post type-post status-publish format-standard has-post-thumbnail hentry category-haberler\">\r\n      <div class=\"post post-three__single has-thumbnail\">\r\n      \r\n               <div class=\"post-three__thumbnail\">\r\n            <a href=\"https:\/\/dokerler.com\/tr\/web-sitemizi-yeniledik\/\">\r\n               <img fetchpriority=\"high\" decoding=\"async\" width=\"900\" height=\"600\" src=\"https:\/\/dokerler.com\/wp-content\/uploads\/2024\/03\/websitemiz-yayinda.png\" class=\"attachment-full size-full wp-post-image\" alt=\"Web Sitemizi Yeniledik\" srcset=\"https:\/\/dokerler.com\/wp-content\/uploads\/2024\/03\/websitemiz-yayinda.png 900w, https:\/\/dokerler.com\/wp-content\/uploads\/2024\/03\/websitemiz-yayinda-768x512.png 768w\" sizes=\"(max-width: 900px) 100vw, 900px\" \/>            <\/a>\r\n                           <div class=\"post-three__entry-date\">\r\n                  <span class=\"post-three__date\">20<\/span>\r\n                  <span class=\"post-three__month\">Mar<\/span>\r\n               <\/div>\r\n                     <\/div>   \r\n         \r\n\r\n      <div class=\"post-three__content\">\r\n         <div class=\"post-three__content-inner\">\r\n            \r\n            <div class=\"post-three__meta\">\r\n               <div class=\"clearfix meta-inline post-meta-1\"><span class=\"cat-links\"><i class=\"fas fa-folder-open\"><\/i><a href=\"https:\/\/dokerler.com\/tr\/category\/haberler\/\" rel=\"category tag\">Haberler<\/a><\/span><span class=\"post-comment\"><i class=\"fas fa-comments\"><\/i>0 Comments<\/span><\/div>            <\/div>\r\n\r\n            <h3 class=\"post-three__title\"><a href=\"https:\/\/dokerler.com\/tr\/web-sitemizi-yeniledik\/\" rel=\"bookmark\">Web Sitemizi Yeniledik<\/a><\/h3>\r\n            \r\n                           <div class=\"post-three__desc\">\r\n                  Daha iyi bir kullan\u0131c\u0131 deneyimi sa\u011flamak i\u00e7in web sitemizi yeniledi\u011fimizi duyurmaktan mutluluk duyuyoruz. Yeni tasar\u0131m,               <\/div>   \r\n            \r\n            <div class=\"post-three__footer\">\r\n               <div class=\"post-three__category\"><span class=\"cat-links\"><i class=\"fa-solid fa-tags\"><\/i><a href=\"https:\/\/dokerler.com\/tr\/category\/haberler\/\" rel=\"category tag\">Haberler<\/a><\/span><\/div>               <div class=\"post-three__read-more\">\r\n                  <a href=\"https:\/\/dokerler.com\/tr\/web-sitemizi-yeniledik\/\" aria-label=\"more\"><i class=\"post-three__arrow fa-solid fa-arrow-right\"><\/i><\/a>\r\n               <\/div>\r\n            <\/div>   \r\n\r\n         <\/div>\r\n      <\/div>   \r\n   <\/article>   \r\n\r\n  <\/div><div class=\"item-columns\">\r\n   <article class=\"post-5608 post type-post status-publish format-standard has-post-thumbnail hentry category-haberler\">\r\n      <div class=\"post post-three__single has-thumbnail\">\r\n      \r\n               <div class=\"post-three__thumbnail\">\r\n            <a href=\"https:\/\/dokerler.com\/tr\/ifat-munih-fuarindayiz\/\">\r\n               <img decoding=\"async\" width=\"900\" height=\"600\" src=\"https:\/\/dokerler.com\/wp-content\/uploads\/2024\/03\/munih.png\" class=\"attachment-full size-full wp-post-image\" alt=\"IFAT M\u00fcnih Fuar\u0131nday\u0131z\" srcset=\"https:\/\/dokerler.com\/wp-content\/uploads\/2024\/03\/munih.png 900w, https:\/\/dokerler.com\/wp-content\/uploads\/2024\/03\/munih-768x512.png 768w\" sizes=\"(max-width: 900px) 100vw, 900px\" \/>            <\/a>\r\n                           <div class=\"post-three__entry-date\">\r\n                  <span class=\"post-three__date\">20<\/span>\r\n                  <span class=\"post-three__month\">Mar<\/span>\r\n               <\/div>\r\n                     <\/div>   \r\n         \r\n\r\n      <div class=\"post-three__content\">\r\n         <div class=\"post-three__content-inner\">\r\n            \r\n            <div class=\"post-three__meta\">\r\n               <div class=\"clearfix meta-inline post-meta-1\"><span class=\"cat-links\"><i class=\"fas fa-folder-open\"><\/i><a href=\"https:\/\/dokerler.com\/tr\/category\/haberler\/\" rel=\"category tag\">Haberler<\/a><\/span><span class=\"post-comment\"><i class=\"fas fa-comments\"><\/i>0 Comments<\/span><\/div>            <\/div>\r\n\r\n            <h3 class=\"post-three__title\"><a href=\"https:\/\/dokerler.com\/tr\/ifat-munih-fuarindayiz\/\" rel=\"bookmark\">IFAT M\u00fcnih Fuar\u0131nday\u0131z<\/a><\/h3>\r\n            \r\n                           <div class=\"post-three__desc\">\r\n                  13-17 May\u0131s 2024 tarihlerinde d\u00fcnyan\u0131n \u00f6nde gelen \u00e7evre teknolojileri fuar\u0131 IFAT M\u00fcnih Fuar\u0131&#8217;nda Salon C2               <\/div>   \r\n            \r\n            <div class=\"post-three__footer\">\r\n               <div class=\"post-three__category\"><span class=\"cat-links\"><i class=\"fa-solid fa-tags\"><\/i><a href=\"https:\/\/dokerler.com\/tr\/category\/haberler\/\" rel=\"category tag\">Haberler<\/a><\/span><\/div>               <div class=\"post-three__read-more\">\r\n                  <a href=\"https:\/\/dokerler.com\/tr\/ifat-munih-fuarindayiz\/\" aria-label=\"more\"><i class=\"post-three__arrow fa-solid fa-arrow-right\"><\/i><\/a>\r\n               <\/div>\r\n            <\/div>   \r\n\r\n         <\/div>\r\n      <\/div>   \r\n   <\/article>   \r\n\r\n  <\/div>\t\t  <\/div>\r\n\t\t<\/div>\r\n\t\t  <\/div>\r\n  <\/div>\t\t\t\t<\/div>\n\t\t\t\t<\/div>\n\t\t\t\t\t<\/div>\n\t\t<\/div>\n\t\t\t\t\t<\/div>\n\t\t<\/section>\n\t\t\t\t<\/div>\n\t\t","protected":false},"excerpt":{"rendered":"<p>News Home Page 20 Mar News0 Comments We Renewed Our Website We are pleased to announce that we have revamped our website to provide a better News 20 Mar News0 Comments We are at IFAT Munich Fair We will take part in the IFAT Munich Fair, the world&#8217;s leading environmental technologies fair, News 11 Apr [&hellip;]<\/p>\n","protected":false},"author":1,"featured_media":0,"parent":3531,"menu_order":0,"comment_status":"closed","ping_status":"closed","template":"","meta":{"footnotes":""},"class_list":["post-3353","page","type-page","status-publish","hentry"],"yoast_head":"<!-- This site is optimized with the Yoast SEO plugin v25.9 - https:\/\/yoast.com\/wordpress\/plugins\/seo\/ -->\n<title>Haberler - D\u00f6kerler D\u00f6k\u00fcm ve Plastik Polietilen San. \u0130th. \u0130hr. ve Tic. Ltd. \u015eti.<\/title>\n<meta name=\"robots\" content=\"index, follow, max-snippet:-1, max-image-preview:large, max-video-preview:-1\" \/>\n<link rel=\"canonical\" href=\"https:\/\/dokerler.com\/tr\/kurumsal\/haberler\/\" \/>\n<meta property=\"og:locale\" content=\"tr_TR\" \/>\n<meta property=\"og:type\" content=\"article\" \/>\n<meta property=\"og:title\" content=\"Haberler - D\u00f6kerler D\u00f6k\u00fcm ve Plastik Polietilen San. \u0130th. \u0130hr. ve Tic. Ltd. \u015eti.\" \/>\n<meta property=\"og:description\" content=\"News Home Page 20 Mar News0 Comments We Renewed Our Website We are pleased to announce that we have revamped our website to provide a better News 20 Mar News0 Comments We are at IFAT Munich Fair We will take part in the IFAT Munich Fair, the world&#8217;s leading environmental technologies fair, News 11 Apr [&hellip;]\" \/>\n<meta property=\"og:url\" content=\"https:\/\/dokerler.com\/tr\/kurumsal\/haberler\/\" \/>\n<meta property=\"og:site_name\" content=\"D\u00f6kerler D\u00f6k\u00fcm ve Plastik Polietilen San. \u0130th. \u0130hr. ve Tic. Ltd. \u015eti.\" \/>\n<meta property=\"article:modified_time\" content=\"2024-03-20T15:16:19+00:00\" \/>\n<meta property=\"og:image\" content=\"https:\/\/dokerler.com\/wp-content\/uploads\/2024\/03\/websitemiz-yayinda.png\" \/>\n<meta name=\"twitter:card\" content=\"summary_large_image\" \/>\n<meta name=\"twitter:label1\" content=\"Tahmini okuma s\u00fcresi\" \/>\n\t<meta name=\"twitter:data1\" content=\"8 dakika\" \/>\n<script type=\"application\/ld+json\" class=\"yoast-schema-graph\">{\"@context\":\"https:\/\/schema.org\",\"@graph\":[{\"@type\":\"WebPage\",\"@id\":\"https:\/\/dokerler.com\/tr\/kurumsal\/haberler\/\",\"url\":\"https:\/\/dokerler.com\/tr\/kurumsal\/haberler\/\",\"name\":\"Haberler - D\u00f6kerler D\u00f6k\u00fcm ve Plastik Polietilen San. \u0130th. \u0130hr. ve Tic. Ltd. \u015eti.\",\"isPartOf\":{\"@id\":\"https:\/\/dokerler.com\/#website\"},\"primaryImageOfPage\":{\"@id\":\"https:\/\/dokerler.com\/tr\/kurumsal\/haberler\/#primaryimage\"},\"image\":{\"@id\":\"https:\/\/dokerler.com\/tr\/kurumsal\/haberler\/#primaryimage\"},\"thumbnailUrl\":\"https:\/\/dokerler.com\/wp-content\/uploads\/2024\/03\/websitemiz-yayinda.png\",\"datePublished\":\"2024-02-03T16:39:32+00:00\",\"dateModified\":\"2024-03-20T15:16:19+00:00\",\"breadcrumb\":{\"@id\":\"https:\/\/dokerler.com\/tr\/kurumsal\/haberler\/#breadcrumb\"},\"inLanguage\":\"tr\",\"potentialAction\":[{\"@type\":\"ReadAction\",\"target\":[\"https:\/\/dokerler.com\/tr\/kurumsal\/haberler\/\"]}]},{\"@type\":\"ImageObject\",\"inLanguage\":\"tr\",\"@id\":\"https:\/\/dokerler.com\/tr\/kurumsal\/haberler\/#primaryimage\",\"url\":\"https:\/\/dokerler.com\/wp-content\/uploads\/2024\/03\/websitemiz-yayinda.png\",\"contentUrl\":\"https:\/\/dokerler.com\/wp-content\/uploads\/2024\/03\/websitemiz-yayinda.png\"},{\"@type\":\"BreadcrumbList\",\"@id\":\"https:\/\/dokerler.com\/tr\/kurumsal\/haberler\/#breadcrumb\",\"itemListElement\":[{\"@type\":\"ListItem\",\"position\":1,\"name\":\"Home\",\"item\":\"https:\/\/dokerler.com\/\"},{\"@type\":\"ListItem\",\"position\":2,\"name\":\"Kurumsal\",\"item\":\"https:\/\/dokerler.com\/tr\/kurumsal\/\"},{\"@type\":\"ListItem\",\"position\":3,\"name\":\"Haberler\"}]},{\"@type\":\"WebSite\",\"@id\":\"https:\/\/dokerler.com\/#website\",\"url\":\"https:\/\/dokerler.com\/\",\"name\":\"D\u00f6kerler D\u00f6k\u00fcm ve Plastik Polietilen San. \u0130th. \u0130hr. ve Tic. Ltd. \u015eti.\",\"description\":\"\",\"potentialAction\":[{\"@type\":\"SearchAction\",\"target\":{\"@type\":\"EntryPoint\",\"urlTemplate\":\"https:\/\/dokerler.com\/?s={search_term_string}\"},\"query-input\":{\"@type\":\"PropertyValueSpecification\",\"valueRequired\":true,\"valueName\":\"search_term_string\"}}],\"inLanguage\":\"tr\"}]}<\/script>\n<!-- \/ Yoast SEO plugin. -->","yoast_head_json":{"title":"Haberler - D\u00f6kerler D\u00f6k\u00fcm ve Plastik Polietilen San. \u0130th. \u0130hr. ve Tic. Ltd. \u015eti.","robots":{"index":"index","follow":"follow","max-snippet":"max-snippet:-1","max-image-preview":"max-image-preview:large","max-video-preview":"max-video-preview:-1"},"canonical":"https:\/\/dokerler.com\/tr\/kurumsal\/haberler\/","og_locale":"tr_TR","og_type":"article","og_title":"Haberler - D\u00f6kerler D\u00f6k\u00fcm ve Plastik Polietilen San. \u0130th. \u0130hr. ve Tic. Ltd. \u015eti.","og_description":"News Home Page 20 Mar News0 Comments We Renewed Our Website We are pleased to announce that we have revamped our website to provide a better News 20 Mar News0 Comments We are at IFAT Munich Fair We will take part in the IFAT Munich Fair, the world&#8217;s leading environmental technologies fair, News 11 Apr [&hellip;]","og_url":"https:\/\/dokerler.com\/tr\/kurumsal\/haberler\/","og_site_name":"D\u00f6kerler D\u00f6k\u00fcm ve Plastik Polietilen San. \u0130th. \u0130hr. ve Tic. Ltd. \u015eti.","article_modified_time":"2024-03-20T15:16:19+00:00","og_image":[{"url":"https:\/\/dokerler.com\/wp-content\/uploads\/2024\/03\/websitemiz-yayinda.png","type":"","width":"","height":""}],"twitter_card":"summary_large_image","twitter_misc":{"Tahmini okuma s\u00fcresi":"8 dakika"},"schema":{"@context":"https:\/\/schema.org","@graph":[{"@type":"WebPage","@id":"https:\/\/dokerler.com\/tr\/kurumsal\/haberler\/","url":"https:\/\/dokerler.com\/tr\/kurumsal\/haberler\/","name":"Haberler - D\u00f6kerler D\u00f6k\u00fcm ve Plastik Polietilen San. \u0130th. \u0130hr. ve Tic. Ltd. \u015eti.","isPartOf":{"@id":"https:\/\/dokerler.com\/#website"},"primaryImageOfPage":{"@id":"https:\/\/dokerler.com\/tr\/kurumsal\/haberler\/#primaryimage"},"image":{"@id":"https:\/\/dokerler.com\/tr\/kurumsal\/haberler\/#primaryimage"},"thumbnailUrl":"https:\/\/dokerler.com\/wp-content\/uploads\/2024\/03\/websitemiz-yayinda.png","datePublished":"2024-02-03T16:39:32+00:00","dateModified":"2024-03-20T15:16:19+00:00","breadcrumb":{"@id":"https:\/\/dokerler.com\/tr\/kurumsal\/haberler\/#breadcrumb"},"inLanguage":"tr","potentialAction":[{"@type":"ReadAction","target":["https:\/\/dokerler.com\/tr\/kurumsal\/haberler\/"]}]},{"@type":"ImageObject","inLanguage":"tr","@id":"https:\/\/dokerler.com\/tr\/kurumsal\/haberler\/#primaryimage","url":"https:\/\/dokerler.com\/wp-content\/uploads\/2024\/03\/websitemiz-yayinda.png","contentUrl":"https:\/\/dokerler.com\/wp-content\/uploads\/2024\/03\/websitemiz-yayinda.png"},{"@type":"BreadcrumbList","@id":"https:\/\/dokerler.com\/tr\/kurumsal\/haberler\/#breadcrumb","itemListElement":[{"@type":"ListItem","position":1,"name":"Home","item":"https:\/\/dokerler.com\/"},{"@type":"ListItem","position":2,"name":"Kurumsal","item":"https:\/\/dokerler.com\/tr\/kurumsal\/"},{"@type":"ListItem","position":3,"name":"Haberler"}]},{"@type":"WebSite","@id":"https:\/\/dokerler.com\/#website","url":"https:\/\/dokerler.com\/","name":"D\u00f6kerler D\u00f6k\u00fcm ve Plastik Polietilen San. \u0130th. \u0130hr. ve Tic. Ltd. \u015eti.","description":"","potentialAction":[{"@type":"SearchAction","target":{"@type":"EntryPoint","urlTemplate":"https:\/\/dokerler.com\/?s={search_term_string}"},"query-input":{"@type":"PropertyValueSpecification","valueRequired":true,"valueName":"search_term_string"}}],"inLanguage":"tr"}]}},"_links":{"self":[{"href":"https:\/\/dokerler.com\/tr\/wp-json\/wp\/v2\/pages\/3353","targetHints":{"allow":["GET"]}}],"collection":[{"href":"https:\/\/dokerler.com\/tr\/wp-json\/wp\/v2\/pages"}],"about":[{"href":"https:\/\/dokerler.com\/tr\/wp-json\/wp\/v2\/types\/page"}],"author":[{"embeddable":true,"href":"https:\/\/dokerler.com\/tr\/wp-json\/wp\/v2\/users\/1"}],"replies":[{"embeddable":true,"href":"https:\/\/dokerler.com\/tr\/wp-json\/wp\/v2\/comments?post=3353"}],"version-history":[{"count":4,"href":"https:\/\/dokerler.com\/tr\/wp-json\/wp\/v2\/pages\/3353\/revisions"}],"predecessor-version":[{"id":5633,"href":"https:\/\/dokerler.com\/tr\/wp-json\/wp\/v2\/pages\/3353\/revisions\/5633"}],"up":[{"embeddable":true,"href":"https:\/\/dokerler.com\/tr\/wp-json\/wp\/v2\/pages\/3531"}],"wp:attachment":[{"href":"https:\/\/dokerler.com\/tr\/wp-json\/wp\/v2\/media?parent=3353"}],"curies":[{"name":"wp","href":"https:\/\/api.w.org\/{rel}","templated":true}]}}