{"id":3346,"date":"2024-02-03T11:33:34","date_gmt":"2024-02-03T11:33:34","guid":{"rendered":"https:\/\/dokerler.com\/insan-kaynaklari\/"},"modified":"2024-04-15T10:13:17","modified_gmt":"2024-04-15T10:13:17","slug":"kariyer","status":"publish","type":"page","link":"https:\/\/dokerler.com\/tr\/kurumsal\/kariyer\/","title":{"rendered":"Kariyer"},"content":{"rendered":"\t\t<div data-elementor-type=\"wp-page\" data-elementor-id=\"3346\" class=\"elementor elementor-3346\">\n\t\t\t\t\t\t<section class=\"elementor-section elementor-top-section elementor-element elementor-element-9ad4ab0 elementor-section-full_width elementor-section-height-default elementor-section-height-default\" data-id=\"9ad4ab0\" data-element_type=\"section\">\n\t\t\t\t\t\t<div class=\"elementor-container elementor-column-gap-default\">\n\t\t\t\t\t<div class=\"elementor-column elementor-col-100 elementor-top-column elementor-element elementor-element-1777117\" data-id=\"1777117\" data-element_type=\"column\">\n\t\t\t<div class=\"elementor-widget-wrap elementor-element-populated\">\n\t\t\t\t\t\t<div class=\"elementor-element elementor-element-855f2e1 elementor-widget elementor-widget-gva_post_breadcrumb\" data-id=\"855f2e1\" data-element_type=\"widget\" data-widget_type=\"gva_post_breadcrumb.default\">\n\t\t\t\t<div class=\"elementor-widget-container\">\n\t\t\t\t\t<div class=\"gva-element-gva_post_breadcrumb gva-element\">   \r\n<div class=\"post-breadcrumb\">\r\n   <div class=\"custom-breadcrumb \" >\r\n            <div class=\"breadcrumb-main\">\r\n        <div class=\"container\">\r\n          <div class=\"breadcrumb-container-inner\">\r\n            <h2 class=\"heading-title\">Kariyer<\/h2><ol class=\"breadcrumb\"><li><a href=\"https:\/\/dokerler.com\/tr\/\">Home<\/a> <\/li> <li class=\"active\">Sayfa<\/li><\/ol>          <\/div>  \r\n        <\/div>   \r\n      <\/div>  \r\n   <\/div>\r\n<\/div>      \r\n\r\n<\/div>\t\t\t\t<\/div>\n\t\t\t\t<\/div>\n\t\t\t\t\t<\/div>\n\t\t<\/div>\n\t\t\t\t\t<\/div>\n\t\t<\/section>\n\t\t\t\t<section class=\"elementor-section elementor-top-section elementor-element elementor-element-16f69c0 elementor-section-boxed elementor-section-height-default elementor-section-height-default\" data-id=\"16f69c0\" data-element_type=\"section\">\n\t\t\t\t\t\t<div class=\"elementor-container elementor-column-gap-default\">\n\t\t\t\t\t<div class=\"elementor-column elementor-col-100 elementor-top-column elementor-element elementor-element-e8a334f\" data-id=\"e8a334f\" data-element_type=\"column\">\n\t\t\t<div class=\"elementor-widget-wrap elementor-element-populated\">\n\t\t\t\t\t\t<div class=\"elementor-element elementor-element-081132d elementor-widget elementor-widget-gva-heading-block\" data-id=\"081132d\" data-element_type=\"widget\" data-widget_type=\"gva-heading-block.default\">\n\t\t\t\t<div class=\"elementor-widget-container\">\n\t\t\t\t\t<div class=\"gva-element-gva-heading-block gva-element\">   <div class=\"align-left style-1 widget gsc-heading box-align-left auto-responsive\">\r\n      <div class=\"content-inner\">\r\n         \r\n                  \r\n           \r\n         \r\n                     <h2 class=\"title\">\r\n               <span>KAR\u0130YER<\/span>\r\n            <\/h2>\r\n                  \r\n         \r\n         \r\n      <\/div>\r\n   <\/div>\r\n<\/div>\t\t\t\t<\/div>\n\t\t\t\t<\/div>\n\t\t\t\t<div class=\"elementor-element elementor-element-15b327e elementor-widget elementor-widget-text-editor\" data-id=\"15b327e\" data-element_type=\"widget\" data-widget_type=\"text-editor.default\">\n\t\t\t\t<div class=\"elementor-widget-container\">\n\t\t\t\t\t\t\t\t\t<p>D\u00f6kerler D\u00f6k\u00fcm, 1935 y\u0131l\u0131ndan bu yana end\u00fcstriyel \u00fcretim faaliyetlerinde bulunarak, T\u00fcrkiye&#8217;nin \u00f6nde gelen d\u00f6k\u00fcm firmalar\u0131ndan biri olmu\u015ftur. Uluslararas\u0131 arenada da faaliyette bulunan firmam\u0131z, sekt\u00f6rdeki ba\u015far\u0131s\u0131n\u0131 ekip \u00e7al\u0131\u015fmas\u0131na bor\u00e7lu oldu\u011funu d\u00fc\u015f\u00fcnmektedir. Bu sebeple, insan kaynaklar\u0131 alan\u0131nda da kendisini s\u00fcrekli geli\u015ftirmekte ve \u00e7al\u0131\u015fanlar\u0131na destek olmaktad\u0131r.<\/p><p>Siz de D\u00f6kerler D\u00f6k\u00fcm ekibinin bir par\u00e7as\u0131 olmak isterseniz, bizimle ileti\u015fime ge\u00e7meniz yeterlidir. \u0130nsan kaynaklar\u0131 departman\u0131m\u0131z, sekt\u00f6rdeki deneyimli ve uzman kadrosuyla, size en uygun pozisyonlar\u0131 belirleyerek, i\u015f ba\u015fvurular\u0131n\u0131z\u0131 titizlikle de\u011ferlendirecektir.<\/p><p>D\u00f6kerler D\u00f6k\u00fcm, \u00e7al\u0131\u015fanlar\u0131na sunulan f\u0131rsatlar ve avantajlar konusunda da olduk\u00e7a c\u00f6merttir. \u00c7al\u0131\u015fanlar\u0131m\u0131z\u0131n ki\u015fisel ve mesleki geli\u015fimlerini desteklemek i\u00e7in e\u011fitim ve geli\u015fim programlar\u0131 sunmaktay\u0131z. Ayr\u0131ca, \u00e7al\u0131\u015fanlar\u0131m\u0131z\u0131n ihtiya\u00e7lar\u0131na ve taleplerine g\u00f6re esnek \u00e7al\u0131\u015fma d\u00fczeni olu\u015fturarak, i\u015f-ya\u015fam dengesi sa\u011flamay\u0131 hedeflemekteyiz.<\/p><p>D\u00f6kerler D\u00f6k\u00fcm, kaliteye verdi\u011fi \u00f6nemle tan\u0131nan bir firma olarak, \u00e7al\u0131\u015fanlar\u0131na da ayn\u0131 \u00f6zeni g\u00f6stermektedir. \u0130\u015f sa\u011fl\u0131\u011f\u0131 ve g\u00fcvenli\u011fi konusunda ald\u0131\u011f\u0131 tedbirler ve \u00e7evre dostu faaliyetleriyle, \u00e7al\u0131\u015fanlar\u0131n sa\u011fl\u0131\u011f\u0131 ve gelece\u011fi i\u00e7in \u00f6ncelikli bir firma oldu\u011fumuzu kan\u0131tlamaktay\u0131z.<\/p><p>Siz de ba\u015far\u0131l\u0131 ve dinamik bir \u00e7al\u0131\u015fma ortam\u0131nda yer almak istiyorsan\u0131z, bize form arac\u0131l\u0131\u011f\u0131yla ula\u015fabilirsiniz. D\u00f6kerler D\u00f6k\u00fcm ailesine kat\u0131larak, kariyerinizi gelecekteki b\u00fcy\u00fck ad\u0131mlara haz\u0131rlayabilirsiniz.<\/p>\t\t\t\t\t\t\t\t<\/div>\n\t\t\t\t<\/div>\n\t\t\t\t\t<\/div>\n\t\t<\/div>\n\t\t\t\t\t<\/div>\n\t\t<\/section>\n\t\t<div class=\"elementor-element elementor-element-1361bcd e-flex e-con-boxed e-con e-parent\" data-id=\"1361bcd\" data-element_type=\"container\">\n\t\t\t\t\t<div class=\"e-con-inner\">\n\t\t<div class=\"elementor-element elementor-element-48c50c0 e-flex e-con-boxed e-con e-child\" data-id=\"48c50c0\" data-element_type=\"container\">\n\t\t\t\t\t<div class=\"e-con-inner\">\n\t\t\t\t<div class=\"elementor-element elementor-element-2974b84 elementor-widget elementor-widget-gva-heading-block\" data-id=\"2974b84\" data-element_type=\"widget\" data-widget_type=\"gva-heading-block.default\">\n\t\t\t\t<div class=\"elementor-widget-container\">\n\t\t\t\t\t<div class=\"gva-element-gva-heading-block gva-element\">   <div class=\"align-center style-1 widget gsc-heading box-align-left auto-responsive\">\r\n      <div class=\"content-inner\">\r\n         \r\n                  \r\n           \r\n         \r\n                     <h2 class=\"title\">\r\n               <span>BA\u015eVURU FORMU<\/span>\r\n            <\/h2>\r\n                  \r\n         \r\n         \r\n      <\/div>\r\n   <\/div>\r\n<\/div>\t\t\t\t<\/div>\n\t\t\t\t<\/div>\n\t\t\t\t<div class=\"elementor-element elementor-element-4027d78 elementor-widget elementor-widget-shortcode\" data-id=\"4027d78\" data-element_type=\"widget\" data-widget_type=\"shortcode.default\">\n\t\t\t\t<div class=\"elementor-widget-container\">\n\t\t\t\t\t\t\t<div class=\"elementor-shortcode\">\n<div class=\"wpcf7 no-js\" id=\"wpcf7-f4629-o1\" lang=\"tr-TR\" dir=\"ltr\" data-wpcf7-id=\"4629\">\n<div class=\"screen-reader-response\"><p role=\"status\" aria-live=\"polite\" aria-atomic=\"true\"><\/p> <ul><\/ul><\/div>\n<form action=\"\/tr\/wp-json\/wp\/v2\/pages\/3346#wpcf7-f4629-o1\" method=\"post\" class=\"wpcf7-form init\" aria-label=\"\u0130leti\u015fim Formu\" novalidate=\"novalidate\" data-status=\"init\">\n<fieldset class=\"hidden-fields-container\"><input type=\"hidden\" name=\"_wpcf7\" value=\"4629\" \/><input type=\"hidden\" name=\"_wpcf7_version\" value=\"6.1.1\" \/><input type=\"hidden\" name=\"_wpcf7_locale\" value=\"tr_TR\" \/><input type=\"hidden\" name=\"_wpcf7_unit_tag\" value=\"wpcf7-f4629-o1\" \/><input type=\"hidden\" name=\"_wpcf7_container_post\" value=\"0\" \/><input type=\"hidden\" name=\"_wpcf7_posted_data_hash\" value=\"\" \/>\n<\/fieldset>\n<div class=\"row\">\n   <div class=\"col-sm-6 col-xs-12\">\n     <span class=\"wpcf7-form-control-wrap\" data-name=\"your-name\"><input size=\"40\" maxlength=\"400\" class=\"wpcf7-form-control wpcf7-text wpcf7-validates-as-required\" aria-required=\"true\" aria-invalid=\"false\" placeholder=\"Sizin ad\u0131n\u0131z\" value=\"\" type=\"text\" name=\"your-name\" \/><\/span>\n   <\/div>\n   <div class=\"col-sm-6 col-xs-12\">\n     <span class=\"wpcf7-form-control-wrap\" data-name=\"your-phone\"><input size=\"40\" maxlength=\"400\" class=\"wpcf7-form-control wpcf7-text wpcf7-validates-as-required\" aria-required=\"true\" aria-invalid=\"false\" placeholder=\"Telefon Numaras\u0131\" value=\"\" type=\"text\" name=\"your-phone\" \/><\/span>\n   <\/div>\n<\/div>\n<div class=\"row\">\n   <div class=\"col-sm-6 col-xs-12\">\n      <span class=\"wpcf7-form-control-wrap\" data-name=\"your-email\"><input size=\"40\" maxlength=\"400\" class=\"wpcf7-form-control wpcf7-email wpcf7-validates-as-required wpcf7-text wpcf7-validates-as-email\" aria-required=\"true\" aria-invalid=\"false\" placeholder=\"E-posta Adresi\" value=\"\" type=\"email\" name=\"your-email\" \/><\/span>\n   <\/div>\n   <div class=\"col-sm-6 col-xs-12\">\n      <span class=\"wpcf7-form-control-wrap\" data-name=\"your-subject\"><input size=\"40\" maxlength=\"400\" class=\"wpcf7-form-control wpcf7-text\" aria-invalid=\"false\" placeholder=\"Konu\" value=\"\" type=\"text\" name=\"your-subject\" \/><\/span>\n   <\/div>\n<\/div><span class=\"wpcf7-form-control-wrap\" data-name=\"checkbox-133\"><span class=\"wpcf7-form-control wpcf7-checkbox\"><\/span><\/span>\n<div class=\"row\">\n   <div class=\"col-sm-12 col-xs-12\">\n      <span class=\"wpcf7-form-control-wrap\" data-name=\"your-message\"><textarea cols=\"40\" rows=\"10\" maxlength=\"2000\" class=\"wpcf7-form-control wpcf7-textarea\" aria-invalid=\"false\" placeholder=\"Bir Mesaj Yaz\u0131n\" name=\"your-message\"><\/textarea><\/span>\n   <\/div>\n   <div class=\"col-sm-12 col-xs-12 action text-left\"><span class=\"form-action\"><input class=\"wpcf7-form-control wpcf7-submit has-spinner\" type=\"submit\" value=\"G\u00f6nder\" \/><\/span><\/div>\n<\/div><div class=\"wpcf7-response-output\" aria-hidden=\"true\"><\/div>\n<\/form>\n<\/div>\n<\/div>\n\t\t\t\t\t\t<\/div>\n\t\t\t\t<\/div>\n\t\t\t\t\t<\/div>\n\t\t\t\t<\/div>\n\t\t\t\t\t<\/div>\n\t\t\t\t<\/div>\n\t\t\t\t<\/div>\n\t\t","protected":false},"excerpt":{"rendered":"<p>Kariyer Home Page KAR\u0130YER D\u00f6kerler D\u00f6k\u00fcm, 1935 y\u0131l\u0131ndan bu yana end\u00fcstriyel \u00fcretim faaliyetlerinde bulunarak, T\u00fcrkiye&#8217;nin \u00f6nde gelen d\u00f6k\u00fcm firmalar\u0131ndan biri olmu\u015ftur. Uluslararas\u0131 arenada da faaliyette bulunan firmam\u0131z, sekt\u00f6rdeki ba\u015far\u0131s\u0131n\u0131 ekip \u00e7al\u0131\u015fmas\u0131na bor\u00e7lu oldu\u011funu d\u00fc\u015f\u00fcnmektedir. Bu sebeple, insan kaynaklar\u0131 alan\u0131nda da kendisini s\u00fcrekli geli\u015ftirmekte ve \u00e7al\u0131\u015fanlar\u0131na destek olmaktad\u0131r. Siz de D\u00f6kerler D\u00f6k\u00fcm ekibinin bir par\u00e7as\u0131 olmak [&hellip;]<\/p>\n","protected":false},"author":1,"featured_media":0,"parent":3531,"menu_order":0,"comment_status":"closed","ping_status":"closed","template":"","meta":{"footnotes":""},"class_list":["post-3346","page","type-page","status-publish","hentry"],"yoast_head":"<!-- This site is optimized with the Yoast SEO plugin v25.9 - https:\/\/yoast.com\/wordpress\/plugins\/seo\/ -->\n<title>Kariyer - D\u00f6kerler D\u00f6k\u00fcm ve Plastik Polietilen San. \u0130th. \u0130hr. ve Tic. Ltd. \u015eti.<\/title>\n<meta name=\"robots\" content=\"index, follow, max-snippet:-1, max-image-preview:large, max-video-preview:-1\" \/>\n<link rel=\"canonical\" href=\"https:\/\/dokerler.com\/corparate\/human-resources\/\" \/>\n<meta property=\"og:locale\" content=\"tr_TR\" \/>\n<meta property=\"og:type\" content=\"article\" \/>\n<meta property=\"og:title\" content=\"Kariyer - D\u00f6kerler D\u00f6k\u00fcm ve Plastik Polietilen San. \u0130th. \u0130hr. ve Tic. Ltd. \u015eti.\" \/>\n<meta property=\"og:description\" content=\"Kariyer Home Page KAR\u0130YER D\u00f6kerler D\u00f6k\u00fcm, 1935 y\u0131l\u0131ndan bu yana end\u00fcstriyel \u00fcretim faaliyetlerinde bulunarak, T\u00fcrkiye&#8217;nin \u00f6nde gelen d\u00f6k\u00fcm firmalar\u0131ndan biri olmu\u015ftur. Uluslararas\u0131 arenada da faaliyette bulunan firmam\u0131z, sekt\u00f6rdeki ba\u015far\u0131s\u0131n\u0131 ekip \u00e7al\u0131\u015fmas\u0131na bor\u00e7lu oldu\u011funu d\u00fc\u015f\u00fcnmektedir. Bu sebeple, insan kaynaklar\u0131 alan\u0131nda da kendisini s\u00fcrekli geli\u015ftirmekte ve \u00e7al\u0131\u015fanlar\u0131na destek olmaktad\u0131r. Siz de D\u00f6kerler D\u00f6k\u00fcm ekibinin bir par\u00e7as\u0131 olmak [&hellip;]\" \/>\n<meta property=\"og:url\" content=\"https:\/\/dokerler.com\/corparate\/human-resources\/\" \/>\n<meta property=\"og:site_name\" content=\"D\u00f6kerler D\u00f6k\u00fcm ve Plastik Polietilen San. \u0130th. \u0130hr. ve Tic. Ltd. \u015eti.\" \/>\n<meta property=\"article:modified_time\" content=\"2024-04-15T10:13:17+00:00\" \/>\n<meta name=\"twitter:card\" content=\"summary_large_image\" \/>\n<meta name=\"twitter:label1\" content=\"Tahmini okuma s\u00fcresi\" \/>\n\t<meta name=\"twitter:data1\" content=\"2 dakika\" \/>\n<script type=\"application\/ld+json\" class=\"yoast-schema-graph\">{\"@context\":\"https:\/\/schema.org\",\"@graph\":[{\"@type\":\"WebPage\",\"@id\":\"https:\/\/dokerler.com\/corparate\/human-resources\/\",\"url\":\"https:\/\/dokerler.com\/corparate\/human-resources\/\",\"name\":\"Kariyer - D\u00f6kerler D\u00f6k\u00fcm ve Plastik Polietilen San. \u0130th. \u0130hr. ve Tic. Ltd. \u015eti.\",\"isPartOf\":{\"@id\":\"https:\/\/dokerler.com\/#website\"},\"datePublished\":\"2024-02-03T11:33:34+00:00\",\"dateModified\":\"2024-04-15T10:13:17+00:00\",\"breadcrumb\":{\"@id\":\"https:\/\/dokerler.com\/corparate\/human-resources\/#breadcrumb\"},\"inLanguage\":\"tr\",\"potentialAction\":[{\"@type\":\"ReadAction\",\"target\":[\"https:\/\/dokerler.com\/corparate\/human-resources\/\"]}]},{\"@type\":\"BreadcrumbList\",\"@id\":\"https:\/\/dokerler.com\/corparate\/human-resources\/#breadcrumb\",\"itemListElement\":[{\"@type\":\"ListItem\",\"position\":1,\"name\":\"Home\",\"item\":\"https:\/\/dokerler.com\/\"},{\"@type\":\"ListItem\",\"position\":2,\"name\":\"Kurumsal\",\"item\":\"https:\/\/dokerler.com\/tr\/kurumsal\/\"},{\"@type\":\"ListItem\",\"position\":3,\"name\":\"Kariyer\"}]},{\"@type\":\"WebSite\",\"@id\":\"https:\/\/dokerler.com\/#website\",\"url\":\"https:\/\/dokerler.com\/\",\"name\":\"D\u00f6kerler D\u00f6k\u00fcm ve Plastik Polietilen San. \u0130th. \u0130hr. ve Tic. Ltd. \u015eti.\",\"description\":\"\",\"potentialAction\":[{\"@type\":\"SearchAction\",\"target\":{\"@type\":\"EntryPoint\",\"urlTemplate\":\"https:\/\/dokerler.com\/?s={search_term_string}\"},\"query-input\":{\"@type\":\"PropertyValueSpecification\",\"valueRequired\":true,\"valueName\":\"search_term_string\"}}],\"inLanguage\":\"tr\"}]}<\/script>\n<!-- \/ Yoast SEO plugin. -->","yoast_head_json":{"title":"Kariyer - D\u00f6kerler D\u00f6k\u00fcm ve Plastik Polietilen San. \u0130th. \u0130hr. ve Tic. Ltd. \u015eti.","robots":{"index":"index","follow":"follow","max-snippet":"max-snippet:-1","max-image-preview":"max-image-preview:large","max-video-preview":"max-video-preview:-1"},"canonical":"https:\/\/dokerler.com\/corparate\/human-resources\/","og_locale":"tr_TR","og_type":"article","og_title":"Kariyer - D\u00f6kerler D\u00f6k\u00fcm ve Plastik Polietilen San. \u0130th. \u0130hr. ve Tic. Ltd. \u015eti.","og_description":"Kariyer Home Page KAR\u0130YER D\u00f6kerler D\u00f6k\u00fcm, 1935 y\u0131l\u0131ndan bu yana end\u00fcstriyel \u00fcretim faaliyetlerinde bulunarak, T\u00fcrkiye&#8217;nin \u00f6nde gelen d\u00f6k\u00fcm firmalar\u0131ndan biri olmu\u015ftur. Uluslararas\u0131 arenada da faaliyette bulunan firmam\u0131z, sekt\u00f6rdeki ba\u015far\u0131s\u0131n\u0131 ekip \u00e7al\u0131\u015fmas\u0131na bor\u00e7lu oldu\u011funu d\u00fc\u015f\u00fcnmektedir. Bu sebeple, insan kaynaklar\u0131 alan\u0131nda da kendisini s\u00fcrekli geli\u015ftirmekte ve \u00e7al\u0131\u015fanlar\u0131na destek olmaktad\u0131r. Siz de D\u00f6kerler D\u00f6k\u00fcm ekibinin bir par\u00e7as\u0131 olmak [&hellip;]","og_url":"https:\/\/dokerler.com\/corparate\/human-resources\/","og_site_name":"D\u00f6kerler D\u00f6k\u00fcm ve Plastik Polietilen San. \u0130th. \u0130hr. ve Tic. Ltd. \u015eti.","article_modified_time":"2024-04-15T10:13:17+00:00","twitter_card":"summary_large_image","twitter_misc":{"Tahmini okuma s\u00fcresi":"2 dakika"},"schema":{"@context":"https:\/\/schema.org","@graph":[{"@type":"WebPage","@id":"https:\/\/dokerler.com\/corparate\/human-resources\/","url":"https:\/\/dokerler.com\/corparate\/human-resources\/","name":"Kariyer - D\u00f6kerler D\u00f6k\u00fcm ve Plastik Polietilen San. \u0130th. \u0130hr. ve Tic. Ltd. \u015eti.","isPartOf":{"@id":"https:\/\/dokerler.com\/#website"},"datePublished":"2024-02-03T11:33:34+00:00","dateModified":"2024-04-15T10:13:17+00:00","breadcrumb":{"@id":"https:\/\/dokerler.com\/corparate\/human-resources\/#breadcrumb"},"inLanguage":"tr","potentialAction":[{"@type":"ReadAction","target":["https:\/\/dokerler.com\/corparate\/human-resources\/"]}]},{"@type":"BreadcrumbList","@id":"https:\/\/dokerler.com\/corparate\/human-resources\/#breadcrumb","itemListElement":[{"@type":"ListItem","position":1,"name":"Home","item":"https:\/\/dokerler.com\/"},{"@type":"ListItem","position":2,"name":"Kurumsal","item":"https:\/\/dokerler.com\/tr\/kurumsal\/"},{"@type":"ListItem","position":3,"name":"Kariyer"}]},{"@type":"WebSite","@id":"https:\/\/dokerler.com\/#website","url":"https:\/\/dokerler.com\/","name":"D\u00f6kerler D\u00f6k\u00fcm ve Plastik Polietilen San. \u0130th. \u0130hr. ve Tic. Ltd. \u015eti.","description":"","potentialAction":[{"@type":"SearchAction","target":{"@type":"EntryPoint","urlTemplate":"https:\/\/dokerler.com\/?s={search_term_string}"},"query-input":{"@type":"PropertyValueSpecification","valueRequired":true,"valueName":"search_term_string"}}],"inLanguage":"tr"}]}},"_links":{"self":[{"href":"https:\/\/dokerler.com\/tr\/wp-json\/wp\/v2\/pages\/3346","targetHints":{"allow":["GET"]}}],"collection":[{"href":"https:\/\/dokerler.com\/tr\/wp-json\/wp\/v2\/pages"}],"about":[{"href":"https:\/\/dokerler.com\/tr\/wp-json\/wp\/v2\/types\/page"}],"author":[{"embeddable":true,"href":"https:\/\/dokerler.com\/tr\/wp-json\/wp\/v2\/users\/1"}],"replies":[{"embeddable":true,"href":"https:\/\/dokerler.com\/tr\/wp-json\/wp\/v2\/comments?post=3346"}],"version-history":[{"count":29,"href":"https:\/\/dokerler.com\/tr\/wp-json\/wp\/v2\/pages\/3346\/revisions"}],"predecessor-version":[{"id":6105,"href":"https:\/\/dokerler.com\/tr\/wp-json\/wp\/v2\/pages\/3346\/revisions\/6105"}],"up":[{"embeddable":true,"href":"https:\/\/dokerler.com\/tr\/wp-json\/wp\/v2\/pages\/3531"}],"wp:attachment":[{"href":"https:\/\/dokerler.com\/tr\/wp-json\/wp\/v2\/media?parent=3346"}],"curies":[{"name":"wp","href":"https:\/\/api.w.org\/{rel}","templated":true}]}}