{"id":3330,"date":"2024-02-06T09:16:36","date_gmt":"2024-02-06T09:16:36","guid":{"rendered":"https:\/\/dokerler.com\/elektrofuzyon-kaynak-makinesi\/"},"modified":"2024-03-28T13:01:42","modified_gmt":"2024-03-28T13:01:42","slug":"elektrofuzyon-kaynak-makinesi","status":"publish","type":"page","link":"https:\/\/dokerler.com\/tr\/urunler\/elektrofuzyon\/elektrofuzyon-kaynak-makinesi\/","title":{"rendered":"Elektrof\u00fczyon Kaynak Makinesi"},"content":{"rendered":"\t\t<div data-elementor-type=\"wp-page\" data-elementor-id=\"3330\" class=\"elementor elementor-3330\">\n\t\t\t\t\t\t<section class=\"elementor-section elementor-top-section elementor-element elementor-element-9ad4ab0 elementor-section-full_width elementor-section-height-default elementor-section-height-default\" data-id=\"9ad4ab0\" data-element_type=\"section\">\n\t\t\t\t\t\t<div class=\"elementor-container elementor-column-gap-default\">\n\t\t\t\t\t<div class=\"elementor-column elementor-col-100 elementor-top-column elementor-element elementor-element-1777117\" data-id=\"1777117\" data-element_type=\"column\">\n\t\t\t<div class=\"elementor-widget-wrap elementor-element-populated\">\n\t\t\t\t\t\t<div class=\"elementor-element elementor-element-855f2e1 elementor-widget elementor-widget-gva_post_breadcrumb\" data-id=\"855f2e1\" data-element_type=\"widget\" data-widget_type=\"gva_post_breadcrumb.default\">\n\t\t\t\t<div class=\"elementor-widget-container\">\n\t\t\t\t\t<div class=\"gva-element-gva_post_breadcrumb gva-element\">   \r\n<div class=\"post-breadcrumb\">\r\n   <div class=\"custom-breadcrumb \" >\r\n            <div class=\"breadcrumb-main\">\r\n        <div class=\"container\">\r\n          <div class=\"breadcrumb-container-inner\">\r\n            <h2 class=\"heading-title\">Elektrof\u00fczyon Kaynak Makinesi<\/h2><ol class=\"breadcrumb\"><li><a href=\"https:\/\/dokerler.com\/tr\/\">Home<\/a> <\/li> <li class=\"active\">Sayfa<\/li><\/ol>          <\/div>  \r\n        <\/div>   \r\n      <\/div>  \r\n   <\/div>\r\n<\/div>      \r\n\r\n<\/div>\t\t\t\t<\/div>\n\t\t\t\t<\/div>\n\t\t\t\t\t<\/div>\n\t\t<\/div>\n\t\t\t\t\t<\/div>\n\t\t<\/section>\n\t\t\t\t<section class=\"elementor-section elementor-top-section elementor-element elementor-element-a6c6e99 elementor-section-boxed elementor-section-height-default elementor-section-height-default\" data-id=\"a6c6e99\" data-element_type=\"section\">\n\t\t\t\t\t\t<div class=\"elementor-container elementor-column-gap-default\">\n\t\t\t\t\t<div class=\"elementor-column elementor-col-100 elementor-top-column elementor-element elementor-element-7f71a7e\" data-id=\"7f71a7e\" data-element_type=\"column\">\n\t\t\t<div class=\"elementor-widget-wrap elementor-element-populated\">\n\t\t\t\t\t\t<div class=\"elementor-element elementor-element-eec6306 elementor-widget elementor-widget-gva-heading-block\" data-id=\"eec6306\" data-element_type=\"widget\" data-widget_type=\"gva-heading-block.default\">\n\t\t\t\t<div class=\"elementor-widget-container\">\n\t\t\t\t\t<div class=\"gva-element-gva-heading-block gva-element\">   <div class=\"align-left style-1 widget gsc-heading box-align-left auto-responsive\">\r\n      <div class=\"content-inner\">\r\n         \r\n                  \r\n         <div class=\"sub-title\"><span class=\"tagline\">Elektrof\u00fczyon<\/span><\/div>  \r\n         \r\n                     <h2 class=\"title\">\r\n               <span>ELEKTROF\u00dcZYON KAYNAK MAK\u0130NES\u0130<\/span>\r\n            <\/h2>\r\n                  \r\n         \r\n         \r\n      <\/div>\r\n   <\/div>\r\n<\/div>\t\t\t\t<\/div>\n\t\t\t\t<\/div>\n\t\t\t\t<div class=\"elementor-element elementor-element-c321fa2 elementor-widget elementor-widget-gva-gallery\" data-id=\"c321fa2\" data-element_type=\"widget\" data-widget_type=\"gva-gallery.default\">\n\t\t\t\t<div class=\"elementor-widget-container\">\n\t\t\t\t\t<div class=\"gva-element-gva-gallery gva-element\">  \r\n  \t<div class=\"gva-gallery-grid clearfix\">\r\n\t\t<div class=\"gva-content-items\"> \r\n\t\t  \t<div class=\"lg-block-grid-3 md-block-grid-3 sm-block-grid-2 xs-block-grid-1 xx-block-grid-1\">\r\n\t\t\t \t<div class=\"item\">\r\n<div class=\"gallery-item style-1\">\r\n         <div class=\"image\">\r\n         <img decoding=\"async\" src=\"https:\/\/dokerler.com\/wp-content\/uploads\/2024\/02\/Electrofusion-Welding-Machine-580x600.jpeg\" alt=\"\" \/>  \r\n      <\/div>\r\n      <a class=\"photo-gallery\" href=\"https:\/\/dokerler.com\/wp-content\/uploads\/2024\/02\/Electrofusion-Welding-Machine.jpeg\" data-elementor-lightbox-slideshow=\"gallery-jvnb\" aria-label=\"gallery\"><i class=\"fas fa-expand\"><\/i><\/a>\r\n   \r\n   <div class=\"image-content\">\r\n      <div class=\"content-inner\">\r\n                        <\/div>   \r\n   <\/div>\r\n<\/div>\r\n<\/div><div class=\"item\">\r\n<div class=\"gallery-item style-1\">\r\n         <div class=\"image\">\r\n         <img decoding=\"async\" src=\"https:\/\/dokerler.com\/wp-content\/uploads\/2024\/02\/elektrofuzyon-kaynak-makinesi-2-580x600.jpeg\" alt=\"\" \/>  \r\n      <\/div>\r\n      <a class=\"photo-gallery\" href=\"https:\/\/dokerler.com\/wp-content\/uploads\/2024\/02\/elektrofuzyon-kaynak-makinesi-2.jpeg\" data-elementor-lightbox-slideshow=\"gallery-jvnb\" aria-label=\"gallery\"><i class=\"fas fa-expand\"><\/i><\/a>\r\n   \r\n   <div class=\"image-content\">\r\n      <div class=\"content-inner\">\r\n                        <\/div>   \r\n   <\/div>\r\n<\/div>\r\n<\/div><div class=\"item\">\r\n<div class=\"gallery-item style-1\">\r\n         <div class=\"image\">\r\n         <img decoding=\"async\" src=\"https:\/\/dokerler.com\/wp-content\/uploads\/2024\/02\/elektrofuzyon-kaynak-makinesi-3-580x600.jpeg\" alt=\"\" \/>  \r\n      <\/div>\r\n      <a class=\"photo-gallery\" href=\"https:\/\/dokerler.com\/wp-content\/uploads\/2024\/02\/elektrofuzyon-kaynak-makinesi-3.jpeg\" data-elementor-lightbox-slideshow=\"gallery-jvnb\" aria-label=\"gallery\"><i class=\"fas fa-expand\"><\/i><\/a>\r\n   \r\n   <div class=\"image-content\">\r\n      <div class=\"content-inner\">\r\n                        <\/div>   \r\n   <\/div>\r\n<\/div>\r\n<\/div>\t\t  \t<\/div>\r\n\t\t<\/div>\r\n  \t<\/div>\r\n<\/div>\t\t\t\t<\/div>\n\t\t\t\t<\/div>\n\t\t\t\t<div class=\"elementor-element elementor-element-72bccb6 elementor-widget elementor-widget-html\" data-id=\"72bccb6\" data-element_type=\"widget\" data-widget_type=\"html.default\">\n\t\t\t\t<div class=\"elementor-widget-container\">\n\t\t\t\t\t\n          <a class=\"btn-theme\" href=\"https:\/\/dokerler.com\/tr\/teklif-al\/\">\n  TEKL\u0130F AL\n<\/a>\n        \t\t\t\t<\/div>\n\t\t\t\t<\/div>\n\t\t\t\t<div class=\"elementor-element elementor-element-7c6c7bd elementor-widget elementor-widget-text-editor\" data-id=\"7c6c7bd\" data-element_type=\"widget\" data-widget_type=\"text-editor.default\">\n\t\t\t\t<div class=\"elementor-widget-container\">\n\t\t\t\t\t\t\t\t\t<table class=\"table table-striped\" width=\"1137\"><tbody><tr><td rowspan=\"2\" width=\"87\"><strong>TEKN\u0130K B\u0130LG\u0130 \/ TECHNICAL DATA<\/strong><\/td><td width=\"64\"><strong>\u00a0TINY<\/strong><\/td><td width=\"64\"><strong>TINY M<\/strong><\/td><\/tr><tr><td width=\"64\">\u00d8\u00a0\u00a0\u00a0\u00a0\u00a0\u00a0\u00a0\u00a0\u00a0\u00a0\u00a0\u00a0\u00a0\u00a0 20-630 mm<\/td><td width=\"64\">\u00d8\u00a0\u00a0\u00a0\u00a0\u00a0\u00a0\u00a0\u00a0\u00a0\u00a0\u00a0\u00a0\u00a0\u00a0 20-630 mm<\/td><\/tr><tr><td width=\"87\"><strong>\u00a0Besleme Voltaj\u0131 \/ Input Voltage<\/strong><\/td><td width=\"64\">230VAC (185-300VAC)<\/td><td width=\"64\">230VAC (185-300VAC)<\/td><\/tr><tr><td width=\"87\"><strong>Besleme Amperaj\u0131 \/Input Current<\/strong><\/td><td width=\"64\">16A (max:18A)<\/td><td width=\"64\">16A (max:18A)<\/td><\/tr><tr><td width=\"87\"><strong>\u00a0Frekans \/Frequency<\/strong><\/td><td width=\"64\">40-70 Hz<\/td><td width=\"64\">40-70 Hz<\/td><\/tr><tr><td width=\"87\"><strong>\u00c7\u0131k\u0131\u015f Voltaj\u0131 \/ Output Voltage<\/strong><\/td><td width=\"64\">8-48VAC<\/td><td width=\"64\">8-48VAC<\/td><\/tr><tr><td width=\"87\"><strong>\u00c7\u0131k\u0131\u015f Amperaj\u0131 \/ Output Current<\/strong><\/td><td width=\"64\">110 A(max))<\/td><td width=\"64\">110 A(max)<\/td><\/tr><tr><td width=\"87\"><strong>G\u00fc\u00e7 \u0130htiyac\u0131 \/ POwer Consumption<\/strong><\/td><td width=\"64\">3,6 kW<\/td><td width=\"64\">3,6 kW<\/td><\/tr><tr><td width=\"87\"><strong>G\u00fc\u00e7 Fakt\u00f6r\u00fc \/ Power Factor<\/strong><\/td><td width=\"64\">0,6-1<\/td><td width=\"64\">0,6-1<\/td><\/tr><tr><td width=\"87\"><strong>Jenerat\u00f6r \u0130htiyac\u0131 \/ Requirement of Generator<\/strong><\/td><td width=\"64\">5kW (mono faze)<\/td><td width=\"64\">5kW (mono faze)<\/td><\/tr><tr><td width=\"87\"><strong>Kaynak Kapasitesi \/ Welding Capacity<\/strong><\/td><td width=\"64\">max.. \u00d8 630mm<\/td><td width=\"64\">max.. \u00d8 630mm<\/td><\/tr><tr><td width=\"87\"><strong>\u00c7al\u0131\u015fma S\u0131cakl\u0131k Aral\u0131\u011f\u0131 \/ Operating Temperature Range<\/strong><\/td><td width=\"64\">-10; +50 \u00b0C<\/td><td width=\"64\">-10; +50 \u00b0C<\/td><\/tr><tr><td width=\"87\"><strong>Koruma S\u0131n\u0131f\u0131\u00a0<\/strong><\/td><td width=\"64\">IP54, Class I<\/td><td width=\"64\">IP54, Class I<\/td><\/tr><tr><td width=\"87\"><strong>A\u011f\u0131rl\u0131k \/ Weight<\/strong><\/td><td width=\"64\">18kg<\/td><td width=\"64\">18kg<\/td><\/tr><tr><td width=\"87\"><strong>Besleme Kablo Uzunlu\u011fu \/ Main Supply Cable<\/strong><\/td><td width=\"64\">4,5 m<\/td><td width=\"64\">4,5 m<\/td><\/tr><tr><td width=\"87\"><strong>Kaynak Kablo Uzunlu\u011fu \/ Welding Cable<\/strong><\/td><td width=\"64\">4 m<\/td><td width=\"64\">4 m<\/td><\/tr><tr><td width=\"87\"><strong>Kaynak U\u00e7lar\u0131 \/ Welding Terminals<\/strong><\/td><td width=\"64\">4,0 mm<\/td><td width=\"64\">4,0 mm<\/td><\/tr><tr><td width=\"87\"><strong>G\u00f6sterge \/ Display<\/strong><\/td><td width=\"64\">4&#215;20<\/td><td width=\"64\">4&#215;20<\/td><\/tr><tr><td width=\"87\"><strong>\u00d6l\u00e7\u00fcleri \/ Dimension<\/strong><\/td><td width=\"64\">330 x 290 x 290mm<\/td><td width=\"64\">330 x 290 x 290mm<\/td><\/tr><tr><td width=\"87\"><strong>CE Belgesi \/ CE Certification<\/strong><\/td><td width=\"64\">O.K.<\/td><td width=\"64\">O.K.<\/td><\/tr><tr><td width=\"87\"><strong>ISO Belgesi \/ ISO Certification<\/strong><\/td><td width=\"64\">ISO 9001:2008<\/td><td width=\"64\">ISO 9001:2008<\/td><\/tr><tr><td rowspan=\"2\" width=\"87\"><strong>Standartlar \/ Standarts<\/strong><\/td><td width=\"64\">ISO 12176-2; DVS 2208<\/td><td width=\"64\">ISO 12176-2; DVS 2208<\/td><\/tr><tr><td width=\"64\">ISO 13950<\/td><td width=\"64\">ISO 13950<\/td><\/tr><tr><td rowspan=\"3\" width=\"87\"><strong>Kaynak Yapma \u00d6zelli\u011fi \/ Welding Input Features<\/strong><\/td><td width=\"64\">\u00a0<\/td><td width=\"64\">Barcode<\/td><\/tr><tr><td width=\"64\">\u00a0Manuel<\/td><td width=\"64\">Manuel<\/td><\/tr><tr><td width=\"64\">\u00a0<\/td><td width=\"64\">Numeric<\/td><\/tr><tr><td rowspan=\"2\" width=\"87\"><strong>Aksesuarlar \/ Accessories<\/strong><\/td><td width=\"64\">Kaynak Ucu<\/td><td width=\"64\">Kaynak Ucu<\/td><\/tr><tr><td width=\"64\">El Tipi S\u0131y\u0131r\u0131c\u0131<\/td><td width=\"64\">El Tipi S\u0131y\u0131r\u0131c\u0131<\/td><\/tr><tr><td width=\"87\"><strong>Garanti \/ Warranty<\/strong><\/td><td width=\"64\">2 Y\u0131l<\/td><td width=\"64\">2 Y\u0131l<\/td><\/tr><tr><td width=\"87\"><strong>Men\u015fei \/ Origin<\/strong><\/td><td width=\"64\">Almanya<\/td><td width=\"64\">Almanya<\/td><\/tr><\/tbody><\/table>\t\t\t\t\t\t\t\t<\/div>\n\t\t\t\t<\/div>\n\t\t\t\t\t<\/div>\n\t\t<\/div>\n\t\t\t\t\t<\/div>\n\t\t<\/section>\n\t\t\t\t<\/div>\n\t\t","protected":false},"excerpt":{"rendered":"<p>Elektrof\u00fczyon Kaynak Makinesi Home Page Elektrof\u00fczyon ELEKTROF\u00dcZYON KAYNAK MAK\u0130NES\u0130 TEKL\u0130F AL TEKN\u0130K B\u0130LG\u0130 \/ TECHNICAL DATA \u00a0TINY TINY M \u00d8\u00a0\u00a0\u00a0\u00a0\u00a0\u00a0\u00a0\u00a0\u00a0\u00a0\u00a0\u00a0\u00a0\u00a0 20-630 mm \u00d8\u00a0\u00a0\u00a0\u00a0\u00a0\u00a0\u00a0\u00a0\u00a0\u00a0\u00a0\u00a0\u00a0\u00a0 20-630 mm \u00a0Besleme Voltaj\u0131 \/ Input Voltage 230VAC (185-300VAC) 230VAC (185-300VAC) Besleme Amperaj\u0131 \/Input Current 16A (max:18A) 16A (max:18A) \u00a0Frekans \/Frequency 40-70 Hz 40-70 Hz \u00c7\u0131k\u0131\u015f Voltaj\u0131 \/ Output Voltage 8-48VAC 8-48VAC [&hellip;]<\/p>\n","protected":false},"author":1,"featured_media":0,"parent":3338,"menu_order":0,"comment_status":"closed","ping_status":"closed","template":"","meta":{"footnotes":""},"class_list":["post-3330","page","type-page","status-publish","hentry"],"yoast_head":"<!-- This site is optimized with the Yoast SEO plugin v25.9 - https:\/\/yoast.com\/wordpress\/plugins\/seo\/ -->\n<title>Elektrof\u00fczyon Kaynak Makinesi - D\u00f6kerler D\u00f6k\u00fcm ve Plastik Polietilen San. \u0130th. \u0130hr. ve Tic. Ltd. \u015eti.<\/title>\n<meta name=\"robots\" content=\"index, follow, max-snippet:-1, max-image-preview:large, max-video-preview:-1\" \/>\n<link rel=\"canonical\" href=\"https:\/\/dokerler.com\/products\/electrofusion\/electrofusion-welding-machine\/\" \/>\n<meta property=\"og:locale\" content=\"tr_TR\" \/>\n<meta property=\"og:type\" content=\"article\" \/>\n<meta property=\"og:title\" content=\"Elektrof\u00fczyon Kaynak Makinesi - D\u00f6kerler D\u00f6k\u00fcm ve Plastik Polietilen San. \u0130th. \u0130hr. ve Tic. Ltd. \u015eti.\" \/>\n<meta property=\"og:description\" content=\"Elektrof\u00fczyon Kaynak Makinesi Home Page Elektrof\u00fczyon ELEKTROF\u00dcZYON KAYNAK MAK\u0130NES\u0130 TEKL\u0130F AL TEKN\u0130K B\u0130LG\u0130 \/ TECHNICAL DATA \u00a0TINY TINY M \u00d8\u00a0\u00a0\u00a0\u00a0\u00a0\u00a0\u00a0\u00a0\u00a0\u00a0\u00a0\u00a0\u00a0\u00a0 20-630 mm \u00d8\u00a0\u00a0\u00a0\u00a0\u00a0\u00a0\u00a0\u00a0\u00a0\u00a0\u00a0\u00a0\u00a0\u00a0 20-630 mm \u00a0Besleme Voltaj\u0131 \/ Input Voltage 230VAC (185-300VAC) 230VAC (185-300VAC) Besleme Amperaj\u0131 \/Input Current 16A (max:18A) 16A (max:18A) \u00a0Frekans \/Frequency 40-70 Hz 40-70 Hz \u00c7\u0131k\u0131\u015f Voltaj\u0131 \/ Output Voltage 8-48VAC 8-48VAC [&hellip;]\" \/>\n<meta property=\"og:url\" content=\"https:\/\/dokerler.com\/products\/electrofusion\/electrofusion-welding-machine\/\" \/>\n<meta property=\"og:site_name\" content=\"D\u00f6kerler D\u00f6k\u00fcm ve Plastik Polietilen San. \u0130th. \u0130hr. ve Tic. Ltd. \u015eti.\" \/>\n<meta property=\"article:modified_time\" content=\"2024-03-28T13:01:42+00:00\" \/>\n<meta property=\"og:image\" content=\"https:\/\/dokerler.com\/wp-content\/uploads\/2024\/02\/Electrofusion-Welding-Machine-580x600.jpeg\" \/>\n<meta name=\"twitter:card\" content=\"summary_large_image\" \/>\n<meta name=\"twitter:label1\" content=\"Tahmini okuma s\u00fcresi\" \/>\n\t<meta name=\"twitter:data1\" content=\"3 dakika\" \/>\n<script type=\"application\/ld+json\" class=\"yoast-schema-graph\">{\"@context\":\"https:\/\/schema.org\",\"@graph\":[{\"@type\":\"WebPage\",\"@id\":\"https:\/\/dokerler.com\/products\/electrofusion\/electrofusion-welding-machine\/\",\"url\":\"https:\/\/dokerler.com\/products\/electrofusion\/electrofusion-welding-machine\/\",\"name\":\"Elektrof\u00fczyon Kaynak Makinesi - D\u00f6kerler D\u00f6k\u00fcm ve Plastik Polietilen San. \u0130th. \u0130hr. ve Tic. Ltd. \u015eti.\",\"isPartOf\":{\"@id\":\"https:\/\/dokerler.com\/#website\"},\"primaryImageOfPage\":{\"@id\":\"https:\/\/dokerler.com\/products\/electrofusion\/electrofusion-welding-machine\/#primaryimage\"},\"image\":{\"@id\":\"https:\/\/dokerler.com\/products\/electrofusion\/electrofusion-welding-machine\/#primaryimage\"},\"thumbnailUrl\":\"https:\/\/dokerler.com\/wp-content\/uploads\/2024\/02\/Electrofusion-Welding-Machine-580x600.jpeg\",\"datePublished\":\"2024-02-06T09:16:36+00:00\",\"dateModified\":\"2024-03-28T13:01:42+00:00\",\"breadcrumb\":{\"@id\":\"https:\/\/dokerler.com\/products\/electrofusion\/electrofusion-welding-machine\/#breadcrumb\"},\"inLanguage\":\"tr\",\"potentialAction\":[{\"@type\":\"ReadAction\",\"target\":[\"https:\/\/dokerler.com\/products\/electrofusion\/electrofusion-welding-machine\/\"]}]},{\"@type\":\"ImageObject\",\"inLanguage\":\"tr\",\"@id\":\"https:\/\/dokerler.com\/products\/electrofusion\/electrofusion-welding-machine\/#primaryimage\",\"url\":\"https:\/\/dokerler.com\/wp-content\/uploads\/2024\/02\/Electrofusion-Welding-Machine-580x600.jpeg\",\"contentUrl\":\"https:\/\/dokerler.com\/wp-content\/uploads\/2024\/02\/Electrofusion-Welding-Machine-580x600.jpeg\"},{\"@type\":\"BreadcrumbList\",\"@id\":\"https:\/\/dokerler.com\/products\/electrofusion\/electrofusion-welding-machine\/#breadcrumb\",\"itemListElement\":[{\"@type\":\"ListItem\",\"position\":1,\"name\":\"Home\",\"item\":\"https:\/\/dokerler.com\/\"},{\"@type\":\"ListItem\",\"position\":2,\"name\":\"\u00dcr\u00fcnler\",\"item\":\"https:\/\/dokerler.com\/ru\/proizvodstvo\/\"},{\"@type\":\"ListItem\",\"position\":3,\"name\":\"Elektrof\u00fczyon\",\"item\":\"https:\/\/dokerler.com\/ru\/proizvodstvo\/elektromufta\/\"},{\"@type\":\"ListItem\",\"position\":4,\"name\":\"Elektrof\u00fczyon Kaynak Makinesi\"}]},{\"@type\":\"WebSite\",\"@id\":\"https:\/\/dokerler.com\/#website\",\"url\":\"https:\/\/dokerler.com\/\",\"name\":\"D\u00f6kerler D\u00f6k\u00fcm ve Plastik Polietilen San. \u0130th. \u0130hr. ve Tic. Ltd. \u015eti.\",\"description\":\"\",\"potentialAction\":[{\"@type\":\"SearchAction\",\"target\":{\"@type\":\"EntryPoint\",\"urlTemplate\":\"https:\/\/dokerler.com\/?s={search_term_string}\"},\"query-input\":{\"@type\":\"PropertyValueSpecification\",\"valueRequired\":true,\"valueName\":\"search_term_string\"}}],\"inLanguage\":\"tr\"}]}<\/script>\n<!-- \/ Yoast SEO plugin. -->","yoast_head_json":{"title":"Elektrof\u00fczyon Kaynak Makinesi - D\u00f6kerler D\u00f6k\u00fcm ve Plastik Polietilen San. \u0130th. \u0130hr. ve Tic. Ltd. \u015eti.","robots":{"index":"index","follow":"follow","max-snippet":"max-snippet:-1","max-image-preview":"max-image-preview:large","max-video-preview":"max-video-preview:-1"},"canonical":"https:\/\/dokerler.com\/products\/electrofusion\/electrofusion-welding-machine\/","og_locale":"tr_TR","og_type":"article","og_title":"Elektrof\u00fczyon Kaynak Makinesi - D\u00f6kerler D\u00f6k\u00fcm ve Plastik Polietilen San. \u0130th. \u0130hr. ve Tic. Ltd. \u015eti.","og_description":"Elektrof\u00fczyon Kaynak Makinesi Home Page Elektrof\u00fczyon ELEKTROF\u00dcZYON KAYNAK MAK\u0130NES\u0130 TEKL\u0130F AL TEKN\u0130K B\u0130LG\u0130 \/ TECHNICAL DATA \u00a0TINY TINY M \u00d8\u00a0\u00a0\u00a0\u00a0\u00a0\u00a0\u00a0\u00a0\u00a0\u00a0\u00a0\u00a0\u00a0\u00a0 20-630 mm \u00d8\u00a0\u00a0\u00a0\u00a0\u00a0\u00a0\u00a0\u00a0\u00a0\u00a0\u00a0\u00a0\u00a0\u00a0 20-630 mm \u00a0Besleme Voltaj\u0131 \/ Input Voltage 230VAC (185-300VAC) 230VAC (185-300VAC) Besleme Amperaj\u0131 \/Input Current 16A (max:18A) 16A (max:18A) \u00a0Frekans \/Frequency 40-70 Hz 40-70 Hz \u00c7\u0131k\u0131\u015f Voltaj\u0131 \/ Output Voltage 8-48VAC 8-48VAC [&hellip;]","og_url":"https:\/\/dokerler.com\/products\/electrofusion\/electrofusion-welding-machine\/","og_site_name":"D\u00f6kerler D\u00f6k\u00fcm ve Plastik Polietilen San. \u0130th. \u0130hr. ve Tic. Ltd. \u015eti.","article_modified_time":"2024-03-28T13:01:42+00:00","og_image":[{"url":"https:\/\/dokerler.com\/wp-content\/uploads\/2024\/02\/Electrofusion-Welding-Machine-580x600.jpeg","type":"","width":"","height":""}],"twitter_card":"summary_large_image","twitter_misc":{"Tahmini okuma s\u00fcresi":"3 dakika"},"schema":{"@context":"https:\/\/schema.org","@graph":[{"@type":"WebPage","@id":"https:\/\/dokerler.com\/products\/electrofusion\/electrofusion-welding-machine\/","url":"https:\/\/dokerler.com\/products\/electrofusion\/electrofusion-welding-machine\/","name":"Elektrof\u00fczyon Kaynak Makinesi - D\u00f6kerler D\u00f6k\u00fcm ve Plastik Polietilen San. \u0130th. \u0130hr. ve Tic. Ltd. \u015eti.","isPartOf":{"@id":"https:\/\/dokerler.com\/#website"},"primaryImageOfPage":{"@id":"https:\/\/dokerler.com\/products\/electrofusion\/electrofusion-welding-machine\/#primaryimage"},"image":{"@id":"https:\/\/dokerler.com\/products\/electrofusion\/electrofusion-welding-machine\/#primaryimage"},"thumbnailUrl":"https:\/\/dokerler.com\/wp-content\/uploads\/2024\/02\/Electrofusion-Welding-Machine-580x600.jpeg","datePublished":"2024-02-06T09:16:36+00:00","dateModified":"2024-03-28T13:01:42+00:00","breadcrumb":{"@id":"https:\/\/dokerler.com\/products\/electrofusion\/electrofusion-welding-machine\/#breadcrumb"},"inLanguage":"tr","potentialAction":[{"@type":"ReadAction","target":["https:\/\/dokerler.com\/products\/electrofusion\/electrofusion-welding-machine\/"]}]},{"@type":"ImageObject","inLanguage":"tr","@id":"https:\/\/dokerler.com\/products\/electrofusion\/electrofusion-welding-machine\/#primaryimage","url":"https:\/\/dokerler.com\/wp-content\/uploads\/2024\/02\/Electrofusion-Welding-Machine-580x600.jpeg","contentUrl":"https:\/\/dokerler.com\/wp-content\/uploads\/2024\/02\/Electrofusion-Welding-Machine-580x600.jpeg"},{"@type":"BreadcrumbList","@id":"https:\/\/dokerler.com\/products\/electrofusion\/electrofusion-welding-machine\/#breadcrumb","itemListElement":[{"@type":"ListItem","position":1,"name":"Home","item":"https:\/\/dokerler.com\/"},{"@type":"ListItem","position":2,"name":"\u00dcr\u00fcnler","item":"https:\/\/dokerler.com\/ru\/proizvodstvo\/"},{"@type":"ListItem","position":3,"name":"Elektrof\u00fczyon","item":"https:\/\/dokerler.com\/ru\/proizvodstvo\/elektromufta\/"},{"@type":"ListItem","position":4,"name":"Elektrof\u00fczyon Kaynak Makinesi"}]},{"@type":"WebSite","@id":"https:\/\/dokerler.com\/#website","url":"https:\/\/dokerler.com\/","name":"D\u00f6kerler D\u00f6k\u00fcm ve Plastik Polietilen San. \u0130th. \u0130hr. ve Tic. Ltd. \u015eti.","description":"","potentialAction":[{"@type":"SearchAction","target":{"@type":"EntryPoint","urlTemplate":"https:\/\/dokerler.com\/?s={search_term_string}"},"query-input":{"@type":"PropertyValueSpecification","valueRequired":true,"valueName":"search_term_string"}}],"inLanguage":"tr"}]}},"_links":{"self":[{"href":"https:\/\/dokerler.com\/tr\/wp-json\/wp\/v2\/pages\/3330","targetHints":{"allow":["GET"]}}],"collection":[{"href":"https:\/\/dokerler.com\/tr\/wp-json\/wp\/v2\/pages"}],"about":[{"href":"https:\/\/dokerler.com\/tr\/wp-json\/wp\/v2\/types\/page"}],"author":[{"embeddable":true,"href":"https:\/\/dokerler.com\/tr\/wp-json\/wp\/v2\/users\/1"}],"replies":[{"embeddable":true,"href":"https:\/\/dokerler.com\/tr\/wp-json\/wp\/v2\/comments?post=3330"}],"version-history":[{"count":16,"href":"https:\/\/dokerler.com\/tr\/wp-json\/wp\/v2\/pages\/3330\/revisions"}],"predecessor-version":[{"id":6022,"href":"https:\/\/dokerler.com\/tr\/wp-json\/wp\/v2\/pages\/3330\/revisions\/6022"}],"up":[{"embeddable":true,"href":"https:\/\/dokerler.com\/tr\/wp-json\/wp\/v2\/pages\/3338"}],"wp:attachment":[{"href":"https:\/\/dokerler.com\/tr\/wp-json\/wp\/v2\/media?parent=3330"}],"curies":[{"name":"wp","href":"https:\/\/api.w.org\/{rel}","templated":true}]}}