{"id":3329,"date":"2024-02-03T20:39:53","date_gmt":"2024-02-03T20:39:53","guid":{"rendered":"https:\/\/dokerler.com\/urunler\/"},"modified":"2024-03-20T13:00:16","modified_gmt":"2024-03-20T13:00:16","slug":"urunler","status":"publish","type":"page","link":"https:\/\/dokerler.com\/tr\/urunler\/","title":{"rendered":"\u00dcr\u00fcnler"},"content":{"rendered":"\t\t<div data-elementor-type=\"wp-page\" data-elementor-id=\"3329\" class=\"elementor elementor-3329\">\n\t\t\t\t\t\t<section class=\"elementor-section elementor-top-section elementor-element elementor-element-9ad4ab0 elementor-section-full_width elementor-section-height-default elementor-section-height-default\" data-id=\"9ad4ab0\" data-element_type=\"section\">\n\t\t\t\t\t\t<div class=\"elementor-container elementor-column-gap-default\">\n\t\t\t\t\t<div class=\"elementor-column elementor-col-100 elementor-top-column elementor-element elementor-element-1777117\" data-id=\"1777117\" data-element_type=\"column\">\n\t\t\t<div class=\"elementor-widget-wrap elementor-element-populated\">\n\t\t\t\t\t\t<div class=\"elementor-element elementor-element-855f2e1 elementor-widget elementor-widget-gva_post_breadcrumb\" data-id=\"855f2e1\" data-element_type=\"widget\" data-widget_type=\"gva_post_breadcrumb.default\">\n\t\t\t\t<div class=\"elementor-widget-container\">\n\t\t\t\t\t<div class=\"gva-element-gva_post_breadcrumb gva-element\">   \r\n<div class=\"post-breadcrumb\">\r\n   <div class=\"custom-breadcrumb \" >\r\n            <div class=\"breadcrumb-main\">\r\n        <div class=\"container\">\r\n          <div class=\"breadcrumb-container-inner\">\r\n            <h2 class=\"heading-title\">\u00dcr\u00fcnler<\/h2><ol class=\"breadcrumb\"><li><a href=\"https:\/\/dokerler.com\/tr\/\">Home<\/a> <\/li> <li class=\"active\">Sayfa<\/li><\/ol>          <\/div>  \r\n        <\/div>   \r\n      <\/div>  \r\n   <\/div>\r\n<\/div>      \r\n\r\n<\/div>\t\t\t\t<\/div>\n\t\t\t\t<\/div>\n\t\t\t\t\t<\/div>\n\t\t<\/div>\n\t\t\t\t\t<\/div>\n\t\t<\/section>\n\t\t\t\t<section class=\"elementor-section elementor-top-section elementor-element elementor-element-d6beff8 elementor-section-boxed elementor-section-height-default elementor-section-height-default\" data-id=\"d6beff8\" data-element_type=\"section\">\n\t\t\t\t\t\t<div class=\"elementor-container elementor-column-gap-default\">\n\t\t\t\t\t<div class=\"elementor-column elementor-col-100 elementor-top-column elementor-element elementor-element-6902c9a\" data-id=\"6902c9a\" data-element_type=\"column\">\n\t\t\t<div class=\"elementor-widget-wrap elementor-element-populated\">\n\t\t\t\t\t\t<div class=\"elementor-element elementor-element-593059c elementor-widget elementor-widget-gva-heading-block\" data-id=\"593059c\" data-element_type=\"widget\" data-widget_type=\"gva-heading-block.default\">\n\t\t\t\t<div class=\"elementor-widget-container\">\n\t\t\t\t\t<div class=\"gva-element-gva-heading-block gva-element\">   <div class=\"align-left style-1 widget gsc-heading box-align-left auto-responsive\">\r\n      <div class=\"content-inner\">\r\n         \r\n                  \r\n           \r\n         \r\n                     <h2 class=\"title\">\r\n               <span>\u00dcr\u00fcnler<\/span>\r\n            <\/h2>\r\n                  \r\n         \r\n         \r\n      <\/div>\r\n   <\/div>\r\n<\/div>\t\t\t\t<\/div>\n\t\t\t\t<\/div>\n\t\t\t\t\t<\/div>\n\t\t<\/div>\n\t\t\t\t\t<\/div>\n\t\t<\/section>\n\t\t<div class=\"elementor-element elementor-element-b1d2d84 e-flex e-con-boxed e-con e-parent\" data-id=\"b1d2d84\" data-element_type=\"container\">\n\t\t\t\t\t<div class=\"e-con-inner\">\n\t\t<div class=\"elementor-element elementor-element-e6ceb77 e-con-full e-flex e-con e-child\" data-id=\"e6ceb77\" data-element_type=\"container\">\n\t\t\t\t<div class=\"elementor-element elementor-element-6184406 elementor-widget elementor-widget-gva-features-block\" data-id=\"6184406\" data-element_type=\"widget\" data-widget_type=\"gva-features-block.default\">\n\t\t\t\t<div class=\"elementor-widget-container\">\n\t\t\t\t\t<div class=\"gva-element-gva-features-block gva-element\">\r\n   <div class=\"feature-one__single\">\r\n      <div class=\"feature-one__wrapper\">\r\n         \r\n         <div class=\"feature-one__image\">\r\n            <img fetchpriority=\"high\" decoding=\"async\" width=\"400\" height=\"400\" src=\"https:\/\/dokerler.com\/wp-content\/uploads\/2024\/02\/Electrofusion-banner.png\" class=\"attachment-full size-full wp-image-1094\" alt=\"\" srcset=\"https:\/\/dokerler.com\/wp-content\/uploads\/2024\/02\/Electrofusion-banner.png 400w, https:\/\/dokerler.com\/wp-content\/uploads\/2024\/02\/Electrofusion-banner-175x175.png 175w\" sizes=\"(max-width: 400px) 100vw, 400px\" \/>         <\/div>\r\n         <h3 class=\"feature-one__title\">Elektrof\u00fczyon<\/h3>\r\n         <div class=\"feature-one__content\">\r\n            <div class=\"feature-one__content-inner\">\r\n               <h3 class=\"feature-one__content-title\">Elektrof\u00fczyon<\/h3><div class=\"feature-one__desc\">Detaylar i\u00e7in t\u0131klay\u0131n.<\/div>\t\t  \t<a href=\"https:\/\/dokerler.com\/tr\/urunler\/elektrofuzyon\/\" class=\"feature-one__action btn-theme\" aria-label=\"link\">\r\n\t\t\t \t<i aria-hidden=\"true\" class=\"fas fa-long-arrow-alt-right\"><\/i>\t\t  \t<\/a>\r\n\t\t              <\/div>\r\n         <\/div>\r\n\r\n         \t\t  <a href=\"https:\/\/dokerler.com\/tr\/urunler\/elektrofuzyon\/\" class=\"feature-one__overlay-link\" aria-label=\"link\"><\/a>\r\n\t\t        <\/div> \r\n      \r\n   <\/div>   \r\n\r\n\r\n\r\n<\/div>\t\t\t\t<\/div>\n\t\t\t\t<\/div>\n\t\t\t\t<div class=\"elementor-element elementor-element-d9070c8 elementor-widget elementor-widget-gva-features-block\" data-id=\"d9070c8\" data-element_type=\"widget\" data-widget_type=\"gva-features-block.default\">\n\t\t\t\t<div class=\"elementor-widget-container\">\n\t\t\t\t\t<div class=\"gva-element-gva-features-block gva-element\">\r\n   <div class=\"feature-one__single\">\r\n      <div class=\"feature-one__wrapper\">\r\n         \r\n         <div class=\"feature-one__image\">\r\n            <img decoding=\"async\" width=\"400\" height=\"400\" src=\"https:\/\/dokerler.com\/wp-content\/uploads\/2024\/02\/Transition-Adaptors-and-Flange.png\" class=\"attachment-full size-full wp-image-1107\" alt=\"\" srcset=\"https:\/\/dokerler.com\/wp-content\/uploads\/2024\/02\/Transition-Adaptors-and-Flange.png 400w, https:\/\/dokerler.com\/wp-content\/uploads\/2024\/02\/Transition-Adaptors-and-Flange-175x175.png 175w\" sizes=\"(max-width: 400px) 100vw, 400px\" \/>         <\/div>\r\n         <h3 class=\"feature-one__title\">Ge\u00e7i\u015f Adapt\u00f6rleri ve \u00c7elik Flan\u015f<\/h3>\r\n         <div class=\"feature-one__content\">\r\n            <div class=\"feature-one__content-inner\">\r\n               <h3 class=\"feature-one__content-title\">Ge\u00e7i\u015f Adapt\u00f6rleri ve \u00c7elik Flan\u015f<\/h3><div class=\"feature-one__desc\">Detaylar i\u00e7in t\u0131klay\u0131n.<\/div>\t\t  \t<a href=\"https:\/\/dokerler.com\/tr\/urunler\/gecis-adaptorleri-flans\/\" class=\"feature-one__action btn-theme\" aria-label=\"link\">\r\n\t\t\t \t<i aria-hidden=\"true\" class=\"fas fa-long-arrow-alt-right\"><\/i>\t\t  \t<\/a>\r\n\t\t              <\/div>\r\n         <\/div>\r\n\r\n         \t\t  <a href=\"https:\/\/dokerler.com\/tr\/urunler\/gecis-adaptorleri-flans\/\" class=\"feature-one__overlay-link\" aria-label=\"link\"><\/a>\r\n\t\t        <\/div> \r\n      \r\n   <\/div>   \r\n\r\n\r\n\r\n<\/div>\t\t\t\t<\/div>\n\t\t\t\t<\/div>\n\t\t\t\t<\/div>\n\t\t<div class=\"elementor-element elementor-element-de84f91 e-con-full e-flex e-con e-child\" data-id=\"de84f91\" data-element_type=\"container\">\n\t\t\t\t<div class=\"elementor-element elementor-element-10bce0d elementor-widget elementor-widget-gva-features-block\" data-id=\"10bce0d\" data-element_type=\"widget\" data-widget_type=\"gva-features-block.default\">\n\t\t\t\t<div class=\"elementor-widget-container\">\n\t\t\t\t\t<div class=\"gva-element-gva-features-block gva-element\">\r\n   <div class=\"feature-one__single\">\r\n      <div class=\"feature-one__wrapper\">\r\n         \r\n         <div class=\"feature-one__image\">\r\n            <img decoding=\"async\" width=\"400\" height=\"400\" src=\"https:\/\/dokerler.com\/wp-content\/uploads\/2024\/02\/Fabricated-Fittings-banner.png\" class=\"attachment-full size-full wp-image-1099\" alt=\"\" srcset=\"https:\/\/dokerler.com\/wp-content\/uploads\/2024\/02\/Fabricated-Fittings-banner.png 400w, https:\/\/dokerler.com\/wp-content\/uploads\/2024\/02\/Fabricated-Fittings-banner-175x175.png 175w\" sizes=\"(max-width: 400px) 100vw, 400px\" \/>         <\/div>\r\n         <h3 class=\"feature-one__title\">Konfeksiyon<\/h3>\r\n         <div class=\"feature-one__content\">\r\n            <div class=\"feature-one__content-inner\">\r\n               <h3 class=\"feature-one__content-title\">Konfeksiyon<\/h3><div class=\"feature-one__desc\">Detaylar i\u00e7in t\u0131klay\u0131n.<\/div>\t\t  \t<a href=\"https:\/\/dokerler.com\/tr\/urunler\/konfeksiyon\/\" class=\"feature-one__action btn-theme\" aria-label=\"link\">\r\n\t\t\t \t<i aria-hidden=\"true\" class=\"fas fa-long-arrow-alt-right\"><\/i>\t\t  \t<\/a>\r\n\t\t              <\/div>\r\n         <\/div>\r\n\r\n         \t\t  <a href=\"https:\/\/dokerler.com\/tr\/urunler\/konfeksiyon\/\" class=\"feature-one__overlay-link\" aria-label=\"link\"><\/a>\r\n\t\t        <\/div> \r\n      \r\n   <\/div>   \r\n\r\n\r\n\r\n<\/div>\t\t\t\t<\/div>\n\t\t\t\t<\/div>\n\t\t\t\t<\/div>\n\t\t<div class=\"elementor-element elementor-element-9bc99c2 e-con-full e-flex e-con e-child\" data-id=\"9bc99c2\" data-element_type=\"container\">\n\t\t\t\t<div class=\"elementor-element elementor-element-2c8a6a2 elementor-widget elementor-widget-gva-features-block\" data-id=\"2c8a6a2\" data-element_type=\"widget\" data-widget_type=\"gva-features-block.default\">\n\t\t\t\t<div class=\"elementor-widget-container\">\n\t\t\t\t\t<div class=\"gva-element-gva-features-block gva-element\">\r\n   <div class=\"feature-one__single\">\r\n      <div class=\"feature-one__wrapper\">\r\n         \r\n         <div class=\"feature-one__image\">\r\n            <img loading=\"lazy\" decoding=\"async\" width=\"400\" height=\"400\" src=\"https:\/\/dokerler.com\/wp-content\/uploads\/2024\/02\/Injection.png\" class=\"attachment-full size-full wp-image-1103\" alt=\"\" srcset=\"https:\/\/dokerler.com\/wp-content\/uploads\/2024\/02\/Injection.png 400w, https:\/\/dokerler.com\/wp-content\/uploads\/2024\/02\/Injection-175x175.png 175w\" sizes=\"(max-width: 400px) 100vw, 400px\" \/>         <\/div>\r\n         <h3 class=\"feature-one__title\">Enjeksiyon<\/h3>\r\n         <div class=\"feature-one__content\">\r\n            <div class=\"feature-one__content-inner\">\r\n               <h3 class=\"feature-one__content-title\">Enjeksiyon<\/h3><div class=\"feature-one__desc\">Detaylar i\u00e7in t\u0131klay\u0131n.<\/div>\t\t  \t<a href=\"https:\/\/dokerler.com\/tr\/urunler\/enjeksiyon\/\" class=\"feature-one__action btn-theme\" aria-label=\"link\">\r\n\t\t\t \t<i aria-hidden=\"true\" class=\"fas fa-long-arrow-alt-right\"><\/i>\t\t  \t<\/a>\r\n\t\t              <\/div>\r\n         <\/div>\r\n\r\n         \t\t  <a href=\"https:\/\/dokerler.com\/tr\/urunler\/enjeksiyon\/\" class=\"feature-one__overlay-link\" aria-label=\"link\"><\/a>\r\n\t\t        <\/div> \r\n      \r\n   <\/div>   \r\n\r\n\r\n\r\n<\/div>\t\t\t\t<\/div>\n\t\t\t\t<\/div>\n\t\t\t\t<\/div>\n\t\t\t\t\t<\/div>\n\t\t\t\t<\/div>\n\t\t\t\t<\/div>\n\t\t","protected":false},"excerpt":{"rendered":"<p>\u00dcr\u00fcnler Home Page \u00dcr\u00fcnler Elektrof\u00fczyon Elektrof\u00fczyon Detaylar i\u00e7in t\u0131klay\u0131n. Ge\u00e7i\u015f Adapt\u00f6rleri ve \u00c7elik Flan\u015f Ge\u00e7i\u015f Adapt\u00f6rleri ve \u00c7elik Flan\u015f Detaylar i\u00e7in t\u0131klay\u0131n. Konfeksiyon Konfeksiyon Detaylar i\u00e7in t\u0131klay\u0131n. Enjeksiyon Enjeksiyon Detaylar i\u00e7in t\u0131klay\u0131n.<\/p>\n","protected":false},"author":1,"featured_media":0,"parent":0,"menu_order":0,"comment_status":"closed","ping_status":"closed","template":"","meta":{"footnotes":""},"class_list":["post-3329","page","type-page","status-publish","hentry"],"yoast_head":"<!-- This site is optimized with the Yoast SEO plugin v25.9 - https:\/\/yoast.com\/wordpress\/plugins\/seo\/ -->\n<title>\u00dcr\u00fcnler - D\u00f6kerler D\u00f6k\u00fcm ve Plastik Polietilen San. \u0130th. \u0130hr. ve Tic. Ltd. \u015eti.<\/title>\n<meta name=\"robots\" content=\"index, follow, max-snippet:-1, max-image-preview:large, max-video-preview:-1\" \/>\n<link rel=\"canonical\" href=\"https:\/\/dokerler.com\/ru\/proizvodstvo\/\" \/>\n<meta property=\"og:locale\" content=\"tr_TR\" \/>\n<meta property=\"og:type\" content=\"article\" \/>\n<meta property=\"og:title\" content=\"\u00dcr\u00fcnler - D\u00f6kerler D\u00f6k\u00fcm ve Plastik Polietilen San. \u0130th. \u0130hr. ve Tic. Ltd. \u015eti.\" \/>\n<meta property=\"og:description\" content=\"\u00dcr\u00fcnler Home Page \u00dcr\u00fcnler Elektrof\u00fczyon Elektrof\u00fczyon Detaylar i\u00e7in t\u0131klay\u0131n. Ge\u00e7i\u015f Adapt\u00f6rleri ve \u00c7elik Flan\u015f Ge\u00e7i\u015f Adapt\u00f6rleri ve \u00c7elik Flan\u015f Detaylar i\u00e7in t\u0131klay\u0131n. Konfeksiyon Konfeksiyon Detaylar i\u00e7in t\u0131klay\u0131n. Enjeksiyon Enjeksiyon Detaylar i\u00e7in t\u0131klay\u0131n.\" \/>\n<meta property=\"og:url\" content=\"https:\/\/dokerler.com\/ru\/proizvodstvo\/\" \/>\n<meta property=\"og:site_name\" content=\"D\u00f6kerler D\u00f6k\u00fcm ve Plastik Polietilen San. \u0130th. \u0130hr. ve Tic. Ltd. \u015eti.\" \/>\n<meta property=\"article:modified_time\" content=\"2024-03-20T13:00:16+00:00\" \/>\n<meta property=\"og:image\" content=\"https:\/\/dokerler.com\/wp-content\/uploads\/2024\/02\/Electrofusion-banner.png\" \/>\n<meta name=\"twitter:card\" content=\"summary_large_image\" \/>\n<meta name=\"twitter:label1\" content=\"Tahmini okuma s\u00fcresi\" \/>\n\t<meta name=\"twitter:data1\" content=\"1 dakika\" \/>\n<script type=\"application\/ld+json\" class=\"yoast-schema-graph\">{\"@context\":\"https:\/\/schema.org\",\"@graph\":[{\"@type\":\"WebPage\",\"@id\":\"https:\/\/dokerler.com\/ru\/proizvodstvo\/\",\"url\":\"https:\/\/dokerler.com\/ru\/proizvodstvo\/\",\"name\":\"\u00dcr\u00fcnler - D\u00f6kerler D\u00f6k\u00fcm ve Plastik Polietilen San. \u0130th. \u0130hr. ve Tic. Ltd. \u015eti.\",\"isPartOf\":{\"@id\":\"https:\/\/dokerler.com\/#website\"},\"primaryImageOfPage\":{\"@id\":\"https:\/\/dokerler.com\/ru\/proizvodstvo\/#primaryimage\"},\"image\":{\"@id\":\"https:\/\/dokerler.com\/ru\/proizvodstvo\/#primaryimage\"},\"thumbnailUrl\":\"https:\/\/dokerler.com\/wp-content\/uploads\/2024\/02\/Electrofusion-banner.png\",\"datePublished\":\"2024-02-03T20:39:53+00:00\",\"dateModified\":\"2024-03-20T13:00:16+00:00\",\"breadcrumb\":{\"@id\":\"https:\/\/dokerler.com\/ru\/proizvodstvo\/#breadcrumb\"},\"inLanguage\":\"tr\",\"potentialAction\":[{\"@type\":\"ReadAction\",\"target\":[\"https:\/\/dokerler.com\/ru\/proizvodstvo\/\"]}]},{\"@type\":\"ImageObject\",\"inLanguage\":\"tr\",\"@id\":\"https:\/\/dokerler.com\/ru\/proizvodstvo\/#primaryimage\",\"url\":\"https:\/\/dokerler.com\/wp-content\/uploads\/2024\/02\/Electrofusion-banner.png\",\"contentUrl\":\"https:\/\/dokerler.com\/wp-content\/uploads\/2024\/02\/Electrofusion-banner.png\"},{\"@type\":\"BreadcrumbList\",\"@id\":\"https:\/\/dokerler.com\/ru\/proizvodstvo\/#breadcrumb\",\"itemListElement\":[{\"@type\":\"ListItem\",\"position\":1,\"name\":\"Home\",\"item\":\"https:\/\/dokerler.com\/\"},{\"@type\":\"ListItem\",\"position\":2,\"name\":\"\u00dcr\u00fcnler\"}]},{\"@type\":\"WebSite\",\"@id\":\"https:\/\/dokerler.com\/#website\",\"url\":\"https:\/\/dokerler.com\/\",\"name\":\"D\u00f6kerler D\u00f6k\u00fcm ve Plastik Polietilen San. \u0130th. \u0130hr. ve Tic. Ltd. \u015eti.\",\"description\":\"\",\"potentialAction\":[{\"@type\":\"SearchAction\",\"target\":{\"@type\":\"EntryPoint\",\"urlTemplate\":\"https:\/\/dokerler.com\/?s={search_term_string}\"},\"query-input\":{\"@type\":\"PropertyValueSpecification\",\"valueRequired\":true,\"valueName\":\"search_term_string\"}}],\"inLanguage\":\"tr\"}]}<\/script>\n<!-- \/ Yoast SEO plugin. -->","yoast_head_json":{"title":"\u00dcr\u00fcnler - D\u00f6kerler D\u00f6k\u00fcm ve Plastik Polietilen San. \u0130th. \u0130hr. ve Tic. Ltd. \u015eti.","robots":{"index":"index","follow":"follow","max-snippet":"max-snippet:-1","max-image-preview":"max-image-preview:large","max-video-preview":"max-video-preview:-1"},"canonical":"https:\/\/dokerler.com\/ru\/proizvodstvo\/","og_locale":"tr_TR","og_type":"article","og_title":"\u00dcr\u00fcnler - D\u00f6kerler D\u00f6k\u00fcm ve Plastik Polietilen San. \u0130th. \u0130hr. ve Tic. Ltd. \u015eti.","og_description":"\u00dcr\u00fcnler Home Page \u00dcr\u00fcnler Elektrof\u00fczyon Elektrof\u00fczyon Detaylar i\u00e7in t\u0131klay\u0131n. Ge\u00e7i\u015f Adapt\u00f6rleri ve \u00c7elik Flan\u015f Ge\u00e7i\u015f Adapt\u00f6rleri ve \u00c7elik Flan\u015f Detaylar i\u00e7in t\u0131klay\u0131n. Konfeksiyon Konfeksiyon Detaylar i\u00e7in t\u0131klay\u0131n. Enjeksiyon Enjeksiyon Detaylar i\u00e7in t\u0131klay\u0131n.","og_url":"https:\/\/dokerler.com\/ru\/proizvodstvo\/","og_site_name":"D\u00f6kerler D\u00f6k\u00fcm ve Plastik Polietilen San. \u0130th. \u0130hr. ve Tic. Ltd. \u015eti.","article_modified_time":"2024-03-20T13:00:16+00:00","og_image":[{"url":"https:\/\/dokerler.com\/wp-content\/uploads\/2024\/02\/Electrofusion-banner.png","type":"","width":"","height":""}],"twitter_card":"summary_large_image","twitter_misc":{"Tahmini okuma s\u00fcresi":"1 dakika"},"schema":{"@context":"https:\/\/schema.org","@graph":[{"@type":"WebPage","@id":"https:\/\/dokerler.com\/ru\/proizvodstvo\/","url":"https:\/\/dokerler.com\/ru\/proizvodstvo\/","name":"\u00dcr\u00fcnler - D\u00f6kerler D\u00f6k\u00fcm ve Plastik Polietilen San. \u0130th. \u0130hr. ve Tic. Ltd. \u015eti.","isPartOf":{"@id":"https:\/\/dokerler.com\/#website"},"primaryImageOfPage":{"@id":"https:\/\/dokerler.com\/ru\/proizvodstvo\/#primaryimage"},"image":{"@id":"https:\/\/dokerler.com\/ru\/proizvodstvo\/#primaryimage"},"thumbnailUrl":"https:\/\/dokerler.com\/wp-content\/uploads\/2024\/02\/Electrofusion-banner.png","datePublished":"2024-02-03T20:39:53+00:00","dateModified":"2024-03-20T13:00:16+00:00","breadcrumb":{"@id":"https:\/\/dokerler.com\/ru\/proizvodstvo\/#breadcrumb"},"inLanguage":"tr","potentialAction":[{"@type":"ReadAction","target":["https:\/\/dokerler.com\/ru\/proizvodstvo\/"]}]},{"@type":"ImageObject","inLanguage":"tr","@id":"https:\/\/dokerler.com\/ru\/proizvodstvo\/#primaryimage","url":"https:\/\/dokerler.com\/wp-content\/uploads\/2024\/02\/Electrofusion-banner.png","contentUrl":"https:\/\/dokerler.com\/wp-content\/uploads\/2024\/02\/Electrofusion-banner.png"},{"@type":"BreadcrumbList","@id":"https:\/\/dokerler.com\/ru\/proizvodstvo\/#breadcrumb","itemListElement":[{"@type":"ListItem","position":1,"name":"Home","item":"https:\/\/dokerler.com\/"},{"@type":"ListItem","position":2,"name":"\u00dcr\u00fcnler"}]},{"@type":"WebSite","@id":"https:\/\/dokerler.com\/#website","url":"https:\/\/dokerler.com\/","name":"D\u00f6kerler D\u00f6k\u00fcm ve Plastik Polietilen San. \u0130th. \u0130hr. ve Tic. Ltd. \u015eti.","description":"","potentialAction":[{"@type":"SearchAction","target":{"@type":"EntryPoint","urlTemplate":"https:\/\/dokerler.com\/?s={search_term_string}"},"query-input":{"@type":"PropertyValueSpecification","valueRequired":true,"valueName":"search_term_string"}}],"inLanguage":"tr"}]}},"_links":{"self":[{"href":"https:\/\/dokerler.com\/tr\/wp-json\/wp\/v2\/pages\/3329","targetHints":{"allow":["GET"]}}],"collection":[{"href":"https:\/\/dokerler.com\/tr\/wp-json\/wp\/v2\/pages"}],"about":[{"href":"https:\/\/dokerler.com\/tr\/wp-json\/wp\/v2\/types\/page"}],"author":[{"embeddable":true,"href":"https:\/\/dokerler.com\/tr\/wp-json\/wp\/v2\/users\/1"}],"replies":[{"embeddable":true,"href":"https:\/\/dokerler.com\/tr\/wp-json\/wp\/v2\/comments?post=3329"}],"version-history":[{"count":31,"href":"https:\/\/dokerler.com\/tr\/wp-json\/wp\/v2\/pages\/3329\/revisions"}],"predecessor-version":[{"id":5409,"href":"https:\/\/dokerler.com\/tr\/wp-json\/wp\/v2\/pages\/3329\/revisions\/5409"}],"wp:attachment":[{"href":"https:\/\/dokerler.com\/tr\/wp-json\/wp\/v2\/media?parent=3329"}],"curies":[{"name":"wp","href":"https:\/\/api.w.org\/{rel}","templated":true}]}}