{"id":3326,"date":"2024-02-06T09:21:51","date_gmt":"2024-02-06T09:21:51","guid":{"rendered":"https:\/\/dokerler.com\/teklif-al\/"},"modified":"2024-03-21T09:27:57","modified_gmt":"2024-03-21T09:27:57","slug":"teklif-al","status":"publish","type":"page","link":"https:\/\/dokerler.com\/tr\/teklif-al\/","title":{"rendered":"Teklif Al"},"content":{"rendered":"\t\t<div data-elementor-type=\"wp-page\" data-elementor-id=\"3326\" class=\"elementor elementor-3326\">\n\t\t\t\t\t\t<section class=\"elementor-section elementor-top-section elementor-element elementor-element-9ad4ab0 elementor-section-full_width elementor-section-height-default elementor-section-height-default\" data-id=\"9ad4ab0\" data-element_type=\"section\">\n\t\t\t\t\t\t<div class=\"elementor-container elementor-column-gap-default\">\n\t\t\t\t\t<div class=\"elementor-column elementor-col-100 elementor-top-column elementor-element elementor-element-1777117\" data-id=\"1777117\" data-element_type=\"column\">\n\t\t\t<div class=\"elementor-widget-wrap elementor-element-populated\">\n\t\t\t\t\t\t<div class=\"elementor-element elementor-element-855f2e1 elementor-widget elementor-widget-gva_post_breadcrumb\" data-id=\"855f2e1\" data-element_type=\"widget\" data-widget_type=\"gva_post_breadcrumb.default\">\n\t\t\t\t<div class=\"elementor-widget-container\">\n\t\t\t\t\t<div class=\"gva-element-gva_post_breadcrumb gva-element\">   \r\n<div class=\"post-breadcrumb\">\r\n   <div class=\"custom-breadcrumb \" >\r\n            <div class=\"breadcrumb-main\">\r\n        <div class=\"container\">\r\n          <div class=\"breadcrumb-container-inner\">\r\n            <h2 class=\"heading-title\">Teklif Al<\/h2><ol class=\"breadcrumb\"><li><a href=\"https:\/\/dokerler.com\/tr\/\">Home<\/a> <\/li> <li class=\"active\">Sayfa<\/li><\/ol>          <\/div>  \r\n        <\/div>   \r\n      <\/div>  \r\n   <\/div>\r\n<\/div>      \r\n\r\n<\/div>\t\t\t\t<\/div>\n\t\t\t\t<\/div>\n\t\t\t\t\t<\/div>\n\t\t<\/div>\n\t\t\t\t\t<\/div>\n\t\t<\/section>\n\t\t\t\t<section class=\"elementor-section elementor-top-section elementor-element elementor-element-16f69c0 elementor-section-boxed elementor-section-height-default elementor-section-height-default\" data-id=\"16f69c0\" data-element_type=\"section\">\n\t\t\t\t\t\t<div class=\"elementor-container elementor-column-gap-default\">\n\t\t\t\t\t<div class=\"elementor-column elementor-col-100 elementor-top-column elementor-element elementor-element-e8a334f\" data-id=\"e8a334f\" data-element_type=\"column\">\n\t\t\t<div class=\"elementor-widget-wrap elementor-element-populated\">\n\t\t\t\t\t\t<div class=\"elementor-element elementor-element-081132d elementor-widget elementor-widget-gva-heading-block\" data-id=\"081132d\" data-element_type=\"widget\" data-widget_type=\"gva-heading-block.default\">\n\t\t\t\t<div class=\"elementor-widget-container\">\n\t\t\t\t\t<div class=\"gva-element-gva-heading-block gva-element\">   <div class=\"align-center style-1 widget gsc-heading box-align-center auto-responsive\">\r\n      <div class=\"content-inner\">\r\n         \r\n                  \r\n         <div class=\"sub-title\"><span class=\"tagline\">H\u0131zl\u0131 Eri\u015fim<\/span><\/div>  \r\n         \r\n                     <h2 class=\"title\">\r\n               <span>Teklif al<\/span>\r\n            <\/h2>\r\n                  \r\n         \r\n         \r\n      <\/div>\r\n   <\/div>\r\n<\/div>\t\t\t\t<\/div>\n\t\t\t\t<\/div>\n\t\t\t\t<div class=\"elementor-element elementor-element-d184ba2 elementor-widget elementor-widget-shortcode\" data-id=\"d184ba2\" data-element_type=\"widget\" data-widget_type=\"shortcode.default\">\n\t\t\t\t<div class=\"elementor-widget-container\">\n\t\t\t\t\t\t\t<div class=\"elementor-shortcode\"><p class=\"wpcf7-contact-form-not-found\"><strong>Hata:<\/strong> \u0130leti\u015fim formu bulunamad\u0131.<\/p><\/div>\n\t\t\t\t\t\t<\/div>\n\t\t\t\t<\/div>\n\t\t\t\t\t<\/div>\n\t\t<\/div>\n\t\t\t\t\t<\/div>\n\t\t<\/section>\n\t\t\t\t<\/div>\n\t\t","protected":false},"excerpt":{"rendered":"<p>Teklif Al Home Page H\u0131zl\u0131 Eri\u015fim Teklif al<\/p>\n","protected":false},"author":1,"featured_media":0,"parent":0,"menu_order":0,"comment_status":"closed","ping_status":"closed","template":"","meta":{"footnotes":""},"class_list":["post-3326","page","type-page","status-publish","hentry"],"yoast_head":"<!-- This site is optimized with the Yoast SEO plugin v25.9 - https:\/\/yoast.com\/wordpress\/plugins\/seo\/ -->\n<title>Teklif Al - D\u00f6kerler D\u00f6k\u00fcm ve Plastik Polietilen San. \u0130th. \u0130hr. ve Tic. Ltd. \u015eti.<\/title>\n<meta name=\"robots\" content=\"index, follow, max-snippet:-1, max-image-preview:large, max-video-preview:-1\" \/>\n<link rel=\"canonical\" href=\"https:\/\/dokerler.com\/get-offer\/\" \/>\n<meta property=\"og:locale\" content=\"tr_TR\" \/>\n<meta property=\"og:type\" content=\"article\" \/>\n<meta property=\"og:title\" content=\"Teklif Al - D\u00f6kerler D\u00f6k\u00fcm ve Plastik Polietilen San. \u0130th. \u0130hr. ve Tic. Ltd. \u015eti.\" \/>\n<meta property=\"og:description\" content=\"Teklif Al Home Page H\u0131zl\u0131 Eri\u015fim Teklif al\" \/>\n<meta property=\"og:url\" content=\"https:\/\/dokerler.com\/get-offer\/\" \/>\n<meta property=\"og:site_name\" content=\"D\u00f6kerler D\u00f6k\u00fcm ve Plastik Polietilen San. \u0130th. \u0130hr. ve Tic. Ltd. \u015eti.\" \/>\n<meta property=\"article:modified_time\" content=\"2024-03-21T09:27:57+00:00\" \/>\n<meta name=\"twitter:card\" content=\"summary_large_image\" \/>\n<meta name=\"twitter:label1\" content=\"Tahmini okuma s\u00fcresi\" \/>\n\t<meta name=\"twitter:data1\" content=\"1 dakika\" \/>\n<script type=\"application\/ld+json\" class=\"yoast-schema-graph\">{\"@context\":\"https:\/\/schema.org\",\"@graph\":[{\"@type\":\"WebPage\",\"@id\":\"https:\/\/dokerler.com\/get-offer\/\",\"url\":\"https:\/\/dokerler.com\/get-offer\/\",\"name\":\"Teklif Al - D\u00f6kerler D\u00f6k\u00fcm ve Plastik Polietilen San. \u0130th. \u0130hr. ve Tic. Ltd. \u015eti.\",\"isPartOf\":{\"@id\":\"https:\/\/dokerler.com\/#website\"},\"datePublished\":\"2024-02-06T09:21:51+00:00\",\"dateModified\":\"2024-03-21T09:27:57+00:00\",\"breadcrumb\":{\"@id\":\"https:\/\/dokerler.com\/get-offer\/#breadcrumb\"},\"inLanguage\":\"tr\",\"potentialAction\":[{\"@type\":\"ReadAction\",\"target\":[\"https:\/\/dokerler.com\/get-offer\/\"]}]},{\"@type\":\"BreadcrumbList\",\"@id\":\"https:\/\/dokerler.com\/get-offer\/#breadcrumb\",\"itemListElement\":[{\"@type\":\"ListItem\",\"position\":1,\"name\":\"Home\",\"item\":\"https:\/\/dokerler.com\/\"},{\"@type\":\"ListItem\",\"position\":2,\"name\":\"Teklif Al\"}]},{\"@type\":\"WebSite\",\"@id\":\"https:\/\/dokerler.com\/#website\",\"url\":\"https:\/\/dokerler.com\/\",\"name\":\"D\u00f6kerler D\u00f6k\u00fcm ve Plastik Polietilen San. \u0130th. \u0130hr. ve Tic. Ltd. \u015eti.\",\"description\":\"\",\"potentialAction\":[{\"@type\":\"SearchAction\",\"target\":{\"@type\":\"EntryPoint\",\"urlTemplate\":\"https:\/\/dokerler.com\/?s={search_term_string}\"},\"query-input\":{\"@type\":\"PropertyValueSpecification\",\"valueRequired\":true,\"valueName\":\"search_term_string\"}}],\"inLanguage\":\"tr\"}]}<\/script>\n<!-- \/ Yoast SEO plugin. -->","yoast_head_json":{"title":"Teklif Al - D\u00f6kerler D\u00f6k\u00fcm ve Plastik Polietilen San. \u0130th. \u0130hr. ve Tic. Ltd. \u015eti.","robots":{"index":"index","follow":"follow","max-snippet":"max-snippet:-1","max-image-preview":"max-image-preview:large","max-video-preview":"max-video-preview:-1"},"canonical":"https:\/\/dokerler.com\/get-offer\/","og_locale":"tr_TR","og_type":"article","og_title":"Teklif Al - D\u00f6kerler D\u00f6k\u00fcm ve Plastik Polietilen San. \u0130th. \u0130hr. ve Tic. Ltd. \u015eti.","og_description":"Teklif Al Home Page H\u0131zl\u0131 Eri\u015fim Teklif al","og_url":"https:\/\/dokerler.com\/get-offer\/","og_site_name":"D\u00f6kerler D\u00f6k\u00fcm ve Plastik Polietilen San. \u0130th. \u0130hr. ve Tic. Ltd. \u015eti.","article_modified_time":"2024-03-21T09:27:57+00:00","twitter_card":"summary_large_image","twitter_misc":{"Tahmini okuma s\u00fcresi":"1 dakika"},"schema":{"@context":"https:\/\/schema.org","@graph":[{"@type":"WebPage","@id":"https:\/\/dokerler.com\/get-offer\/","url":"https:\/\/dokerler.com\/get-offer\/","name":"Teklif Al - D\u00f6kerler D\u00f6k\u00fcm ve Plastik Polietilen San. \u0130th. \u0130hr. ve Tic. Ltd. \u015eti.","isPartOf":{"@id":"https:\/\/dokerler.com\/#website"},"datePublished":"2024-02-06T09:21:51+00:00","dateModified":"2024-03-21T09:27:57+00:00","breadcrumb":{"@id":"https:\/\/dokerler.com\/get-offer\/#breadcrumb"},"inLanguage":"tr","potentialAction":[{"@type":"ReadAction","target":["https:\/\/dokerler.com\/get-offer\/"]}]},{"@type":"BreadcrumbList","@id":"https:\/\/dokerler.com\/get-offer\/#breadcrumb","itemListElement":[{"@type":"ListItem","position":1,"name":"Home","item":"https:\/\/dokerler.com\/"},{"@type":"ListItem","position":2,"name":"Teklif Al"}]},{"@type":"WebSite","@id":"https:\/\/dokerler.com\/#website","url":"https:\/\/dokerler.com\/","name":"D\u00f6kerler D\u00f6k\u00fcm ve Plastik Polietilen San. \u0130th. \u0130hr. ve Tic. Ltd. \u015eti.","description":"","potentialAction":[{"@type":"SearchAction","target":{"@type":"EntryPoint","urlTemplate":"https:\/\/dokerler.com\/?s={search_term_string}"},"query-input":{"@type":"PropertyValueSpecification","valueRequired":true,"valueName":"search_term_string"}}],"inLanguage":"tr"}]}},"_links":{"self":[{"href":"https:\/\/dokerler.com\/tr\/wp-json\/wp\/v2\/pages\/3326","targetHints":{"allow":["GET"]}}],"collection":[{"href":"https:\/\/dokerler.com\/tr\/wp-json\/wp\/v2\/pages"}],"about":[{"href":"https:\/\/dokerler.com\/tr\/wp-json\/wp\/v2\/types\/page"}],"author":[{"embeddable":true,"href":"https:\/\/dokerler.com\/tr\/wp-json\/wp\/v2\/users\/1"}],"replies":[{"embeddable":true,"href":"https:\/\/dokerler.com\/tr\/wp-json\/wp\/v2\/comments?post=3326"}],"version-history":[{"count":8,"href":"https:\/\/dokerler.com\/tr\/wp-json\/wp\/v2\/pages\/3326\/revisions"}],"predecessor-version":[{"id":5650,"href":"https:\/\/dokerler.com\/tr\/wp-json\/wp\/v2\/pages\/3326\/revisions\/5650"}],"wp:attachment":[{"href":"https:\/\/dokerler.com\/tr\/wp-json\/wp\/v2\/media?parent=3326"}],"curies":[{"name":"wp","href":"https:\/\/api.w.org\/{rel}","templated":true}]}}