{"id":3311,"date":"2024-02-06T09:56:30","date_gmt":"2024-02-06T09:56:30","guid":{"rendered":"https:\/\/dokerler.com\/hdpe-ef-reduktor\/"},"modified":"2025-06-12T10:53:19","modified_gmt":"2025-06-12T10:53:19","slug":"pe100-ef-reduksiyon","status":"publish","type":"page","link":"https:\/\/dokerler.com\/tr\/urunler\/elektrofuzyon\/pe100-ef-reduksiyon\/","title":{"rendered":"PE100-EF Red\u00fcksiyon"},"content":{"rendered":"\t\t<div data-elementor-type=\"wp-page\" data-elementor-id=\"3311\" class=\"elementor elementor-3311\">\n\t\t\t\t\t\t<section class=\"elementor-section elementor-top-section elementor-element elementor-element-9ad4ab0 elementor-section-full_width elementor-section-height-default elementor-section-height-default\" data-id=\"9ad4ab0\" data-element_type=\"section\">\n\t\t\t\t\t\t<div class=\"elementor-container elementor-column-gap-default\">\n\t\t\t\t\t<div class=\"elementor-column elementor-col-100 elementor-top-column elementor-element elementor-element-1777117\" data-id=\"1777117\" data-element_type=\"column\">\n\t\t\t<div class=\"elementor-widget-wrap elementor-element-populated\">\n\t\t\t\t\t\t<div class=\"elementor-element elementor-element-855f2e1 elementor-widget elementor-widget-gva_post_breadcrumb\" data-id=\"855f2e1\" data-element_type=\"widget\" data-widget_type=\"gva_post_breadcrumb.default\">\n\t\t\t\t<div class=\"elementor-widget-container\">\n\t\t\t\t\t<div class=\"gva-element-gva_post_breadcrumb gva-element\">   \r\n<div class=\"post-breadcrumb\">\r\n   <div class=\"custom-breadcrumb \" >\r\n            <div class=\"breadcrumb-main\">\r\n        <div class=\"container\">\r\n          <div class=\"breadcrumb-container-inner\">\r\n            <h2 class=\"heading-title\">PE100-EF Red\u00fcksiyon<\/h2><ol class=\"breadcrumb\"><li><a href=\"https:\/\/dokerler.com\/tr\/\">Home<\/a> <\/li> <li class=\"active\">Sayfa<\/li><\/ol>          <\/div>  \r\n        <\/div>   \r\n      <\/div>  \r\n   <\/div>\r\n<\/div>      \r\n\r\n<\/div>\t\t\t\t<\/div>\n\t\t\t\t<\/div>\n\t\t\t\t\t<\/div>\n\t\t<\/div>\n\t\t\t\t\t<\/div>\n\t\t<\/section>\n\t\t\t\t<section class=\"elementor-section elementor-top-section elementor-element elementor-element-a6c6e99 elementor-section-boxed elementor-section-height-default elementor-section-height-default\" data-id=\"a6c6e99\" data-element_type=\"section\">\n\t\t\t\t\t\t<div class=\"elementor-container elementor-column-gap-default\">\n\t\t\t\t\t<div class=\"elementor-column elementor-col-100 elementor-top-column elementor-element elementor-element-7f71a7e\" data-id=\"7f71a7e\" data-element_type=\"column\">\n\t\t\t<div class=\"elementor-widget-wrap elementor-element-populated\">\n\t\t\t\t\t\t<div class=\"elementor-element elementor-element-eec6306 elementor-widget elementor-widget-gva-heading-block\" data-id=\"eec6306\" data-element_type=\"widget\" data-widget_type=\"gva-heading-block.default\">\n\t\t\t\t<div class=\"elementor-widget-container\">\n\t\t\t\t\t<div class=\"gva-element-gva-heading-block gva-element\">   <div class=\"align-left style-1 widget gsc-heading box-align-left auto-responsive\">\r\n      <div class=\"content-inner\">\r\n         \r\n                  \r\n         <div class=\"sub-title\"><span class=\"tagline\">Elektrof\u00fczyon<\/span><\/div>  \r\n         \r\n                     <h2 class=\"title\">\r\n               <span>PE100-EF Red\u00fcksiyon<\/span>\r\n            <\/h2>\r\n                  \r\n         \r\n         \r\n      <\/div>\r\n   <\/div>\r\n<\/div>\t\t\t\t<\/div>\n\t\t\t\t<\/div>\n\t\t\t\t<div class=\"elementor-element elementor-element-c321fa2 elementor-widget elementor-widget-gva-gallery\" data-id=\"c321fa2\" data-element_type=\"widget\" data-widget_type=\"gva-gallery.default\">\n\t\t\t\t<div class=\"elementor-widget-container\">\n\t\t\t\t\t<div class=\"gva-element-gva-gallery gva-element\">  \r\n  \t<div class=\"gva-gallery-grid clearfix\">\r\n\t\t<div class=\"gva-content-items\"> \r\n\t\t  \t<div class=\"lg-block-grid-3 md-block-grid-3 sm-block-grid-2 xs-block-grid-1 xx-block-grid-1\">\r\n\t\t\t \t<div class=\"item\">\r\n<div class=\"gallery-item style-1\">\r\n         <div class=\"image\">\r\n         <img decoding=\"async\" src=\"https:\/\/dokerler.com\/wp-content\/uploads\/2024\/02\/ef-reduksiyon-580x600.jpeg\" alt=\"\" \/>  \r\n      <\/div>\r\n      <a class=\"photo-gallery\" href=\"https:\/\/dokerler.com\/wp-content\/uploads\/2024\/02\/ef-reduksiyon.jpeg\" data-elementor-lightbox-slideshow=\"gallery-2xqm\" aria-label=\"gallery\"><i class=\"fas fa-expand\"><\/i><\/a>\r\n   \r\n   <div class=\"image-content\">\r\n      <div class=\"content-inner\">\r\n                        <\/div>   \r\n   <\/div>\r\n<\/div>\r\n<\/div><div class=\"item\">\r\n<div class=\"gallery-item style-1\">\r\n         <div class=\"image\">\r\n         <img decoding=\"async\" src=\"https:\/\/dokerler.com\/wp-content\/uploads\/2024\/02\/EF-MANSON-1-580x652.jpeg\" alt=\"\" \/>  \r\n      <\/div>\r\n      <a class=\"photo-gallery\" href=\"https:\/\/dokerler.com\/wp-content\/uploads\/2024\/02\/EF-MANSON-1.jpeg\" data-elementor-lightbox-slideshow=\"gallery-2xqm\" aria-label=\"gallery\"><i class=\"fas fa-expand\"><\/i><\/a>\r\n   \r\n   <div class=\"image-content\">\r\n      <div class=\"content-inner\">\r\n                        <\/div>   \r\n   <\/div>\r\n<\/div>\r\n<\/div>\t\t  \t<\/div>\r\n\t\t<\/div>\r\n  \t<\/div>\r\n<\/div>\t\t\t\t<\/div>\n\t\t\t\t<\/div>\n\t\t\t\t<div class=\"elementor-element elementor-element-8fcfb56 elementor-widget elementor-widget-text-editor\" data-id=\"8fcfb56\" data-element_type=\"widget\" data-widget_type=\"text-editor.default\">\n\t\t\t\t<div class=\"elementor-widget-container\">\n\t\t\t\t\t\t\t\t\t<h3 class=\"table-title\">PE100 SDR11-SDR17<\/h3>\n<p class=\"MsoNormal\">EF Red\u00fcksiyonlar, g\u00fcvenli kurulum ve s\u0131v\u0131 veya gaz\ntransferinin anahtar\u0131d\u0131r. Farkl\u0131 \u00e7aplardaki PE100 veya PE80 borular\u0131n\nbirle\u015ftirilmesine imkan vererek sistemin ihtiyaca g\u00f6re b\u00fcy\u00fcy\u00fcp k\u00fc\u00e7\u00fclmesine\nolanak sa\u011flar. Elektrof\u00fczyon kaynak y\u00f6ntemiyle EF Red\u00fcksiyonun i\u00e7indeki\nrezistanslara ak\u0131m uygulanarak olu\u015fan \u0131s\u0131, farkl\u0131 \u00e7aplardaki borular\u0131n eriyip\nbirbirine yap\u0131\u015fmas\u0131n\u0131 sa\u011flar.<o:p><\/o:p><\/p>\t\t\t\t\t\t\t\t<\/div>\n\t\t\t\t<\/div>\n\t\t\t\t<div class=\"elementor-element elementor-element-72bccb6 elementor-widget elementor-widget-html\" data-id=\"72bccb6\" data-element_type=\"widget\" data-widget_type=\"html.default\">\n\t\t\t\t<div class=\"elementor-widget-container\">\n\t\t\t\t\t\n          <a class=\"btn-theme\" href=\"https:\/\/dokerler.com\/tr\/teklif-al\/\">\n TEKL\u0130F AL\n<\/a>\n        \t\t\t\t<\/div>\n\t\t\t\t<\/div>\n\t\t\t\t<div class=\"elementor-element elementor-element-b72f8c8 elementor-widget elementor-widget-text-editor\" data-id=\"b72f8c8\" data-element_type=\"widget\" data-widget_type=\"text-editor.default\">\n\t\t\t\t<div class=\"elementor-widget-container\">\n\t\t\t\t\t\t\t\t\t<table class=\"table table-striped\" border=\"0\" width=\"384\" cellspacing=\"0\" cellpadding=\"0\"><tbody><tr><td class=\"xl68\" width=\"64\" height=\"77\"><strong>d1\/d2<\/strong><\/td><td class=\"xl64\" width=\"64\"><strong>\u00a0bas\u0131n\u00e7 (bar)<\/strong><\/td><td class=\"xl65\" width=\"64\"><strong>kg<\/strong><\/td><td class=\"xl63\" width=\"64\"><strong>L (mm)<\/strong><\/td><td class=\"xl63\" width=\"64\"><strong>L1 (mm)<\/strong><\/td><td class=\"xl69\" width=\"64\"><strong>L2 (mm)<\/strong><\/td><\/tr><tr><td class=\"xl70\" height=\"19\">25\/20<\/td><td class=\"xl66\">pn16<\/td><td class=\"xl67\">0,035<\/td><td class=\"xl67\">77<\/td><td class=\"xl67\">38<\/td><td class=\"xl71\">36<\/td><\/tr><tr><td class=\"xl70\" height=\"19\">32\/20<\/td><td class=\"xl66\">pn16<\/td><td class=\"xl67\">0,048<\/td><td class=\"xl67\">77<\/td><td class=\"xl67\">40<\/td><td class=\"xl71\">36<\/td><\/tr><tr><td class=\"xl70\" height=\"19\">32\/25<\/td><td class=\"xl66\">pn16<\/td><td class=\"xl67\">0,052<\/td><td class=\"xl67\">77<\/td><td class=\"xl67\">39<\/td><td class=\"xl71\">37<\/td><\/tr><tr><td class=\"xl70\" height=\"19\">40\/32<\/td><td class=\"xl66\">pn16<\/td><td class=\"xl67\">0,104<\/td><td class=\"xl67\">84<\/td><td class=\"xl67\">46<\/td><td class=\"xl71\">43<\/td><\/tr><tr><td class=\"xl70\" height=\"19\">50\/32<\/td><td class=\"xl66\">pn16<\/td><td class=\"xl67\">0,087<\/td><td class=\"xl67\">91<\/td><td class=\"xl67\">46<\/td><td class=\"xl71\">40<\/td><\/tr><tr><td class=\"xl70\" height=\"19\">50\/40<\/td><td class=\"xl66\">pn16<\/td><td class=\"xl67\">0,092<\/td><td class=\"xl67\">91<\/td><td class=\"xl67\">46<\/td><td class=\"xl71\">42<\/td><\/tr><tr><td class=\"xl70\" height=\"19\">63\/32<\/td><td class=\"xl66\">pn16<\/td><td class=\"xl67\">0,13<\/td><td class=\"xl67\">102<\/td><td class=\"xl67\">52<\/td><td class=\"xl71\">44<\/td><\/tr><tr><td class=\"xl70\" height=\"19\">63\/40<\/td><td class=\"xl66\">pn16<\/td><td class=\"xl67\">0,103<\/td><td class=\"xl67\">102<\/td><td class=\"xl67\">52<\/td><td class=\"xl71\">45<\/td><\/tr><tr><td class=\"xl70\" height=\"19\">63\/50<\/td><td class=\"xl66\">pn16<\/td><td class=\"xl67\">0,138<\/td><td class=\"xl67\">102<\/td><td class=\"xl67\">52<\/td><td class=\"xl71\">48<\/td><\/tr><tr><td class=\"xl70\" height=\"19\"><a href=\"https:\/\/dokerler.com\/wp-content\/uploads\/2025\/06\/75X63-EF-REDUCER.pdf\">75\/63<\/a><\/td><td class=\"xl66\">pn16<\/td><td class=\"xl67\">0,325<\/td><td class=\"xl67\">134,6<\/td><td class=\"xl67\">63<\/td><td class=\"xl71\">53,8<\/td><\/tr><tr><td class=\"xl70\" height=\"19\"><a href=\"https:\/\/dokerler.com\/wp-content\/uploads\/2025\/06\/90X63-EF-REDUCER.pdf\">90\/63<\/a><\/td><td class=\"xl66\">pn16<\/td><td class=\"xl67\">0,3<\/td><td class=\"xl67\">123<\/td><td class=\"xl67\">62<\/td><td class=\"xl71\">55<\/td><\/tr><tr><td class=\"xl70\" height=\"19\"><a href=\"https:\/\/dokerler.com\/wp-content\/uploads\/2025\/06\/90X75-EF-REDUCER.pdf\">90\/75<\/a><\/td><td class=\"xl66\">pn16<\/td><td class=\"xl67\">0,509<\/td><td class=\"xl67\">156,4<\/td><td class=\"xl67\">61,9<\/td><td class=\"xl71\">63,8<\/td><\/tr><tr><td class=\"xl70\" height=\"19\"><a href=\"https:\/\/dokerler.com\/wp-content\/uploads\/2025\/06\/110X63-EF-REDUCER.pdf\">110\/63<\/a><\/td><td class=\"xl66\">pn16<\/td><td class=\"xl67\">0,54<\/td><td class=\"xl67\">158<\/td><td class=\"xl67\">71<\/td><td class=\"xl71\">53<\/td><\/tr><tr><td class=\"xl70\" height=\"19\"><a href=\"https:\/\/dokerler.com\/wp-content\/uploads\/2025\/06\/110X75-EF-REDUCER.pdf\">110\/75<\/a><\/td><td class=\"xl66\">pn16<\/td><td class=\"xl67\">0,7<\/td><td class=\"xl67\">167,8<\/td><td class=\"xl67\">75,7<\/td><td class=\"xl71\">63,7<\/td><\/tr><tr><td class=\"xl70\" height=\"19\"><a href=\"https:\/\/dokerler.com\/wp-content\/uploads\/2025\/06\/110X90-EF-REDUCER.pdf\">110\/90<\/a><\/td><td class=\"xl66\">pn16<\/td><td class=\"xl67\">0,535<\/td><td class=\"xl67\">138<\/td><td class=\"xl67\">71<\/td><td class=\"xl71\">63<\/td><\/tr><tr><td class=\"xl70\" height=\"19\">125\/90<\/td><td class=\"xl66\">pn16<\/td><td class=\"xl67\">0,7<\/td><td class=\"xl67\">145<\/td><td class=\"xl67\">75<\/td><td class=\"xl71\">62<\/td><\/tr><tr><td class=\"xl72\" height=\"20\">180\/125<\/td><td class=\"xl73\">pn16<\/td><td class=\"xl74\">2,09<\/td><td class=\"xl74\">221<\/td><td class=\"xl74\">115<\/td><td class=\"xl75\">90<\/td><\/tr><\/tbody><\/table>\t\t\t\t\t\t\t\t<\/div>\n\t\t\t\t<\/div>\n\t\t\t\t\t<\/div>\n\t\t<\/div>\n\t\t\t\t\t<\/div>\n\t\t<\/section>\n\t\t\t\t<\/div>\n\t\t","protected":false},"excerpt":{"rendered":"<p>PE100-EF Red\u00fcksiyon Home Page Elektrof\u00fczyon PE100-EF Red\u00fcksiyon PE100 SDR11-SDR17 EF Red\u00fcksiyonlar, g\u00fcvenli kurulum ve s\u0131v\u0131 veya gaz transferinin anahtar\u0131d\u0131r. Farkl\u0131 \u00e7aplardaki PE100 veya PE80 borular\u0131n birle\u015ftirilmesine imkan vererek sistemin ihtiyaca g\u00f6re b\u00fcy\u00fcy\u00fcp k\u00fc\u00e7\u00fclmesine olanak sa\u011flar. Elektrof\u00fczyon kaynak y\u00f6ntemiyle EF Red\u00fcksiyonun i\u00e7indeki rezistanslara ak\u0131m uygulanarak olu\u015fan \u0131s\u0131, farkl\u0131 \u00e7aplardaki borular\u0131n eriyip birbirine yap\u0131\u015fmas\u0131n\u0131 sa\u011flar. TEKL\u0130F AL [&hellip;]<\/p>\n","protected":false},"author":1,"featured_media":0,"parent":3338,"menu_order":0,"comment_status":"closed","ping_status":"closed","template":"","meta":{"footnotes":""},"class_list":["post-3311","page","type-page","status-publish","hentry"],"yoast_head":"<!-- This site is optimized with the Yoast SEO plugin v25.9 - https:\/\/yoast.com\/wordpress\/plugins\/seo\/ -->\n<title>PE100-EF Red\u00fcksiyon - D\u00f6kerler D\u00f6k\u00fcm ve Plastik Polietilen San. \u0130th. \u0130hr. ve Tic. Ltd. \u015eti.<\/title>\n<meta name=\"robots\" content=\"index, follow, max-snippet:-1, max-image-preview:large, max-video-preview:-1\" \/>\n<link rel=\"canonical\" href=\"https:\/\/dokerler.com\/products\/electrofusion\/electrofusion-reducer\/\" \/>\n<meta property=\"og:locale\" content=\"tr_TR\" \/>\n<meta property=\"og:type\" content=\"article\" \/>\n<meta property=\"og:title\" content=\"PE100-EF Red\u00fcksiyon - D\u00f6kerler D\u00f6k\u00fcm ve Plastik Polietilen San. \u0130th. \u0130hr. ve Tic. Ltd. \u015eti.\" \/>\n<meta property=\"og:description\" content=\"PE100-EF Red\u00fcksiyon Home Page Elektrof\u00fczyon PE100-EF Red\u00fcksiyon PE100 SDR11-SDR17 EF Red\u00fcksiyonlar, g\u00fcvenli kurulum ve s\u0131v\u0131 veya gaz transferinin anahtar\u0131d\u0131r. Farkl\u0131 \u00e7aplardaki PE100 veya PE80 borular\u0131n birle\u015ftirilmesine imkan vererek sistemin ihtiyaca g\u00f6re b\u00fcy\u00fcy\u00fcp k\u00fc\u00e7\u00fclmesine olanak sa\u011flar. Elektrof\u00fczyon kaynak y\u00f6ntemiyle EF Red\u00fcksiyonun i\u00e7indeki rezistanslara ak\u0131m uygulanarak olu\u015fan \u0131s\u0131, farkl\u0131 \u00e7aplardaki borular\u0131n eriyip birbirine yap\u0131\u015fmas\u0131n\u0131 sa\u011flar. TEKL\u0130F AL [&hellip;]\" \/>\n<meta property=\"og:url\" content=\"https:\/\/dokerler.com\/products\/electrofusion\/electrofusion-reducer\/\" \/>\n<meta property=\"og:site_name\" content=\"D\u00f6kerler D\u00f6k\u00fcm ve Plastik Polietilen San. \u0130th. \u0130hr. ve Tic. Ltd. \u015eti.\" \/>\n<meta property=\"article:modified_time\" content=\"2025-06-12T10:53:19+00:00\" \/>\n<meta property=\"og:image\" content=\"https:\/\/dokerler.com\/wp-content\/uploads\/2024\/02\/ef-reduksiyon-580x600.jpeg\" \/>\n<meta name=\"twitter:card\" content=\"summary_large_image\" \/>\n<meta name=\"twitter:label1\" content=\"Tahmini okuma s\u00fcresi\" \/>\n\t<meta name=\"twitter:data1\" content=\"2 dakika\" \/>\n<script type=\"application\/ld+json\" class=\"yoast-schema-graph\">{\"@context\":\"https:\/\/schema.org\",\"@graph\":[{\"@type\":\"WebPage\",\"@id\":\"https:\/\/dokerler.com\/products\/electrofusion\/electrofusion-reducer\/\",\"url\":\"https:\/\/dokerler.com\/products\/electrofusion\/electrofusion-reducer\/\",\"name\":\"PE100-EF Red\u00fcksiyon - D\u00f6kerler D\u00f6k\u00fcm ve Plastik Polietilen San. \u0130th. \u0130hr. ve Tic. Ltd. \u015eti.\",\"isPartOf\":{\"@id\":\"https:\/\/dokerler.com\/#website\"},\"primaryImageOfPage\":{\"@id\":\"https:\/\/dokerler.com\/products\/electrofusion\/electrofusion-reducer\/#primaryimage\"},\"image\":{\"@id\":\"https:\/\/dokerler.com\/products\/electrofusion\/electrofusion-reducer\/#primaryimage\"},\"thumbnailUrl\":\"https:\/\/dokerler.com\/wp-content\/uploads\/2024\/02\/ef-reduksiyon-580x600.jpeg\",\"datePublished\":\"2024-02-06T09:56:30+00:00\",\"dateModified\":\"2025-06-12T10:53:19+00:00\",\"breadcrumb\":{\"@id\":\"https:\/\/dokerler.com\/products\/electrofusion\/electrofusion-reducer\/#breadcrumb\"},\"inLanguage\":\"tr\",\"potentialAction\":[{\"@type\":\"ReadAction\",\"target\":[\"https:\/\/dokerler.com\/products\/electrofusion\/electrofusion-reducer\/\"]}]},{\"@type\":\"ImageObject\",\"inLanguage\":\"tr\",\"@id\":\"https:\/\/dokerler.com\/products\/electrofusion\/electrofusion-reducer\/#primaryimage\",\"url\":\"https:\/\/dokerler.com\/wp-content\/uploads\/2024\/02\/ef-reduksiyon-580x600.jpeg\",\"contentUrl\":\"https:\/\/dokerler.com\/wp-content\/uploads\/2024\/02\/ef-reduksiyon-580x600.jpeg\"},{\"@type\":\"BreadcrumbList\",\"@id\":\"https:\/\/dokerler.com\/products\/electrofusion\/electrofusion-reducer\/#breadcrumb\",\"itemListElement\":[{\"@type\":\"ListItem\",\"position\":1,\"name\":\"Home\",\"item\":\"https:\/\/dokerler.com\/\"},{\"@type\":\"ListItem\",\"position\":2,\"name\":\"\u00dcr\u00fcnler\",\"item\":\"https:\/\/dokerler.com\/ru\/proizvodstvo\/\"},{\"@type\":\"ListItem\",\"position\":3,\"name\":\"Elektrof\u00fczyon\",\"item\":\"https:\/\/dokerler.com\/ru\/proizvodstvo\/elektromufta\/\"},{\"@type\":\"ListItem\",\"position\":4,\"name\":\"PE100-EF Red\u00fcksiyon\"}]},{\"@type\":\"WebSite\",\"@id\":\"https:\/\/dokerler.com\/#website\",\"url\":\"https:\/\/dokerler.com\/\",\"name\":\"D\u00f6kerler D\u00f6k\u00fcm ve Plastik Polietilen San. \u0130th. \u0130hr. ve Tic. Ltd. \u015eti.\",\"description\":\"\",\"potentialAction\":[{\"@type\":\"SearchAction\",\"target\":{\"@type\":\"EntryPoint\",\"urlTemplate\":\"https:\/\/dokerler.com\/?s={search_term_string}\"},\"query-input\":{\"@type\":\"PropertyValueSpecification\",\"valueRequired\":true,\"valueName\":\"search_term_string\"}}],\"inLanguage\":\"tr\"}]}<\/script>\n<!-- \/ Yoast SEO plugin. -->","yoast_head_json":{"title":"PE100-EF Red\u00fcksiyon - D\u00f6kerler D\u00f6k\u00fcm ve Plastik Polietilen San. \u0130th. \u0130hr. ve Tic. Ltd. \u015eti.","robots":{"index":"index","follow":"follow","max-snippet":"max-snippet:-1","max-image-preview":"max-image-preview:large","max-video-preview":"max-video-preview:-1"},"canonical":"https:\/\/dokerler.com\/products\/electrofusion\/electrofusion-reducer\/","og_locale":"tr_TR","og_type":"article","og_title":"PE100-EF Red\u00fcksiyon - D\u00f6kerler D\u00f6k\u00fcm ve Plastik Polietilen San. \u0130th. \u0130hr. ve Tic. Ltd. \u015eti.","og_description":"PE100-EF Red\u00fcksiyon Home Page Elektrof\u00fczyon PE100-EF Red\u00fcksiyon PE100 SDR11-SDR17 EF Red\u00fcksiyonlar, g\u00fcvenli kurulum ve s\u0131v\u0131 veya gaz transferinin anahtar\u0131d\u0131r. Farkl\u0131 \u00e7aplardaki PE100 veya PE80 borular\u0131n birle\u015ftirilmesine imkan vererek sistemin ihtiyaca g\u00f6re b\u00fcy\u00fcy\u00fcp k\u00fc\u00e7\u00fclmesine olanak sa\u011flar. Elektrof\u00fczyon kaynak y\u00f6ntemiyle EF Red\u00fcksiyonun i\u00e7indeki rezistanslara ak\u0131m uygulanarak olu\u015fan \u0131s\u0131, farkl\u0131 \u00e7aplardaki borular\u0131n eriyip birbirine yap\u0131\u015fmas\u0131n\u0131 sa\u011flar. TEKL\u0130F AL [&hellip;]","og_url":"https:\/\/dokerler.com\/products\/electrofusion\/electrofusion-reducer\/","og_site_name":"D\u00f6kerler D\u00f6k\u00fcm ve Plastik Polietilen San. \u0130th. \u0130hr. ve Tic. Ltd. \u015eti.","article_modified_time":"2025-06-12T10:53:19+00:00","og_image":[{"url":"https:\/\/dokerler.com\/wp-content\/uploads\/2024\/02\/ef-reduksiyon-580x600.jpeg","type":"","width":"","height":""}],"twitter_card":"summary_large_image","twitter_misc":{"Tahmini okuma s\u00fcresi":"2 dakika"},"schema":{"@context":"https:\/\/schema.org","@graph":[{"@type":"WebPage","@id":"https:\/\/dokerler.com\/products\/electrofusion\/electrofusion-reducer\/","url":"https:\/\/dokerler.com\/products\/electrofusion\/electrofusion-reducer\/","name":"PE100-EF Red\u00fcksiyon - D\u00f6kerler D\u00f6k\u00fcm ve Plastik Polietilen San. \u0130th. \u0130hr. ve Tic. Ltd. \u015eti.","isPartOf":{"@id":"https:\/\/dokerler.com\/#website"},"primaryImageOfPage":{"@id":"https:\/\/dokerler.com\/products\/electrofusion\/electrofusion-reducer\/#primaryimage"},"image":{"@id":"https:\/\/dokerler.com\/products\/electrofusion\/electrofusion-reducer\/#primaryimage"},"thumbnailUrl":"https:\/\/dokerler.com\/wp-content\/uploads\/2024\/02\/ef-reduksiyon-580x600.jpeg","datePublished":"2024-02-06T09:56:30+00:00","dateModified":"2025-06-12T10:53:19+00:00","breadcrumb":{"@id":"https:\/\/dokerler.com\/products\/electrofusion\/electrofusion-reducer\/#breadcrumb"},"inLanguage":"tr","potentialAction":[{"@type":"ReadAction","target":["https:\/\/dokerler.com\/products\/electrofusion\/electrofusion-reducer\/"]}]},{"@type":"ImageObject","inLanguage":"tr","@id":"https:\/\/dokerler.com\/products\/electrofusion\/electrofusion-reducer\/#primaryimage","url":"https:\/\/dokerler.com\/wp-content\/uploads\/2024\/02\/ef-reduksiyon-580x600.jpeg","contentUrl":"https:\/\/dokerler.com\/wp-content\/uploads\/2024\/02\/ef-reduksiyon-580x600.jpeg"},{"@type":"BreadcrumbList","@id":"https:\/\/dokerler.com\/products\/electrofusion\/electrofusion-reducer\/#breadcrumb","itemListElement":[{"@type":"ListItem","position":1,"name":"Home","item":"https:\/\/dokerler.com\/"},{"@type":"ListItem","position":2,"name":"\u00dcr\u00fcnler","item":"https:\/\/dokerler.com\/ru\/proizvodstvo\/"},{"@type":"ListItem","position":3,"name":"Elektrof\u00fczyon","item":"https:\/\/dokerler.com\/ru\/proizvodstvo\/elektromufta\/"},{"@type":"ListItem","position":4,"name":"PE100-EF Red\u00fcksiyon"}]},{"@type":"WebSite","@id":"https:\/\/dokerler.com\/#website","url":"https:\/\/dokerler.com\/","name":"D\u00f6kerler D\u00f6k\u00fcm ve Plastik Polietilen San. \u0130th. \u0130hr. ve Tic. Ltd. \u015eti.","description":"","potentialAction":[{"@type":"SearchAction","target":{"@type":"EntryPoint","urlTemplate":"https:\/\/dokerler.com\/?s={search_term_string}"},"query-input":{"@type":"PropertyValueSpecification","valueRequired":true,"valueName":"search_term_string"}}],"inLanguage":"tr"}]}},"_links":{"self":[{"href":"https:\/\/dokerler.com\/tr\/wp-json\/wp\/v2\/pages\/3311","targetHints":{"allow":["GET"]}}],"collection":[{"href":"https:\/\/dokerler.com\/tr\/wp-json\/wp\/v2\/pages"}],"about":[{"href":"https:\/\/dokerler.com\/tr\/wp-json\/wp\/v2\/types\/page"}],"author":[{"embeddable":true,"href":"https:\/\/dokerler.com\/tr\/wp-json\/wp\/v2\/users\/1"}],"replies":[{"embeddable":true,"href":"https:\/\/dokerler.com\/tr\/wp-json\/wp\/v2\/comments?post=3311"}],"version-history":[{"count":24,"href":"https:\/\/dokerler.com\/tr\/wp-json\/wp\/v2\/pages\/3311\/revisions"}],"predecessor-version":[{"id":6413,"href":"https:\/\/dokerler.com\/tr\/wp-json\/wp\/v2\/pages\/3311\/revisions\/6413"}],"up":[{"embeddable":true,"href":"https:\/\/dokerler.com\/tr\/wp-json\/wp\/v2\/pages\/3338"}],"wp:attachment":[{"href":"https:\/\/dokerler.com\/tr\/wp-json\/wp\/v2\/media?parent=3311"}],"curies":[{"name":"wp","href":"https:\/\/api.w.org\/{rel}","templated":true}]}}