{"id":3293,"date":"2024-02-06T09:59:43","date_gmt":"2024-02-06T09:59:43","guid":{"rendered":"https:\/\/dokerler.com\/hdpe-ef-uc-kapagi\/"},"modified":"2024-03-27T13:22:42","modified_gmt":"2024-03-27T13:22:42","slug":"pe100-ef-kep","status":"publish","type":"page","link":"https:\/\/dokerler.com\/tr\/urunler\/elektrofuzyon\/pe100-ef-kep\/","title":{"rendered":"PE100-EF Kep"},"content":{"rendered":"\t\t<div data-elementor-type=\"wp-page\" data-elementor-id=\"3293\" class=\"elementor elementor-3293\">\n\t\t\t\t\t\t<section class=\"elementor-section elementor-top-section elementor-element elementor-element-9ad4ab0 elementor-section-full_width elementor-section-height-default elementor-section-height-default\" data-id=\"9ad4ab0\" data-element_type=\"section\">\n\t\t\t\t\t\t<div class=\"elementor-container elementor-column-gap-default\">\n\t\t\t\t\t<div class=\"elementor-column elementor-col-100 elementor-top-column elementor-element elementor-element-1777117\" data-id=\"1777117\" data-element_type=\"column\">\n\t\t\t<div class=\"elementor-widget-wrap elementor-element-populated\">\n\t\t\t\t\t\t<div class=\"elementor-element elementor-element-855f2e1 elementor-widget elementor-widget-gva_post_breadcrumb\" data-id=\"855f2e1\" data-element_type=\"widget\" data-widget_type=\"gva_post_breadcrumb.default\">\n\t\t\t\t<div class=\"elementor-widget-container\">\n\t\t\t\t\t<div class=\"gva-element-gva_post_breadcrumb gva-element\">   \r\n<div class=\"post-breadcrumb\">\r\n   <div class=\"custom-breadcrumb \" >\r\n            <div class=\"breadcrumb-main\">\r\n        <div class=\"container\">\r\n          <div class=\"breadcrumb-container-inner\">\r\n            <h2 class=\"heading-title\">PE100-EF Kep<\/h2><ol class=\"breadcrumb\"><li><a href=\"https:\/\/dokerler.com\/tr\/\">Home<\/a> <\/li> <li class=\"active\">Sayfa<\/li><\/ol>          <\/div>  \r\n        <\/div>   \r\n      <\/div>  \r\n   <\/div>\r\n<\/div>      \r\n\r\n<\/div>\t\t\t\t<\/div>\n\t\t\t\t<\/div>\n\t\t\t\t\t<\/div>\n\t\t<\/div>\n\t\t\t\t\t<\/div>\n\t\t<\/section>\n\t\t\t\t<section class=\"elementor-section elementor-top-section elementor-element elementor-element-a6c6e99 elementor-section-boxed elementor-section-height-default elementor-section-height-default\" data-id=\"a6c6e99\" data-element_type=\"section\">\n\t\t\t\t\t\t<div class=\"elementor-container elementor-column-gap-default\">\n\t\t\t\t\t<div class=\"elementor-column elementor-col-100 elementor-top-column elementor-element elementor-element-7f71a7e\" data-id=\"7f71a7e\" data-element_type=\"column\">\n\t\t\t<div class=\"elementor-widget-wrap elementor-element-populated\">\n\t\t\t\t\t\t<div class=\"elementor-element elementor-element-eec6306 elementor-widget elementor-widget-gva-heading-block\" data-id=\"eec6306\" data-element_type=\"widget\" data-widget_type=\"gva-heading-block.default\">\n\t\t\t\t<div class=\"elementor-widget-container\">\n\t\t\t\t\t<div class=\"gva-element-gva-heading-block gva-element\">   <div class=\"align-left style-1 widget gsc-heading box-align-left auto-responsive\">\r\n      <div class=\"content-inner\">\r\n         \r\n                  \r\n         <div class=\"sub-title\"><span class=\"tagline\">Elektrof\u00fczyon<\/span><\/div>  \r\n         \r\n                     <h2 class=\"title\">\r\n               <span>PE100-EF KEP<\/span>\r\n            <\/h2>\r\n                  \r\n         \r\n         \r\n      <\/div>\r\n   <\/div>\r\n<\/div>\t\t\t\t<\/div>\n\t\t\t\t<\/div>\n\t\t\t\t<div class=\"elementor-element elementor-element-c321fa2 elementor-widget elementor-widget-gva-gallery\" data-id=\"c321fa2\" data-element_type=\"widget\" data-widget_type=\"gva-gallery.default\">\n\t\t\t\t<div class=\"elementor-widget-container\">\n\t\t\t\t\t<div class=\"gva-element-gva-gallery gva-element\">  \r\n  \t<div class=\"gva-gallery-grid clearfix\">\r\n\t\t<div class=\"gva-content-items\"> \r\n\t\t  \t<div class=\"lg-block-grid-3 md-block-grid-3 sm-block-grid-2 xs-block-grid-1 xx-block-grid-1\">\r\n\t\t\t \t<div class=\"item\">\r\n<div class=\"gallery-item style-1\">\r\n         <div class=\"image\">\r\n         <img decoding=\"async\" src=\"https:\/\/dokerler.com\/wp-content\/uploads\/2024\/02\/ef-kep-1-580x600.jpeg\" alt=\"\" \/>  \r\n      <\/div>\r\n      <a class=\"photo-gallery\" href=\"https:\/\/dokerler.com\/wp-content\/uploads\/2024\/02\/ef-kep-1.jpeg\" data-elementor-lightbox-slideshow=\"gallery-c5kl\" aria-label=\"gallery\"><i class=\"fas fa-expand\"><\/i><\/a>\r\n   \r\n   <div class=\"image-content\">\r\n      <div class=\"content-inner\">\r\n                        <\/div>   \r\n   <\/div>\r\n<\/div>\r\n<\/div><div class=\"item\">\r\n<div class=\"gallery-item style-1\">\r\n         <div class=\"image\">\r\n         <img decoding=\"async\" src=\"https:\/\/dokerler.com\/wp-content\/uploads\/2024\/02\/EF-KOR-TAPA-1-580x582.jpeg\" alt=\"\" \/>  \r\n      <\/div>\r\n      <a class=\"photo-gallery\" href=\"https:\/\/dokerler.com\/wp-content\/uploads\/2024\/02\/EF-KOR-TAPA-1.jpeg\" data-elementor-lightbox-slideshow=\"gallery-c5kl\" aria-label=\"gallery\"><i class=\"fas fa-expand\"><\/i><\/a>\r\n   \r\n   <div class=\"image-content\">\r\n      <div class=\"content-inner\">\r\n                        <\/div>   \r\n   <\/div>\r\n<\/div>\r\n<\/div>\t\t  \t<\/div>\r\n\t\t<\/div>\r\n  \t<\/div>\r\n<\/div>\t\t\t\t<\/div>\n\t\t\t\t<\/div>\n\t\t\t\t<div class=\"elementor-element elementor-element-8fcfb56 elementor-widget elementor-widget-text-editor\" data-id=\"8fcfb56\" data-element_type=\"widget\" data-widget_type=\"text-editor.default\">\n\t\t\t\t<div class=\"elementor-widget-container\">\n\t\t\t\t\t\t\t\t\t<h3 class=\"table-title\">PE100 SDR11<\/h3>\n<p class=\"MsoNormal\">HDPE elektrof\u00fczyon k\u00f6rtapa, PE100 hammaddesi ile \u00fcretilir ve\ng\u00fcvenli tesisat\u0131n temel ba\u011flant\u0131 par\u00e7alar\u0131ndan biridir. Elektrof\u00fczyon y\u00f6ntemi\nile hatt\u0131n sonunu kapatmak i\u00e7in kullan\u0131l\u0131r.<o:p><\/o:p><\/p>\t\t\t\t\t\t\t\t<\/div>\n\t\t\t\t<\/div>\n\t\t\t\t<div class=\"elementor-element elementor-element-72bccb6 elementor-widget elementor-widget-html\" data-id=\"72bccb6\" data-element_type=\"widget\" data-widget_type=\"html.default\">\n\t\t\t\t<div class=\"elementor-widget-container\">\n\t\t\t\t\t\n          <a class=\"btn-theme\" href=\"https:\/\/dokerler.com\/tr\/teklif-al\/\">\n  TEKL\u0130F AL\n<\/a>\n        \t\t\t\t<\/div>\n\t\t\t\t<\/div>\n\t\t\t\t<div class=\"elementor-element elementor-element-7c6c7bd elementor-widget elementor-widget-text-editor\" data-id=\"7c6c7bd\" data-element_type=\"widget\" data-widget_type=\"text-editor.default\">\n\t\t\t\t<div class=\"elementor-widget-container\">\n\t\t\t\t\t\t\t\t\t<table class=\"table table-striped\" border=\"0\" width=\"256\" cellspacing=\"0\" cellpadding=\"0\">\n<tbody>\n<tr>\n<td class=\"xl67\" width=\"64\" height=\"77\">\n  <strong>d<\/strong>\n<\/td>\n<td class=\"xl65\" width=\"64\">\n  <strong>bas\u0131n\u00e7 (bar) bas\u0131n\u00e7 (bar)<\/strong>\n<\/td>\n<td class=\"xl66\" width=\"64\">\n  <strong>kg<\/strong>\n<\/td>\n<td class=\"xl68\" width=\"64\">\n  <strong>L (mm)<\/strong>\n<\/td>\n<\/tr>\n<tr>\n<td class=\"xl69\" height=\"19\">\n  <strong>20<\/strong>\n<\/td>\n<td class=\"xl63\">\n  <strong>pn16<\/strong>\n<\/td>\n<td class=\"xl64\">0,044<\/td>\n<td class=\"xl70\">75<\/td>\n<\/tr>\n<tr>\n<td class=\"xl69\" height=\"19\">\n  <strong>25<\/strong>\n<\/td>\n<td class=\"xl63\">\n  <strong>pn16<\/strong>\n<\/td>\n<td class=\"xl64\">0,075<\/td>\n<td class=\"xl70\">86<\/td>\n<\/tr>\n<tr>\n<td class=\"xl71\" height=\"19\">\n  <strong>32<\/strong>\n<\/td>\n<td class=\"xl63\">\n  <strong>pn16<\/strong>\n<\/td>\n<td class=\"xl64\">0,082<\/td>\n<td class=\"xl70\">98<\/td>\n<\/tr>\n<tr>\n<td class=\"xl71\" height=\"19\">\n  <strong>40<\/strong>\n<\/td>\n<td class=\"xl63\">\n  <strong>pn16<\/strong>\n<\/td>\n<td class=\"xl64\">0,0131<\/td>\n<td class=\"xl70\">105<\/td>\n<\/tr>\n<tr>\n<td class=\"xl71\" height=\"19\">\n  <strong>50<\/strong>\n<\/td>\n<td class=\"xl63\">\n  <strong>pn16<\/strong>\n<\/td>\n<td class=\"xl64\">0,204<\/td>\n<td class=\"xl70\">115<\/td>\n<\/tr>\n<tr>\n<td class=\"xl71\" height=\"19\">\n  <strong>63<\/strong>\n<\/td>\n<td class=\"xl63\">\n  <strong>pn16<\/strong>\n<\/td>\n<td class=\"xl64\">0,278<\/td>\n<td class=\"xl70\">120<\/td>\n<\/tr>\n<tr>\n<td class=\"xl71\" height=\"19\">\n  <strong>75<\/strong>\n<\/td>\n<td class=\"xl63\">\n  <strong>pn16<\/strong>\n<\/td>\n<td class=\"xl64\">0,443<\/td>\n<td class=\"xl70\">132<\/td>\n<\/tr>\n<tr>\n<td class=\"xl71\" height=\"19\">\n  <strong>90<\/strong>\n<\/td>\n<td class=\"xl63\">\n  <strong>pn16<\/strong>\n<\/td>\n<td class=\"xl64\">0,602<\/td>\n<td class=\"xl70\">140<\/td>\n<\/tr>\n<tr>\n<td class=\"xl71\" height=\"19\">\n  <strong>110<\/strong>\n<\/td>\n<td class=\"xl63\">\n  <strong>pn16<\/strong>\n<\/td>\n<td class=\"xl64\">1,096<\/td>\n<td class=\"xl70\">157<\/td>\n<\/tr>\n<tr>\n<td class=\"xl71\" height=\"19\">\n  <strong>125<\/strong>\n<\/td>\n<td class=\"xl63\">\n  <strong>pn16<\/strong>\n<\/td>\n<td class=\"xl64\">1,395<\/td>\n<td class=\"xl70\">180<\/td>\n<\/tr>\n<tr>\n<td class=\"xl71\" height=\"19\">\n  <strong>140<\/strong>\n<\/td>\n<td class=\"xl63\">\n  <strong>pn16<\/strong>\n<\/td>\n<td class=\"xl64\">1,99<\/td>\n<td class=\"xl70\">184<\/td>\n<\/tr>\n<tr>\n<td class=\"xl71\" height=\"19\">\n  <strong>160<\/strong>\n<\/td>\n<td class=\"xl63\">\n  <strong>pn16<\/strong>\n<\/td>\n<td class=\"xl64\">2,631<\/td>\n<td class=\"xl70\">202<\/td>\n<\/tr>\n<tr>\n<td class=\"xl71\" height=\"19\">\n  <strong>180<\/strong>\n<\/td>\n<td class=\"xl63\">\n  <strong>pn16<\/strong>\n<\/td>\n<td class=\"xl64\">3,344<\/td>\n<td class=\"xl70\">220<\/td>\n<\/tr>\n<tr>\n<td class=\"xl72\" height=\"20\">\n  <strong>200<\/strong>\n<\/td>\n<td class=\"xl73\">\n  <strong>pn16<\/strong>\n<\/td>\n<td class=\"xl74\">4,261<\/td>\n<td class=\"xl75\">220<\/td>\n<\/tr>\n<\/tbody>\n<\/table>\n\t\t\t\t\t\t\t\t<\/div>\n\t\t\t\t<\/div>\n\t\t\t\t\t<\/div>\n\t\t<\/div>\n\t\t\t\t\t<\/div>\n\t\t<\/section>\n\t\t\t\t<\/div>\n\t\t","protected":false},"excerpt":{"rendered":"<p>PE100-EF Kep Home Page Elektrof\u00fczyon PE100-EF KEP PE100 SDR11 HDPE elektrof\u00fczyon k\u00f6rtapa, PE100 hammaddesi ile \u00fcretilir ve g\u00fcvenli tesisat\u0131n temel ba\u011flant\u0131 par\u00e7alar\u0131ndan biridir. Elektrof\u00fczyon y\u00f6ntemi ile hatt\u0131n sonunu kapatmak i\u00e7in kullan\u0131l\u0131r. TEKL\u0130F AL d bas\u0131n\u00e7 (bar) bas\u0131n\u00e7 (bar) kg L (mm) 20 pn16 0,044 75 25 pn16 0,075 86 32 pn16 0,082 98 40 pn16 [&hellip;]<\/p>\n","protected":false},"author":1,"featured_media":0,"parent":3338,"menu_order":0,"comment_status":"closed","ping_status":"closed","template":"","meta":{"footnotes":""},"class_list":["post-3293","page","type-page","status-publish","hentry"],"yoast_head":"<!-- This site is optimized with the Yoast SEO plugin v25.9 - https:\/\/yoast.com\/wordpress\/plugins\/seo\/ -->\n<title>PE100-EF Kep - D\u00f6kerler D\u00f6k\u00fcm ve Plastik Polietilen San. \u0130th. \u0130hr. ve Tic. Ltd. \u015eti.<\/title>\n<meta name=\"robots\" content=\"index, follow, max-snippet:-1, max-image-preview:large, max-video-preview:-1\" \/>\n<link rel=\"canonical\" href=\"https:\/\/dokerler.com\/tr\/urunler\/elektrofuzyon\/pe100-ef-kep\/\" \/>\n<meta property=\"og:locale\" content=\"tr_TR\" \/>\n<meta property=\"og:type\" content=\"article\" \/>\n<meta property=\"og:title\" content=\"PE100-EF Kep - D\u00f6kerler D\u00f6k\u00fcm ve Plastik Polietilen San. \u0130th. \u0130hr. ve Tic. Ltd. \u015eti.\" \/>\n<meta property=\"og:description\" content=\"PE100-EF Kep Home Page Elektrof\u00fczyon PE100-EF KEP PE100 SDR11 HDPE elektrof\u00fczyon k\u00f6rtapa, PE100 hammaddesi ile \u00fcretilir ve g\u00fcvenli tesisat\u0131n temel ba\u011flant\u0131 par\u00e7alar\u0131ndan biridir. Elektrof\u00fczyon y\u00f6ntemi ile hatt\u0131n sonunu kapatmak i\u00e7in kullan\u0131l\u0131r. TEKL\u0130F AL d bas\u0131n\u00e7 (bar) bas\u0131n\u00e7 (bar) kg L (mm) 20 pn16 0,044 75 25 pn16 0,075 86 32 pn16 0,082 98 40 pn16 [&hellip;]\" \/>\n<meta property=\"og:url\" content=\"https:\/\/dokerler.com\/tr\/urunler\/elektrofuzyon\/pe100-ef-kep\/\" \/>\n<meta property=\"og:site_name\" content=\"D\u00f6kerler D\u00f6k\u00fcm ve Plastik Polietilen San. \u0130th. \u0130hr. ve Tic. Ltd. \u015eti.\" \/>\n<meta property=\"article:modified_time\" content=\"2024-03-27T13:22:42+00:00\" \/>\n<meta property=\"og:image\" content=\"https:\/\/dokerler.com\/wp-content\/uploads\/2024\/02\/ef-kep-1-580x600.jpeg\" \/>\n<meta name=\"twitter:card\" content=\"summary_large_image\" \/>\n<meta name=\"twitter:label1\" content=\"Tahmini okuma s\u00fcresi\" \/>\n\t<meta name=\"twitter:data1\" content=\"1 dakika\" \/>\n<script type=\"application\/ld+json\" class=\"yoast-schema-graph\">{\"@context\":\"https:\/\/schema.org\",\"@graph\":[{\"@type\":\"WebPage\",\"@id\":\"https:\/\/dokerler.com\/tr\/urunler\/elektrofuzyon\/pe100-ef-kep\/\",\"url\":\"https:\/\/dokerler.com\/tr\/urunler\/elektrofuzyon\/pe100-ef-kep\/\",\"name\":\"PE100-EF Kep - D\u00f6kerler D\u00f6k\u00fcm ve Plastik Polietilen San. \u0130th. \u0130hr. ve Tic. Ltd. \u015eti.\",\"isPartOf\":{\"@id\":\"https:\/\/dokerler.com\/#website\"},\"primaryImageOfPage\":{\"@id\":\"https:\/\/dokerler.com\/tr\/urunler\/elektrofuzyon\/pe100-ef-kep\/#primaryimage\"},\"image\":{\"@id\":\"https:\/\/dokerler.com\/tr\/urunler\/elektrofuzyon\/pe100-ef-kep\/#primaryimage\"},\"thumbnailUrl\":\"https:\/\/dokerler.com\/wp-content\/uploads\/2024\/02\/ef-kep-1-580x600.jpeg\",\"datePublished\":\"2024-02-06T09:59:43+00:00\",\"dateModified\":\"2024-03-27T13:22:42+00:00\",\"breadcrumb\":{\"@id\":\"https:\/\/dokerler.com\/tr\/urunler\/elektrofuzyon\/pe100-ef-kep\/#breadcrumb\"},\"inLanguage\":\"tr\",\"potentialAction\":[{\"@type\":\"ReadAction\",\"target\":[\"https:\/\/dokerler.com\/tr\/urunler\/elektrofuzyon\/pe100-ef-kep\/\"]}]},{\"@type\":\"ImageObject\",\"inLanguage\":\"tr\",\"@id\":\"https:\/\/dokerler.com\/tr\/urunler\/elektrofuzyon\/pe100-ef-kep\/#primaryimage\",\"url\":\"https:\/\/dokerler.com\/wp-content\/uploads\/2024\/02\/ef-kep-1-580x600.jpeg\",\"contentUrl\":\"https:\/\/dokerler.com\/wp-content\/uploads\/2024\/02\/ef-kep-1-580x600.jpeg\"},{\"@type\":\"BreadcrumbList\",\"@id\":\"https:\/\/dokerler.com\/tr\/urunler\/elektrofuzyon\/pe100-ef-kep\/#breadcrumb\",\"itemListElement\":[{\"@type\":\"ListItem\",\"position\":1,\"name\":\"Home\",\"item\":\"https:\/\/dokerler.com\/\"},{\"@type\":\"ListItem\",\"position\":2,\"name\":\"\u00dcr\u00fcnler\",\"item\":\"https:\/\/dokerler.com\/ru\/proizvodstvo\/\"},{\"@type\":\"ListItem\",\"position\":3,\"name\":\"Elektrof\u00fczyon\",\"item\":\"https:\/\/dokerler.com\/ru\/proizvodstvo\/elektromufta\/\"},{\"@type\":\"ListItem\",\"position\":4,\"name\":\"PE100-EF Kep\"}]},{\"@type\":\"WebSite\",\"@id\":\"https:\/\/dokerler.com\/#website\",\"url\":\"https:\/\/dokerler.com\/\",\"name\":\"D\u00f6kerler D\u00f6k\u00fcm ve Plastik Polietilen San. \u0130th. \u0130hr. ve Tic. Ltd. \u015eti.\",\"description\":\"\",\"potentialAction\":[{\"@type\":\"SearchAction\",\"target\":{\"@type\":\"EntryPoint\",\"urlTemplate\":\"https:\/\/dokerler.com\/?s={search_term_string}\"},\"query-input\":{\"@type\":\"PropertyValueSpecification\",\"valueRequired\":true,\"valueName\":\"search_term_string\"}}],\"inLanguage\":\"tr\"}]}<\/script>\n<!-- \/ Yoast SEO plugin. -->","yoast_head_json":{"title":"PE100-EF Kep - D\u00f6kerler D\u00f6k\u00fcm ve Plastik Polietilen San. \u0130th. \u0130hr. ve Tic. Ltd. \u015eti.","robots":{"index":"index","follow":"follow","max-snippet":"max-snippet:-1","max-image-preview":"max-image-preview:large","max-video-preview":"max-video-preview:-1"},"canonical":"https:\/\/dokerler.com\/tr\/urunler\/elektrofuzyon\/pe100-ef-kep\/","og_locale":"tr_TR","og_type":"article","og_title":"PE100-EF Kep - D\u00f6kerler D\u00f6k\u00fcm ve Plastik Polietilen San. \u0130th. \u0130hr. ve Tic. Ltd. \u015eti.","og_description":"PE100-EF Kep Home Page Elektrof\u00fczyon PE100-EF KEP PE100 SDR11 HDPE elektrof\u00fczyon k\u00f6rtapa, PE100 hammaddesi ile \u00fcretilir ve g\u00fcvenli tesisat\u0131n temel ba\u011flant\u0131 par\u00e7alar\u0131ndan biridir. Elektrof\u00fczyon y\u00f6ntemi ile hatt\u0131n sonunu kapatmak i\u00e7in kullan\u0131l\u0131r. TEKL\u0130F AL d bas\u0131n\u00e7 (bar) bas\u0131n\u00e7 (bar) kg L (mm) 20 pn16 0,044 75 25 pn16 0,075 86 32 pn16 0,082 98 40 pn16 [&hellip;]","og_url":"https:\/\/dokerler.com\/tr\/urunler\/elektrofuzyon\/pe100-ef-kep\/","og_site_name":"D\u00f6kerler D\u00f6k\u00fcm ve Plastik Polietilen San. \u0130th. \u0130hr. ve Tic. Ltd. \u015eti.","article_modified_time":"2024-03-27T13:22:42+00:00","og_image":[{"url":"https:\/\/dokerler.com\/wp-content\/uploads\/2024\/02\/ef-kep-1-580x600.jpeg","type":"","width":"","height":""}],"twitter_card":"summary_large_image","twitter_misc":{"Tahmini okuma s\u00fcresi":"1 dakika"},"schema":{"@context":"https:\/\/schema.org","@graph":[{"@type":"WebPage","@id":"https:\/\/dokerler.com\/tr\/urunler\/elektrofuzyon\/pe100-ef-kep\/","url":"https:\/\/dokerler.com\/tr\/urunler\/elektrofuzyon\/pe100-ef-kep\/","name":"PE100-EF Kep - D\u00f6kerler D\u00f6k\u00fcm ve Plastik Polietilen San. \u0130th. \u0130hr. ve Tic. Ltd. \u015eti.","isPartOf":{"@id":"https:\/\/dokerler.com\/#website"},"primaryImageOfPage":{"@id":"https:\/\/dokerler.com\/tr\/urunler\/elektrofuzyon\/pe100-ef-kep\/#primaryimage"},"image":{"@id":"https:\/\/dokerler.com\/tr\/urunler\/elektrofuzyon\/pe100-ef-kep\/#primaryimage"},"thumbnailUrl":"https:\/\/dokerler.com\/wp-content\/uploads\/2024\/02\/ef-kep-1-580x600.jpeg","datePublished":"2024-02-06T09:59:43+00:00","dateModified":"2024-03-27T13:22:42+00:00","breadcrumb":{"@id":"https:\/\/dokerler.com\/tr\/urunler\/elektrofuzyon\/pe100-ef-kep\/#breadcrumb"},"inLanguage":"tr","potentialAction":[{"@type":"ReadAction","target":["https:\/\/dokerler.com\/tr\/urunler\/elektrofuzyon\/pe100-ef-kep\/"]}]},{"@type":"ImageObject","inLanguage":"tr","@id":"https:\/\/dokerler.com\/tr\/urunler\/elektrofuzyon\/pe100-ef-kep\/#primaryimage","url":"https:\/\/dokerler.com\/wp-content\/uploads\/2024\/02\/ef-kep-1-580x600.jpeg","contentUrl":"https:\/\/dokerler.com\/wp-content\/uploads\/2024\/02\/ef-kep-1-580x600.jpeg"},{"@type":"BreadcrumbList","@id":"https:\/\/dokerler.com\/tr\/urunler\/elektrofuzyon\/pe100-ef-kep\/#breadcrumb","itemListElement":[{"@type":"ListItem","position":1,"name":"Home","item":"https:\/\/dokerler.com\/"},{"@type":"ListItem","position":2,"name":"\u00dcr\u00fcnler","item":"https:\/\/dokerler.com\/ru\/proizvodstvo\/"},{"@type":"ListItem","position":3,"name":"Elektrof\u00fczyon","item":"https:\/\/dokerler.com\/ru\/proizvodstvo\/elektromufta\/"},{"@type":"ListItem","position":4,"name":"PE100-EF Kep"}]},{"@type":"WebSite","@id":"https:\/\/dokerler.com\/#website","url":"https:\/\/dokerler.com\/","name":"D\u00f6kerler D\u00f6k\u00fcm ve Plastik Polietilen San. \u0130th. \u0130hr. ve Tic. Ltd. \u015eti.","description":"","potentialAction":[{"@type":"SearchAction","target":{"@type":"EntryPoint","urlTemplate":"https:\/\/dokerler.com\/?s={search_term_string}"},"query-input":{"@type":"PropertyValueSpecification","valueRequired":true,"valueName":"search_term_string"}}],"inLanguage":"tr"}]}},"_links":{"self":[{"href":"https:\/\/dokerler.com\/tr\/wp-json\/wp\/v2\/pages\/3293","targetHints":{"allow":["GET"]}}],"collection":[{"href":"https:\/\/dokerler.com\/tr\/wp-json\/wp\/v2\/pages"}],"about":[{"href":"https:\/\/dokerler.com\/tr\/wp-json\/wp\/v2\/types\/page"}],"author":[{"embeddable":true,"href":"https:\/\/dokerler.com\/tr\/wp-json\/wp\/v2\/users\/1"}],"replies":[{"embeddable":true,"href":"https:\/\/dokerler.com\/tr\/wp-json\/wp\/v2\/comments?post=3293"}],"version-history":[{"count":26,"href":"https:\/\/dokerler.com\/tr\/wp-json\/wp\/v2\/pages\/3293\/revisions"}],"predecessor-version":[{"id":5830,"href":"https:\/\/dokerler.com\/tr\/wp-json\/wp\/v2\/pages\/3293\/revisions\/5830"}],"up":[{"embeddable":true,"href":"https:\/\/dokerler.com\/tr\/wp-json\/wp\/v2\/pages\/3338"}],"wp:attachment":[{"href":"https:\/\/dokerler.com\/tr\/wp-json\/wp\/v2\/media?parent=3293"}],"curies":[{"name":"wp","href":"https:\/\/api.w.org\/{rel}","templated":true}]}}