{"id":3287,"date":"2024-02-06T10:09:41","date_gmt":"2024-02-06T10:09:41","guid":{"rendered":"https:\/\/dokerler.com\/hdpe-ef-45-dirsek\/"},"modified":"2025-06-12T10:27:35","modified_gmt":"2025-06-12T10:27:35","slug":"pe100-ef-45-dirsek","status":"publish","type":"page","link":"https:\/\/dokerler.com\/tr\/urunler\/elektrofuzyon\/pe100-ef-45-dirsek\/","title":{"rendered":"PE100-EF 45\u00b0 Dirsek"},"content":{"rendered":"\t\t<div data-elementor-type=\"wp-page\" data-elementor-id=\"3287\" class=\"elementor elementor-3287\">\n\t\t\t\t\t\t<section class=\"elementor-section elementor-top-section elementor-element elementor-element-9ad4ab0 elementor-section-full_width elementor-section-height-default elementor-section-height-default\" data-id=\"9ad4ab0\" data-element_type=\"section\">\n\t\t\t\t\t\t<div class=\"elementor-container elementor-column-gap-default\">\n\t\t\t\t\t<div class=\"elementor-column elementor-col-100 elementor-top-column elementor-element elementor-element-1777117\" data-id=\"1777117\" data-element_type=\"column\">\n\t\t\t<div class=\"elementor-widget-wrap elementor-element-populated\">\n\t\t\t\t\t\t<div class=\"elementor-element elementor-element-855f2e1 elementor-widget elementor-widget-gva_post_breadcrumb\" data-id=\"855f2e1\" data-element_type=\"widget\" data-widget_type=\"gva_post_breadcrumb.default\">\n\t\t\t\t<div class=\"elementor-widget-container\">\n\t\t\t\t\t<div class=\"gva-element-gva_post_breadcrumb gva-element\">   \r\n<div class=\"post-breadcrumb\">\r\n   <div class=\"custom-breadcrumb \" >\r\n            <div class=\"breadcrumb-main\">\r\n        <div class=\"container\">\r\n          <div class=\"breadcrumb-container-inner\">\r\n            <h2 class=\"heading-title\">PE100-EF 45\u00b0 Dirsek<\/h2><ol class=\"breadcrumb\"><li><a href=\"https:\/\/dokerler.com\/tr\/\">Home<\/a> <\/li> <li class=\"active\">Sayfa<\/li><\/ol>          <\/div>  \r\n        <\/div>   \r\n      <\/div>  \r\n   <\/div>\r\n<\/div>      \r\n\r\n<\/div>\t\t\t\t<\/div>\n\t\t\t\t<\/div>\n\t\t\t\t\t<\/div>\n\t\t<\/div>\n\t\t\t\t\t<\/div>\n\t\t<\/section>\n\t\t\t\t<section class=\"elementor-section elementor-top-section elementor-element elementor-element-a6c6e99 elementor-section-boxed elementor-section-height-default elementor-section-height-default\" data-id=\"a6c6e99\" data-element_type=\"section\">\n\t\t\t\t\t\t<div class=\"elementor-container elementor-column-gap-default\">\n\t\t\t\t\t<div class=\"elementor-column elementor-col-100 elementor-top-column elementor-element elementor-element-7f71a7e\" data-id=\"7f71a7e\" data-element_type=\"column\">\n\t\t\t<div class=\"elementor-widget-wrap elementor-element-populated\">\n\t\t\t\t\t\t<div class=\"elementor-element elementor-element-eec6306 elementor-widget elementor-widget-gva-heading-block\" data-id=\"eec6306\" data-element_type=\"widget\" data-widget_type=\"gva-heading-block.default\">\n\t\t\t\t<div class=\"elementor-widget-container\">\n\t\t\t\t\t<div class=\"gva-element-gva-heading-block gva-element\">   <div class=\"align-left style-1 widget gsc-heading box-align-left auto-responsive\">\r\n      <div class=\"content-inner\">\r\n         \r\n                  \r\n         <div class=\"sub-title\"><span class=\"tagline\">Elektrof\u00fczyon<\/span><\/div>  \r\n         \r\n                     <h2 class=\"title\">\r\n               <span>PE-100 EF 45\u00b0 D\u0130RSEK<\/span>\r\n            <\/h2>\r\n                  \r\n         \r\n         \r\n      <\/div>\r\n   <\/div>\r\n<\/div>\t\t\t\t<\/div>\n\t\t\t\t<\/div>\n\t\t\t\t<div class=\"elementor-element elementor-element-c321fa2 elementor-widget elementor-widget-gva-gallery\" data-id=\"c321fa2\" data-element_type=\"widget\" data-widget_type=\"gva-gallery.default\">\n\t\t\t\t<div class=\"elementor-widget-container\">\n\t\t\t\t\t<div class=\"gva-element-gva-gallery gva-element\">  \r\n  \t<div class=\"gva-gallery-grid clearfix\">\r\n\t\t<div class=\"gva-content-items\"> \r\n\t\t  \t<div class=\"lg-block-grid-3 md-block-grid-3 sm-block-grid-2 xs-block-grid-1 xx-block-grid-1\">\r\n\t\t\t \t<div class=\"item\">\r\n<div class=\"gallery-item style-1\">\r\n         <div class=\"image\">\r\n         <img decoding=\"async\" src=\"https:\/\/dokerler.com\/wp-content\/uploads\/2024\/02\/ef-45-dirsek-2-580x600.jpeg\" alt=\"\" \/>  \r\n      <\/div>\r\n      <a class=\"photo-gallery\" href=\"https:\/\/dokerler.com\/wp-content\/uploads\/2024\/02\/ef-45-dirsek-2.jpeg\" data-elementor-lightbox-slideshow=\"gallery-n6av\" aria-label=\"gallery\"><i class=\"fas fa-expand\"><\/i><\/a>\r\n   \r\n   <div class=\"image-content\">\r\n      <div class=\"content-inner\">\r\n                        <\/div>   \r\n   <\/div>\r\n<\/div>\r\n<\/div><div class=\"item\">\r\n<div class=\"gallery-item style-1\">\r\n         <div class=\"image\">\r\n         <img decoding=\"async\" src=\"https:\/\/dokerler.com\/wp-content\/uploads\/2024\/02\/ef-45-dirsek-1-580x600.jpeg\" alt=\"\" \/>  \r\n      <\/div>\r\n      <a class=\"photo-gallery\" href=\"https:\/\/dokerler.com\/wp-content\/uploads\/2024\/02\/ef-45-dirsek-1.jpeg\" data-elementor-lightbox-slideshow=\"gallery-n6av\" aria-label=\"gallery\"><i class=\"fas fa-expand\"><\/i><\/a>\r\n   \r\n   <div class=\"image-content\">\r\n      <div class=\"content-inner\">\r\n                        <\/div>   \r\n   <\/div>\r\n<\/div>\r\n<\/div><div class=\"item\">\r\n<div class=\"gallery-item style-1\">\r\n         <div class=\"image\">\r\n         <img decoding=\"async\" src=\"https:\/\/dokerler.com\/wp-content\/uploads\/2024\/02\/45-EF-DIRSEK-1-580x627.jpeg\" alt=\"\" \/>  \r\n      <\/div>\r\n      <a class=\"photo-gallery\" href=\"https:\/\/dokerler.com\/wp-content\/uploads\/2024\/02\/45-EF-DIRSEK-1.jpeg\" data-elementor-lightbox-slideshow=\"gallery-n6av\" aria-label=\"gallery\"><i class=\"fas fa-expand\"><\/i><\/a>\r\n   \r\n   <div class=\"image-content\">\r\n      <div class=\"content-inner\">\r\n                        <\/div>   \r\n   <\/div>\r\n<\/div>\r\n<\/div>\t\t  \t<\/div>\r\n\t\t<\/div>\r\n  \t<\/div>\r\n<\/div>\t\t\t\t<\/div>\n\t\t\t\t<\/div>\n\t\t\t\t<div class=\"elementor-element elementor-element-8fcfb56 elementor-widget elementor-widget-text-editor\" data-id=\"8fcfb56\" data-element_type=\"widget\" data-widget_type=\"text-editor.default\">\n\t\t\t\t<div class=\"elementor-widget-container\">\n\t\t\t\t\t\t\t\t\t<h3>PE100 SDR11-SDR17<\/h3>\n<p><span style=\"color: var(--pisole-body-color); font-family: var(--pisole-font-sans-serif); font-size: 1rem;\">EF Dirsekler, PE100 hammaddesinden, standartlara uygun\nolarak, belirli \u00e7aplarda ve belirli a\u00e7\u0131larda, EF kaynak y\u00f6ntemine uygun\nrezistans teli yerle\u015ftirilerek \u00fcretilen boru ek par\u00e7alar\u0131d\u0131r. Ayn\u0131 \u00e7aptaki iki\nPE100 boruyu 90\u00ba, 60\u00ba, 45\u00ba, 30\u00ba, 22,5\u00ba veya 11,25\u00ba<\/span><span style=\"color: var(--pisole-body-color); font-family: var(--pisole-font-sans-serif); font-size: 1rem;\">&nbsp; <\/span><span style=\"color: var(--pisole-body-color); font-family: var(--pisole-font-sans-serif); font-size: 1rem;\">a\u00e7\u0131 ile istenilen y\u00f6nde d\u00f6nd\u00fcrmek i\u00e7in\nkullan\u0131l\u0131r.<\/span><\/p><p><o:p><\/o:p><\/p>\t\t\t\t\t\t\t\t<\/div>\n\t\t\t\t<\/div>\n\t\t\t\t<div class=\"elementor-element elementor-element-72bccb6 elementor-widget elementor-widget-html\" data-id=\"72bccb6\" data-element_type=\"widget\" data-widget_type=\"html.default\">\n\t\t\t\t<div class=\"elementor-widget-container\">\n\t\t\t\t\t\n          <a class=\"btn-theme\" href=\"https:\/\/dokerler.com\/tr\/teklif-al\/\">\n  TEKL\u0130F AL\n<\/a>\n        \t\t\t\t<\/div>\n\t\t\t\t<\/div>\n\t\t\t\t<div class=\"elementor-element elementor-element-49d0688 elementor-widget elementor-widget-text-editor\" data-id=\"49d0688\" data-element_type=\"widget\" data-widget_type=\"text-editor.default\">\n\t\t\t\t<div class=\"elementor-widget-container\">\n\t\t\t\t\t\t\t\t\t<table class=\"table table-striped\" border=\"0\" width=\"320\" cellspacing=\"0\" cellpadding=\"0\"><tbody><tr><td class=\"xl67\" width=\"64\" height=\"77\"><strong>d<\/strong><\/td><td class=\"xl64\" width=\"64\"><strong>bas\u0131n\u00e7 (bar)<\/strong><\/td><td class=\"xl65\" width=\"64\"><strong>kg<\/strong><\/td><td class=\"xl63\" width=\"64\"><strong>L (mm)<\/strong><\/td><td class=\"xl68\" width=\"64\"><strong>Z (mm)<\/strong><\/td><\/tr><tr><td class=\"xl69\" height=\"19\"><a href=\"https:\/\/dokerler.com\/wp-content\/uploads\/2025\/06\/32X45-EF-ELBOW.pdf\">32<\/a><\/td><td class=\"xl66\">pn16<\/td><td class=\"xl66\">0,08<\/td><td class=\"xl66\">95<\/td><td class=\"xl70\">39<\/td><\/tr><tr><td class=\"xl69\" height=\"19\"><a href=\"https:\/\/dokerler.com\/wp-content\/uploads\/2025\/06\/40X45-EF-ELBOW.pdf\">40<\/a><\/td><td class=\"xl66\">pn16<\/td><td class=\"xl66\">0,1<\/td><td class=\"xl66\">108<\/td><td class=\"xl70\">42<\/td><\/tr><tr><td class=\"xl69\" height=\"19\"><a href=\"https:\/\/dokerler.com\/wp-content\/uploads\/2025\/06\/50X45-EF-ELBOW.pdf\">50<\/a><\/td><td class=\"xl66\">pn16<\/td><td class=\"xl66\">0,134<\/td><td class=\"xl66\">124<\/td><td class=\"xl70\">45<\/td><\/tr><tr><td class=\"xl69\" height=\"19\"><a href=\"https:\/\/dokerler.com\/wp-content\/uploads\/2025\/06\/63X45-EF-ELBOW.pdf\">63<\/a><\/td><td class=\"xl66\">pn16<\/td><td class=\"xl66\">0,25<\/td><td class=\"xl66\">137<\/td><td class=\"xl70\">50<\/td><\/tr><tr><td class=\"xl69\" height=\"19\"><a href=\"https:\/\/dokerler.com\/wp-content\/uploads\/2025\/06\/75X45-EF-ELBOW.pdf\">75<\/a><\/td><td class=\"xl66\">pn16<\/td><td class=\"xl66\">0,427<\/td><td class=\"xl66\">165<\/td><td class=\"xl70\">62<\/td><\/tr><tr><td class=\"xl69\" height=\"19\"><a href=\"https:\/\/dokerler.com\/wp-content\/uploads\/2025\/06\/90X45-EF-ELBOW.pdf\">90<\/a><\/td><td class=\"xl66\">pn16<\/td><td class=\"xl66\">0,765<\/td><td class=\"xl66\">192<\/td><td class=\"xl70\">82<\/td><\/tr><tr><td class=\"xl69\" height=\"19\"><a href=\"https:\/\/dokerler.com\/wp-content\/uploads\/2025\/06\/110X45-EF-ELBOW.pdf\">110<\/a><\/td><td class=\"xl66\">pn16<\/td><td class=\"xl66\">0,894<\/td><td class=\"xl66\">213<\/td><td class=\"xl70\">75<\/td><\/tr><tr><td class=\"xl69\" height=\"19\">125<\/td><td class=\"xl66\">pn16<\/td><td class=\"xl66\">1,22<\/td><td class=\"xl66\">240<\/td><td class=\"xl70\">81<\/td><\/tr><tr><td class=\"xl69\" height=\"19\"><a href=\"https:\/\/dokerler.com\/wp-content\/uploads\/2025\/06\/160X45-EF-ELBOW.pdf\">160<\/a><\/td><td class=\"xl66\">pn16<\/td><td class=\"xl66\">2,674<\/td><td class=\"xl66\">320<\/td><td class=\"xl70\">105<\/td><\/tr><tr><td class=\"xl71\" height=\"20\">180<\/td><td class=\"xl72\">pn16<\/td><td class=\"xl72\">3,266<\/td><td class=\"xl72\">320<\/td><td class=\"xl73\">105<\/td><\/tr><\/tbody><\/table>\t\t\t\t\t\t\t\t<\/div>\n\t\t\t\t<\/div>\n\t\t\t\t\t<\/div>\n\t\t<\/div>\n\t\t\t\t\t<\/div>\n\t\t<\/section>\n\t\t\t\t<\/div>\n\t\t","protected":false},"excerpt":{"rendered":"<p>PE100-EF 45\u00b0 Dirsek Home Page Elektrof\u00fczyon PE-100 EF 45\u00b0 D\u0130RSEK PE100 SDR11-SDR17 EF Dirsekler, PE100 hammaddesinden, standartlara uygun olarak, belirli \u00e7aplarda ve belirli a\u00e7\u0131larda, EF kaynak y\u00f6ntemine uygun rezistans teli yerle\u015ftirilerek \u00fcretilen boru ek par\u00e7alar\u0131d\u0131r. Ayn\u0131 \u00e7aptaki iki PE100 boruyu 90\u00ba, 60\u00ba, 45\u00ba, 30\u00ba, 22,5\u00ba veya 11,25\u00ba&nbsp; a\u00e7\u0131 ile istenilen y\u00f6nde d\u00f6nd\u00fcrmek i\u00e7in kullan\u0131l\u0131r. TEKL\u0130F [&hellip;]<\/p>\n","protected":false},"author":1,"featured_media":0,"parent":3338,"menu_order":0,"comment_status":"closed","ping_status":"closed","template":"","meta":{"footnotes":""},"class_list":["post-3287","page","type-page","status-publish","hentry"],"yoast_head":"<!-- This site is optimized with the Yoast SEO plugin v25.9 - https:\/\/yoast.com\/wordpress\/plugins\/seo\/ -->\n<title>PE100-EF 45\u00b0 Dirsek - D\u00f6kerler D\u00f6k\u00fcm ve Plastik Polietilen San. \u0130th. \u0130hr. ve Tic. Ltd. \u015eti.<\/title>\n<meta name=\"robots\" content=\"index, follow, max-snippet:-1, max-image-preview:large, max-video-preview:-1\" \/>\n<link rel=\"canonical\" href=\"https:\/\/dokerler.com\/products\/electrofusion\/electrofusion-elbow-45\/\" \/>\n<meta property=\"og:locale\" content=\"tr_TR\" \/>\n<meta property=\"og:type\" content=\"article\" \/>\n<meta property=\"og:title\" content=\"PE100-EF 45\u00b0 Dirsek - D\u00f6kerler D\u00f6k\u00fcm ve Plastik Polietilen San. \u0130th. \u0130hr. ve Tic. Ltd. \u015eti.\" \/>\n<meta property=\"og:description\" content=\"PE100-EF 45\u00b0 Dirsek Home Page Elektrof\u00fczyon PE-100 EF 45\u00b0 D\u0130RSEK PE100 SDR11-SDR17 EF Dirsekler, PE100 hammaddesinden, standartlara uygun olarak, belirli \u00e7aplarda ve belirli a\u00e7\u0131larda, EF kaynak y\u00f6ntemine uygun rezistans teli yerle\u015ftirilerek \u00fcretilen boru ek par\u00e7alar\u0131d\u0131r. Ayn\u0131 \u00e7aptaki iki PE100 boruyu 90\u00ba, 60\u00ba, 45\u00ba, 30\u00ba, 22,5\u00ba veya 11,25\u00ba&nbsp; a\u00e7\u0131 ile istenilen y\u00f6nde d\u00f6nd\u00fcrmek i\u00e7in kullan\u0131l\u0131r. TEKL\u0130F [&hellip;]\" \/>\n<meta property=\"og:url\" content=\"https:\/\/dokerler.com\/products\/electrofusion\/electrofusion-elbow-45\/\" \/>\n<meta property=\"og:site_name\" content=\"D\u00f6kerler D\u00f6k\u00fcm ve Plastik Polietilen San. \u0130th. \u0130hr. ve Tic. Ltd. \u015eti.\" \/>\n<meta property=\"article:modified_time\" content=\"2025-06-12T10:27:35+00:00\" \/>\n<meta property=\"og:image\" content=\"https:\/\/dokerler.com\/wp-content\/uploads\/2024\/02\/ef-45-dirsek-2-580x600.jpeg\" \/>\n<meta name=\"twitter:card\" content=\"summary_large_image\" \/>\n<meta name=\"twitter:label1\" content=\"Tahmini okuma s\u00fcresi\" \/>\n\t<meta name=\"twitter:data1\" content=\"2 dakika\" \/>\n<script type=\"application\/ld+json\" class=\"yoast-schema-graph\">{\"@context\":\"https:\/\/schema.org\",\"@graph\":[{\"@type\":\"WebPage\",\"@id\":\"https:\/\/dokerler.com\/products\/electrofusion\/electrofusion-elbow-45\/\",\"url\":\"https:\/\/dokerler.com\/products\/electrofusion\/electrofusion-elbow-45\/\",\"name\":\"PE100-EF 45\u00b0 Dirsek - D\u00f6kerler D\u00f6k\u00fcm ve Plastik Polietilen San. \u0130th. \u0130hr. ve Tic. Ltd. \u015eti.\",\"isPartOf\":{\"@id\":\"https:\/\/dokerler.com\/#website\"},\"primaryImageOfPage\":{\"@id\":\"https:\/\/dokerler.com\/products\/electrofusion\/electrofusion-elbow-45\/#primaryimage\"},\"image\":{\"@id\":\"https:\/\/dokerler.com\/products\/electrofusion\/electrofusion-elbow-45\/#primaryimage\"},\"thumbnailUrl\":\"https:\/\/dokerler.com\/wp-content\/uploads\/2024\/02\/ef-45-dirsek-2-580x600.jpeg\",\"datePublished\":\"2024-02-06T10:09:41+00:00\",\"dateModified\":\"2025-06-12T10:27:35+00:00\",\"breadcrumb\":{\"@id\":\"https:\/\/dokerler.com\/products\/electrofusion\/electrofusion-elbow-45\/#breadcrumb\"},\"inLanguage\":\"tr\",\"potentialAction\":[{\"@type\":\"ReadAction\",\"target\":[\"https:\/\/dokerler.com\/products\/electrofusion\/electrofusion-elbow-45\/\"]}]},{\"@type\":\"ImageObject\",\"inLanguage\":\"tr\",\"@id\":\"https:\/\/dokerler.com\/products\/electrofusion\/electrofusion-elbow-45\/#primaryimage\",\"url\":\"https:\/\/dokerler.com\/wp-content\/uploads\/2024\/02\/ef-45-dirsek-2-580x600.jpeg\",\"contentUrl\":\"https:\/\/dokerler.com\/wp-content\/uploads\/2024\/02\/ef-45-dirsek-2-580x600.jpeg\"},{\"@type\":\"BreadcrumbList\",\"@id\":\"https:\/\/dokerler.com\/products\/electrofusion\/electrofusion-elbow-45\/#breadcrumb\",\"itemListElement\":[{\"@type\":\"ListItem\",\"position\":1,\"name\":\"Home\",\"item\":\"https:\/\/dokerler.com\/\"},{\"@type\":\"ListItem\",\"position\":2,\"name\":\"\u00dcr\u00fcnler\",\"item\":\"https:\/\/dokerler.com\/ru\/proizvodstvo\/\"},{\"@type\":\"ListItem\",\"position\":3,\"name\":\"Elektrof\u00fczyon\",\"item\":\"https:\/\/dokerler.com\/ru\/proizvodstvo\/elektromufta\/\"},{\"@type\":\"ListItem\",\"position\":4,\"name\":\"PE100-EF 45\u00b0 Dirsek\"}]},{\"@type\":\"WebSite\",\"@id\":\"https:\/\/dokerler.com\/#website\",\"url\":\"https:\/\/dokerler.com\/\",\"name\":\"D\u00f6kerler D\u00f6k\u00fcm ve Plastik Polietilen San. \u0130th. \u0130hr. ve Tic. Ltd. \u015eti.\",\"description\":\"\",\"potentialAction\":[{\"@type\":\"SearchAction\",\"target\":{\"@type\":\"EntryPoint\",\"urlTemplate\":\"https:\/\/dokerler.com\/?s={search_term_string}\"},\"query-input\":{\"@type\":\"PropertyValueSpecification\",\"valueRequired\":true,\"valueName\":\"search_term_string\"}}],\"inLanguage\":\"tr\"}]}<\/script>\n<!-- \/ Yoast SEO plugin. -->","yoast_head_json":{"title":"PE100-EF 45\u00b0 Dirsek - D\u00f6kerler D\u00f6k\u00fcm ve Plastik Polietilen San. \u0130th. \u0130hr. ve Tic. Ltd. \u015eti.","robots":{"index":"index","follow":"follow","max-snippet":"max-snippet:-1","max-image-preview":"max-image-preview:large","max-video-preview":"max-video-preview:-1"},"canonical":"https:\/\/dokerler.com\/products\/electrofusion\/electrofusion-elbow-45\/","og_locale":"tr_TR","og_type":"article","og_title":"PE100-EF 45\u00b0 Dirsek - D\u00f6kerler D\u00f6k\u00fcm ve Plastik Polietilen San. \u0130th. \u0130hr. ve Tic. Ltd. \u015eti.","og_description":"PE100-EF 45\u00b0 Dirsek Home Page Elektrof\u00fczyon PE-100 EF 45\u00b0 D\u0130RSEK PE100 SDR11-SDR17 EF Dirsekler, PE100 hammaddesinden, standartlara uygun olarak, belirli \u00e7aplarda ve belirli a\u00e7\u0131larda, EF kaynak y\u00f6ntemine uygun rezistans teli yerle\u015ftirilerek \u00fcretilen boru ek par\u00e7alar\u0131d\u0131r. Ayn\u0131 \u00e7aptaki iki PE100 boruyu 90\u00ba, 60\u00ba, 45\u00ba, 30\u00ba, 22,5\u00ba veya 11,25\u00ba&nbsp; a\u00e7\u0131 ile istenilen y\u00f6nde d\u00f6nd\u00fcrmek i\u00e7in kullan\u0131l\u0131r. TEKL\u0130F [&hellip;]","og_url":"https:\/\/dokerler.com\/products\/electrofusion\/electrofusion-elbow-45\/","og_site_name":"D\u00f6kerler D\u00f6k\u00fcm ve Plastik Polietilen San. \u0130th. \u0130hr. ve Tic. Ltd. \u015eti.","article_modified_time":"2025-06-12T10:27:35+00:00","og_image":[{"url":"https:\/\/dokerler.com\/wp-content\/uploads\/2024\/02\/ef-45-dirsek-2-580x600.jpeg","type":"","width":"","height":""}],"twitter_card":"summary_large_image","twitter_misc":{"Tahmini okuma s\u00fcresi":"2 dakika"},"schema":{"@context":"https:\/\/schema.org","@graph":[{"@type":"WebPage","@id":"https:\/\/dokerler.com\/products\/electrofusion\/electrofusion-elbow-45\/","url":"https:\/\/dokerler.com\/products\/electrofusion\/electrofusion-elbow-45\/","name":"PE100-EF 45\u00b0 Dirsek - D\u00f6kerler D\u00f6k\u00fcm ve Plastik Polietilen San. \u0130th. \u0130hr. ve Tic. Ltd. \u015eti.","isPartOf":{"@id":"https:\/\/dokerler.com\/#website"},"primaryImageOfPage":{"@id":"https:\/\/dokerler.com\/products\/electrofusion\/electrofusion-elbow-45\/#primaryimage"},"image":{"@id":"https:\/\/dokerler.com\/products\/electrofusion\/electrofusion-elbow-45\/#primaryimage"},"thumbnailUrl":"https:\/\/dokerler.com\/wp-content\/uploads\/2024\/02\/ef-45-dirsek-2-580x600.jpeg","datePublished":"2024-02-06T10:09:41+00:00","dateModified":"2025-06-12T10:27:35+00:00","breadcrumb":{"@id":"https:\/\/dokerler.com\/products\/electrofusion\/electrofusion-elbow-45\/#breadcrumb"},"inLanguage":"tr","potentialAction":[{"@type":"ReadAction","target":["https:\/\/dokerler.com\/products\/electrofusion\/electrofusion-elbow-45\/"]}]},{"@type":"ImageObject","inLanguage":"tr","@id":"https:\/\/dokerler.com\/products\/electrofusion\/electrofusion-elbow-45\/#primaryimage","url":"https:\/\/dokerler.com\/wp-content\/uploads\/2024\/02\/ef-45-dirsek-2-580x600.jpeg","contentUrl":"https:\/\/dokerler.com\/wp-content\/uploads\/2024\/02\/ef-45-dirsek-2-580x600.jpeg"},{"@type":"BreadcrumbList","@id":"https:\/\/dokerler.com\/products\/electrofusion\/electrofusion-elbow-45\/#breadcrumb","itemListElement":[{"@type":"ListItem","position":1,"name":"Home","item":"https:\/\/dokerler.com\/"},{"@type":"ListItem","position":2,"name":"\u00dcr\u00fcnler","item":"https:\/\/dokerler.com\/ru\/proizvodstvo\/"},{"@type":"ListItem","position":3,"name":"Elektrof\u00fczyon","item":"https:\/\/dokerler.com\/ru\/proizvodstvo\/elektromufta\/"},{"@type":"ListItem","position":4,"name":"PE100-EF 45\u00b0 Dirsek"}]},{"@type":"WebSite","@id":"https:\/\/dokerler.com\/#website","url":"https:\/\/dokerler.com\/","name":"D\u00f6kerler D\u00f6k\u00fcm ve Plastik Polietilen San. \u0130th. \u0130hr. ve Tic. Ltd. \u015eti.","description":"","potentialAction":[{"@type":"SearchAction","target":{"@type":"EntryPoint","urlTemplate":"https:\/\/dokerler.com\/?s={search_term_string}"},"query-input":{"@type":"PropertyValueSpecification","valueRequired":true,"valueName":"search_term_string"}}],"inLanguage":"tr"}]}},"_links":{"self":[{"href":"https:\/\/dokerler.com\/tr\/wp-json\/wp\/v2\/pages\/3287","targetHints":{"allow":["GET"]}}],"collection":[{"href":"https:\/\/dokerler.com\/tr\/wp-json\/wp\/v2\/pages"}],"about":[{"href":"https:\/\/dokerler.com\/tr\/wp-json\/wp\/v2\/types\/page"}],"author":[{"embeddable":true,"href":"https:\/\/dokerler.com\/tr\/wp-json\/wp\/v2\/users\/1"}],"replies":[{"embeddable":true,"href":"https:\/\/dokerler.com\/tr\/wp-json\/wp\/v2\/comments?post=3287"}],"version-history":[{"count":24,"href":"https:\/\/dokerler.com\/tr\/wp-json\/wp\/v2\/pages\/3287\/revisions"}],"predecessor-version":[{"id":6345,"href":"https:\/\/dokerler.com\/tr\/wp-json\/wp\/v2\/pages\/3287\/revisions\/6345"}],"up":[{"embeddable":true,"href":"https:\/\/dokerler.com\/tr\/wp-json\/wp\/v2\/pages\/3338"}],"wp:attachment":[{"href":"https:\/\/dokerler.com\/tr\/wp-json\/wp\/v2\/media?parent=3287"}],"curies":[{"name":"wp","href":"https:\/\/api.w.org\/{rel}","templated":true}]}}