{"id":3255,"date":"2024-02-06T10:17:01","date_gmt":"2024-02-06T10:17:01","guid":{"rendered":"https:\/\/dokerler.com\/hdpe-ef-sele\/"},"modified":"2024-03-27T13:20:27","modified_gmt":"2024-03-27T13:20:27","slug":"pe100-ef-semer","status":"publish","type":"page","link":"https:\/\/dokerler.com\/tr\/urunler\/elektrofuzyon\/pe100-ef-semer\/","title":{"rendered":"PE100-EF Semer"},"content":{"rendered":"\t\t<div data-elementor-type=\"wp-page\" data-elementor-id=\"3255\" class=\"elementor elementor-3255\">\n\t\t\t\t\t\t<section class=\"elementor-section elementor-top-section elementor-element elementor-element-9ad4ab0 elementor-section-full_width elementor-section-height-default elementor-section-height-default\" data-id=\"9ad4ab0\" data-element_type=\"section\">\n\t\t\t\t\t\t<div class=\"elementor-container elementor-column-gap-default\">\n\t\t\t\t\t<div class=\"elementor-column elementor-col-100 elementor-top-column elementor-element elementor-element-1777117\" data-id=\"1777117\" data-element_type=\"column\">\n\t\t\t<div class=\"elementor-widget-wrap elementor-element-populated\">\n\t\t\t\t\t\t<div class=\"elementor-element elementor-element-855f2e1 elementor-widget elementor-widget-gva_post_breadcrumb\" data-id=\"855f2e1\" data-element_type=\"widget\" data-widget_type=\"gva_post_breadcrumb.default\">\n\t\t\t\t<div class=\"elementor-widget-container\">\n\t\t\t\t\t<div class=\"gva-element-gva_post_breadcrumb gva-element\">   \r\n<div class=\"post-breadcrumb\">\r\n   <div class=\"custom-breadcrumb \" >\r\n            <div class=\"breadcrumb-main\">\r\n        <div class=\"container\">\r\n          <div class=\"breadcrumb-container-inner\">\r\n            <h2 class=\"heading-title\">PE100-EF Semer<\/h2><ol class=\"breadcrumb\"><li><a href=\"https:\/\/dokerler.com\/tr\/\">Home<\/a> <\/li> <li class=\"active\">Sayfa<\/li><\/ol>          <\/div>  \r\n        <\/div>   \r\n      <\/div>  \r\n   <\/div>\r\n<\/div>      \r\n\r\n<\/div>\t\t\t\t<\/div>\n\t\t\t\t<\/div>\n\t\t\t\t\t<\/div>\n\t\t<\/div>\n\t\t\t\t\t<\/div>\n\t\t<\/section>\n\t\t\t\t<section class=\"elementor-section elementor-top-section elementor-element elementor-element-a6c6e99 elementor-section-boxed elementor-section-height-default elementor-section-height-default\" data-id=\"a6c6e99\" data-element_type=\"section\">\n\t\t\t\t\t\t<div class=\"elementor-container elementor-column-gap-default\">\n\t\t\t\t\t<div class=\"elementor-column elementor-col-100 elementor-top-column elementor-element elementor-element-7f71a7e\" data-id=\"7f71a7e\" data-element_type=\"column\">\n\t\t\t<div class=\"elementor-widget-wrap elementor-element-populated\">\n\t\t\t\t\t\t<div class=\"elementor-element elementor-element-eec6306 elementor-widget elementor-widget-gva-heading-block\" data-id=\"eec6306\" data-element_type=\"widget\" data-widget_type=\"gva-heading-block.default\">\n\t\t\t\t<div class=\"elementor-widget-container\">\n\t\t\t\t\t<div class=\"gva-element-gva-heading-block gva-element\">   <div class=\"align-left style-1 widget gsc-heading box-align-left auto-responsive\">\r\n      <div class=\"content-inner\">\r\n         \r\n                  \r\n         <div class=\"sub-title\"><span class=\"tagline\">Elektrof\u00fczyon<\/span><\/div>  \r\n         \r\n                     <h2 class=\"title\">\r\n               <span>PE100-EF SEMER<\/span>\r\n            <\/h2>\r\n                  \r\n         \r\n         \r\n      <\/div>\r\n   <\/div>\r\n<\/div>\t\t\t\t<\/div>\n\t\t\t\t<\/div>\n\t\t\t\t<div class=\"elementor-element elementor-element-c321fa2 elementor-widget elementor-widget-gva-gallery\" data-id=\"c321fa2\" data-element_type=\"widget\" data-widget_type=\"gva-gallery.default\">\n\t\t\t\t<div class=\"elementor-widget-container\">\n\t\t\t\t\t<div class=\"gva-element-gva-gallery gva-element\">  \r\n  \t<div class=\"gva-gallery-grid clearfix\">\r\n\t\t<div class=\"gva-content-items\"> \r\n\t\t  \t<div class=\"lg-block-grid-3 md-block-grid-3 sm-block-grid-2 xs-block-grid-1 xx-block-grid-1\">\r\n\t\t\t \t<div class=\"item\">\r\n<div class=\"gallery-item style-1\">\r\n         <div class=\"image\">\r\n         <img decoding=\"async\" src=\"https:\/\/dokerler.com\/wp-content\/uploads\/2024\/02\/HDPE-EF-Saddle-580x600.jpeg\" alt=\"\" \/>  \r\n      <\/div>\r\n      <a class=\"photo-gallery\" href=\"https:\/\/dokerler.com\/wp-content\/uploads\/2024\/02\/HDPE-EF-Saddle.jpeg\" data-elementor-lightbox-slideshow=\"gallery-o8tk\" aria-label=\"gallery\"><i class=\"fas fa-expand\"><\/i><\/a>\r\n   \r\n   <div class=\"image-content\">\r\n      <div class=\"content-inner\">\r\n                        <\/div>   \r\n   <\/div>\r\n<\/div>\r\n<\/div><div class=\"item\">\r\n<div class=\"gallery-item style-1\">\r\n         <div class=\"image\">\r\n         <img decoding=\"async\" src=\"https:\/\/dokerler.com\/wp-content\/uploads\/2024\/02\/HDPE-EF-Saddle-1-580x690.jpeg\" alt=\"\" \/>  \r\n      <\/div>\r\n      <a class=\"photo-gallery\" href=\"https:\/\/dokerler.com\/wp-content\/uploads\/2024\/02\/HDPE-EF-Saddle-1.jpeg\" data-elementor-lightbox-slideshow=\"gallery-o8tk\" aria-label=\"gallery\"><i class=\"fas fa-expand\"><\/i><\/a>\r\n   \r\n   <div class=\"image-content\">\r\n      <div class=\"content-inner\">\r\n                        <\/div>   \r\n   <\/div>\r\n<\/div>\r\n<\/div><div class=\"item\">\r\n<div class=\"gallery-item style-1\">\r\n         <div class=\"image\">\r\n         <img decoding=\"async\" src=\"https:\/\/dokerler.com\/wp-content\/uploads\/2024\/02\/HDPE-EF-Saddle-2.jpeg\" alt=\"\" \/>  \r\n      <\/div>\r\n      <a class=\"photo-gallery\" href=\"https:\/\/dokerler.com\/wp-content\/uploads\/2024\/02\/HDPE-EF-Saddle-2.jpeg\" data-elementor-lightbox-slideshow=\"gallery-o8tk\" aria-label=\"gallery\"><i class=\"fas fa-expand\"><\/i><\/a>\r\n   \r\n   <div class=\"image-content\">\r\n      <div class=\"content-inner\">\r\n                        <\/div>   \r\n   <\/div>\r\n<\/div>\r\n<\/div>\t\t  \t<\/div>\r\n\t\t<\/div>\r\n  \t<\/div>\r\n<\/div>\t\t\t\t<\/div>\n\t\t\t\t<\/div>\n\t\t\t\t<div class=\"elementor-element elementor-element-8fcfb56 elementor-widget__width-initial elementor-widget elementor-widget-text-editor\" data-id=\"8fcfb56\" data-element_type=\"widget\" data-widget_type=\"text-editor.default\">\n\t\t\t\t<div class=\"elementor-widget-container\">\n\t\t\t\t\t\t\t\t\t<h3>PE100 SDR11 \/ PN16 &#8211; SDR17 \/ PN10<\/h3>\n<p class=\"MsoNormal\">EF semer \u00fcr\u00fcn\u00fc borunun herhangi bir yerine yerle\u015ftirilip\nelektrof\u00fczyon kaynak ile kaynat\u0131rl\u0131r ve ana hattan ald\u0131\u011f\u0131 ak\u0131\u015f\u0131 daha k\u00fc\u00e7\u00fck\n\u00e7apl\u0131 borulara 90\u00ba a\u00e7\u0131yla iletir.<o:p><\/o:p><\/p>\t\t\t\t\t\t\t\t<\/div>\n\t\t\t\t<\/div>\n\t\t\t\t<div class=\"elementor-element elementor-element-72bccb6 elementor-widget elementor-widget-html\" data-id=\"72bccb6\" data-element_type=\"widget\" data-widget_type=\"html.default\">\n\t\t\t\t<div class=\"elementor-widget-container\">\n\t\t\t\t\t\n          <a class=\"btn-theme\" href=\"https:\/\/dokerler.com\/tr\/teklif-al\/\">\n TEKL\u0130F AL\n<\/a>\n        \t\t\t\t<\/div>\n\t\t\t\t<\/div>\n\t\t\t\t<div class=\"elementor-element elementor-element-7c6c7bd elementor-widget elementor-widget-text-editor\" data-id=\"7c6c7bd\" data-element_type=\"widget\" data-widget_type=\"text-editor.default\">\n\t\t\t\t<div class=\"elementor-widget-container\">\n\t\t\t\t\t\t\t\t\t<table class=\"table table-striped\">\n<tbody>\n<tr>\n<td>\n  <strong>d<\/strong>\n<\/td>\n<td>\n  <strong>bas\u0131n\u00e7 (bar) <\/strong><br \/>\n  <strong>bas\u0131n\u00e7 (bar)<\/strong>\n<\/td>\n<td>\n  <strong>D (mm)<\/strong>\n<\/td>\n<td>\n  <strong>L (mm)<\/strong>\n<\/td>\n<td>\n  <strong>kg<\/strong>\n<\/td>\n<\/tr>\n<tr>\n<td>\n  <strong>75<\/strong>\n<\/td>\n<td>\n  <strong>pn16<\/strong>\n<\/td>\n<td>160-1200<\/td>\n<td>80<\/td>\n<td>0,400<\/td>\n<\/tr>\n<tr>\n<td>\n  <strong>90<\/strong>\n<\/td>\n<td>\n  <strong>pn16<\/strong>\n<\/td>\n<td>160-1200<\/td>\n<td>90<\/td>\n<td>0,500<\/td>\n<\/tr>\n<tr>\n<td>\n  <strong>110<\/strong>\n<\/td>\n<td>\n  <strong>pn16<\/strong>\n<\/td>\n<td>160-1200<\/td>\n<td>95<\/td>\n<td>0,820<\/td>\n<\/tr>\n<tr>\n<td>\n  <strong>125<\/strong>\n<\/td>\n<td>\n  <strong>pn16<\/strong>\n<\/td>\n<td>160-1200<\/td>\n<td>100<\/td>\n<td>0,980<\/td>\n<\/tr>\n<tr>\n<td>\n  <strong>140<\/strong>\n<\/td>\n<td>\n  <strong>pn16<\/strong>\n<\/td>\n<td>225-1200<\/td>\n<td>105<\/td>\n<td>1,445<\/td>\n<\/tr>\n<tr>\n<td>\n  <strong>160<\/strong>\n<\/td>\n<td>\n  <strong>pn16<\/strong>\n<\/td>\n<td>225-1200<\/td>\n<td>110<\/td>\n<td>1,800<\/td>\n<\/tr>\n<tr>\n<td>\n  <strong>180<\/strong>\n<\/td>\n<td>\n  <strong>pn16<\/strong>\n<\/td>\n<td>225-1200<\/td>\n<td>115<\/td>\n<td>2,000<\/td>\n<\/tr>\n<tr>\n<td>\n  <strong>200<\/strong>\n<\/td>\n<td>\n  <strong>pn16<\/strong>\n<\/td>\n<td>250-1200<\/td>\n<td>125<\/td>\n<td>3,150<\/td>\n<\/tr>\n<tr>\n<td>\n  <strong>225<\/strong>\n<\/td>\n<td>\n  <strong>pn16<\/strong>\n<\/td>\n<td>250-1200<\/td>\n<td>130<\/td>\n<td>3,950<\/td>\n<\/tr>\n<\/tbody>\n<\/table>\n\t\t\t\t\t\t\t\t<\/div>\n\t\t\t\t<\/div>\n\t\t\t\t\t<\/div>\n\t\t<\/div>\n\t\t\t\t\t<\/div>\n\t\t<\/section>\n\t\t\t\t<\/div>\n\t\t","protected":false},"excerpt":{"rendered":"<p>PE100-EF Semer Home Page Elektrof\u00fczyon PE100-EF SEMER PE100 SDR11 \/ PN16 &#8211; SDR17 \/ PN10 EF semer \u00fcr\u00fcn\u00fc borunun herhangi bir yerine yerle\u015ftirilip elektrof\u00fczyon kaynak ile kaynat\u0131rl\u0131r ve ana hattan ald\u0131\u011f\u0131 ak\u0131\u015f\u0131 daha k\u00fc\u00e7\u00fck \u00e7apl\u0131 borulara 90\u00ba a\u00e7\u0131yla iletir. TEKL\u0130F AL d bas\u0131n\u00e7 (bar) bas\u0131n\u00e7 (bar) D (mm) L (mm) kg 75 pn16 160-1200 80 [&hellip;]<\/p>\n","protected":false},"author":1,"featured_media":0,"parent":3338,"menu_order":0,"comment_status":"closed","ping_status":"closed","template":"","meta":{"footnotes":""},"class_list":["post-3255","page","type-page","status-publish","hentry"],"yoast_head":"<!-- This site is optimized with the Yoast SEO plugin v25.9 - https:\/\/yoast.com\/wordpress\/plugins\/seo\/ -->\n<title>PE100-EF Semer - D\u00f6kerler D\u00f6k\u00fcm ve Plastik Polietilen San. \u0130th. \u0130hr. ve Tic. Ltd. \u015eti.<\/title>\n<meta name=\"robots\" content=\"index, follow, max-snippet:-1, max-image-preview:large, max-video-preview:-1\" \/>\n<link rel=\"canonical\" href=\"https:\/\/dokerler.com\/tr\/urunler\/elektrofuzyon\/pe100-ef-semer\/\" \/>\n<meta property=\"og:locale\" content=\"tr_TR\" \/>\n<meta property=\"og:type\" content=\"article\" \/>\n<meta property=\"og:title\" content=\"PE100-EF Semer - D\u00f6kerler D\u00f6k\u00fcm ve Plastik Polietilen San. \u0130th. \u0130hr. ve Tic. Ltd. \u015eti.\" \/>\n<meta property=\"og:description\" content=\"PE100-EF Semer Home Page Elektrof\u00fczyon PE100-EF SEMER PE100 SDR11 \/ PN16 &#8211; SDR17 \/ PN10 EF semer \u00fcr\u00fcn\u00fc borunun herhangi bir yerine yerle\u015ftirilip elektrof\u00fczyon kaynak ile kaynat\u0131rl\u0131r ve ana hattan ald\u0131\u011f\u0131 ak\u0131\u015f\u0131 daha k\u00fc\u00e7\u00fck \u00e7apl\u0131 borulara 90\u00ba a\u00e7\u0131yla iletir. TEKL\u0130F AL d bas\u0131n\u00e7 (bar) bas\u0131n\u00e7 (bar) D (mm) L (mm) kg 75 pn16 160-1200 80 [&hellip;]\" \/>\n<meta property=\"og:url\" content=\"https:\/\/dokerler.com\/tr\/urunler\/elektrofuzyon\/pe100-ef-semer\/\" \/>\n<meta property=\"og:site_name\" content=\"D\u00f6kerler D\u00f6k\u00fcm ve Plastik Polietilen San. \u0130th. \u0130hr. ve Tic. Ltd. \u015eti.\" \/>\n<meta property=\"article:modified_time\" content=\"2024-03-27T13:20:27+00:00\" \/>\n<meta property=\"og:image\" content=\"https:\/\/dokerler.com\/wp-content\/uploads\/2024\/02\/HDPE-EF-Saddle-580x600.jpeg\" \/>\n<meta name=\"twitter:card\" content=\"summary_large_image\" \/>\n<meta name=\"twitter:label1\" content=\"Tahmini okuma s\u00fcresi\" \/>\n\t<meta name=\"twitter:data1\" content=\"2 dakika\" \/>\n<script type=\"application\/ld+json\" class=\"yoast-schema-graph\">{\"@context\":\"https:\/\/schema.org\",\"@graph\":[{\"@type\":\"WebPage\",\"@id\":\"https:\/\/dokerler.com\/tr\/urunler\/elektrofuzyon\/pe100-ef-semer\/\",\"url\":\"https:\/\/dokerler.com\/tr\/urunler\/elektrofuzyon\/pe100-ef-semer\/\",\"name\":\"PE100-EF Semer - D\u00f6kerler D\u00f6k\u00fcm ve Plastik Polietilen San. \u0130th. \u0130hr. ve Tic. Ltd. \u015eti.\",\"isPartOf\":{\"@id\":\"https:\/\/dokerler.com\/#website\"},\"primaryImageOfPage\":{\"@id\":\"https:\/\/dokerler.com\/tr\/urunler\/elektrofuzyon\/pe100-ef-semer\/#primaryimage\"},\"image\":{\"@id\":\"https:\/\/dokerler.com\/tr\/urunler\/elektrofuzyon\/pe100-ef-semer\/#primaryimage\"},\"thumbnailUrl\":\"https:\/\/dokerler.com\/wp-content\/uploads\/2024\/02\/HDPE-EF-Saddle-580x600.jpeg\",\"datePublished\":\"2024-02-06T10:17:01+00:00\",\"dateModified\":\"2024-03-27T13:20:27+00:00\",\"breadcrumb\":{\"@id\":\"https:\/\/dokerler.com\/tr\/urunler\/elektrofuzyon\/pe100-ef-semer\/#breadcrumb\"},\"inLanguage\":\"tr\",\"potentialAction\":[{\"@type\":\"ReadAction\",\"target\":[\"https:\/\/dokerler.com\/tr\/urunler\/elektrofuzyon\/pe100-ef-semer\/\"]}]},{\"@type\":\"ImageObject\",\"inLanguage\":\"tr\",\"@id\":\"https:\/\/dokerler.com\/tr\/urunler\/elektrofuzyon\/pe100-ef-semer\/#primaryimage\",\"url\":\"https:\/\/dokerler.com\/wp-content\/uploads\/2024\/02\/HDPE-EF-Saddle-580x600.jpeg\",\"contentUrl\":\"https:\/\/dokerler.com\/wp-content\/uploads\/2024\/02\/HDPE-EF-Saddle-580x600.jpeg\"},{\"@type\":\"BreadcrumbList\",\"@id\":\"https:\/\/dokerler.com\/tr\/urunler\/elektrofuzyon\/pe100-ef-semer\/#breadcrumb\",\"itemListElement\":[{\"@type\":\"ListItem\",\"position\":1,\"name\":\"Home\",\"item\":\"https:\/\/dokerler.com\/\"},{\"@type\":\"ListItem\",\"position\":2,\"name\":\"\u00dcr\u00fcnler\",\"item\":\"https:\/\/dokerler.com\/ru\/proizvodstvo\/\"},{\"@type\":\"ListItem\",\"position\":3,\"name\":\"Elektrof\u00fczyon\",\"item\":\"https:\/\/dokerler.com\/ru\/proizvodstvo\/elektromufta\/\"},{\"@type\":\"ListItem\",\"position\":4,\"name\":\"PE100-EF Semer\"}]},{\"@type\":\"WebSite\",\"@id\":\"https:\/\/dokerler.com\/#website\",\"url\":\"https:\/\/dokerler.com\/\",\"name\":\"D\u00f6kerler D\u00f6k\u00fcm ve Plastik Polietilen San. \u0130th. \u0130hr. ve Tic. Ltd. \u015eti.\",\"description\":\"\",\"potentialAction\":[{\"@type\":\"SearchAction\",\"target\":{\"@type\":\"EntryPoint\",\"urlTemplate\":\"https:\/\/dokerler.com\/?s={search_term_string}\"},\"query-input\":{\"@type\":\"PropertyValueSpecification\",\"valueRequired\":true,\"valueName\":\"search_term_string\"}}],\"inLanguage\":\"tr\"}]}<\/script>\n<!-- \/ Yoast SEO plugin. -->","yoast_head_json":{"title":"PE100-EF Semer - D\u00f6kerler D\u00f6k\u00fcm ve Plastik Polietilen San. \u0130th. \u0130hr. ve Tic. Ltd. \u015eti.","robots":{"index":"index","follow":"follow","max-snippet":"max-snippet:-1","max-image-preview":"max-image-preview:large","max-video-preview":"max-video-preview:-1"},"canonical":"https:\/\/dokerler.com\/tr\/urunler\/elektrofuzyon\/pe100-ef-semer\/","og_locale":"tr_TR","og_type":"article","og_title":"PE100-EF Semer - D\u00f6kerler D\u00f6k\u00fcm ve Plastik Polietilen San. \u0130th. \u0130hr. ve Tic. Ltd. \u015eti.","og_description":"PE100-EF Semer Home Page Elektrof\u00fczyon PE100-EF SEMER PE100 SDR11 \/ PN16 &#8211; SDR17 \/ PN10 EF semer \u00fcr\u00fcn\u00fc borunun herhangi bir yerine yerle\u015ftirilip elektrof\u00fczyon kaynak ile kaynat\u0131rl\u0131r ve ana hattan ald\u0131\u011f\u0131 ak\u0131\u015f\u0131 daha k\u00fc\u00e7\u00fck \u00e7apl\u0131 borulara 90\u00ba a\u00e7\u0131yla iletir. TEKL\u0130F AL d bas\u0131n\u00e7 (bar) bas\u0131n\u00e7 (bar) D (mm) L (mm) kg 75 pn16 160-1200 80 [&hellip;]","og_url":"https:\/\/dokerler.com\/tr\/urunler\/elektrofuzyon\/pe100-ef-semer\/","og_site_name":"D\u00f6kerler D\u00f6k\u00fcm ve Plastik Polietilen San. \u0130th. \u0130hr. ve Tic. Ltd. \u015eti.","article_modified_time":"2024-03-27T13:20:27+00:00","og_image":[{"url":"https:\/\/dokerler.com\/wp-content\/uploads\/2024\/02\/HDPE-EF-Saddle-580x600.jpeg","type":"","width":"","height":""}],"twitter_card":"summary_large_image","twitter_misc":{"Tahmini okuma s\u00fcresi":"2 dakika"},"schema":{"@context":"https:\/\/schema.org","@graph":[{"@type":"WebPage","@id":"https:\/\/dokerler.com\/tr\/urunler\/elektrofuzyon\/pe100-ef-semer\/","url":"https:\/\/dokerler.com\/tr\/urunler\/elektrofuzyon\/pe100-ef-semer\/","name":"PE100-EF Semer - D\u00f6kerler D\u00f6k\u00fcm ve Plastik Polietilen San. \u0130th. \u0130hr. ve Tic. Ltd. \u015eti.","isPartOf":{"@id":"https:\/\/dokerler.com\/#website"},"primaryImageOfPage":{"@id":"https:\/\/dokerler.com\/tr\/urunler\/elektrofuzyon\/pe100-ef-semer\/#primaryimage"},"image":{"@id":"https:\/\/dokerler.com\/tr\/urunler\/elektrofuzyon\/pe100-ef-semer\/#primaryimage"},"thumbnailUrl":"https:\/\/dokerler.com\/wp-content\/uploads\/2024\/02\/HDPE-EF-Saddle-580x600.jpeg","datePublished":"2024-02-06T10:17:01+00:00","dateModified":"2024-03-27T13:20:27+00:00","breadcrumb":{"@id":"https:\/\/dokerler.com\/tr\/urunler\/elektrofuzyon\/pe100-ef-semer\/#breadcrumb"},"inLanguage":"tr","potentialAction":[{"@type":"ReadAction","target":["https:\/\/dokerler.com\/tr\/urunler\/elektrofuzyon\/pe100-ef-semer\/"]}]},{"@type":"ImageObject","inLanguage":"tr","@id":"https:\/\/dokerler.com\/tr\/urunler\/elektrofuzyon\/pe100-ef-semer\/#primaryimage","url":"https:\/\/dokerler.com\/wp-content\/uploads\/2024\/02\/HDPE-EF-Saddle-580x600.jpeg","contentUrl":"https:\/\/dokerler.com\/wp-content\/uploads\/2024\/02\/HDPE-EF-Saddle-580x600.jpeg"},{"@type":"BreadcrumbList","@id":"https:\/\/dokerler.com\/tr\/urunler\/elektrofuzyon\/pe100-ef-semer\/#breadcrumb","itemListElement":[{"@type":"ListItem","position":1,"name":"Home","item":"https:\/\/dokerler.com\/"},{"@type":"ListItem","position":2,"name":"\u00dcr\u00fcnler","item":"https:\/\/dokerler.com\/ru\/proizvodstvo\/"},{"@type":"ListItem","position":3,"name":"Elektrof\u00fczyon","item":"https:\/\/dokerler.com\/ru\/proizvodstvo\/elektromufta\/"},{"@type":"ListItem","position":4,"name":"PE100-EF Semer"}]},{"@type":"WebSite","@id":"https:\/\/dokerler.com\/#website","url":"https:\/\/dokerler.com\/","name":"D\u00f6kerler D\u00f6k\u00fcm ve Plastik Polietilen San. \u0130th. \u0130hr. ve Tic. Ltd. \u015eti.","description":"","potentialAction":[{"@type":"SearchAction","target":{"@type":"EntryPoint","urlTemplate":"https:\/\/dokerler.com\/?s={search_term_string}"},"query-input":{"@type":"PropertyValueSpecification","valueRequired":true,"valueName":"search_term_string"}}],"inLanguage":"tr"}]}},"_links":{"self":[{"href":"https:\/\/dokerler.com\/tr\/wp-json\/wp\/v2\/pages\/3255","targetHints":{"allow":["GET"]}}],"collection":[{"href":"https:\/\/dokerler.com\/tr\/wp-json\/wp\/v2\/pages"}],"about":[{"href":"https:\/\/dokerler.com\/tr\/wp-json\/wp\/v2\/types\/page"}],"author":[{"embeddable":true,"href":"https:\/\/dokerler.com\/tr\/wp-json\/wp\/v2\/users\/1"}],"replies":[{"embeddable":true,"href":"https:\/\/dokerler.com\/tr\/wp-json\/wp\/v2\/comments?post=3255"}],"version-history":[{"count":23,"href":"https:\/\/dokerler.com\/tr\/wp-json\/wp\/v2\/pages\/3255\/revisions"}],"predecessor-version":[{"id":5821,"href":"https:\/\/dokerler.com\/tr\/wp-json\/wp\/v2\/pages\/3255\/revisions\/5821"}],"up":[{"embeddable":true,"href":"https:\/\/dokerler.com\/tr\/wp-json\/wp\/v2\/pages\/3338"}],"wp:attachment":[{"href":"https:\/\/dokerler.com\/tr\/wp-json\/wp\/v2\/media?parent=3255"}],"curies":[{"name":"wp","href":"https:\/\/api.w.org\/{rel}","templated":true}]}}