{"id":3245,"date":"2024-02-06T10:20:29","date_gmt":"2024-02-06T10:20:29","guid":{"rendered":"https:\/\/dokerler.com\/hdpe-ef-kaplin\/"},"modified":"2025-06-12T10:20:45","modified_gmt":"2025-06-12T10:20:45","slug":"pe100-ef-manson","status":"publish","type":"page","link":"https:\/\/dokerler.com\/tr\/urunler\/elektrofuzyon\/pe100-ef-manson\/","title":{"rendered":"PE100-EF Man\u015fon"},"content":{"rendered":"\t\t<div data-elementor-type=\"wp-page\" data-elementor-id=\"3245\" class=\"elementor elementor-3245\">\n\t\t\t\t\t\t<section class=\"elementor-section elementor-top-section elementor-element elementor-element-9ad4ab0 elementor-section-full_width elementor-section-height-default elementor-section-height-default\" data-id=\"9ad4ab0\" data-element_type=\"section\">\n\t\t\t\t\t\t<div class=\"elementor-container elementor-column-gap-default\">\n\t\t\t\t\t<div class=\"elementor-column elementor-col-100 elementor-top-column elementor-element elementor-element-1777117\" data-id=\"1777117\" data-element_type=\"column\">\n\t\t\t<div class=\"elementor-widget-wrap elementor-element-populated\">\n\t\t\t\t\t\t<div class=\"elementor-element elementor-element-855f2e1 elementor-widget elementor-widget-gva_post_breadcrumb\" data-id=\"855f2e1\" data-element_type=\"widget\" data-widget_type=\"gva_post_breadcrumb.default\">\n\t\t\t\t<div class=\"elementor-widget-container\">\n\t\t\t\t\t<div class=\"gva-element-gva_post_breadcrumb gva-element\">   \r\n<div class=\"post-breadcrumb\">\r\n   <div class=\"custom-breadcrumb \" >\r\n            <div class=\"breadcrumb-main\">\r\n        <div class=\"container\">\r\n          <div class=\"breadcrumb-container-inner\">\r\n            <h2 class=\"heading-title\">PE100-EF Man\u015fon<\/h2><ol class=\"breadcrumb\"><li><a href=\"https:\/\/dokerler.com\/tr\/\">Home<\/a> <\/li> <li class=\"active\">Sayfa<\/li><\/ol>          <\/div>  \r\n        <\/div>   \r\n      <\/div>  \r\n   <\/div>\r\n<\/div>      \r\n\r\n<\/div>\t\t\t\t<\/div>\n\t\t\t\t<\/div>\n\t\t\t\t\t<\/div>\n\t\t<\/div>\n\t\t\t\t\t<\/div>\n\t\t<\/section>\n\t\t\t\t<section class=\"elementor-section elementor-top-section elementor-element elementor-element-a6c6e99 elementor-section-boxed elementor-section-height-default elementor-section-height-default\" data-id=\"a6c6e99\" data-element_type=\"section\">\n\t\t\t\t\t\t<div class=\"elementor-container elementor-column-gap-default\">\n\t\t\t\t\t<div class=\"elementor-column elementor-col-100 elementor-top-column elementor-element elementor-element-7f71a7e\" data-id=\"7f71a7e\" data-element_type=\"column\">\n\t\t\t<div class=\"elementor-widget-wrap elementor-element-populated\">\n\t\t\t\t\t\t<div class=\"elementor-element elementor-element-eec6306 elementor-widget elementor-widget-gva-heading-block\" data-id=\"eec6306\" data-element_type=\"widget\" data-widget_type=\"gva-heading-block.default\">\n\t\t\t\t<div class=\"elementor-widget-container\">\n\t\t\t\t\t<div class=\"gva-element-gva-heading-block gva-element\">   <div class=\"align-left style-1 widget gsc-heading box-align-left auto-responsive\">\r\n      <div class=\"content-inner\">\r\n         \r\n                  \r\n         <div class=\"sub-title\"><span class=\"tagline\">Elektrof\u00fczyon<\/span><\/div>  \r\n         \r\n                     <h2 class=\"title\">\r\n               <span>PE100-EF Man\u015fon<\/span>\r\n            <\/h2>\r\n                  \r\n         \r\n         \r\n      <\/div>\r\n   <\/div>\r\n<\/div>\t\t\t\t<\/div>\n\t\t\t\t<\/div>\n\t\t\t\t<div class=\"elementor-element elementor-element-c321fa2 elementor-widget elementor-widget-gva-gallery\" data-id=\"c321fa2\" data-element_type=\"widget\" data-widget_type=\"gva-gallery.default\">\n\t\t\t\t<div class=\"elementor-widget-container\">\n\t\t\t\t\t<div class=\"gva-element-gva-gallery gva-element\">  \r\n  \t<div class=\"gva-gallery-grid clearfix\">\r\n\t\t<div class=\"gva-content-items\"> \r\n\t\t  \t<div class=\"lg-block-grid-3 md-block-grid-3 sm-block-grid-2 xs-block-grid-1 xx-block-grid-1\">\r\n\t\t\t \t<div class=\"item\">\r\n<div class=\"gallery-item style-1\">\r\n         <div class=\"image\">\r\n         <img decoding=\"async\" src=\"https:\/\/dokerler.com\/wp-content\/uploads\/2024\/02\/HDPE-EF-Coupler-580x600.jpeg\" alt=\"\" \/>  \r\n      <\/div>\r\n      <a class=\"photo-gallery\" href=\"https:\/\/dokerler.com\/wp-content\/uploads\/2024\/02\/HDPE-EF-Coupler.jpeg\" data-elementor-lightbox-slideshow=\"gallery-uxvk\" aria-label=\"gallery\"><i class=\"fas fa-expand\"><\/i><\/a>\r\n   \r\n   <div class=\"image-content\">\r\n      <div class=\"content-inner\">\r\n                        <\/div>   \r\n   <\/div>\r\n<\/div>\r\n<\/div><div class=\"item\">\r\n<div class=\"gallery-item style-1\">\r\n         <div class=\"image\">\r\n         <img decoding=\"async\" src=\"https:\/\/dokerler.com\/wp-content\/uploads\/2024\/02\/HDPE-EF-Coupler-2-580x600.jpeg\" alt=\"\" \/>  \r\n      <\/div>\r\n      <a class=\"photo-gallery\" href=\"https:\/\/dokerler.com\/wp-content\/uploads\/2024\/02\/HDPE-EF-Coupler-2.jpeg\" data-elementor-lightbox-slideshow=\"gallery-uxvk\" aria-label=\"gallery\"><i class=\"fas fa-expand\"><\/i><\/a>\r\n   \r\n   <div class=\"image-content\">\r\n      <div class=\"content-inner\">\r\n                        <\/div>   \r\n   <\/div>\r\n<\/div>\r\n<\/div><div class=\"item\">\r\n<div class=\"gallery-item style-1\">\r\n         <div class=\"image\">\r\n         <img decoding=\"async\" src=\"https:\/\/dokerler.com\/wp-content\/uploads\/2024\/02\/HDPE-EF-Coupler-3-580x600.jpeg\" alt=\"\" \/>  \r\n      <\/div>\r\n      <a class=\"photo-gallery\" href=\"https:\/\/dokerler.com\/wp-content\/uploads\/2024\/02\/HDPE-EF-Coupler-3.jpeg\" data-elementor-lightbox-slideshow=\"gallery-uxvk\" aria-label=\"gallery\"><i class=\"fas fa-expand\"><\/i><\/a>\r\n   \r\n   <div class=\"image-content\">\r\n      <div class=\"content-inner\">\r\n                        <\/div>   \r\n   <\/div>\r\n<\/div>\r\n<\/div>\t\t  \t<\/div>\r\n\t\t<\/div>\r\n  \t<\/div>\r\n<\/div>\t\t\t\t<\/div>\n\t\t\t\t<\/div>\n\t\t\t\t<div class=\"elementor-element elementor-element-8fcfb56 elementor-widget elementor-widget-text-editor\" data-id=\"8fcfb56\" data-element_type=\"widget\" data-widget_type=\"text-editor.default\">\n\t\t\t\t<div class=\"elementor-widget-container\">\n\t\t\t\t\t\t\t\t\t<h3 class=\"table-title\">PE100 SDR11<\/h3>\n<p class=\"MsoNormal\">EF Man\u015fon, \u00f6zellikle gaz ve s\u0131v\u0131 boru hatlar\u0131nda kullan\u0131l\u0131r.\nBu ba\u011flant\u0131 par\u00e7as\u0131, ayn\u0131 \u00e7aptaki iki PE100 veya PE80 boruyu birle\u015ftirmek i\u00e7in\nkullan\u0131l\u0131r. Elektrof\u00fczyon kaynak y\u00f6ntemiyle, ef man\u015fon i\u00e7indeki rezistanslara\nak\u0131m uygulanarak olu\u015fan \u0131s\u0131 sayesinde, man\u015fonun ve borular\u0131n birbirine deyen\ny\u00fczeylerinin eriyerek yap\u0131\u015fmas\u0131n\u0131 sa\u011flar.<o:p><\/o:p><\/p>\t\t\t\t\t\t\t\t<\/div>\n\t\t\t\t<\/div>\n\t\t<div class=\"elementor-element elementor-element-754a009 e-grid e-con-boxed e-con e-parent\" data-id=\"754a009\" data-element_type=\"container\">\n\t\t\t\t\t<div class=\"e-con-inner\">\n\t\t\t\t<div class=\"elementor-element elementor-element-9475fda elementor-widget elementor-widget-html\" data-id=\"9475fda\" data-element_type=\"widget\" data-widget_type=\"html.default\">\n\t\t\t\t<div class=\"elementor-widget-container\">\n\t\t\t\t\t\n          <a class=\"btn-theme\" href=\"https:\/\/dokerler.com\/tr\/teklif-al\/\">\n  TEKL\u0130F AL\n<\/a>\n        \t\t\t\t<\/div>\n\t\t\t\t<\/div>\n\t\t\t\t\t<\/div>\n\t\t\t\t<\/div>\n\t\t\t\t<div class=\"elementor-element elementor-element-e996bde elementor-widget elementor-widget-text-editor\" data-id=\"e996bde\" data-element_type=\"widget\" data-widget_type=\"text-editor.default\">\n\t\t\t\t<div class=\"elementor-widget-container\">\n\t\t\t\t\t\t\t\t\t<table class=\"table table-striped\"><tbody><tr><td><strong>d<\/strong><\/td><td><strong> bas\u0131n\u00e7 (bar)<\/strong><\/td><td><strong>D (mm)<\/strong><\/td><td><strong>L (mm)<\/strong><\/td><td><strong>kg<\/strong><\/td><\/tr><tr><td><a href=\"https:\/\/dokerler.com\/wp-content\/uploads\/2025\/06\/20-EF-COUPLER.pdf\">20<\/a><\/td><td>pn16<\/td><td>32<\/td><td>61<\/td><td>0,034<\/td><\/tr><tr><td><a href=\"https:\/\/dokerler.com\/wp-content\/uploads\/2025\/06\/25-EF-COUPLER.pdf\">25<\/a><\/td><td>pn16<\/td><td>42<\/td><td>74<\/td><td>0,063<\/td><\/tr><tr><td><a href=\"https:\/\/dokerler.com\/wp-content\/uploads\/2025\/06\/32-EF-COUPLER.pdf\">32<\/a><\/td><td>pn16<\/td><td>47<\/td><td>78<\/td><td>0,067<\/td><\/tr><tr><td><a href=\"https:\/\/dokerler.com\/wp-content\/uploads\/2025\/06\/40-EF-COUPLER.pdf\">40<\/a><\/td><td>pn16<\/td><td>58<\/td><td>88<\/td><td>0,106<\/td><\/tr><tr><td><a href=\"https:\/\/dokerler.com\/wp-content\/uploads\/2025\/06\/50-EF-COUPLER.pdf\">50<\/a><\/td><td>pn16<\/td><td>71<\/td><td>99<\/td><td>0,153<\/td><\/tr><tr><td>63<\/td><td>pn16<\/td><td>81<\/td><td>107<\/td><td>0,203<\/td><\/tr><tr><td><a href=\"https:\/\/dokerler.com\/wp-content\/uploads\/2025\/06\/75-EF-COPULER.pdf\">75<\/a><\/td><td>pn16<\/td><td>97<\/td><td>120<\/td><td>0,319<\/td><\/tr><tr><td><a href=\"https:\/\/dokerler.com\/wp-content\/uploads\/2025\/06\/90-EF-COUPLER.pdf\">90<\/a><\/td><td>pn16<\/td><td>111<\/td><td>123<\/td><td>0,370<\/td><\/tr><tr><td><a href=\"https:\/\/dokerler.com\/wp-content\/uploads\/2025\/06\/110-EF-COPULER.pdf\">110<\/a><\/td><td>pn16<\/td><td>133<\/td><td>141<\/td><td>0,600<\/td><\/tr><tr><td><a href=\"https:\/\/dokerler.com\/wp-content\/uploads\/2025\/06\/125-EF-COPULER.pdf\">125<\/a><\/td><td>pn16<\/td><td>156<\/td><td>168<\/td><td>0,905<\/td><\/tr><tr><td><a href=\"https:\/\/dokerler.com\/wp-content\/uploads\/2025\/06\/140-EF-COPULER.pdf\">140<\/a><\/td><td>pn16<\/td><td>181<\/td><td>172<\/td><td>1,378<\/td><\/tr><tr><td><a href=\"https:\/\/dokerler.com\/wp-content\/uploads\/2025\/06\/160-EF-COPULER.pdf\">160<\/a><\/td><td>pn16<\/td><td>190<\/td><td>178<\/td><td>1,320<\/td><\/tr><tr><td><a href=\"https:\/\/dokerler.com\/wp-content\/uploads\/2025\/06\/180-EF-COPULER.pdf\">180<\/a><\/td><td>pn16<\/td><td>217<\/td><td>202<\/td><td>2,112<\/td><\/tr><tr><td><a href=\"https:\/\/dokerler.com\/wp-content\/uploads\/2025\/06\/200-EF-COPULER.pdf\">200<\/a><\/td><td>pn16<\/td><td>246<\/td><td>198<\/td><td>2,664<\/td><\/tr><tr><td><a href=\"https:\/\/dokerler.com\/wp-content\/uploads\/2025\/06\/225-EF-COPULER.pdf\">225<\/a><\/td><td>pn16<\/td><td>267<\/td><td>213<\/td><td>3,240<\/td><\/tr><tr><td><a href=\"https:\/\/dokerler.com\/wp-content\/uploads\/2025\/06\/250-EF-COPULER.pdf\">250<\/a><\/td><td>pn16<\/td><td>308<\/td><td>231<\/td><td>5,757<\/td><\/tr><tr><td><a href=\"https:\/\/dokerler.com\/wp-content\/uploads\/2025\/06\/280-EF-COUPLER.pdf\">280<\/a><\/td><td>pn16<\/td><td>345<\/td><td>224<\/td><td>6,934<\/td><\/tr><tr><td><a href=\"https:\/\/dokerler.com\/wp-content\/uploads\/2025\/06\/315-EF-COUPLER.pdf\">315<\/a><\/td><td>pn16<\/td><td>390<\/td><td>237<\/td><td>8,700<\/td><\/tr><tr><td>355<\/td><td>pn16<\/td><td>437<\/td><td>260<\/td><td>12,300<\/td><\/tr><tr><td>400<\/td><td>pn16<\/td><td>492<\/td><td>280<\/td><td>16,300<\/td><\/tr><tr><td>450<\/td><td>pn16<\/td><td>552<\/td><td>300<\/td><td>22,500<\/td><\/tr><tr><td>500<\/td><td>pn16<\/td><td>614<\/td><td>300<\/td><td>32,300<\/td><\/tr><tr><td>560<\/td><td>pn16<\/td><td>687<\/td><td>300<\/td><td>41,700<\/td><\/tr><tr><td>630<\/td><td>pn16<\/td><td>785<\/td><td>400<\/td><td>63,400<\/td><\/tr><tr><td>710<\/td><td>pn16<\/td><td>880<\/td><td>400<\/td><td>79,350<\/td><\/tr><\/tbody><\/table>\t\t\t\t\t\t\t\t<\/div>\n\t\t\t\t<\/div>\n\t\t\t\t\t<\/div>\n\t\t<\/div>\n\t\t\t\t\t<\/div>\n\t\t<\/section>\n\t\t\t\t<\/div>\n\t\t","protected":false},"excerpt":{"rendered":"<p>PE100-EF Man\u015fon Home Page Elektrof\u00fczyon PE100-EF Man\u015fon PE100 SDR11 EF Man\u015fon, \u00f6zellikle gaz ve s\u0131v\u0131 boru hatlar\u0131nda kullan\u0131l\u0131r. Bu ba\u011flant\u0131 par\u00e7as\u0131, ayn\u0131 \u00e7aptaki iki PE100 veya PE80 boruyu birle\u015ftirmek i\u00e7in kullan\u0131l\u0131r. Elektrof\u00fczyon kaynak y\u00f6ntemiyle, ef man\u015fon i\u00e7indeki rezistanslara ak\u0131m uygulanarak olu\u015fan \u0131s\u0131 sayesinde, man\u015fonun ve borular\u0131n birbirine deyen y\u00fczeylerinin eriyerek yap\u0131\u015fmas\u0131n\u0131 sa\u011flar. TEKL\u0130F AL d [&hellip;]<\/p>\n","protected":false},"author":1,"featured_media":0,"parent":3338,"menu_order":0,"comment_status":"closed","ping_status":"closed","template":"","meta":{"footnotes":""},"class_list":["post-3245","page","type-page","status-publish","hentry"],"yoast_head":"<!-- This site is optimized with the Yoast SEO plugin v25.9 - https:\/\/yoast.com\/wordpress\/plugins\/seo\/ -->\n<title>PE100-EF Man\u015fon - D\u00f6kerler D\u00f6k\u00fcm ve Plastik Polietilen San. \u0130th. \u0130hr. ve Tic. Ltd. \u015eti.<\/title>\n<meta name=\"robots\" content=\"index, follow, max-snippet:-1, max-image-preview:large, max-video-preview:-1\" \/>\n<link rel=\"canonical\" href=\"https:\/\/dokerler.com\/products\/electrofusion\/electrofusion-coupler\/\" \/>\n<meta property=\"og:locale\" content=\"tr_TR\" \/>\n<meta property=\"og:type\" content=\"article\" \/>\n<meta property=\"og:title\" content=\"PE100-EF Man\u015fon - D\u00f6kerler D\u00f6k\u00fcm ve Plastik Polietilen San. \u0130th. \u0130hr. ve Tic. Ltd. \u015eti.\" \/>\n<meta property=\"og:description\" content=\"PE100-EF Man\u015fon Home Page Elektrof\u00fczyon PE100-EF Man\u015fon PE100 SDR11 EF Man\u015fon, \u00f6zellikle gaz ve s\u0131v\u0131 boru hatlar\u0131nda kullan\u0131l\u0131r. Bu ba\u011flant\u0131 par\u00e7as\u0131, ayn\u0131 \u00e7aptaki iki PE100 veya PE80 boruyu birle\u015ftirmek i\u00e7in kullan\u0131l\u0131r. Elektrof\u00fczyon kaynak y\u00f6ntemiyle, ef man\u015fon i\u00e7indeki rezistanslara ak\u0131m uygulanarak olu\u015fan \u0131s\u0131 sayesinde, man\u015fonun ve borular\u0131n birbirine deyen y\u00fczeylerinin eriyerek yap\u0131\u015fmas\u0131n\u0131 sa\u011flar. TEKL\u0130F AL d [&hellip;]\" \/>\n<meta property=\"og:url\" content=\"https:\/\/dokerler.com\/products\/electrofusion\/electrofusion-coupler\/\" \/>\n<meta property=\"og:site_name\" content=\"D\u00f6kerler D\u00f6k\u00fcm ve Plastik Polietilen San. \u0130th. \u0130hr. ve Tic. Ltd. \u015eti.\" \/>\n<meta property=\"article:modified_time\" content=\"2025-06-12T10:20:45+00:00\" \/>\n<meta property=\"og:image\" content=\"https:\/\/dokerler.com\/wp-content\/uploads\/2024\/02\/HDPE-EF-Coupler-580x600.jpeg\" \/>\n<meta name=\"twitter:card\" content=\"summary_large_image\" \/>\n<meta name=\"twitter:label1\" content=\"Tahmini okuma s\u00fcresi\" \/>\n\t<meta name=\"twitter:data1\" content=\"2 dakika\" \/>\n<script type=\"application\/ld+json\" class=\"yoast-schema-graph\">{\"@context\":\"https:\/\/schema.org\",\"@graph\":[{\"@type\":\"WebPage\",\"@id\":\"https:\/\/dokerler.com\/products\/electrofusion\/electrofusion-coupler\/\",\"url\":\"https:\/\/dokerler.com\/products\/electrofusion\/electrofusion-coupler\/\",\"name\":\"PE100-EF Man\u015fon - D\u00f6kerler D\u00f6k\u00fcm ve Plastik Polietilen San. \u0130th. \u0130hr. ve Tic. Ltd. \u015eti.\",\"isPartOf\":{\"@id\":\"https:\/\/dokerler.com\/#website\"},\"primaryImageOfPage\":{\"@id\":\"https:\/\/dokerler.com\/products\/electrofusion\/electrofusion-coupler\/#primaryimage\"},\"image\":{\"@id\":\"https:\/\/dokerler.com\/products\/electrofusion\/electrofusion-coupler\/#primaryimage\"},\"thumbnailUrl\":\"https:\/\/dokerler.com\/wp-content\/uploads\/2024\/02\/HDPE-EF-Coupler-580x600.jpeg\",\"datePublished\":\"2024-02-06T10:20:29+00:00\",\"dateModified\":\"2025-06-12T10:20:45+00:00\",\"breadcrumb\":{\"@id\":\"https:\/\/dokerler.com\/products\/electrofusion\/electrofusion-coupler\/#breadcrumb\"},\"inLanguage\":\"tr\",\"potentialAction\":[{\"@type\":\"ReadAction\",\"target\":[\"https:\/\/dokerler.com\/products\/electrofusion\/electrofusion-coupler\/\"]}]},{\"@type\":\"ImageObject\",\"inLanguage\":\"tr\",\"@id\":\"https:\/\/dokerler.com\/products\/electrofusion\/electrofusion-coupler\/#primaryimage\",\"url\":\"https:\/\/dokerler.com\/wp-content\/uploads\/2024\/02\/HDPE-EF-Coupler-580x600.jpeg\",\"contentUrl\":\"https:\/\/dokerler.com\/wp-content\/uploads\/2024\/02\/HDPE-EF-Coupler-580x600.jpeg\"},{\"@type\":\"BreadcrumbList\",\"@id\":\"https:\/\/dokerler.com\/products\/electrofusion\/electrofusion-coupler\/#breadcrumb\",\"itemListElement\":[{\"@type\":\"ListItem\",\"position\":1,\"name\":\"Home\",\"item\":\"https:\/\/dokerler.com\/\"},{\"@type\":\"ListItem\",\"position\":2,\"name\":\"\u00dcr\u00fcnler\",\"item\":\"https:\/\/dokerler.com\/ru\/proizvodstvo\/\"},{\"@type\":\"ListItem\",\"position\":3,\"name\":\"Elektrof\u00fczyon\",\"item\":\"https:\/\/dokerler.com\/ru\/proizvodstvo\/elektromufta\/\"},{\"@type\":\"ListItem\",\"position\":4,\"name\":\"PE100-EF Man\u015fon\"}]},{\"@type\":\"WebSite\",\"@id\":\"https:\/\/dokerler.com\/#website\",\"url\":\"https:\/\/dokerler.com\/\",\"name\":\"D\u00f6kerler D\u00f6k\u00fcm ve Plastik Polietilen San. \u0130th. \u0130hr. ve Tic. Ltd. \u015eti.\",\"description\":\"\",\"potentialAction\":[{\"@type\":\"SearchAction\",\"target\":{\"@type\":\"EntryPoint\",\"urlTemplate\":\"https:\/\/dokerler.com\/?s={search_term_string}\"},\"query-input\":{\"@type\":\"PropertyValueSpecification\",\"valueRequired\":true,\"valueName\":\"search_term_string\"}}],\"inLanguage\":\"tr\"}]}<\/script>\n<!-- \/ Yoast SEO plugin. -->","yoast_head_json":{"title":"PE100-EF Man\u015fon - D\u00f6kerler D\u00f6k\u00fcm ve Plastik Polietilen San. \u0130th. \u0130hr. ve Tic. Ltd. \u015eti.","robots":{"index":"index","follow":"follow","max-snippet":"max-snippet:-1","max-image-preview":"max-image-preview:large","max-video-preview":"max-video-preview:-1"},"canonical":"https:\/\/dokerler.com\/products\/electrofusion\/electrofusion-coupler\/","og_locale":"tr_TR","og_type":"article","og_title":"PE100-EF Man\u015fon - D\u00f6kerler D\u00f6k\u00fcm ve Plastik Polietilen San. \u0130th. \u0130hr. ve Tic. Ltd. \u015eti.","og_description":"PE100-EF Man\u015fon Home Page Elektrof\u00fczyon PE100-EF Man\u015fon PE100 SDR11 EF Man\u015fon, \u00f6zellikle gaz ve s\u0131v\u0131 boru hatlar\u0131nda kullan\u0131l\u0131r. Bu ba\u011flant\u0131 par\u00e7as\u0131, ayn\u0131 \u00e7aptaki iki PE100 veya PE80 boruyu birle\u015ftirmek i\u00e7in kullan\u0131l\u0131r. Elektrof\u00fczyon kaynak y\u00f6ntemiyle, ef man\u015fon i\u00e7indeki rezistanslara ak\u0131m uygulanarak olu\u015fan \u0131s\u0131 sayesinde, man\u015fonun ve borular\u0131n birbirine deyen y\u00fczeylerinin eriyerek yap\u0131\u015fmas\u0131n\u0131 sa\u011flar. TEKL\u0130F AL d [&hellip;]","og_url":"https:\/\/dokerler.com\/products\/electrofusion\/electrofusion-coupler\/","og_site_name":"D\u00f6kerler D\u00f6k\u00fcm ve Plastik Polietilen San. \u0130th. \u0130hr. ve Tic. Ltd. \u015eti.","article_modified_time":"2025-06-12T10:20:45+00:00","og_image":[{"url":"https:\/\/dokerler.com\/wp-content\/uploads\/2024\/02\/HDPE-EF-Coupler-580x600.jpeg","type":"","width":"","height":""}],"twitter_card":"summary_large_image","twitter_misc":{"Tahmini okuma s\u00fcresi":"2 dakika"},"schema":{"@context":"https:\/\/schema.org","@graph":[{"@type":"WebPage","@id":"https:\/\/dokerler.com\/products\/electrofusion\/electrofusion-coupler\/","url":"https:\/\/dokerler.com\/products\/electrofusion\/electrofusion-coupler\/","name":"PE100-EF Man\u015fon - D\u00f6kerler D\u00f6k\u00fcm ve Plastik Polietilen San. \u0130th. \u0130hr. ve Tic. Ltd. \u015eti.","isPartOf":{"@id":"https:\/\/dokerler.com\/#website"},"primaryImageOfPage":{"@id":"https:\/\/dokerler.com\/products\/electrofusion\/electrofusion-coupler\/#primaryimage"},"image":{"@id":"https:\/\/dokerler.com\/products\/electrofusion\/electrofusion-coupler\/#primaryimage"},"thumbnailUrl":"https:\/\/dokerler.com\/wp-content\/uploads\/2024\/02\/HDPE-EF-Coupler-580x600.jpeg","datePublished":"2024-02-06T10:20:29+00:00","dateModified":"2025-06-12T10:20:45+00:00","breadcrumb":{"@id":"https:\/\/dokerler.com\/products\/electrofusion\/electrofusion-coupler\/#breadcrumb"},"inLanguage":"tr","potentialAction":[{"@type":"ReadAction","target":["https:\/\/dokerler.com\/products\/electrofusion\/electrofusion-coupler\/"]}]},{"@type":"ImageObject","inLanguage":"tr","@id":"https:\/\/dokerler.com\/products\/electrofusion\/electrofusion-coupler\/#primaryimage","url":"https:\/\/dokerler.com\/wp-content\/uploads\/2024\/02\/HDPE-EF-Coupler-580x600.jpeg","contentUrl":"https:\/\/dokerler.com\/wp-content\/uploads\/2024\/02\/HDPE-EF-Coupler-580x600.jpeg"},{"@type":"BreadcrumbList","@id":"https:\/\/dokerler.com\/products\/electrofusion\/electrofusion-coupler\/#breadcrumb","itemListElement":[{"@type":"ListItem","position":1,"name":"Home","item":"https:\/\/dokerler.com\/"},{"@type":"ListItem","position":2,"name":"\u00dcr\u00fcnler","item":"https:\/\/dokerler.com\/ru\/proizvodstvo\/"},{"@type":"ListItem","position":3,"name":"Elektrof\u00fczyon","item":"https:\/\/dokerler.com\/ru\/proizvodstvo\/elektromufta\/"},{"@type":"ListItem","position":4,"name":"PE100-EF Man\u015fon"}]},{"@type":"WebSite","@id":"https:\/\/dokerler.com\/#website","url":"https:\/\/dokerler.com\/","name":"D\u00f6kerler D\u00f6k\u00fcm ve Plastik Polietilen San. \u0130th. \u0130hr. ve Tic. Ltd. \u015eti.","description":"","potentialAction":[{"@type":"SearchAction","target":{"@type":"EntryPoint","urlTemplate":"https:\/\/dokerler.com\/?s={search_term_string}"},"query-input":{"@type":"PropertyValueSpecification","valueRequired":true,"valueName":"search_term_string"}}],"inLanguage":"tr"}]}},"_links":{"self":[{"href":"https:\/\/dokerler.com\/tr\/wp-json\/wp\/v2\/pages\/3245","targetHints":{"allow":["GET"]}}],"collection":[{"href":"https:\/\/dokerler.com\/tr\/wp-json\/wp\/v2\/pages"}],"about":[{"href":"https:\/\/dokerler.com\/tr\/wp-json\/wp\/v2\/types\/page"}],"author":[{"embeddable":true,"href":"https:\/\/dokerler.com\/tr\/wp-json\/wp\/v2\/users\/1"}],"replies":[{"embeddable":true,"href":"https:\/\/dokerler.com\/tr\/wp-json\/wp\/v2\/comments?post=3245"}],"version-history":[{"count":37,"href":"https:\/\/dokerler.com\/tr\/wp-json\/wp\/v2\/pages\/3245\/revisions"}],"predecessor-version":[{"id":6317,"href":"https:\/\/dokerler.com\/tr\/wp-json\/wp\/v2\/pages\/3245\/revisions\/6317"}],"up":[{"embeddable":true,"href":"https:\/\/dokerler.com\/tr\/wp-json\/wp\/v2\/pages\/3338"}],"wp:attachment":[{"href":"https:\/\/dokerler.com\/tr\/wp-json\/wp\/v2\/media?parent=3245"}],"curies":[{"name":"wp","href":"https:\/\/api.w.org\/{rel}","templated":true}]}}