{"id":3170,"date":"2024-02-06T11:11:49","date_gmt":"2024-02-06T11:11:49","guid":{"rendered":"https:\/\/dokerler.com\/hdpe-spigot-90-dirsek\/"},"modified":"2024-03-28T06:41:49","modified_gmt":"2024-03-28T06:41:49","slug":"90-dirsek","status":"publish","type":"page","link":"https:\/\/dokerler.com\/tr\/urunler\/enjeksiyon\/90-dirsek\/","title":{"rendered":"PE100-90\u00b0 Dirsek"},"content":{"rendered":"\t\t<div data-elementor-type=\"wp-page\" data-elementor-id=\"3170\" class=\"elementor elementor-3170\">\n\t\t\t\t\t\t<section class=\"elementor-section elementor-top-section elementor-element elementor-element-9ad4ab0 elementor-section-full_width elementor-section-height-default elementor-section-height-default\" data-id=\"9ad4ab0\" data-element_type=\"section\">\n\t\t\t\t\t\t<div class=\"elementor-container elementor-column-gap-default\">\n\t\t\t\t\t<div class=\"elementor-column elementor-col-100 elementor-top-column elementor-element elementor-element-1777117\" data-id=\"1777117\" data-element_type=\"column\">\n\t\t\t<div class=\"elementor-widget-wrap elementor-element-populated\">\n\t\t\t\t\t\t<div class=\"elementor-element elementor-element-855f2e1 elementor-widget elementor-widget-gva_post_breadcrumb\" data-id=\"855f2e1\" data-element_type=\"widget\" data-widget_type=\"gva_post_breadcrumb.default\">\n\t\t\t\t<div class=\"elementor-widget-container\">\n\t\t\t\t\t<div class=\"gva-element-gva_post_breadcrumb gva-element\">   \r\n<div class=\"post-breadcrumb\">\r\n   <div class=\"custom-breadcrumb \" >\r\n            <div class=\"breadcrumb-main\">\r\n        <div class=\"container\">\r\n          <div class=\"breadcrumb-container-inner\">\r\n            <h2 class=\"heading-title\">PE100-90\u00b0 Dirsek<\/h2><ol class=\"breadcrumb\"><li><a href=\"https:\/\/dokerler.com\/tr\/\">Home<\/a> <\/li> <li class=\"active\">Sayfa<\/li><\/ol>          <\/div>  \r\n        <\/div>   \r\n      <\/div>  \r\n   <\/div>\r\n<\/div>      \r\n\r\n<\/div>\t\t\t\t<\/div>\n\t\t\t\t<\/div>\n\t\t\t\t\t<\/div>\n\t\t<\/div>\n\t\t\t\t\t<\/div>\n\t\t<\/section>\n\t\t\t\t<section class=\"elementor-section elementor-top-section elementor-element elementor-element-a6c6e99 elementor-section-boxed elementor-section-height-default elementor-section-height-default\" data-id=\"a6c6e99\" data-element_type=\"section\">\n\t\t\t\t\t\t<div class=\"elementor-container elementor-column-gap-default\">\n\t\t\t\t\t<div class=\"elementor-column elementor-col-100 elementor-top-column elementor-element elementor-element-7f71a7e\" data-id=\"7f71a7e\" data-element_type=\"column\">\n\t\t\t<div class=\"elementor-widget-wrap elementor-element-populated\">\n\t\t\t\t\t\t<div class=\"elementor-element elementor-element-eec6306 elementor-widget elementor-widget-gva-heading-block\" data-id=\"eec6306\" data-element_type=\"widget\" data-widget_type=\"gva-heading-block.default\">\n\t\t\t\t<div class=\"elementor-widget-container\">\n\t\t\t\t\t<div class=\"gva-element-gva-heading-block gva-element\">   <div class=\"align-left style-1 widget gsc-heading box-align-left auto-responsive\">\r\n      <div class=\"content-inner\">\r\n         \r\n                  \r\n         <div class=\"sub-title\"><span class=\"tagline\">Enjeksiyon<\/span><\/div>  \r\n         \r\n                     <h2 class=\"title\">\r\n               <span>PE100- 90\u00b0 D\u0130RSEK<\/span>\r\n            <\/h2>\r\n                  \r\n         \r\n         \r\n      <\/div>\r\n   <\/div>\r\n<\/div>\t\t\t\t<\/div>\n\t\t\t\t<\/div>\n\t\t\t\t<div class=\"elementor-element elementor-element-c321fa2 elementor-widget elementor-widget-gva-gallery\" data-id=\"c321fa2\" data-element_type=\"widget\" data-widget_type=\"gva-gallery.default\">\n\t\t\t\t<div class=\"elementor-widget-container\">\n\t\t\t\t\t<div class=\"gva-element-gva-gallery gva-element\">  \r\n  \t<div class=\"gva-gallery-grid clearfix\">\r\n\t\t<div class=\"gva-content-items\"> \r\n\t\t  \t<div class=\"lg-block-grid-3 md-block-grid-3 sm-block-grid-2 xs-block-grid-1 xx-block-grid-1\">\r\n\t\t\t \t<div class=\"item\">\r\n<div class=\"gallery-item style-1\">\r\n         <div class=\"image\">\r\n         <img decoding=\"async\" src=\"https:\/\/dokerler.com\/wp-content\/uploads\/2024\/02\/90-dirsek-3-580x690.png\" alt=\"\" \/>  \r\n      <\/div>\r\n      <a class=\"photo-gallery\" href=\"https:\/\/dokerler.com\/wp-content\/uploads\/2024\/02\/90-dirsek-3.png\" data-elementor-lightbox-slideshow=\"gallery-lup8\" aria-label=\"gallery\"><i class=\"fas fa-expand\"><\/i><\/a>\r\n   \r\n   <div class=\"image-content\">\r\n      <div class=\"content-inner\">\r\n                        <\/div>   \r\n   <\/div>\r\n<\/div>\r\n<\/div><div class=\"item\">\r\n<div class=\"gallery-item style-1\">\r\n         <div class=\"image\">\r\n         <img decoding=\"async\" src=\"https:\/\/dokerler.com\/wp-content\/uploads\/2024\/02\/90-dirsek-2-580x690.png\" alt=\"\" \/>  \r\n      <\/div>\r\n      <a class=\"photo-gallery\" href=\"https:\/\/dokerler.com\/wp-content\/uploads\/2024\/02\/90-dirsek-2.png\" data-elementor-lightbox-slideshow=\"gallery-lup8\" aria-label=\"gallery\"><i class=\"fas fa-expand\"><\/i><\/a>\r\n   \r\n   <div class=\"image-content\">\r\n      <div class=\"content-inner\">\r\n                        <\/div>   \r\n   <\/div>\r\n<\/div>\r\n<\/div><div class=\"item\">\r\n<div class=\"gallery-item style-1\">\r\n         <div class=\"image\">\r\n         <img decoding=\"async\" src=\"https:\/\/dokerler.com\/wp-content\/uploads\/2024\/02\/90-dirsek-1-580x690.png\" alt=\"\" \/>  \r\n      <\/div>\r\n      <a class=\"photo-gallery\" href=\"https:\/\/dokerler.com\/wp-content\/uploads\/2024\/02\/90-dirsek-1.png\" data-elementor-lightbox-slideshow=\"gallery-lup8\" aria-label=\"gallery\"><i class=\"fas fa-expand\"><\/i><\/a>\r\n   \r\n   <div class=\"image-content\">\r\n      <div class=\"content-inner\">\r\n                        <\/div>   \r\n   <\/div>\r\n<\/div>\r\n<\/div>\t\t  \t<\/div>\r\n\t\t<\/div>\r\n  \t<\/div>\r\n<\/div>\t\t\t\t<\/div>\n\t\t\t\t<\/div>\n\t\t\t\t<div class=\"elementor-element elementor-element-8fcfb56 elementor-widget elementor-widget-text-editor\" data-id=\"8fcfb56\" data-element_type=\"widget\" data-widget_type=\"text-editor.default\">\n\t\t\t\t<div class=\"elementor-widget-container\">\n\t\t\t\t\t\t\t\t\t<h3 class=\"table-title\">PE100 SDR11-SDR17<\/h3>\n<p class=\"MsoNormal\">PE100 enjeksiyon dirsekler, orjinal karbon siyah\u0131 katk\u0131l\u0131\nPE100 gran\u00fcl hammadde bas\u0131n\u00e7l\u0131 \u015fekilde kal\u0131plara enjekte edilerek \u00fcretilir. PE100\nboruyu istenilen y\u00f6ne \u00e7evirmek i\u00e7in kullan\u0131l\u0131r.<o:p><\/o:p><\/p>\t\t\t\t\t\t\t\t<\/div>\n\t\t\t\t<\/div>\n\t\t\t\t<div class=\"elementor-element elementor-element-72bccb6 elementor-widget elementor-widget-html\" data-id=\"72bccb6\" data-element_type=\"widget\" data-widget_type=\"html.default\">\n\t\t\t\t<div class=\"elementor-widget-container\">\n\t\t\t\t\t\n          <a class=\"btn-theme\" href=\"https:\/\/dokerler.com\/tr\/teklif-al\/\">\n TEKL\u0130F AL\n<\/a>\n        \t\t\t\t<\/div>\n\t\t\t\t<\/div>\n\t\t\t\t<div class=\"elementor-element elementor-element-7c6c7bd elementor-widget elementor-widget-text-editor\" data-id=\"7c6c7bd\" data-element_type=\"widget\" data-widget_type=\"text-editor.default\">\n\t\t\t\t<div class=\"elementor-widget-container\">\n\t\t\t\t\t\t\t\t\t<table class=\"table table-striped\" border=\"0\" width=\"320\" cellspacing=\"0\" cellpadding=\"0\">\n<tbody>\n<tr>\n<td class=\"xl63\" width=\"64\" height=\"77\">\n  <strong>d<\/strong>\n<\/td>\n<td class=\"xl64\" width=\"64\">\n  <strong>bas\u0131n\u00e7 (bar) bas\u0131n\u00e7 (bar)<\/strong>\n<\/td>\n<td class=\"xl65\" width=\"64\">\n  <strong>kg<\/strong>\n<\/td>\n<td class=\"xl63\" width=\"64\">\n  <strong>L (mm)<\/strong>\n<\/td>\n<td class=\"xl63\" width=\"64\">\n  <strong>Z (mm)<\/strong>\n<\/td>\n<\/tr>\n<tr>\n<td class=\"xl63\" height=\"19\">20<\/td>\n<td class=\"xl63\">pn16<\/td>\n<td class=\"xl66\">0,022<\/td>\n<td class=\"xl67\">50<\/td>\n<td class=\"xl67\">70<\/td>\n<\/tr>\n<tr>\n<td class=\"xl63\" height=\"19\">25<\/td>\n<td class=\"xl63\">pn16<\/td>\n<td class=\"xl66\">0,033<\/td>\n<td class=\"xl67\">52<\/td>\n<td class=\"xl67\">75<\/td>\n<\/tr>\n<tr>\n<td class=\"xl63\" height=\"19\">32<\/td>\n<td class=\"xl63\">pn16<\/td>\n<td class=\"xl66\">0,046<\/td>\n<td class=\"xl67\">54<\/td>\n<td class=\"xl67\">80<\/td>\n<\/tr>\n<tr>\n<td class=\"xl63\" height=\"19\">40<\/td>\n<td class=\"xl63\">pn16<\/td>\n<td class=\"xl66\">0,082<\/td>\n<td class=\"xl67\">55<\/td>\n<td class=\"xl67\">85<\/td>\n<\/tr>\n<tr>\n<td class=\"xl63\" height=\"19\">50<\/td>\n<td class=\"xl63\">pn16<\/td>\n<td class=\"xl66\">0,133<\/td>\n<td class=\"xl67\">60<\/td>\n<td class=\"xl67\">105<\/td>\n<\/tr>\n<tr>\n<td class=\"xl63\" height=\"19\">63<\/td>\n<td class=\"xl63\">pn16<\/td>\n<td class=\"xl66\">0,282<\/td>\n<td class=\"xl67\">65<\/td>\n<td class=\"xl67\">110<\/td>\n<\/tr>\n<tr>\n<td class=\"xl63\" height=\"19\">75<\/td>\n<td class=\"xl63\">pn16<\/td>\n<td class=\"xl66\">0,363<\/td>\n<td class=\"xl67\">70<\/td>\n<td class=\"xl67\">120<\/td>\n<\/tr>\n<tr>\n<td class=\"xl63\" height=\"19\">90<\/td>\n<td class=\"xl63\">pn16<\/td>\n<td class=\"xl66\">0,722<\/td>\n<td class=\"xl67\">80<\/td>\n<td class=\"xl67\">150<\/td>\n<\/tr>\n<tr>\n<td class=\"xl63\" height=\"19\">110<\/td>\n<td class=\"xl63\">pn16<\/td>\n<td class=\"xl66\">1,128<\/td>\n<td class=\"xl67\">88<\/td>\n<td class=\"xl67\">152<\/td>\n<\/tr>\n<tr>\n<td class=\"xl63\" height=\"19\">125<\/td>\n<td class=\"xl63\">pn16<\/td>\n<td class=\"xl66\">1,631<\/td>\n<td class=\"xl67\">94<\/td>\n<td class=\"xl67\">170<\/td>\n<\/tr>\n<tr>\n<td class=\"xl63\" height=\"19\">140<\/td>\n<td class=\"xl63\">pn16<\/td>\n<td class=\"xl66\">1,850<\/td>\n<td class=\"xl67\">97<\/td>\n<td class=\"xl67\">170<\/td>\n<\/tr>\n<tr>\n<td class=\"xl63\" height=\"19\">160<\/td>\n<td class=\"xl63\">pn16<\/td>\n<td class=\"xl66\">2,909<\/td>\n<td class=\"xl67\">113<\/td>\n<td class=\"xl67\">200<\/td>\n<\/tr>\n<tr>\n<td class=\"xl70\" rowspan=\"2\" height=\"38\">180<\/td>\n<td class=\"xl68\">pn16<\/td>\n<td class=\"xl69\">3,545<\/td>\n<td class=\"xl72\" rowspan=\"2\">110<\/td>\n<td class=\"xl72\" rowspan=\"2\">200<\/td>\n<\/tr>\n<tr>\n<td class=\"xl68\" height=\"19\">pn10<\/td>\n<td class=\"xl69\">2,708<\/td>\n<\/tr>\n<tr>\n<td class=\"xl70\" rowspan=\"2\" height=\"38\">200<\/td>\n<td class=\"xl68\">pn16<\/td>\n<td class=\"xl69\">5,172<\/td>\n<td class=\"xl72\" rowspan=\"2\">117<\/td>\n<td class=\"xl72\" rowspan=\"2\">215<\/td>\n<\/tr>\n<tr>\n<td class=\"xl68\" height=\"19\">pn10<\/td>\n<td class=\"xl69\">3,803<\/td>\n<\/tr>\n<tr>\n<td class=\"xl70\" rowspan=\"2\" height=\"38\">225<\/td>\n<td class=\"xl68\">pn16<\/td>\n<td class=\"xl69\">7,391<\/td>\n<td class=\"xl72\" rowspan=\"2\">122<\/td>\n<td class=\"xl72\" rowspan=\"2\">230<\/td>\n<\/tr>\n<tr>\n<td class=\"xl68\" height=\"19\">pn10<\/td>\n<td class=\"xl69\">5,242<\/td>\n<\/tr>\n<tr>\n<td class=\"xl70\" rowspan=\"2\" height=\"38\">250<\/td>\n<td class=\"xl68\">pn16<\/td>\n<td class=\"xl69\">8,740<\/td>\n<td class=\"xl72\" rowspan=\"2\">130<\/td>\n<td class=\"xl72\" rowspan=\"2\">292<\/td>\n<\/tr>\n<tr>\n<td class=\"xl68\" height=\"19\">pn10<\/td>\n<td class=\"xl69\">6,780<\/td>\n<\/tr>\n<tr>\n<td class=\"xl70\" rowspan=\"2\" height=\"38\">280<\/td>\n<td class=\"xl68\">pn16<\/td>\n<td class=\"xl69\">12,300<\/td>\n<td class=\"xl72\" rowspan=\"2\">139<\/td>\n<td class=\"xl72\" rowspan=\"2\">320<\/td>\n<\/tr>\n<tr>\n<td class=\"xl68\" height=\"19\">pn10<\/td>\n<td class=\"xl69\">9,200<\/td>\n<\/tr>\n<tr>\n<td class=\"xl70\" rowspan=\"2\" height=\"38\">315<\/td>\n<td class=\"xl68\">pn16<\/td>\n<td class=\"xl69\">17,500<\/td>\n<td class=\"xl72\" rowspan=\"2\">143<\/td>\n<td class=\"xl72\" rowspan=\"2\">300<\/td>\n<\/tr>\n<tr>\n<td class=\"xl68\" height=\"19\">pn10<\/td>\n<td class=\"xl69\">13,500<\/td>\n<\/tr>\n<\/tbody>\n<\/table>\n\t\t\t\t\t\t\t\t<\/div>\n\t\t\t\t<\/div>\n\t\t\t\t\t<\/div>\n\t\t<\/div>\n\t\t\t\t\t<\/div>\n\t\t<\/section>\n\t\t\t\t<\/div>\n\t\t","protected":false},"excerpt":{"rendered":"<p>PE100-90\u00b0 Dirsek Home Page Enjeksiyon PE100- 90\u00b0 D\u0130RSEK PE100 SDR11-SDR17 PE100 enjeksiyon dirsekler, orjinal karbon siyah\u0131 katk\u0131l\u0131 PE100 gran\u00fcl hammadde bas\u0131n\u00e7l\u0131 \u015fekilde kal\u0131plara enjekte edilerek \u00fcretilir. PE100 boruyu istenilen y\u00f6ne \u00e7evirmek i\u00e7in kullan\u0131l\u0131r. TEKL\u0130F AL d bas\u0131n\u00e7 (bar) bas\u0131n\u00e7 (bar) kg L (mm) Z (mm) 20 pn16 0,022 50 70 25 pn16 0,033 52 75 [&hellip;]<\/p>\n","protected":false},"author":1,"featured_media":0,"parent":3262,"menu_order":0,"comment_status":"closed","ping_status":"closed","template":"","meta":{"footnotes":""},"class_list":["post-3170","page","type-page","status-publish","hentry"],"yoast_head":"<!-- This site is optimized with the Yoast SEO plugin v25.9 - https:\/\/yoast.com\/wordpress\/plugins\/seo\/ -->\n<title>PE100-90\u00b0 Dirsek - D\u00f6kerler D\u00f6k\u00fcm ve Plastik Polietilen San. \u0130th. \u0130hr. ve Tic. Ltd. \u015eti.<\/title>\n<meta name=\"robots\" content=\"index, follow, max-snippet:-1, max-image-preview:large, max-video-preview:-1\" \/>\n<link rel=\"canonical\" href=\"https:\/\/dokerler.com\/tr\/urunler\/enjeksiyon\/90-dirsek\/\" \/>\n<meta property=\"og:locale\" content=\"tr_TR\" \/>\n<meta property=\"og:type\" content=\"article\" \/>\n<meta property=\"og:title\" content=\"PE100-90\u00b0 Dirsek - D\u00f6kerler D\u00f6k\u00fcm ve Plastik Polietilen San. \u0130th. \u0130hr. ve Tic. Ltd. \u015eti.\" \/>\n<meta property=\"og:description\" content=\"PE100-90\u00b0 Dirsek Home Page Enjeksiyon PE100- 90\u00b0 D\u0130RSEK PE100 SDR11-SDR17 PE100 enjeksiyon dirsekler, orjinal karbon siyah\u0131 katk\u0131l\u0131 PE100 gran\u00fcl hammadde bas\u0131n\u00e7l\u0131 \u015fekilde kal\u0131plara enjekte edilerek \u00fcretilir. PE100 boruyu istenilen y\u00f6ne \u00e7evirmek i\u00e7in kullan\u0131l\u0131r. TEKL\u0130F AL d bas\u0131n\u00e7 (bar) bas\u0131n\u00e7 (bar) kg L (mm) Z (mm) 20 pn16 0,022 50 70 25 pn16 0,033 52 75 [&hellip;]\" \/>\n<meta property=\"og:url\" content=\"https:\/\/dokerler.com\/tr\/urunler\/enjeksiyon\/90-dirsek\/\" \/>\n<meta property=\"og:site_name\" content=\"D\u00f6kerler D\u00f6k\u00fcm ve Plastik Polietilen San. \u0130th. \u0130hr. ve Tic. Ltd. \u015eti.\" \/>\n<meta property=\"article:modified_time\" content=\"2024-03-28T06:41:49+00:00\" \/>\n<meta property=\"og:image\" content=\"https:\/\/dokerler.com\/wp-content\/uploads\/2024\/02\/90-dirsek-3-580x690.png\" \/>\n<meta name=\"twitter:card\" content=\"summary_large_image\" \/>\n<meta name=\"twitter:label1\" content=\"Tahmini okuma s\u00fcresi\" \/>\n\t<meta name=\"twitter:data1\" content=\"2 dakika\" \/>\n<script type=\"application\/ld+json\" class=\"yoast-schema-graph\">{\"@context\":\"https:\/\/schema.org\",\"@graph\":[{\"@type\":\"WebPage\",\"@id\":\"https:\/\/dokerler.com\/tr\/urunler\/enjeksiyon\/90-dirsek\/\",\"url\":\"https:\/\/dokerler.com\/tr\/urunler\/enjeksiyon\/90-dirsek\/\",\"name\":\"PE100-90\u00b0 Dirsek - D\u00f6kerler D\u00f6k\u00fcm ve Plastik Polietilen San. \u0130th. \u0130hr. ve Tic. Ltd. \u015eti.\",\"isPartOf\":{\"@id\":\"https:\/\/dokerler.com\/#website\"},\"primaryImageOfPage\":{\"@id\":\"https:\/\/dokerler.com\/tr\/urunler\/enjeksiyon\/90-dirsek\/#primaryimage\"},\"image\":{\"@id\":\"https:\/\/dokerler.com\/tr\/urunler\/enjeksiyon\/90-dirsek\/#primaryimage\"},\"thumbnailUrl\":\"https:\/\/dokerler.com\/wp-content\/uploads\/2024\/02\/90-dirsek-3-580x690.png\",\"datePublished\":\"2024-02-06T11:11:49+00:00\",\"dateModified\":\"2024-03-28T06:41:49+00:00\",\"breadcrumb\":{\"@id\":\"https:\/\/dokerler.com\/tr\/urunler\/enjeksiyon\/90-dirsek\/#breadcrumb\"},\"inLanguage\":\"tr\",\"potentialAction\":[{\"@type\":\"ReadAction\",\"target\":[\"https:\/\/dokerler.com\/tr\/urunler\/enjeksiyon\/90-dirsek\/\"]}]},{\"@type\":\"ImageObject\",\"inLanguage\":\"tr\",\"@id\":\"https:\/\/dokerler.com\/tr\/urunler\/enjeksiyon\/90-dirsek\/#primaryimage\",\"url\":\"https:\/\/dokerler.com\/wp-content\/uploads\/2024\/02\/90-dirsek-3-580x690.png\",\"contentUrl\":\"https:\/\/dokerler.com\/wp-content\/uploads\/2024\/02\/90-dirsek-3-580x690.png\"},{\"@type\":\"BreadcrumbList\",\"@id\":\"https:\/\/dokerler.com\/tr\/urunler\/enjeksiyon\/90-dirsek\/#breadcrumb\",\"itemListElement\":[{\"@type\":\"ListItem\",\"position\":1,\"name\":\"Home\",\"item\":\"https:\/\/dokerler.com\/\"},{\"@type\":\"ListItem\",\"position\":2,\"name\":\"\u00dcr\u00fcnler\",\"item\":\"https:\/\/dokerler.com\/ru\/proizvodstvo\/\"},{\"@type\":\"ListItem\",\"position\":3,\"name\":\"Enjeksiyon\",\"item\":\"https:\/\/dokerler.com\/ru\/proizvodstvo\/inyektsiya\/\"},{\"@type\":\"ListItem\",\"position\":4,\"name\":\"PE100-90\u00b0 Dirsek\"}]},{\"@type\":\"WebSite\",\"@id\":\"https:\/\/dokerler.com\/#website\",\"url\":\"https:\/\/dokerler.com\/\",\"name\":\"D\u00f6kerler D\u00f6k\u00fcm ve Plastik Polietilen San. \u0130th. \u0130hr. ve Tic. Ltd. \u015eti.\",\"description\":\"\",\"potentialAction\":[{\"@type\":\"SearchAction\",\"target\":{\"@type\":\"EntryPoint\",\"urlTemplate\":\"https:\/\/dokerler.com\/?s={search_term_string}\"},\"query-input\":{\"@type\":\"PropertyValueSpecification\",\"valueRequired\":true,\"valueName\":\"search_term_string\"}}],\"inLanguage\":\"tr\"}]}<\/script>\n<!-- \/ Yoast SEO plugin. -->","yoast_head_json":{"title":"PE100-90\u00b0 Dirsek - D\u00f6kerler D\u00f6k\u00fcm ve Plastik Polietilen San. \u0130th. \u0130hr. ve Tic. Ltd. \u015eti.","robots":{"index":"index","follow":"follow","max-snippet":"max-snippet:-1","max-image-preview":"max-image-preview:large","max-video-preview":"max-video-preview:-1"},"canonical":"https:\/\/dokerler.com\/tr\/urunler\/enjeksiyon\/90-dirsek\/","og_locale":"tr_TR","og_type":"article","og_title":"PE100-90\u00b0 Dirsek - D\u00f6kerler D\u00f6k\u00fcm ve Plastik Polietilen San. \u0130th. \u0130hr. ve Tic. Ltd. \u015eti.","og_description":"PE100-90\u00b0 Dirsek Home Page Enjeksiyon PE100- 90\u00b0 D\u0130RSEK PE100 SDR11-SDR17 PE100 enjeksiyon dirsekler, orjinal karbon siyah\u0131 katk\u0131l\u0131 PE100 gran\u00fcl hammadde bas\u0131n\u00e7l\u0131 \u015fekilde kal\u0131plara enjekte edilerek \u00fcretilir. PE100 boruyu istenilen y\u00f6ne \u00e7evirmek i\u00e7in kullan\u0131l\u0131r. TEKL\u0130F AL d bas\u0131n\u00e7 (bar) bas\u0131n\u00e7 (bar) kg L (mm) Z (mm) 20 pn16 0,022 50 70 25 pn16 0,033 52 75 [&hellip;]","og_url":"https:\/\/dokerler.com\/tr\/urunler\/enjeksiyon\/90-dirsek\/","og_site_name":"D\u00f6kerler D\u00f6k\u00fcm ve Plastik Polietilen San. \u0130th. \u0130hr. ve Tic. Ltd. \u015eti.","article_modified_time":"2024-03-28T06:41:49+00:00","og_image":[{"url":"https:\/\/dokerler.com\/wp-content\/uploads\/2024\/02\/90-dirsek-3-580x690.png","type":"","width":"","height":""}],"twitter_card":"summary_large_image","twitter_misc":{"Tahmini okuma s\u00fcresi":"2 dakika"},"schema":{"@context":"https:\/\/schema.org","@graph":[{"@type":"WebPage","@id":"https:\/\/dokerler.com\/tr\/urunler\/enjeksiyon\/90-dirsek\/","url":"https:\/\/dokerler.com\/tr\/urunler\/enjeksiyon\/90-dirsek\/","name":"PE100-90\u00b0 Dirsek - D\u00f6kerler D\u00f6k\u00fcm ve Plastik Polietilen San. \u0130th. \u0130hr. ve Tic. Ltd. \u015eti.","isPartOf":{"@id":"https:\/\/dokerler.com\/#website"},"primaryImageOfPage":{"@id":"https:\/\/dokerler.com\/tr\/urunler\/enjeksiyon\/90-dirsek\/#primaryimage"},"image":{"@id":"https:\/\/dokerler.com\/tr\/urunler\/enjeksiyon\/90-dirsek\/#primaryimage"},"thumbnailUrl":"https:\/\/dokerler.com\/wp-content\/uploads\/2024\/02\/90-dirsek-3-580x690.png","datePublished":"2024-02-06T11:11:49+00:00","dateModified":"2024-03-28T06:41:49+00:00","breadcrumb":{"@id":"https:\/\/dokerler.com\/tr\/urunler\/enjeksiyon\/90-dirsek\/#breadcrumb"},"inLanguage":"tr","potentialAction":[{"@type":"ReadAction","target":["https:\/\/dokerler.com\/tr\/urunler\/enjeksiyon\/90-dirsek\/"]}]},{"@type":"ImageObject","inLanguage":"tr","@id":"https:\/\/dokerler.com\/tr\/urunler\/enjeksiyon\/90-dirsek\/#primaryimage","url":"https:\/\/dokerler.com\/wp-content\/uploads\/2024\/02\/90-dirsek-3-580x690.png","contentUrl":"https:\/\/dokerler.com\/wp-content\/uploads\/2024\/02\/90-dirsek-3-580x690.png"},{"@type":"BreadcrumbList","@id":"https:\/\/dokerler.com\/tr\/urunler\/enjeksiyon\/90-dirsek\/#breadcrumb","itemListElement":[{"@type":"ListItem","position":1,"name":"Home","item":"https:\/\/dokerler.com\/"},{"@type":"ListItem","position":2,"name":"\u00dcr\u00fcnler","item":"https:\/\/dokerler.com\/ru\/proizvodstvo\/"},{"@type":"ListItem","position":3,"name":"Enjeksiyon","item":"https:\/\/dokerler.com\/ru\/proizvodstvo\/inyektsiya\/"},{"@type":"ListItem","position":4,"name":"PE100-90\u00b0 Dirsek"}]},{"@type":"WebSite","@id":"https:\/\/dokerler.com\/#website","url":"https:\/\/dokerler.com\/","name":"D\u00f6kerler D\u00f6k\u00fcm ve Plastik Polietilen San. \u0130th. \u0130hr. ve Tic. Ltd. \u015eti.","description":"","potentialAction":[{"@type":"SearchAction","target":{"@type":"EntryPoint","urlTemplate":"https:\/\/dokerler.com\/?s={search_term_string}"},"query-input":{"@type":"PropertyValueSpecification","valueRequired":true,"valueName":"search_term_string"}}],"inLanguage":"tr"}]}},"_links":{"self":[{"href":"https:\/\/dokerler.com\/tr\/wp-json\/wp\/v2\/pages\/3170","targetHints":{"allow":["GET"]}}],"collection":[{"href":"https:\/\/dokerler.com\/tr\/wp-json\/wp\/v2\/pages"}],"about":[{"href":"https:\/\/dokerler.com\/tr\/wp-json\/wp\/v2\/types\/page"}],"author":[{"embeddable":true,"href":"https:\/\/dokerler.com\/tr\/wp-json\/wp\/v2\/users\/1"}],"replies":[{"embeddable":true,"href":"https:\/\/dokerler.com\/tr\/wp-json\/wp\/v2\/comments?post=3170"}],"version-history":[{"count":24,"href":"https:\/\/dokerler.com\/tr\/wp-json\/wp\/v2\/pages\/3170\/revisions"}],"predecessor-version":[{"id":5901,"href":"https:\/\/dokerler.com\/tr\/wp-json\/wp\/v2\/pages\/3170\/revisions\/5901"}],"up":[{"embeddable":true,"href":"https:\/\/dokerler.com\/tr\/wp-json\/wp\/v2\/pages\/3262"}],"wp:attachment":[{"href":"https:\/\/dokerler.com\/tr\/wp-json\/wp\/v2\/media?parent=3170"}],"curies":[{"name":"wp","href":"https:\/\/api.w.org\/{rel}","templated":true}]}}