{"id":3169,"date":"2024-02-06T12:51:22","date_gmt":"2024-02-06T12:51:22","guid":{"rendered":"https:\/\/dokerler.com\/hdpe-fabrikasyon-45-tee\/"},"modified":"2024-03-20T09:37:20","modified_gmt":"2024-03-20T09:37:20","slug":"pe100-konfeksiyon-45-y-catal","status":"publish","type":"page","link":"https:\/\/dokerler.com\/tr\/urunler\/konfeksiyon\/pe100-konfeksiyon-45-y-catal\/","title":{"rendered":"PE100-Konfeksiyon 45\u00b0 Y \u00c7atal"},"content":{"rendered":"\t\t<div data-elementor-type=\"wp-page\" data-elementor-id=\"3169\" class=\"elementor elementor-3169\">\n\t\t\t\t\t\t<section class=\"elementor-section elementor-top-section elementor-element elementor-element-9ad4ab0 elementor-section-full_width elementor-section-height-default elementor-section-height-default\" data-id=\"9ad4ab0\" data-element_type=\"section\">\n\t\t\t\t\t\t<div class=\"elementor-container elementor-column-gap-default\">\n\t\t\t\t\t<div class=\"elementor-column elementor-col-100 elementor-top-column elementor-element elementor-element-1777117\" data-id=\"1777117\" data-element_type=\"column\">\n\t\t\t<div class=\"elementor-widget-wrap elementor-element-populated\">\n\t\t\t\t\t\t<div class=\"elementor-element elementor-element-855f2e1 elementor-widget elementor-widget-gva_post_breadcrumb\" data-id=\"855f2e1\" data-element_type=\"widget\" data-widget_type=\"gva_post_breadcrumb.default\">\n\t\t\t\t<div class=\"elementor-widget-container\">\n\t\t\t\t\t<div class=\"gva-element-gva_post_breadcrumb gva-element\">   \r\n<div class=\"post-breadcrumb\">\r\n   <div class=\"custom-breadcrumb \" >\r\n            <div class=\"breadcrumb-main\">\r\n        <div class=\"container\">\r\n          <div class=\"breadcrumb-container-inner\">\r\n            <h2 class=\"heading-title\">PE100-Konfeksiyon 45\u00b0 Y \u00c7atal<\/h2><ol class=\"breadcrumb\"><li><a href=\"https:\/\/dokerler.com\/tr\/\">Home<\/a> <\/li> <li class=\"active\">Sayfa<\/li><\/ol>          <\/div>  \r\n        <\/div>   \r\n      <\/div>  \r\n   <\/div>\r\n<\/div>      \r\n\r\n<\/div>\t\t\t\t<\/div>\n\t\t\t\t<\/div>\n\t\t\t\t\t<\/div>\n\t\t<\/div>\n\t\t\t\t\t<\/div>\n\t\t<\/section>\n\t\t\t\t<section class=\"elementor-section elementor-top-section elementor-element elementor-element-a6c6e99 elementor-section-boxed elementor-section-height-default elementor-section-height-default\" data-id=\"a6c6e99\" data-element_type=\"section\">\n\t\t\t\t\t\t<div class=\"elementor-container elementor-column-gap-default\">\n\t\t\t\t\t<div class=\"elementor-column elementor-col-100 elementor-top-column elementor-element elementor-element-7f71a7e\" data-id=\"7f71a7e\" data-element_type=\"column\">\n\t\t\t<div class=\"elementor-widget-wrap elementor-element-populated\">\n\t\t\t\t\t\t<div class=\"elementor-element elementor-element-eec6306 elementor-widget elementor-widget-gva-heading-block\" data-id=\"eec6306\" data-element_type=\"widget\" data-widget_type=\"gva-heading-block.default\">\n\t\t\t\t<div class=\"elementor-widget-container\">\n\t\t\t\t\t<div class=\"gva-element-gva-heading-block gva-element\">   <div class=\"align-left style-1 widget gsc-heading box-align-left auto-responsive\">\r\n      <div class=\"content-inner\">\r\n         \r\n                  \r\n         <div class=\"sub-title\"><span class=\"tagline\">Konfeksiyon<\/span><\/div>  \r\n         \r\n                     <h2 class=\"title\">\r\n               <span>PE100-KONFEKS\u0130YON 45\u00b0 Y \u00c7ATAL<\/span>\r\n            <\/h2>\r\n                  \r\n         \r\n         \r\n      <\/div>\r\n   <\/div>\r\n<\/div>\t\t\t\t<\/div>\n\t\t\t\t<\/div>\n\t\t\t\t<div class=\"elementor-element elementor-element-c321fa2 elementor-widget elementor-widget-gva-gallery\" data-id=\"c321fa2\" data-element_type=\"widget\" data-widget_type=\"gva-gallery.default\">\n\t\t\t\t<div class=\"elementor-widget-container\">\n\t\t\t\t\t<div class=\"gva-element-gva-gallery gva-element\">  \r\n  \t<div class=\"gva-gallery-grid clearfix\">\r\n\t\t<div class=\"gva-content-items\"> \r\n\t\t  \t<div class=\"lg-block-grid-3 md-block-grid-3 sm-block-grid-2 xs-block-grid-1 xx-block-grid-1\">\r\n\t\t\t \t<div class=\"item\">\r\n<div class=\"gallery-item style-1\">\r\n         <div class=\"image\">\r\n         <img decoding=\"async\" src=\"https:\/\/dokerler.com\/wp-content\/uploads\/2024\/02\/HDPE-Fabricated-45-Tee-580x690.png\" alt=\"\" \/>  \r\n      <\/div>\r\n      <a class=\"photo-gallery\" href=\"https:\/\/dokerler.com\/wp-content\/uploads\/2024\/02\/HDPE-Fabricated-45-Tee.png\" data-elementor-lightbox-slideshow=\"gallery-cxwp\" aria-label=\"gallery\"><i class=\"fas fa-expand\"><\/i><\/a>\r\n   \r\n   <div class=\"image-content\">\r\n      <div class=\"content-inner\">\r\n                        <\/div>   \r\n   <\/div>\r\n<\/div>\r\n<\/div><div class=\"item\">\r\n<div class=\"gallery-item style-1\">\r\n         <div class=\"image\">\r\n         <img decoding=\"async\" src=\"https:\/\/dokerler.com\/wp-content\/uploads\/2024\/02\/HDPE-Fabricated-45-Tee-2-580x690.png\" alt=\"\" \/>  \r\n      <\/div>\r\n      <a class=\"photo-gallery\" href=\"https:\/\/dokerler.com\/wp-content\/uploads\/2024\/02\/HDPE-Fabricated-45-Tee-2.png\" data-elementor-lightbox-slideshow=\"gallery-cxwp\" aria-label=\"gallery\"><i class=\"fas fa-expand\"><\/i><\/a>\r\n   \r\n   <div class=\"image-content\">\r\n      <div class=\"content-inner\">\r\n                        <\/div>   \r\n   <\/div>\r\n<\/div>\r\n<\/div>\t\t  \t<\/div>\r\n\t\t<\/div>\r\n  \t<\/div>\r\n<\/div>\t\t\t\t<\/div>\n\t\t\t\t<\/div>\n\t\t\t\t<div class=\"elementor-element elementor-element-8fcfb56 elementor-widget elementor-widget-text-editor\" data-id=\"8fcfb56\" data-element_type=\"widget\" data-widget_type=\"text-editor.default\">\n\t\t\t\t<div class=\"elementor-widget-container\">\n\t\t\t\t\t\t\t\t\t<h3 class=\"table-title\">SDR 27,6 (PN 6) \/SDR 17 (PN 10) \/SDR 11 (PN 16) \/SDR 9 (PN 20) \/SDR 7,4 (PN25)<\/h3>\n\t\t\t\t\t\t\t\t<\/div>\n\t\t\t\t<\/div>\n\t\t\t\t<div class=\"elementor-element elementor-element-72bccb6 elementor-widget elementor-widget-html\" data-id=\"72bccb6\" data-element_type=\"widget\" data-widget_type=\"html.default\">\n\t\t\t\t<div class=\"elementor-widget-container\">\n\t\t\t\t\t\n          <a class=\"btn-theme\" href=\"https:\/\/dokerler.com\/tr\/teklif-al\/\">\n TEKL\u0130F AL\n<\/a>\n        \t\t\t\t<\/div>\n\t\t\t\t<\/div>\n\t\t\t\t<div class=\"elementor-element elementor-element-7c6c7bd elementor-widget elementor-widget-text-editor\" data-id=\"7c6c7bd\" data-element_type=\"widget\" data-widget_type=\"text-editor.default\">\n\t\t\t\t<div class=\"elementor-widget-container\">\n\t\t\t\t\t\t\t\t\t<table class=\"table table-striped\" width=\"1119\">\n<tbody>\n<tr>\n<td width=\"126\">\n  <strong>d mm<\/strong>\n<\/td>\n<td width=\"126\">\n  <strong>kg (pn10)<\/strong>\n<\/td>\n<td width=\"126\">\n  <strong>kg (pn16)<\/strong>\n<\/td>\n<td width=\"126\">\n  <strong>H mm<\/strong>\n<\/td>\n<td width=\"126\">\n  <strong>L mm<\/strong>\n<\/td>\n<\/tr>\n<tr>\n<td>\n  <strong>90<\/strong>\n<\/td>\n<td>\n  <strong>1,30<\/strong>\n<\/td>\n<td>\n  <strong>1,86<\/strong>\n<\/td>\n<td>400<\/td>\n<td>700<\/td>\n<\/tr>\n<tr>\n<td>\n  <strong>110<\/strong>\n<\/td>\n<td>\n  <strong>1,93<\/strong>\n<\/td>\n<td>\n  <strong>2,79<\/strong>\n<\/td>\n<td>400<\/td>\n<td>700<\/td>\n<\/tr>\n<tr>\n<td>\n  <strong>125<\/strong>\n<\/td>\n<td>\n  <strong>2,56<\/strong>\n<\/td>\n<td>\n  <strong>3,79<\/strong>\n<\/td>\n<td>300<\/td>\n<td>550<\/td>\n<\/tr>\n<tr>\n<td>\n  <strong>140<\/strong>\n<\/td>\n<td>\n  <strong>3,35<\/strong>\n<\/td>\n<td>\n  <strong>4,91<\/strong>\n<\/td>\n<td>350<\/td>\n<td>600<\/td>\n<\/tr>\n<tr>\n<td>\n  <strong>160<\/strong>\n<\/td>\n<td>\n  <strong>4,61<\/strong>\n<\/td>\n<td>\n  <strong>6,80<\/strong>\n<\/td>\n<td>350<\/td>\n<td>600<\/td>\n<\/tr>\n<tr>\n<td>\n  <strong>180<\/strong>\n<\/td>\n<td>\n  <strong>6,12<\/strong>\n<\/td>\n<td>\n  <strong>9,03<\/strong>\n<\/td>\n<td>400<\/td>\n<td>700<\/td>\n<\/tr>\n<tr>\n<td>\n  <strong>200<\/strong>\n<\/td>\n<td>\n  <strong>8,98<\/strong>\n<\/td>\n<td>\n  <strong>13,27<\/strong>\n<\/td>\n<td>400<\/td>\n<td>700<\/td>\n<\/tr>\n<tr>\n<td>\n  <strong>225<\/strong>\n<\/td>\n<td>\n  <strong>11,97<\/strong>\n<\/td>\n<td>\n  <strong>17,55<\/strong>\n<\/td>\n<td>450<\/td>\n<td>850<\/td>\n<\/tr>\n<tr>\n<td>\n  <strong>250<\/strong>\n<\/td>\n<td>\n  <strong>17,12<\/strong>\n<\/td>\n<td>\n  <strong>25,21<\/strong>\n<\/td>\n<td>550<\/td>\n<td>1000<\/td>\n<\/tr>\n<tr>\n<td>\n  <strong>280<\/strong>\n<\/td>\n<td>\n  <strong>22,39<\/strong>\n<\/td>\n<td>\n  <strong>33,17<\/strong>\n<\/td>\n<td>550<\/td>\n<td>1000<\/td>\n<\/tr>\n<tr>\n<td>\n  <strong>315<\/strong>\n<\/td>\n<td>\n  <strong>32,63<\/strong>\n<\/td>\n<td>\n  <strong>48,00<\/strong>\n<\/td>\n<td>600<\/td>\n<td>1100<\/td>\n<\/tr>\n<tr>\n<td>\n  <strong>355<\/strong>\n<\/td>\n<td>\n  <strong>43,78<\/strong>\n<\/td>\n<td>\n  <strong>64,38<\/strong>\n<\/td>\n<td>600<\/td>\n<td>1100<\/td>\n<\/tr>\n<tr>\n<td>\n  <strong>400<\/strong>\n<\/td>\n<td>\n  <strong>88,63<\/strong>\n<\/td>\n<td>\n  <strong>86,70<\/strong>\n<\/td>\n<td>800<\/td>\n<td>1500<\/td>\n<\/tr>\n<tr>\n<td>\n  <strong>450<\/strong>\n<\/td>\n<td>\n  <strong>78,91<\/strong>\n<\/td>\n<td>\n  <strong>116,58<\/strong>\n<\/td>\n<td>800<\/td>\n<td>1500<\/td>\n<\/tr>\n<tr>\n<td>\n  <strong>500<\/strong>\n<\/td>\n<td>\n  <strong>103,41<\/strong>\n<\/td>\n<td>\n  <strong>152,29<\/strong>\n<\/td>\n<td>1000<\/td>\n<td>1900<\/td>\n<\/tr>\n<tr>\n<td>\n  <strong>560<\/strong>\n<\/td>\n<td>\n  <strong>137,99<\/strong>\n<\/td>\n<td>\n  <strong>203,46<\/strong>\n<\/td>\n<td>1000<\/td>\n<td>2000<\/td>\n<\/tr>\n<tr>\n<td>\n  <strong>630<\/strong>\n<\/td>\n<td>\n  <strong>187,45<\/strong>\n<\/td>\n<td>\n  <strong>275,00<\/strong>\n<\/td>\n<td>1200<\/td>\n<td>2300<\/td>\n<\/tr>\n<\/tbody>\n<\/table>\n\t\t\t\t\t\t\t\t<\/div>\n\t\t\t\t<\/div>\n\t\t\t\t\t<\/div>\n\t\t<\/div>\n\t\t\t\t\t<\/div>\n\t\t<\/section>\n\t\t\t\t<\/div>\n\t\t","protected":false},"excerpt":{"rendered":"<p>PE100-Konfeksiyon 45\u00b0 Y \u00c7atal Home Page Konfeksiyon PE100-KONFEKS\u0130YON 45\u00b0 Y \u00c7ATAL SDR 27,6 (PN 6) \/SDR 17 (PN 10) \/SDR 11 (PN 16) \/SDR 9 (PN 20) \/SDR 7,4 (PN25) TEKL\u0130F AL d mm kg (pn10) kg (pn16) H mm L mm 90 1,30 1,86 400 700 110 1,93 2,79 400 700 125 2,56 3,79 [&hellip;]<\/p>\n","protected":false},"author":1,"featured_media":0,"parent":3180,"menu_order":0,"comment_status":"closed","ping_status":"closed","template":"","meta":{"footnotes":""},"class_list":["post-3169","page","type-page","status-publish","hentry"],"yoast_head":"<!-- This site is optimized with the Yoast SEO plugin v25.9 - https:\/\/yoast.com\/wordpress\/plugins\/seo\/ -->\n<title>PE100-Konfeksiyon 45\u00b0 Y \u00c7atal - D\u00f6kerler D\u00f6k\u00fcm ve Plastik Polietilen San. \u0130th. \u0130hr. ve Tic. Ltd. \u015eti.<\/title>\n<meta name=\"robots\" content=\"index, follow, max-snippet:-1, max-image-preview:large, max-video-preview:-1\" \/>\n<link rel=\"canonical\" href=\"https:\/\/dokerler.com\/ru\/proizvodstvo\/individualnyye-fitingi\/troynik-45-iz-pnd\/\" \/>\n<meta property=\"og:locale\" content=\"tr_TR\" \/>\n<meta property=\"og:type\" content=\"article\" \/>\n<meta property=\"og:title\" content=\"PE100-Konfeksiyon 45\u00b0 Y \u00c7atal - D\u00f6kerler D\u00f6k\u00fcm ve Plastik Polietilen San. \u0130th. \u0130hr. ve Tic. Ltd. \u015eti.\" \/>\n<meta property=\"og:description\" content=\"PE100-Konfeksiyon 45\u00b0 Y \u00c7atal Home Page Konfeksiyon PE100-KONFEKS\u0130YON 45\u00b0 Y \u00c7ATAL SDR 27,6 (PN 6) \/SDR 17 (PN 10) \/SDR 11 (PN 16) \/SDR 9 (PN 20) \/SDR 7,4 (PN25) TEKL\u0130F AL d mm kg (pn10) kg (pn16) H mm L mm 90 1,30 1,86 400 700 110 1,93 2,79 400 700 125 2,56 3,79 [&hellip;]\" \/>\n<meta property=\"og:url\" content=\"https:\/\/dokerler.com\/ru\/proizvodstvo\/individualnyye-fitingi\/troynik-45-iz-pnd\/\" \/>\n<meta property=\"og:site_name\" content=\"D\u00f6kerler D\u00f6k\u00fcm ve Plastik Polietilen San. \u0130th. \u0130hr. ve Tic. Ltd. \u015eti.\" \/>\n<meta property=\"article:modified_time\" content=\"2024-03-20T09:37:20+00:00\" \/>\n<meta property=\"og:image\" content=\"https:\/\/dokerler.com\/wp-content\/uploads\/2024\/02\/HDPE-Fabricated-45-Tee-580x690.png\" \/>\n<meta name=\"twitter:card\" content=\"summary_large_image\" \/>\n<meta name=\"twitter:label1\" content=\"Tahmini okuma s\u00fcresi\" \/>\n\t<meta name=\"twitter:data1\" content=\"2 dakika\" \/>\n<script type=\"application\/ld+json\" class=\"yoast-schema-graph\">{\"@context\":\"https:\/\/schema.org\",\"@graph\":[{\"@type\":\"WebPage\",\"@id\":\"https:\/\/dokerler.com\/ru\/proizvodstvo\/individualnyye-fitingi\/troynik-45-iz-pnd\/\",\"url\":\"https:\/\/dokerler.com\/ru\/proizvodstvo\/individualnyye-fitingi\/troynik-45-iz-pnd\/\",\"name\":\"PE100-Konfeksiyon 45\u00b0 Y \u00c7atal - D\u00f6kerler D\u00f6k\u00fcm ve Plastik Polietilen San. \u0130th. \u0130hr. ve Tic. Ltd. \u015eti.\",\"isPartOf\":{\"@id\":\"https:\/\/dokerler.com\/#website\"},\"primaryImageOfPage\":{\"@id\":\"https:\/\/dokerler.com\/ru\/proizvodstvo\/individualnyye-fitingi\/troynik-45-iz-pnd\/#primaryimage\"},\"image\":{\"@id\":\"https:\/\/dokerler.com\/ru\/proizvodstvo\/individualnyye-fitingi\/troynik-45-iz-pnd\/#primaryimage\"},\"thumbnailUrl\":\"https:\/\/dokerler.com\/wp-content\/uploads\/2024\/02\/HDPE-Fabricated-45-Tee-580x690.png\",\"datePublished\":\"2024-02-06T12:51:22+00:00\",\"dateModified\":\"2024-03-20T09:37:20+00:00\",\"breadcrumb\":{\"@id\":\"https:\/\/dokerler.com\/ru\/proizvodstvo\/individualnyye-fitingi\/troynik-45-iz-pnd\/#breadcrumb\"},\"inLanguage\":\"tr\",\"potentialAction\":[{\"@type\":\"ReadAction\",\"target\":[\"https:\/\/dokerler.com\/ru\/proizvodstvo\/individualnyye-fitingi\/troynik-45-iz-pnd\/\"]}]},{\"@type\":\"ImageObject\",\"inLanguage\":\"tr\",\"@id\":\"https:\/\/dokerler.com\/ru\/proizvodstvo\/individualnyye-fitingi\/troynik-45-iz-pnd\/#primaryimage\",\"url\":\"https:\/\/dokerler.com\/wp-content\/uploads\/2024\/02\/HDPE-Fabricated-45-Tee-580x690.png\",\"contentUrl\":\"https:\/\/dokerler.com\/wp-content\/uploads\/2024\/02\/HDPE-Fabricated-45-Tee-580x690.png\"},{\"@type\":\"BreadcrumbList\",\"@id\":\"https:\/\/dokerler.com\/ru\/proizvodstvo\/individualnyye-fitingi\/troynik-45-iz-pnd\/#breadcrumb\",\"itemListElement\":[{\"@type\":\"ListItem\",\"position\":1,\"name\":\"Home\",\"item\":\"https:\/\/dokerler.com\/\"},{\"@type\":\"ListItem\",\"position\":2,\"name\":\"\u00dcr\u00fcnler\",\"item\":\"https:\/\/dokerler.com\/ru\/proizvodstvo\/\"},{\"@type\":\"ListItem\",\"position\":3,\"name\":\"Konfeksiyon\",\"item\":\"https:\/\/dokerler.com\/ru\/proizvodstvo\/individualnyye-fitingi\/\"},{\"@type\":\"ListItem\",\"position\":4,\"name\":\"PE100-Konfeksiyon 45\u00b0 Y \u00c7atal\"}]},{\"@type\":\"WebSite\",\"@id\":\"https:\/\/dokerler.com\/#website\",\"url\":\"https:\/\/dokerler.com\/\",\"name\":\"D\u00f6kerler D\u00f6k\u00fcm ve Plastik Polietilen San. \u0130th. \u0130hr. ve Tic. Ltd. \u015eti.\",\"description\":\"\",\"potentialAction\":[{\"@type\":\"SearchAction\",\"target\":{\"@type\":\"EntryPoint\",\"urlTemplate\":\"https:\/\/dokerler.com\/?s={search_term_string}\"},\"query-input\":{\"@type\":\"PropertyValueSpecification\",\"valueRequired\":true,\"valueName\":\"search_term_string\"}}],\"inLanguage\":\"tr\"}]}<\/script>\n<!-- \/ Yoast SEO plugin. -->","yoast_head_json":{"title":"PE100-Konfeksiyon 45\u00b0 Y \u00c7atal - D\u00f6kerler D\u00f6k\u00fcm ve Plastik Polietilen San. \u0130th. \u0130hr. ve Tic. Ltd. \u015eti.","robots":{"index":"index","follow":"follow","max-snippet":"max-snippet:-1","max-image-preview":"max-image-preview:large","max-video-preview":"max-video-preview:-1"},"canonical":"https:\/\/dokerler.com\/ru\/proizvodstvo\/individualnyye-fitingi\/troynik-45-iz-pnd\/","og_locale":"tr_TR","og_type":"article","og_title":"PE100-Konfeksiyon 45\u00b0 Y \u00c7atal - D\u00f6kerler D\u00f6k\u00fcm ve Plastik Polietilen San. \u0130th. \u0130hr. ve Tic. Ltd. \u015eti.","og_description":"PE100-Konfeksiyon 45\u00b0 Y \u00c7atal Home Page Konfeksiyon PE100-KONFEKS\u0130YON 45\u00b0 Y \u00c7ATAL SDR 27,6 (PN 6) \/SDR 17 (PN 10) \/SDR 11 (PN 16) \/SDR 9 (PN 20) \/SDR 7,4 (PN25) TEKL\u0130F AL d mm kg (pn10) kg (pn16) H mm L mm 90 1,30 1,86 400 700 110 1,93 2,79 400 700 125 2,56 3,79 [&hellip;]","og_url":"https:\/\/dokerler.com\/ru\/proizvodstvo\/individualnyye-fitingi\/troynik-45-iz-pnd\/","og_site_name":"D\u00f6kerler D\u00f6k\u00fcm ve Plastik Polietilen San. \u0130th. \u0130hr. ve Tic. Ltd. \u015eti.","article_modified_time":"2024-03-20T09:37:20+00:00","og_image":[{"url":"https:\/\/dokerler.com\/wp-content\/uploads\/2024\/02\/HDPE-Fabricated-45-Tee-580x690.png","type":"","width":"","height":""}],"twitter_card":"summary_large_image","twitter_misc":{"Tahmini okuma s\u00fcresi":"2 dakika"},"schema":{"@context":"https:\/\/schema.org","@graph":[{"@type":"WebPage","@id":"https:\/\/dokerler.com\/ru\/proizvodstvo\/individualnyye-fitingi\/troynik-45-iz-pnd\/","url":"https:\/\/dokerler.com\/ru\/proizvodstvo\/individualnyye-fitingi\/troynik-45-iz-pnd\/","name":"PE100-Konfeksiyon 45\u00b0 Y \u00c7atal - D\u00f6kerler D\u00f6k\u00fcm ve Plastik Polietilen San. \u0130th. \u0130hr. ve Tic. Ltd. \u015eti.","isPartOf":{"@id":"https:\/\/dokerler.com\/#website"},"primaryImageOfPage":{"@id":"https:\/\/dokerler.com\/ru\/proizvodstvo\/individualnyye-fitingi\/troynik-45-iz-pnd\/#primaryimage"},"image":{"@id":"https:\/\/dokerler.com\/ru\/proizvodstvo\/individualnyye-fitingi\/troynik-45-iz-pnd\/#primaryimage"},"thumbnailUrl":"https:\/\/dokerler.com\/wp-content\/uploads\/2024\/02\/HDPE-Fabricated-45-Tee-580x690.png","datePublished":"2024-02-06T12:51:22+00:00","dateModified":"2024-03-20T09:37:20+00:00","breadcrumb":{"@id":"https:\/\/dokerler.com\/ru\/proizvodstvo\/individualnyye-fitingi\/troynik-45-iz-pnd\/#breadcrumb"},"inLanguage":"tr","potentialAction":[{"@type":"ReadAction","target":["https:\/\/dokerler.com\/ru\/proizvodstvo\/individualnyye-fitingi\/troynik-45-iz-pnd\/"]}]},{"@type":"ImageObject","inLanguage":"tr","@id":"https:\/\/dokerler.com\/ru\/proizvodstvo\/individualnyye-fitingi\/troynik-45-iz-pnd\/#primaryimage","url":"https:\/\/dokerler.com\/wp-content\/uploads\/2024\/02\/HDPE-Fabricated-45-Tee-580x690.png","contentUrl":"https:\/\/dokerler.com\/wp-content\/uploads\/2024\/02\/HDPE-Fabricated-45-Tee-580x690.png"},{"@type":"BreadcrumbList","@id":"https:\/\/dokerler.com\/ru\/proizvodstvo\/individualnyye-fitingi\/troynik-45-iz-pnd\/#breadcrumb","itemListElement":[{"@type":"ListItem","position":1,"name":"Home","item":"https:\/\/dokerler.com\/"},{"@type":"ListItem","position":2,"name":"\u00dcr\u00fcnler","item":"https:\/\/dokerler.com\/ru\/proizvodstvo\/"},{"@type":"ListItem","position":3,"name":"Konfeksiyon","item":"https:\/\/dokerler.com\/ru\/proizvodstvo\/individualnyye-fitingi\/"},{"@type":"ListItem","position":4,"name":"PE100-Konfeksiyon 45\u00b0 Y \u00c7atal"}]},{"@type":"WebSite","@id":"https:\/\/dokerler.com\/#website","url":"https:\/\/dokerler.com\/","name":"D\u00f6kerler D\u00f6k\u00fcm ve Plastik Polietilen San. \u0130th. \u0130hr. ve Tic. Ltd. \u015eti.","description":"","potentialAction":[{"@type":"SearchAction","target":{"@type":"EntryPoint","urlTemplate":"https:\/\/dokerler.com\/?s={search_term_string}"},"query-input":{"@type":"PropertyValueSpecification","valueRequired":true,"valueName":"search_term_string"}}],"inLanguage":"tr"}]}},"_links":{"self":[{"href":"https:\/\/dokerler.com\/tr\/wp-json\/wp\/v2\/pages\/3169","targetHints":{"allow":["GET"]}}],"collection":[{"href":"https:\/\/dokerler.com\/tr\/wp-json\/wp\/v2\/pages"}],"about":[{"href":"https:\/\/dokerler.com\/tr\/wp-json\/wp\/v2\/types\/page"}],"author":[{"embeddable":true,"href":"https:\/\/dokerler.com\/tr\/wp-json\/wp\/v2\/users\/1"}],"replies":[{"embeddable":true,"href":"https:\/\/dokerler.com\/tr\/wp-json\/wp\/v2\/comments?post=3169"}],"version-history":[{"count":18,"href":"https:\/\/dokerler.com\/tr\/wp-json\/wp\/v2\/pages\/3169\/revisions"}],"predecessor-version":[{"id":5126,"href":"https:\/\/dokerler.com\/tr\/wp-json\/wp\/v2\/pages\/3169\/revisions\/5126"}],"up":[{"embeddable":true,"href":"https:\/\/dokerler.com\/tr\/wp-json\/wp\/v2\/pages\/3180"}],"wp:attachment":[{"href":"https:\/\/dokerler.com\/tr\/wp-json\/wp\/v2\/media?parent=3169"}],"curies":[{"name":"wp","href":"https:\/\/api.w.org\/{rel}","templated":true}]}}