{"id":3144,"date":"2024-02-06T13:01:28","date_gmt":"2024-02-06T13:01:28","guid":{"rendered":"https:\/\/dokerler.com\/hdpe-fabrikasyon-esit-tee\/"},"modified":"2024-03-27T13:56:51","modified_gmt":"2024-03-27T13:56:51","slug":"pe100-konfeskiyon-esit-te","status":"publish","type":"page","link":"https:\/\/dokerler.com\/tr\/urunler\/konfeksiyon\/pe100-konfeskiyon-esit-te\/","title":{"rendered":"PE100-Konfeskiyon E\u015fit Te"},"content":{"rendered":"\t\t<div data-elementor-type=\"wp-page\" data-elementor-id=\"3144\" class=\"elementor elementor-3144\">\n\t\t\t\t\t\t<section class=\"elementor-section elementor-top-section elementor-element elementor-element-9ad4ab0 elementor-section-full_width elementor-section-height-default elementor-section-height-default\" data-id=\"9ad4ab0\" data-element_type=\"section\">\n\t\t\t\t\t\t<div class=\"elementor-container elementor-column-gap-default\">\n\t\t\t\t\t<div class=\"elementor-column elementor-col-100 elementor-top-column elementor-element elementor-element-1777117\" data-id=\"1777117\" data-element_type=\"column\">\n\t\t\t<div class=\"elementor-widget-wrap elementor-element-populated\">\n\t\t\t\t\t\t<div class=\"elementor-element elementor-element-855f2e1 elementor-widget elementor-widget-gva_post_breadcrumb\" data-id=\"855f2e1\" data-element_type=\"widget\" data-widget_type=\"gva_post_breadcrumb.default\">\n\t\t\t\t<div class=\"elementor-widget-container\">\n\t\t\t\t\t<div class=\"gva-element-gva_post_breadcrumb gva-element\">   \r\n<div class=\"post-breadcrumb\">\r\n   <div class=\"custom-breadcrumb \" >\r\n            <div class=\"breadcrumb-main\">\r\n        <div class=\"container\">\r\n          <div class=\"breadcrumb-container-inner\">\r\n            <h2 class=\"heading-title\">PE100-Konfeskiyon E\u015fit Te<\/h2><ol class=\"breadcrumb\"><li><a href=\"https:\/\/dokerler.com\/tr\/\">Home<\/a> <\/li> <li class=\"active\">Sayfa<\/li><\/ol>          <\/div>  \r\n        <\/div>   \r\n      <\/div>  \r\n   <\/div>\r\n<\/div>      \r\n\r\n<\/div>\t\t\t\t<\/div>\n\t\t\t\t<\/div>\n\t\t\t\t\t<\/div>\n\t\t<\/div>\n\t\t\t\t\t<\/div>\n\t\t<\/section>\n\t\t\t\t<section class=\"elementor-section elementor-top-section elementor-element elementor-element-a6c6e99 elementor-section-boxed elementor-section-height-default elementor-section-height-default\" data-id=\"a6c6e99\" data-element_type=\"section\">\n\t\t\t\t\t\t<div class=\"elementor-container elementor-column-gap-default\">\n\t\t\t\t\t<div class=\"elementor-column elementor-col-100 elementor-top-column elementor-element elementor-element-7f71a7e\" data-id=\"7f71a7e\" data-element_type=\"column\">\n\t\t\t<div class=\"elementor-widget-wrap elementor-element-populated\">\n\t\t\t\t\t\t<div class=\"elementor-element elementor-element-eec6306 elementor-widget elementor-widget-gva-heading-block\" data-id=\"eec6306\" data-element_type=\"widget\" data-widget_type=\"gva-heading-block.default\">\n\t\t\t\t<div class=\"elementor-widget-container\">\n\t\t\t\t\t<div class=\"gva-element-gva-heading-block gva-element\">   <div class=\"align-left style-1 widget gsc-heading box-align-left auto-responsive\">\r\n      <div class=\"content-inner\">\r\n         \r\n                  \r\n         <div class=\"sub-title\"><span class=\"tagline\">Konfeksiyon<\/span><\/div>  \r\n         \r\n                     <h2 class=\"title\">\r\n               <span>PE100-KONFESK\u0130YON E\u015e\u0130T TE<\/span>\r\n            <\/h2>\r\n                  \r\n         \r\n         \r\n      <\/div>\r\n   <\/div>\r\n<\/div>\t\t\t\t<\/div>\n\t\t\t\t<\/div>\n\t\t\t\t<div class=\"elementor-element elementor-element-c321fa2 elementor-widget elementor-widget-gva-gallery\" data-id=\"c321fa2\" data-element_type=\"widget\" data-widget_type=\"gva-gallery.default\">\n\t\t\t\t<div class=\"elementor-widget-container\">\n\t\t\t\t\t<div class=\"gva-element-gva-gallery gva-element\">  \r\n  \t<div class=\"gva-gallery-grid clearfix\">\r\n\t\t<div class=\"gva-content-items\"> \r\n\t\t  \t<div class=\"lg-block-grid-3 md-block-grid-3 sm-block-grid-2 xs-block-grid-1 xx-block-grid-1\">\r\n\t\t\t \t<div class=\"item\">\r\n<div class=\"gallery-item style-1\">\r\n         <div class=\"image\">\r\n         <img decoding=\"async\" src=\"https:\/\/dokerler.com\/wp-content\/uploads\/2024\/02\/HDPE-Fabricated-Reduced-Tee-2-580x690.png\" alt=\"\" \/>  \r\n      <\/div>\r\n      <a class=\"photo-gallery\" href=\"https:\/\/dokerler.com\/wp-content\/uploads\/2024\/02\/HDPE-Fabricated-Reduced-Tee-2.png\" data-elementor-lightbox-slideshow=\"gallery-r9c2\" aria-label=\"gallery\"><i class=\"fas fa-expand\"><\/i><\/a>\r\n   \r\n   <div class=\"image-content\">\r\n      <div class=\"content-inner\">\r\n                        <\/div>   \r\n   <\/div>\r\n<\/div>\r\n<\/div><div class=\"item\">\r\n<div class=\"gallery-item style-1\">\r\n         <div class=\"image\">\r\n         <img decoding=\"async\" src=\"https:\/\/dokerler.com\/wp-content\/uploads\/2024\/02\/HDPE-Fabricated-Equal-Tee-2-1-580x690.png\" alt=\"\" \/>  \r\n      <\/div>\r\n      <a class=\"photo-gallery\" href=\"https:\/\/dokerler.com\/wp-content\/uploads\/2024\/02\/HDPE-Fabricated-Equal-Tee-2-1.png\" data-elementor-lightbox-slideshow=\"gallery-r9c2\" aria-label=\"gallery\"><i class=\"fas fa-expand\"><\/i><\/a>\r\n   \r\n   <div class=\"image-content\">\r\n      <div class=\"content-inner\">\r\n                        <\/div>   \r\n   <\/div>\r\n<\/div>\r\n<\/div><div class=\"item\">\r\n<div class=\"gallery-item style-1\">\r\n         <div class=\"image\">\r\n         <img decoding=\"async\" src=\"https:\/\/dokerler.com\/wp-content\/uploads\/2024\/02\/HDPE-Fabricated-Equal-Tee-3-580x690.png\" alt=\"\" \/>  \r\n      <\/div>\r\n      <a class=\"photo-gallery\" href=\"https:\/\/dokerler.com\/wp-content\/uploads\/2024\/02\/HDPE-Fabricated-Equal-Tee-3.png\" data-elementor-lightbox-slideshow=\"gallery-r9c2\" aria-label=\"gallery\"><i class=\"fas fa-expand\"><\/i><\/a>\r\n   \r\n   <div class=\"image-content\">\r\n      <div class=\"content-inner\">\r\n                        <\/div>   \r\n   <\/div>\r\n<\/div>\r\n<\/div>\t\t  \t<\/div>\r\n\t\t<\/div>\r\n  \t<\/div>\r\n<\/div>\t\t\t\t<\/div>\n\t\t\t\t<\/div>\n\t\t\t\t<div class=\"elementor-element elementor-element-8fcfb56 elementor-widget elementor-widget-text-editor\" data-id=\"8fcfb56\" data-element_type=\"widget\" data-widget_type=\"text-editor.default\">\n\t\t\t\t<div class=\"elementor-widget-container\">\n\t\t\t\t\t\t\t\t\t<h3 class=\"table-title\">SDR 27,6 (PN 6) \/SDR 17 (PN 10) \/SDR 11 (PN 16) \/SDR 9 (PN 20) \/SDR 7,4 (PN25)<\/h3>\n<p class=\"MsoNormal\"><span style=\"font-family: Arial, sans-serif; background-image: initial; background-position: initial; background-size: initial; background-repeat: initial; background-attachment: initial; background-origin: initial; background-clip: initial;\">PE100- konfeksiyon e\u015fit teler, boru par\u00e7alar\u0131n\u0131n belirli\na\u00e7\u0131lar ile kesilip al\u0131n kayna\u011f\u0131 y\u00f6ntemi kullan\u0131larak birbirine kaynat\u0131lmas\u0131yla\nimal edilir. Ayn\u0131 \u00e7aptaki 3 adet PE100 boruyu birbirine ba\u011flamak i\u00e7in\nkullan\u0131l\u0131r.<o:p><\/o:p><\/span><\/p>\t\t\t\t\t\t\t\t<\/div>\n\t\t\t\t<\/div>\n\t\t\t\t<div class=\"elementor-element elementor-element-72bccb6 elementor-widget elementor-widget-html\" data-id=\"72bccb6\" data-element_type=\"widget\" data-widget_type=\"html.default\">\n\t\t\t\t<div class=\"elementor-widget-container\">\n\t\t\t\t\t\n          <a class=\"btn-theme\" href=\"https:\/\/dokerler.com\/tr\/teklif-al\/\">\n TEKL\u0130F AL\n<\/a>\n        \t\t\t\t<\/div>\n\t\t\t\t<\/div>\n\t\t\t\t<div class=\"elementor-element elementor-element-7c6c7bd elementor-widget elementor-widget-text-editor\" data-id=\"7c6c7bd\" data-element_type=\"widget\" data-widget_type=\"text-editor.default\">\n\t\t\t\t<div class=\"elementor-widget-container\">\n\t\t\t\t\t\t\t\t\t<table class=\"table table-striped\" width=\"1156\">\n<tbody>\n<tr>\n<td width=\"166\">\n  <strong>d mm<\/strong>\n<\/td>\n<td width=\"166\">\n  <strong>kg (pn10)<\/strong>\n<\/td>\n<td width=\"166\">\n  <strong>kg (pn16)<\/strong>\n<\/td>\n<td width=\"166\">\n  <strong>Z mm<\/strong>\n<\/td>\n<td width=\"166\">\n  <strong>L mm<\/strong>\n<\/td>\n<\/tr>\n<tr>\n<td>\n  <strong>250<\/strong>\n<\/td>\n<td>\n  <strong>12,50<\/strong>\n<\/td>\n<td>\n  <strong>18,40<\/strong>\n<\/td>\n<td>200<\/td>\n<td>650<\/td>\n<\/tr>\n<tr>\n<td>\n  <strong>280<\/strong>\n<\/td>\n<td>\n  <strong>16,00<\/strong>\n<\/td>\n<td>\n  <strong>23,80<\/strong>\n<\/td>\n<td>200<\/td>\n<td>680<\/td>\n<\/tr>\n<tr>\n<td>\n  <strong>315<\/strong>\n<\/td>\n<td>\n  <strong>24,00<\/strong>\n<\/td>\n<td>\n  <strong>35,50<\/strong>\n<\/td>\n<td>300<\/td>\n<td>915<\/td>\n<\/tr>\n<tr>\n<td>\n  <strong>355<\/strong>\n<\/td>\n<td>\n  <strong>32,00<\/strong>\n<\/td>\n<td>\n  <strong>46,90<\/strong>\n<\/td>\n<td>300<\/td>\n<td>955<\/td>\n<\/tr>\n<tr>\n<td>\n  <strong>400<\/strong>\n<\/td>\n<td>\n  <strong>42,00<\/strong>\n<\/td>\n<td>\n  <strong>62,00<\/strong>\n<\/td>\n<td>300<\/td>\n<td>1000<\/td>\n<\/tr>\n<tr>\n<td>\n  <strong>450<\/strong>\n<\/td>\n<td>\n  <strong>56,00<\/strong>\n<\/td>\n<td>\n  <strong>82,70<\/strong>\n<\/td>\n<td>300<\/td>\n<td>1050<\/td>\n<\/tr>\n<tr>\n<td>\n  <strong>500<\/strong>\n<\/td>\n<td>\n  <strong>78,90<\/strong>\n<\/td>\n<td>\n  <strong>116,00<\/strong>\n<\/td>\n<td>300<\/td>\n<td>1100<\/td>\n<\/tr>\n<tr>\n<td>\n  <strong>560<\/strong>\n<\/td>\n<td>\n  <strong>103,60<\/strong>\n<\/td>\n<td>\n  <strong>152,80<\/strong>\n<\/td>\n<td>350<\/td>\n<td>1260<\/td>\n<\/tr>\n<tr>\n<td>\n  <strong>630<\/strong>\n<\/td>\n<td>\n  <strong>139,00<\/strong>\n<\/td>\n<td>\n  <strong>204,00<\/strong>\n<\/td>\n<td>350<\/td>\n<td>1330<\/td>\n<\/tr>\n<tr>\n<td>\n  <strong>710<\/strong>\n<\/td>\n<td>\n  <strong>193,90<\/strong>\n<\/td>\n<td>\n  <strong>286,00<\/strong>\n<\/td>\n<td>400<\/td>\n<td>1510<\/td>\n<\/tr>\n<tr>\n<td>\n  <strong>800<\/strong>\n<\/td>\n<td>\n  <strong>252,00<\/strong>\n<\/td>\n<td> <\/td>\n<td>400<\/td>\n<td>1600<\/td>\n<\/tr>\n<tr>\n<td>\n  <strong>900<\/strong>\n<\/td>\n<td>\n  <strong>317,00<\/strong>\n<\/td>\n<td> <\/td>\n<td>400<\/td>\n<td>1700<\/td>\n<\/tr>\n<tr>\n<td>\n  <strong>1000<\/strong>\n<\/td>\n<td>\n  <strong>429,00<\/strong>\n<\/td>\n<td> <\/td>\n<td>400<\/td>\n<td>1800<\/td>\n<\/tr>\n<tr>\n<td>\n  <strong>1200<\/strong>\n<\/td>\n<td> <\/td>\n<td> <\/td>\n<td>500<\/td>\n<td>2200<\/td>\n<\/tr>\n<tr>\n<td>\n  <strong>1400<\/strong>\n<\/td>\n<td> <\/td>\n<td> <\/td>\n<td>500<\/td>\n<td>2400<\/td>\n<\/tr>\n<tr>\n<td>\n  <strong>1600<\/strong>\n<\/td>\n<td> <\/td>\n<td> <\/td>\n<td>500<\/td>\n<td>2600<\/td>\n<\/tr>\n<\/tbody>\n<\/table>\n\t\t\t\t\t\t\t\t<\/div>\n\t\t\t\t<\/div>\n\t\t\t\t\t<\/div>\n\t\t<\/div>\n\t\t\t\t\t<\/div>\n\t\t<\/section>\n\t\t\t\t<\/div>\n\t\t","protected":false},"excerpt":{"rendered":"<p>PE100-Konfeskiyon E\u015fit Te Home Page Konfeksiyon PE100-KONFESK\u0130YON E\u015e\u0130T TE SDR 27,6 (PN 6) \/SDR 17 (PN 10) \/SDR 11 (PN 16) \/SDR 9 (PN 20) \/SDR 7,4 (PN25) PE100- konfeksiyon e\u015fit teler, boru par\u00e7alar\u0131n\u0131n belirli a\u00e7\u0131lar ile kesilip al\u0131n kayna\u011f\u0131 y\u00f6ntemi kullan\u0131larak birbirine kaynat\u0131lmas\u0131yla imal edilir. Ayn\u0131 \u00e7aptaki 3 adet PE100 boruyu birbirine ba\u011flamak i\u00e7in [&hellip;]<\/p>\n","protected":false},"author":1,"featured_media":0,"parent":3180,"menu_order":0,"comment_status":"closed","ping_status":"closed","template":"","meta":{"footnotes":""},"class_list":["post-3144","page","type-page","status-publish","hentry"],"yoast_head":"<!-- This site is optimized with the Yoast SEO plugin v25.9 - https:\/\/yoast.com\/wordpress\/plugins\/seo\/ -->\n<title>PE100-Konfeskiyon E\u015fit Te - D\u00f6kerler D\u00f6k\u00fcm ve Plastik Polietilen San. \u0130th. \u0130hr. ve Tic. Ltd. \u015eti.<\/title>\n<meta name=\"robots\" content=\"index, follow, max-snippet:-1, max-image-preview:large, max-video-preview:-1\" \/>\n<link rel=\"canonical\" href=\"https:\/\/dokerler.com\/tr\/urunler\/konfeksiyon\/pe100-konfeskiyon-esit-te\/\" \/>\n<meta property=\"og:locale\" content=\"tr_TR\" \/>\n<meta property=\"og:type\" content=\"article\" \/>\n<meta property=\"og:title\" content=\"PE100-Konfeskiyon E\u015fit Te - D\u00f6kerler D\u00f6k\u00fcm ve Plastik Polietilen San. \u0130th. \u0130hr. ve Tic. Ltd. \u015eti.\" \/>\n<meta property=\"og:description\" content=\"PE100-Konfeskiyon E\u015fit Te Home Page Konfeksiyon PE100-KONFESK\u0130YON E\u015e\u0130T TE SDR 27,6 (PN 6) \/SDR 17 (PN 10) \/SDR 11 (PN 16) \/SDR 9 (PN 20) \/SDR 7,4 (PN25) PE100- konfeksiyon e\u015fit teler, boru par\u00e7alar\u0131n\u0131n belirli a\u00e7\u0131lar ile kesilip al\u0131n kayna\u011f\u0131 y\u00f6ntemi kullan\u0131larak birbirine kaynat\u0131lmas\u0131yla imal edilir. Ayn\u0131 \u00e7aptaki 3 adet PE100 boruyu birbirine ba\u011flamak i\u00e7in [&hellip;]\" \/>\n<meta property=\"og:url\" content=\"https:\/\/dokerler.com\/tr\/urunler\/konfeksiyon\/pe100-konfeskiyon-esit-te\/\" \/>\n<meta property=\"og:site_name\" content=\"D\u00f6kerler D\u00f6k\u00fcm ve Plastik Polietilen San. \u0130th. \u0130hr. ve Tic. Ltd. \u015eti.\" \/>\n<meta property=\"article:modified_time\" content=\"2024-03-27T13:56:51+00:00\" \/>\n<meta property=\"og:image\" content=\"https:\/\/dokerler.com\/wp-content\/uploads\/2024\/02\/HDPE-Fabricated-Reduced-Tee-2-580x690.png\" \/>\n<meta name=\"twitter:card\" content=\"summary_large_image\" \/>\n<meta name=\"twitter:label1\" content=\"Tahmini okuma s\u00fcresi\" \/>\n\t<meta name=\"twitter:data1\" content=\"2 dakika\" \/>\n<script type=\"application\/ld+json\" class=\"yoast-schema-graph\">{\"@context\":\"https:\/\/schema.org\",\"@graph\":[{\"@type\":\"WebPage\",\"@id\":\"https:\/\/dokerler.com\/tr\/urunler\/konfeksiyon\/pe100-konfeskiyon-esit-te\/\",\"url\":\"https:\/\/dokerler.com\/tr\/urunler\/konfeksiyon\/pe100-konfeskiyon-esit-te\/\",\"name\":\"PE100-Konfeskiyon E\u015fit Te - D\u00f6kerler D\u00f6k\u00fcm ve Plastik Polietilen San. \u0130th. \u0130hr. ve Tic. Ltd. \u015eti.\",\"isPartOf\":{\"@id\":\"https:\/\/dokerler.com\/#website\"},\"primaryImageOfPage\":{\"@id\":\"https:\/\/dokerler.com\/tr\/urunler\/konfeksiyon\/pe100-konfeskiyon-esit-te\/#primaryimage\"},\"image\":{\"@id\":\"https:\/\/dokerler.com\/tr\/urunler\/konfeksiyon\/pe100-konfeskiyon-esit-te\/#primaryimage\"},\"thumbnailUrl\":\"https:\/\/dokerler.com\/wp-content\/uploads\/2024\/02\/HDPE-Fabricated-Reduced-Tee-2-580x690.png\",\"datePublished\":\"2024-02-06T13:01:28+00:00\",\"dateModified\":\"2024-03-27T13:56:51+00:00\",\"breadcrumb\":{\"@id\":\"https:\/\/dokerler.com\/tr\/urunler\/konfeksiyon\/pe100-konfeskiyon-esit-te\/#breadcrumb\"},\"inLanguage\":\"tr\",\"potentialAction\":[{\"@type\":\"ReadAction\",\"target\":[\"https:\/\/dokerler.com\/tr\/urunler\/konfeksiyon\/pe100-konfeskiyon-esit-te\/\"]}]},{\"@type\":\"ImageObject\",\"inLanguage\":\"tr\",\"@id\":\"https:\/\/dokerler.com\/tr\/urunler\/konfeksiyon\/pe100-konfeskiyon-esit-te\/#primaryimage\",\"url\":\"https:\/\/dokerler.com\/wp-content\/uploads\/2024\/02\/HDPE-Fabricated-Reduced-Tee-2-580x690.png\",\"contentUrl\":\"https:\/\/dokerler.com\/wp-content\/uploads\/2024\/02\/HDPE-Fabricated-Reduced-Tee-2-580x690.png\"},{\"@type\":\"BreadcrumbList\",\"@id\":\"https:\/\/dokerler.com\/tr\/urunler\/konfeksiyon\/pe100-konfeskiyon-esit-te\/#breadcrumb\",\"itemListElement\":[{\"@type\":\"ListItem\",\"position\":1,\"name\":\"Home\",\"item\":\"https:\/\/dokerler.com\/\"},{\"@type\":\"ListItem\",\"position\":2,\"name\":\"\u00dcr\u00fcnler\",\"item\":\"https:\/\/dokerler.com\/ru\/proizvodstvo\/\"},{\"@type\":\"ListItem\",\"position\":3,\"name\":\"Konfeksiyon\",\"item\":\"https:\/\/dokerler.com\/ru\/proizvodstvo\/individualnyye-fitingi\/\"},{\"@type\":\"ListItem\",\"position\":4,\"name\":\"PE100-Konfeskiyon E\u015fit Te\"}]},{\"@type\":\"WebSite\",\"@id\":\"https:\/\/dokerler.com\/#website\",\"url\":\"https:\/\/dokerler.com\/\",\"name\":\"D\u00f6kerler D\u00f6k\u00fcm ve Plastik Polietilen San. \u0130th. \u0130hr. ve Tic. Ltd. \u015eti.\",\"description\":\"\",\"potentialAction\":[{\"@type\":\"SearchAction\",\"target\":{\"@type\":\"EntryPoint\",\"urlTemplate\":\"https:\/\/dokerler.com\/?s={search_term_string}\"},\"query-input\":{\"@type\":\"PropertyValueSpecification\",\"valueRequired\":true,\"valueName\":\"search_term_string\"}}],\"inLanguage\":\"tr\"}]}<\/script>\n<!-- \/ Yoast SEO plugin. -->","yoast_head_json":{"title":"PE100-Konfeskiyon E\u015fit Te - D\u00f6kerler D\u00f6k\u00fcm ve Plastik Polietilen San. \u0130th. \u0130hr. ve Tic. Ltd. \u015eti.","robots":{"index":"index","follow":"follow","max-snippet":"max-snippet:-1","max-image-preview":"max-image-preview:large","max-video-preview":"max-video-preview:-1"},"canonical":"https:\/\/dokerler.com\/tr\/urunler\/konfeksiyon\/pe100-konfeskiyon-esit-te\/","og_locale":"tr_TR","og_type":"article","og_title":"PE100-Konfeskiyon E\u015fit Te - D\u00f6kerler D\u00f6k\u00fcm ve Plastik Polietilen San. \u0130th. \u0130hr. ve Tic. Ltd. \u015eti.","og_description":"PE100-Konfeskiyon E\u015fit Te Home Page Konfeksiyon PE100-KONFESK\u0130YON E\u015e\u0130T TE SDR 27,6 (PN 6) \/SDR 17 (PN 10) \/SDR 11 (PN 16) \/SDR 9 (PN 20) \/SDR 7,4 (PN25) PE100- konfeksiyon e\u015fit teler, boru par\u00e7alar\u0131n\u0131n belirli a\u00e7\u0131lar ile kesilip al\u0131n kayna\u011f\u0131 y\u00f6ntemi kullan\u0131larak birbirine kaynat\u0131lmas\u0131yla imal edilir. Ayn\u0131 \u00e7aptaki 3 adet PE100 boruyu birbirine ba\u011flamak i\u00e7in [&hellip;]","og_url":"https:\/\/dokerler.com\/tr\/urunler\/konfeksiyon\/pe100-konfeskiyon-esit-te\/","og_site_name":"D\u00f6kerler D\u00f6k\u00fcm ve Plastik Polietilen San. \u0130th. \u0130hr. ve Tic. Ltd. \u015eti.","article_modified_time":"2024-03-27T13:56:51+00:00","og_image":[{"url":"https:\/\/dokerler.com\/wp-content\/uploads\/2024\/02\/HDPE-Fabricated-Reduced-Tee-2-580x690.png","type":"","width":"","height":""}],"twitter_card":"summary_large_image","twitter_misc":{"Tahmini okuma s\u00fcresi":"2 dakika"},"schema":{"@context":"https:\/\/schema.org","@graph":[{"@type":"WebPage","@id":"https:\/\/dokerler.com\/tr\/urunler\/konfeksiyon\/pe100-konfeskiyon-esit-te\/","url":"https:\/\/dokerler.com\/tr\/urunler\/konfeksiyon\/pe100-konfeskiyon-esit-te\/","name":"PE100-Konfeskiyon E\u015fit Te - D\u00f6kerler D\u00f6k\u00fcm ve Plastik Polietilen San. \u0130th. \u0130hr. ve Tic. Ltd. \u015eti.","isPartOf":{"@id":"https:\/\/dokerler.com\/#website"},"primaryImageOfPage":{"@id":"https:\/\/dokerler.com\/tr\/urunler\/konfeksiyon\/pe100-konfeskiyon-esit-te\/#primaryimage"},"image":{"@id":"https:\/\/dokerler.com\/tr\/urunler\/konfeksiyon\/pe100-konfeskiyon-esit-te\/#primaryimage"},"thumbnailUrl":"https:\/\/dokerler.com\/wp-content\/uploads\/2024\/02\/HDPE-Fabricated-Reduced-Tee-2-580x690.png","datePublished":"2024-02-06T13:01:28+00:00","dateModified":"2024-03-27T13:56:51+00:00","breadcrumb":{"@id":"https:\/\/dokerler.com\/tr\/urunler\/konfeksiyon\/pe100-konfeskiyon-esit-te\/#breadcrumb"},"inLanguage":"tr","potentialAction":[{"@type":"ReadAction","target":["https:\/\/dokerler.com\/tr\/urunler\/konfeksiyon\/pe100-konfeskiyon-esit-te\/"]}]},{"@type":"ImageObject","inLanguage":"tr","@id":"https:\/\/dokerler.com\/tr\/urunler\/konfeksiyon\/pe100-konfeskiyon-esit-te\/#primaryimage","url":"https:\/\/dokerler.com\/wp-content\/uploads\/2024\/02\/HDPE-Fabricated-Reduced-Tee-2-580x690.png","contentUrl":"https:\/\/dokerler.com\/wp-content\/uploads\/2024\/02\/HDPE-Fabricated-Reduced-Tee-2-580x690.png"},{"@type":"BreadcrumbList","@id":"https:\/\/dokerler.com\/tr\/urunler\/konfeksiyon\/pe100-konfeskiyon-esit-te\/#breadcrumb","itemListElement":[{"@type":"ListItem","position":1,"name":"Home","item":"https:\/\/dokerler.com\/"},{"@type":"ListItem","position":2,"name":"\u00dcr\u00fcnler","item":"https:\/\/dokerler.com\/ru\/proizvodstvo\/"},{"@type":"ListItem","position":3,"name":"Konfeksiyon","item":"https:\/\/dokerler.com\/ru\/proizvodstvo\/individualnyye-fitingi\/"},{"@type":"ListItem","position":4,"name":"PE100-Konfeskiyon E\u015fit Te"}]},{"@type":"WebSite","@id":"https:\/\/dokerler.com\/#website","url":"https:\/\/dokerler.com\/","name":"D\u00f6kerler D\u00f6k\u00fcm ve Plastik Polietilen San. \u0130th. \u0130hr. ve Tic. Ltd. \u015eti.","description":"","potentialAction":[{"@type":"SearchAction","target":{"@type":"EntryPoint","urlTemplate":"https:\/\/dokerler.com\/?s={search_term_string}"},"query-input":{"@type":"PropertyValueSpecification","valueRequired":true,"valueName":"search_term_string"}}],"inLanguage":"tr"}]}},"_links":{"self":[{"href":"https:\/\/dokerler.com\/tr\/wp-json\/wp\/v2\/pages\/3144","targetHints":{"allow":["GET"]}}],"collection":[{"href":"https:\/\/dokerler.com\/tr\/wp-json\/wp\/v2\/pages"}],"about":[{"href":"https:\/\/dokerler.com\/tr\/wp-json\/wp\/v2\/types\/page"}],"author":[{"embeddable":true,"href":"https:\/\/dokerler.com\/tr\/wp-json\/wp\/v2\/users\/1"}],"replies":[{"embeddable":true,"href":"https:\/\/dokerler.com\/tr\/wp-json\/wp\/v2\/comments?post=3144"}],"version-history":[{"count":22,"href":"https:\/\/dokerler.com\/tr\/wp-json\/wp\/v2\/pages\/3144\/revisions"}],"predecessor-version":[{"id":5892,"href":"https:\/\/dokerler.com\/tr\/wp-json\/wp\/v2\/pages\/3144\/revisions\/5892"}],"up":[{"embeddable":true,"href":"https:\/\/dokerler.com\/tr\/wp-json\/wp\/v2\/pages\/3180"}],"wp:attachment":[{"href":"https:\/\/dokerler.com\/tr\/wp-json\/wp\/v2\/media?parent=3144"}],"curies":[{"name":"wp","href":"https:\/\/api.w.org\/{rel}","templated":true}]}}