{"id":3123,"date":"2024-02-06T15:37:12","date_gmt":"2024-02-06T15:37:12","guid":{"rendered":"https:\/\/dokerler.com\/hdpe-kaynak-uclu-celik-gecis-adaptoru\/"},"modified":"2024-03-28T06:51:58","modified_gmt":"2024-03-28T06:51:58","slug":"kaynakli-celik-gecis-adaptoru","status":"publish","type":"page","link":"https:\/\/dokerler.com\/tr\/urunler\/gecis-adaptorleri-flans\/kaynakli-celik-gecis-adaptoru\/","title":{"rendered":"PE100-Kaynakl\u0131 \u00c7elik Ge\u00e7i\u015f Adapt\u00f6r\u00fc"},"content":{"rendered":"\t\t<div data-elementor-type=\"wp-page\" data-elementor-id=\"3123\" class=\"elementor elementor-3123\">\n\t\t\t\t\t\t<section class=\"elementor-section elementor-top-section elementor-element elementor-element-9ad4ab0 elementor-section-full_width elementor-section-height-default elementor-section-height-default\" data-id=\"9ad4ab0\" data-element_type=\"section\">\n\t\t\t\t\t\t<div class=\"elementor-container elementor-column-gap-default\">\n\t\t\t\t\t<div class=\"elementor-column elementor-col-100 elementor-top-column elementor-element elementor-element-1777117\" data-id=\"1777117\" data-element_type=\"column\">\n\t\t\t<div class=\"elementor-widget-wrap elementor-element-populated\">\n\t\t\t\t\t\t<div class=\"elementor-element elementor-element-855f2e1 elementor-widget elementor-widget-gva_post_breadcrumb\" data-id=\"855f2e1\" data-element_type=\"widget\" data-widget_type=\"gva_post_breadcrumb.default\">\n\t\t\t\t<div class=\"elementor-widget-container\">\n\t\t\t\t\t<div class=\"gva-element-gva_post_breadcrumb gva-element\">   \r\n<div class=\"post-breadcrumb\">\r\n   <div class=\"custom-breadcrumb \" >\r\n            <div class=\"breadcrumb-main\">\r\n        <div class=\"container\">\r\n          <div class=\"breadcrumb-container-inner\">\r\n            <h2 class=\"heading-title\">PE100-Kaynakl\u0131 \u00c7elik Ge\u00e7i\u015f Adapt\u00f6r\u00fc<\/h2><ol class=\"breadcrumb\"><li><a href=\"https:\/\/dokerler.com\/tr\/\">Home<\/a> <\/li> <li class=\"active\">Sayfa<\/li><\/ol>          <\/div>  \r\n        <\/div>   \r\n      <\/div>  \r\n   <\/div>\r\n<\/div>      \r\n\r\n<\/div>\t\t\t\t<\/div>\n\t\t\t\t<\/div>\n\t\t\t\t\t<\/div>\n\t\t<\/div>\n\t\t\t\t\t<\/div>\n\t\t<\/section>\n\t\t\t\t<section class=\"elementor-section elementor-top-section elementor-element elementor-element-a6c6e99 elementor-section-boxed elementor-section-height-default elementor-section-height-default\" data-id=\"a6c6e99\" data-element_type=\"section\">\n\t\t\t\t\t\t<div class=\"elementor-container elementor-column-gap-default\">\n\t\t\t\t\t<div class=\"elementor-column elementor-col-100 elementor-top-column elementor-element elementor-element-7f71a7e\" data-id=\"7f71a7e\" data-element_type=\"column\">\n\t\t\t<div class=\"elementor-widget-wrap elementor-element-populated\">\n\t\t\t\t\t\t<div class=\"elementor-element elementor-element-eec6306 elementor-widget elementor-widget-gva-heading-block\" data-id=\"eec6306\" data-element_type=\"widget\" data-widget_type=\"gva-heading-block.default\">\n\t\t\t\t<div class=\"elementor-widget-container\">\n\t\t\t\t\t<div class=\"gva-element-gva-heading-block gva-element\">   <div class=\"align-left style-1 widget gsc-heading box-align-left auto-responsive\">\r\n      <div class=\"content-inner\">\r\n         \r\n                  \r\n         <div class=\"sub-title\"><span class=\"tagline\">Ge\u00e7i\u015f Adapt\u00f6rleri ve \u00c7elik Flan\u015f<\/span><\/div>  \r\n         \r\n                     <h2 class=\"title\">\r\n               <span>PE100-KAYNAKLI \u00c7EL\u0130K GE\u00c7\u0130\u015e ADAPT\u00d6R\u00dc<\/span>\r\n            <\/h2>\r\n                  \r\n         \r\n         \r\n      <\/div>\r\n   <\/div>\r\n<\/div>\t\t\t\t<\/div>\n\t\t\t\t<\/div>\n\t\t\t\t<div class=\"elementor-element elementor-element-c321fa2 elementor-widget elementor-widget-gva-gallery\" data-id=\"c321fa2\" data-element_type=\"widget\" data-widget_type=\"gva-gallery.default\">\n\t\t\t\t<div class=\"elementor-widget-container\">\n\t\t\t\t\t<div class=\"gva-element-gva-gallery gva-element\">  \r\n  \t<div class=\"gva-gallery-grid clearfix\">\r\n\t\t<div class=\"gva-content-items\"> \r\n\t\t  \t<div class=\"lg-block-grid-3 md-block-grid-3 sm-block-grid-2 xs-block-grid-1 xx-block-grid-1\">\r\n\t\t\t \t<div class=\"item\">\r\n<div class=\"gallery-item style-1\">\r\n         <div class=\"image\">\r\n         <img decoding=\"async\" src=\"https:\/\/dokerler.com\/wp-content\/uploads\/2024\/02\/HDPE-Weld-End-Steel-Transition-Adaptor-2-580x690.png\" alt=\"\" \/>  \r\n      <\/div>\r\n      <a class=\"photo-gallery\" href=\"https:\/\/dokerler.com\/wp-content\/uploads\/2024\/02\/HDPE-Weld-End-Steel-Transition-Adaptor-2.png\" data-elementor-lightbox-slideshow=\"gallery-33fg\" aria-label=\"gallery\"><i class=\"fas fa-expand\"><\/i><\/a>\r\n   \r\n   <div class=\"image-content\">\r\n      <div class=\"content-inner\">\r\n                        <\/div>   \r\n   <\/div>\r\n<\/div>\r\n<\/div><div class=\"item\">\r\n<div class=\"gallery-item style-1\">\r\n         <div class=\"image\">\r\n         <img decoding=\"async\" src=\"https:\/\/dokerler.com\/wp-content\/uploads\/2024\/02\/HDPE-Weld-End-Steel-Transition-Adaptor-3-580x690.png\" alt=\"\" \/>  \r\n      <\/div>\r\n      <a class=\"photo-gallery\" href=\"https:\/\/dokerler.com\/wp-content\/uploads\/2024\/02\/HDPE-Weld-End-Steel-Transition-Adaptor-3.png\" data-elementor-lightbox-slideshow=\"gallery-33fg\" aria-label=\"gallery\"><i class=\"fas fa-expand\"><\/i><\/a>\r\n   \r\n   <div class=\"image-content\">\r\n      <div class=\"content-inner\">\r\n                        <\/div>   \r\n   <\/div>\r\n<\/div>\r\n<\/div>\t\t  \t<\/div>\r\n\t\t<\/div>\r\n  \t<\/div>\r\n<\/div>\t\t\t\t<\/div>\n\t\t\t\t<\/div>\n\t\t\t\t<div class=\"elementor-element elementor-element-8fcfb56 elementor-widget elementor-widget-text-editor\" data-id=\"8fcfb56\" data-element_type=\"widget\" data-widget_type=\"text-editor.default\">\n\t\t\t\t<div class=\"elementor-widget-container\">\n\t\t\t\t\t\t\t\t\t<h3 class=\"table-title\">PE100 &amp; PE80 SDR11<\/h3>\n<p class=\"MsoNormal\">Kaynakl\u0131 \u00c7elik Ge\u00e7i\u015f Adapt\u00f6r\u00fc, gaz ve s\u0131v\u0131 boru hatlar\u0131nda\ns\u0131zd\u0131rmazl\u0131k a\u00e7\u0131s\u0131ndan \u00f6nemli bir par\u00e7ad\u0131r. Kaynakl\u0131 \u00e7elik ge\u00e7i\u015fler ile HDPE\nborulardan \u00e7elik borulara \u00e7e\u015fitli kaynak y\u00f6ntemleri ( elektrod, lazer, gaz alt\u0131\nvb gibi.) ile ge\u00e7i\u015f yap\u0131labilir. Kaynakl\u0131 \u00e7elik ge\u00e7i\u015fler PE100 veya PE80\nborulara al\u0131n kayna\u011f\u0131 veya elektrof\u00fczyon kaynak y\u00f6ntemi ile kaynat\u0131labilir.<o:p><\/o:p><\/p>\t\t\t\t\t\t\t\t<\/div>\n\t\t\t\t<\/div>\n\t\t\t\t<div class=\"elementor-element elementor-element-72bccb6 elementor-widget elementor-widget-html\" data-id=\"72bccb6\" data-element_type=\"widget\" data-widget_type=\"html.default\">\n\t\t\t\t<div class=\"elementor-widget-container\">\n\t\t\t\t\t\n          <a class=\"btn-theme\" href=\"https:\/\/dokerler.com\/tr\/teklif-al\/\">\n TEKL\u0130F AL\n<\/a>\n        \t\t\t\t<\/div>\n\t\t\t\t<\/div>\n\t\t\t\t<div class=\"elementor-element elementor-element-7c6c7bd elementor-widget elementor-widget-text-editor\" data-id=\"7c6c7bd\" data-element_type=\"widget\" data-widget_type=\"text-editor.default\">\n\t\t\t\t<div class=\"elementor-widget-container\">\n\t\t\t\t\t\t\t\t\t<table class=\"table table-striped\" width=\"1136\">\n<tbody>\n<tr>\n<td width=\"48\">\n                  <strong>D1<\/strong>\n                <\/td>\n<td width=\"48\">\n                  <strong>D2<\/strong>\n                <\/td>\n<td width=\"98\">\n                  <strong>bas\u0131n\u00e7 (bar) bas\u0131n\u00e7 (bar)<\/strong>\n                <\/td>\n<td width=\"47\">\n                  <strong>kg<\/strong>\n                <\/td>\n<td width=\"51\">\n                  <strong>L (mm)<\/strong>\n                <\/td>\n<td width=\"58\">\n                  <strong>L1 (mm)<\/strong>\n                <\/td>\n<td width=\"58\">\n                  <strong>L2 (mm)<\/strong>\n                <\/td>\n<\/tr>\n<tr>\n<td>\n                  <strong>20<\/strong>\n                <\/td>\n<td>\n                  <strong>1\/2&#8243;<\/strong>\n                <\/td>\n<td>\n                  <strong>pn16<\/strong>\n                <\/td>\n<td>0,380<\/td>\n<td>286<\/td>\n<td>170<\/td>\n<td>70<\/td>\n<\/tr>\n<tr>\n<td>\n                  <strong>25<\/strong>\n                <\/td>\n<td>\n                  <strong>3\/4&#8243;<\/strong>\n                <\/td>\n<td>\n                  <strong>pn16<\/strong>\n                <\/td>\n<td>0,500<\/td>\n<td>296<\/td>\n<td>180<\/td>\n<td>70<\/td>\n<\/tr>\n<tr>\n<td>\n                  <strong>32<\/strong>\n                <\/td>\n<td>\n                  <strong>1&#8243;<\/strong>\n                <\/td>\n<td>\n                  <strong>pn16<\/strong>\n                <\/td>\n<td>0,640<\/td>\n<td>296<\/td>\n<td>180<\/td>\n<td>70<\/td>\n<\/tr>\n<tr>\n<td>\n                  <strong>40<\/strong>\n                <\/td>\n<td>\n                  <strong>1 1\/4&#8243;<\/strong>\n                <\/td>\n<td>\n                  <strong>pn16<\/strong>\n                <\/td>\n<td>0,960<\/td>\n<td>296<\/td>\n<td>180<\/td>\n<td>70<\/td>\n<\/tr>\n<tr>\n<td>\n                  <strong>50<\/strong>\n                <\/td>\n<td>\n                  <strong>1 1\/2&#8243;<\/strong>\n                <\/td>\n<td>\n                  <strong>pn16<\/strong>\n                <\/td>\n<td>1,220<\/td>\n<td>306<\/td>\n<td>180<\/td>\n<td>80<\/td>\n<\/tr>\n<tr>\n<td>\n                  <strong>63<\/strong>\n                <\/td>\n<td>\n                  <strong>2&#8243;<\/strong>\n                <\/td>\n<td>\n                  <strong>pn16<\/strong>\n                <\/td>\n<td>1,670<\/td>\n<td>345<\/td>\n<td>180<\/td>\n<td>110<\/td>\n<\/tr>\n<tr>\n<td>\n                  <strong>75<\/strong>\n                <\/td>\n<td>\n                  <strong>2 1\/2&#8243;<\/strong>\n                <\/td>\n<td>\n                  <strong>pn16<\/strong>\n                <\/td>\n<td>3,250<\/td>\n<td>355<\/td>\n<td>180<\/td>\n<td>110<\/td>\n<\/tr>\n<tr>\n<td>\n                  <strong>90<\/strong>\n                <\/td>\n<td>\n                  <strong>3&#8243;<\/strong>\n                <\/td>\n<td>\n                  <strong>pn16<\/strong>\n                <\/td>\n<td>4,160<\/td>\n<td>385<\/td>\n<td>200<\/td>\n<td>120<\/td>\n<\/tr>\n<tr>\n<td>\n                  <strong>110<\/strong>\n                <\/td>\n<td>\n                  <strong>4&#8243;<\/strong>\n                <\/td>\n<td>\n                  <strong>pn16<\/strong>\n                <\/td>\n<td>6,860<\/td>\n<td>445<\/td>\n<td>210<\/td>\n<td>150<\/td>\n<\/tr>\n<tr>\n<td>\n                  <strong>125<\/strong>\n                <\/td>\n<td>\n                  <strong>4&#8243;<\/strong>\n                <\/td>\n<td>\n                  <strong>pn16<\/strong>\n                <\/td>\n<td>7,250<\/td>\n<td>462<\/td>\n<td>210<\/td>\n<td>160<\/td>\n<\/tr>\n<tr>\n<td>\n                  <strong>160<\/strong>\n                <\/td>\n<td>\n                  <strong>6&#8243;<\/strong>\n                <\/td>\n<td>\n                  <strong>pn16<\/strong>\n                <\/td>\n<td>14,000<\/td>\n<td>522<\/td>\n<td>230<\/td>\n<td>180<\/td>\n<\/tr>\n<tr>\n<td>\n                  <strong>180<\/strong>\n                <\/td>\n<td>\n                  <strong>6&#8243;<\/strong>\n                <\/td>\n<td>\n                  <strong>pn16<\/strong>\n                <\/td>\n<td>18,000<\/td>\n<td>537<\/td>\n<td>230<\/td>\n<td>195<\/td>\n<\/tr>\n<tr>\n<td>\n                  <strong>200<\/strong>\n                <\/td>\n<td>\n                  <strong>8&#8243;<\/strong>\n                <\/td>\n<td>\n                  <strong>pn16<\/strong>\n                <\/td>\n<td>40,000<\/td>\n<td>610<\/td>\n<td>280<\/td>\n<td>200<\/td>\n<\/tr>\n<tr>\n<td>\n                  <strong>225<\/strong>\n                <\/td>\n<td>\n                  <strong>8&#8243;<\/strong>\n                <\/td>\n<td>\n                  <strong>pn16<\/strong>\n                <\/td>\n<td>42,900<\/td>\n<td>610<\/td>\n<td>280<\/td>\n<td>200<\/td>\n<\/tr>\n<tr>\n<td>\n                  <strong>250<\/strong>\n                <\/td>\n<td>\n                  <strong>8&#8243;<\/strong>\n                <\/td>\n<td>\n                  <strong>pn16<\/strong>\n                <\/td>\n<td>48,000<\/td>\n<td>620<\/td>\n<td>280<\/td>\n<td>200<\/td>\n<\/tr>\n<tr>\n<td>\n                  <strong>250<\/strong>\n                <\/td>\n<td>\n                  <strong>10&#8243;<\/strong>\n                <\/td>\n<td>\n                  <strong>pn16<\/strong>\n                <\/td>\n<td>48,000<\/td>\n<td>620<\/td>\n<td>280<\/td>\n<td>200<\/td>\n<\/tr>\n<tr>\n<td>\n                  <strong>280<\/strong>\n                <\/td>\n<td>\n                  <strong>10&#8243;<\/strong>\n                <\/td>\n<td>\n                  <strong>pn16<\/strong>\n                <\/td>\n<td>58,000<\/td>\n<td>650<\/td>\n<td>290<\/td>\n<td>220<\/td>\n<\/tr>\n<tr>\n<td>\n                  <strong>315<\/strong>\n                <\/td>\n<td>\n                  <strong>12&#8243;<\/strong>\n                <\/td>\n<td>\n                  <strong>pn16<\/strong>\n                <\/td>\n<td>65,000<\/td>\n<td>670<\/td>\n<td>300<\/td>\n<td>220<\/td>\n<\/tr>\n<\/tbody>\n<\/table>\n\t\t\t\t\t\t\t\t<\/div>\n\t\t\t\t<\/div>\n\t\t\t\t\t<\/div>\n\t\t<\/div>\n\t\t\t\t\t<\/div>\n\t\t<\/section>\n\t\t\t\t<\/div>\n\t\t","protected":false},"excerpt":{"rendered":"<p>PE100-Kaynakl\u0131 \u00c7elik Ge\u00e7i\u015f Adapt\u00f6r\u00fc Home Page Ge\u00e7i\u015f Adapt\u00f6rleri ve \u00c7elik Flan\u015f PE100-KAYNAKLI \u00c7EL\u0130K GE\u00c7\u0130\u015e ADAPT\u00d6R\u00dc PE100 &amp; PE80 SDR11 Kaynakl\u0131 \u00c7elik Ge\u00e7i\u015f Adapt\u00f6r\u00fc, gaz ve s\u0131v\u0131 boru hatlar\u0131nda s\u0131zd\u0131rmazl\u0131k a\u00e7\u0131s\u0131ndan \u00f6nemli bir par\u00e7ad\u0131r. Kaynakl\u0131 \u00e7elik ge\u00e7i\u015fler ile HDPE borulardan \u00e7elik borulara \u00e7e\u015fitli kaynak y\u00f6ntemleri ( elektrod, lazer, gaz alt\u0131 vb gibi.) ile ge\u00e7i\u015f yap\u0131labilir. Kaynakl\u0131 [&hellip;]<\/p>\n","protected":false},"author":1,"featured_media":0,"parent":3141,"menu_order":0,"comment_status":"closed","ping_status":"closed","template":"","meta":{"footnotes":""},"class_list":["post-3123","page","type-page","status-publish","hentry"],"yoast_head":"<!-- This site is optimized with the Yoast SEO plugin v25.9 - https:\/\/yoast.com\/wordpress\/plugins\/seo\/ -->\n<title>PE100-Kaynakl\u0131 \u00c7elik Ge\u00e7i\u015f Adapt\u00f6r\u00fc - D\u00f6kerler D\u00f6k\u00fcm ve Plastik Polietilen San. \u0130th. \u0130hr. ve Tic. Ltd. \u015eti.<\/title>\n<meta name=\"robots\" content=\"index, follow, max-snippet:-1, max-image-preview:large, max-video-preview:-1\" \/>\n<link rel=\"canonical\" href=\"https:\/\/dokerler.com\/tr\/urunler\/gecis-adaptorleri-flans\/kaynakli-celik-gecis-adaptoru\/\" \/>\n<meta property=\"og:locale\" content=\"tr_TR\" \/>\n<meta property=\"og:type\" content=\"article\" \/>\n<meta property=\"og:title\" content=\"PE100-Kaynakl\u0131 \u00c7elik Ge\u00e7i\u015f Adapt\u00f6r\u00fc - D\u00f6kerler D\u00f6k\u00fcm ve Plastik Polietilen San. \u0130th. \u0130hr. ve Tic. Ltd. \u015eti.\" \/>\n<meta property=\"og:description\" content=\"PE100-Kaynakl\u0131 \u00c7elik Ge\u00e7i\u015f Adapt\u00f6r\u00fc Home Page Ge\u00e7i\u015f Adapt\u00f6rleri ve \u00c7elik Flan\u015f PE100-KAYNAKLI \u00c7EL\u0130K GE\u00c7\u0130\u015e ADAPT\u00d6R\u00dc PE100 &amp; PE80 SDR11 Kaynakl\u0131 \u00c7elik Ge\u00e7i\u015f Adapt\u00f6r\u00fc, gaz ve s\u0131v\u0131 boru hatlar\u0131nda s\u0131zd\u0131rmazl\u0131k a\u00e7\u0131s\u0131ndan \u00f6nemli bir par\u00e7ad\u0131r. Kaynakl\u0131 \u00e7elik ge\u00e7i\u015fler ile HDPE borulardan \u00e7elik borulara \u00e7e\u015fitli kaynak y\u00f6ntemleri ( elektrod, lazer, gaz alt\u0131 vb gibi.) ile ge\u00e7i\u015f yap\u0131labilir. Kaynakl\u0131 [&hellip;]\" \/>\n<meta property=\"og:url\" content=\"https:\/\/dokerler.com\/tr\/urunler\/gecis-adaptorleri-flans\/kaynakli-celik-gecis-adaptoru\/\" \/>\n<meta property=\"og:site_name\" content=\"D\u00f6kerler D\u00f6k\u00fcm ve Plastik Polietilen San. \u0130th. \u0130hr. ve Tic. Ltd. \u015eti.\" \/>\n<meta property=\"article:modified_time\" content=\"2024-03-28T06:51:58+00:00\" \/>\n<meta property=\"og:image\" content=\"https:\/\/dokerler.com\/wp-content\/uploads\/2024\/02\/HDPE-Weld-End-Steel-Transition-Adaptor-2-580x690.png\" \/>\n<meta name=\"twitter:card\" content=\"summary_large_image\" \/>\n<meta name=\"twitter:label1\" content=\"Tahmini okuma s\u00fcresi\" \/>\n\t<meta name=\"twitter:data1\" content=\"2 dakika\" \/>\n<script type=\"application\/ld+json\" class=\"yoast-schema-graph\">{\"@context\":\"https:\/\/schema.org\",\"@graph\":[{\"@type\":\"WebPage\",\"@id\":\"https:\/\/dokerler.com\/tr\/urunler\/gecis-adaptorleri-flans\/kaynakli-celik-gecis-adaptoru\/\",\"url\":\"https:\/\/dokerler.com\/tr\/urunler\/gecis-adaptorleri-flans\/kaynakli-celik-gecis-adaptoru\/\",\"name\":\"PE100-Kaynakl\u0131 \u00c7elik Ge\u00e7i\u015f Adapt\u00f6r\u00fc - D\u00f6kerler D\u00f6k\u00fcm ve Plastik Polietilen San. \u0130th. \u0130hr. ve Tic. Ltd. \u015eti.\",\"isPartOf\":{\"@id\":\"https:\/\/dokerler.com\/#website\"},\"primaryImageOfPage\":{\"@id\":\"https:\/\/dokerler.com\/tr\/urunler\/gecis-adaptorleri-flans\/kaynakli-celik-gecis-adaptoru\/#primaryimage\"},\"image\":{\"@id\":\"https:\/\/dokerler.com\/tr\/urunler\/gecis-adaptorleri-flans\/kaynakli-celik-gecis-adaptoru\/#primaryimage\"},\"thumbnailUrl\":\"https:\/\/dokerler.com\/wp-content\/uploads\/2024\/02\/HDPE-Weld-End-Steel-Transition-Adaptor-2-580x690.png\",\"datePublished\":\"2024-02-06T15:37:12+00:00\",\"dateModified\":\"2024-03-28T06:51:58+00:00\",\"breadcrumb\":{\"@id\":\"https:\/\/dokerler.com\/tr\/urunler\/gecis-adaptorleri-flans\/kaynakli-celik-gecis-adaptoru\/#breadcrumb\"},\"inLanguage\":\"tr\",\"potentialAction\":[{\"@type\":\"ReadAction\",\"target\":[\"https:\/\/dokerler.com\/tr\/urunler\/gecis-adaptorleri-flans\/kaynakli-celik-gecis-adaptoru\/\"]}]},{\"@type\":\"ImageObject\",\"inLanguage\":\"tr\",\"@id\":\"https:\/\/dokerler.com\/tr\/urunler\/gecis-adaptorleri-flans\/kaynakli-celik-gecis-adaptoru\/#primaryimage\",\"url\":\"https:\/\/dokerler.com\/wp-content\/uploads\/2024\/02\/HDPE-Weld-End-Steel-Transition-Adaptor-2-580x690.png\",\"contentUrl\":\"https:\/\/dokerler.com\/wp-content\/uploads\/2024\/02\/HDPE-Weld-End-Steel-Transition-Adaptor-2-580x690.png\"},{\"@type\":\"BreadcrumbList\",\"@id\":\"https:\/\/dokerler.com\/tr\/urunler\/gecis-adaptorleri-flans\/kaynakli-celik-gecis-adaptoru\/#breadcrumb\",\"itemListElement\":[{\"@type\":\"ListItem\",\"position\":1,\"name\":\"Home\",\"item\":\"https:\/\/dokerler.com\/\"},{\"@type\":\"ListItem\",\"position\":2,\"name\":\"\u00dcr\u00fcnler\",\"item\":\"https:\/\/dokerler.com\/ru\/proizvodstvo\/\"},{\"@type\":\"ListItem\",\"position\":3,\"name\":\"Ge\u00e7i\u015f Adapt\u00f6rleri ve \u00c7elik Flan\u015f\",\"item\":\"https:\/\/dokerler.com\/ru\/proizvodstvo\/perekhodnyye-adaptery-i-flanets\/\"},{\"@type\":\"ListItem\",\"position\":4,\"name\":\"PE100-Kaynakl\u0131 \u00c7elik Ge\u00e7i\u015f Adapt\u00f6r\u00fc\"}]},{\"@type\":\"WebSite\",\"@id\":\"https:\/\/dokerler.com\/#website\",\"url\":\"https:\/\/dokerler.com\/\",\"name\":\"D\u00f6kerler D\u00f6k\u00fcm ve Plastik Polietilen San. \u0130th. \u0130hr. ve Tic. Ltd. \u015eti.\",\"description\":\"\",\"potentialAction\":[{\"@type\":\"SearchAction\",\"target\":{\"@type\":\"EntryPoint\",\"urlTemplate\":\"https:\/\/dokerler.com\/?s={search_term_string}\"},\"query-input\":{\"@type\":\"PropertyValueSpecification\",\"valueRequired\":true,\"valueName\":\"search_term_string\"}}],\"inLanguage\":\"tr\"}]}<\/script>\n<!-- \/ Yoast SEO plugin. -->","yoast_head_json":{"title":"PE100-Kaynakl\u0131 \u00c7elik Ge\u00e7i\u015f Adapt\u00f6r\u00fc - D\u00f6kerler D\u00f6k\u00fcm ve Plastik Polietilen San. \u0130th. \u0130hr. ve Tic. Ltd. \u015eti.","robots":{"index":"index","follow":"follow","max-snippet":"max-snippet:-1","max-image-preview":"max-image-preview:large","max-video-preview":"max-video-preview:-1"},"canonical":"https:\/\/dokerler.com\/tr\/urunler\/gecis-adaptorleri-flans\/kaynakli-celik-gecis-adaptoru\/","og_locale":"tr_TR","og_type":"article","og_title":"PE100-Kaynakl\u0131 \u00c7elik Ge\u00e7i\u015f Adapt\u00f6r\u00fc - D\u00f6kerler D\u00f6k\u00fcm ve Plastik Polietilen San. \u0130th. \u0130hr. ve Tic. Ltd. \u015eti.","og_description":"PE100-Kaynakl\u0131 \u00c7elik Ge\u00e7i\u015f Adapt\u00f6r\u00fc Home Page Ge\u00e7i\u015f Adapt\u00f6rleri ve \u00c7elik Flan\u015f PE100-KAYNAKLI \u00c7EL\u0130K GE\u00c7\u0130\u015e ADAPT\u00d6R\u00dc PE100 &amp; PE80 SDR11 Kaynakl\u0131 \u00c7elik Ge\u00e7i\u015f Adapt\u00f6r\u00fc, gaz ve s\u0131v\u0131 boru hatlar\u0131nda s\u0131zd\u0131rmazl\u0131k a\u00e7\u0131s\u0131ndan \u00f6nemli bir par\u00e7ad\u0131r. Kaynakl\u0131 \u00e7elik ge\u00e7i\u015fler ile HDPE borulardan \u00e7elik borulara \u00e7e\u015fitli kaynak y\u00f6ntemleri ( elektrod, lazer, gaz alt\u0131 vb gibi.) ile ge\u00e7i\u015f yap\u0131labilir. Kaynakl\u0131 [&hellip;]","og_url":"https:\/\/dokerler.com\/tr\/urunler\/gecis-adaptorleri-flans\/kaynakli-celik-gecis-adaptoru\/","og_site_name":"D\u00f6kerler D\u00f6k\u00fcm ve Plastik Polietilen San. \u0130th. \u0130hr. ve Tic. Ltd. \u015eti.","article_modified_time":"2024-03-28T06:51:58+00:00","og_image":[{"url":"https:\/\/dokerler.com\/wp-content\/uploads\/2024\/02\/HDPE-Weld-End-Steel-Transition-Adaptor-2-580x690.png","type":"","width":"","height":""}],"twitter_card":"summary_large_image","twitter_misc":{"Tahmini okuma s\u00fcresi":"2 dakika"},"schema":{"@context":"https:\/\/schema.org","@graph":[{"@type":"WebPage","@id":"https:\/\/dokerler.com\/tr\/urunler\/gecis-adaptorleri-flans\/kaynakli-celik-gecis-adaptoru\/","url":"https:\/\/dokerler.com\/tr\/urunler\/gecis-adaptorleri-flans\/kaynakli-celik-gecis-adaptoru\/","name":"PE100-Kaynakl\u0131 \u00c7elik Ge\u00e7i\u015f Adapt\u00f6r\u00fc - D\u00f6kerler D\u00f6k\u00fcm ve Plastik Polietilen San. \u0130th. \u0130hr. ve Tic. Ltd. \u015eti.","isPartOf":{"@id":"https:\/\/dokerler.com\/#website"},"primaryImageOfPage":{"@id":"https:\/\/dokerler.com\/tr\/urunler\/gecis-adaptorleri-flans\/kaynakli-celik-gecis-adaptoru\/#primaryimage"},"image":{"@id":"https:\/\/dokerler.com\/tr\/urunler\/gecis-adaptorleri-flans\/kaynakli-celik-gecis-adaptoru\/#primaryimage"},"thumbnailUrl":"https:\/\/dokerler.com\/wp-content\/uploads\/2024\/02\/HDPE-Weld-End-Steel-Transition-Adaptor-2-580x690.png","datePublished":"2024-02-06T15:37:12+00:00","dateModified":"2024-03-28T06:51:58+00:00","breadcrumb":{"@id":"https:\/\/dokerler.com\/tr\/urunler\/gecis-adaptorleri-flans\/kaynakli-celik-gecis-adaptoru\/#breadcrumb"},"inLanguage":"tr","potentialAction":[{"@type":"ReadAction","target":["https:\/\/dokerler.com\/tr\/urunler\/gecis-adaptorleri-flans\/kaynakli-celik-gecis-adaptoru\/"]}]},{"@type":"ImageObject","inLanguage":"tr","@id":"https:\/\/dokerler.com\/tr\/urunler\/gecis-adaptorleri-flans\/kaynakli-celik-gecis-adaptoru\/#primaryimage","url":"https:\/\/dokerler.com\/wp-content\/uploads\/2024\/02\/HDPE-Weld-End-Steel-Transition-Adaptor-2-580x690.png","contentUrl":"https:\/\/dokerler.com\/wp-content\/uploads\/2024\/02\/HDPE-Weld-End-Steel-Transition-Adaptor-2-580x690.png"},{"@type":"BreadcrumbList","@id":"https:\/\/dokerler.com\/tr\/urunler\/gecis-adaptorleri-flans\/kaynakli-celik-gecis-adaptoru\/#breadcrumb","itemListElement":[{"@type":"ListItem","position":1,"name":"Home","item":"https:\/\/dokerler.com\/"},{"@type":"ListItem","position":2,"name":"\u00dcr\u00fcnler","item":"https:\/\/dokerler.com\/ru\/proizvodstvo\/"},{"@type":"ListItem","position":3,"name":"Ge\u00e7i\u015f Adapt\u00f6rleri ve \u00c7elik Flan\u015f","item":"https:\/\/dokerler.com\/ru\/proizvodstvo\/perekhodnyye-adaptery-i-flanets\/"},{"@type":"ListItem","position":4,"name":"PE100-Kaynakl\u0131 \u00c7elik Ge\u00e7i\u015f Adapt\u00f6r\u00fc"}]},{"@type":"WebSite","@id":"https:\/\/dokerler.com\/#website","url":"https:\/\/dokerler.com\/","name":"D\u00f6kerler D\u00f6k\u00fcm ve Plastik Polietilen San. \u0130th. \u0130hr. ve Tic. Ltd. \u015eti.","description":"","potentialAction":[{"@type":"SearchAction","target":{"@type":"EntryPoint","urlTemplate":"https:\/\/dokerler.com\/?s={search_term_string}"},"query-input":{"@type":"PropertyValueSpecification","valueRequired":true,"valueName":"search_term_string"}}],"inLanguage":"tr"}]}},"_links":{"self":[{"href":"https:\/\/dokerler.com\/tr\/wp-json\/wp\/v2\/pages\/3123","targetHints":{"allow":["GET"]}}],"collection":[{"href":"https:\/\/dokerler.com\/tr\/wp-json\/wp\/v2\/pages"}],"about":[{"href":"https:\/\/dokerler.com\/tr\/wp-json\/wp\/v2\/types\/page"}],"author":[{"embeddable":true,"href":"https:\/\/dokerler.com\/tr\/wp-json\/wp\/v2\/users\/1"}],"replies":[{"embeddable":true,"href":"https:\/\/dokerler.com\/tr\/wp-json\/wp\/v2\/comments?post=3123"}],"version-history":[{"count":27,"href":"https:\/\/dokerler.com\/tr\/wp-json\/wp\/v2\/pages\/3123\/revisions"}],"predecessor-version":[{"id":5970,"href":"https:\/\/dokerler.com\/tr\/wp-json\/wp\/v2\/pages\/3123\/revisions\/5970"}],"up":[{"embeddable":true,"href":"https:\/\/dokerler.com\/tr\/wp-json\/wp\/v2\/pages\/3141"}],"wp:attachment":[{"href":"https:\/\/dokerler.com\/tr\/wp-json\/wp\/v2\/media?parent=3123"}],"curies":[{"name":"wp","href":"https:\/\/api.w.org\/{rel}","templated":true}]}}