{"id":3084,"date":"2024-02-06T15:50:51","date_gmt":"2024-02-06T15:50:51","guid":{"rendered":"https:\/\/dokerler.com\/hdpe-vidali-celik-gecis-erkek\/"},"modified":"2024-03-28T06:51:12","modified_gmt":"2024-03-28T06:51:12","slug":"disli-celik-gecis-adaptoru-erkek","status":"publish","type":"page","link":"https:\/\/dokerler.com\/tr\/urunler\/gecis-adaptorleri-flans\/disli-celik-gecis-adaptoru-erkek\/","title":{"rendered":"PE100-Di\u015fli \u00c7elik Ge\u00e7i\u015f Adapt\u00f6r\u00fc (Erkek)"},"content":{"rendered":"\t\t<div data-elementor-type=\"wp-page\" data-elementor-id=\"3084\" class=\"elementor elementor-3084\">\n\t\t\t\t\t\t<section class=\"elementor-section elementor-top-section elementor-element elementor-element-9ad4ab0 elementor-section-full_width elementor-section-height-default elementor-section-height-default\" data-id=\"9ad4ab0\" data-element_type=\"section\">\n\t\t\t\t\t\t<div class=\"elementor-container elementor-column-gap-default\">\n\t\t\t\t\t<div class=\"elementor-column elementor-col-100 elementor-top-column elementor-element elementor-element-1777117\" data-id=\"1777117\" data-element_type=\"column\">\n\t\t\t<div class=\"elementor-widget-wrap elementor-element-populated\">\n\t\t\t\t\t\t<div class=\"elementor-element elementor-element-855f2e1 elementor-widget elementor-widget-gva_post_breadcrumb\" data-id=\"855f2e1\" data-element_type=\"widget\" data-widget_type=\"gva_post_breadcrumb.default\">\n\t\t\t\t<div class=\"elementor-widget-container\">\n\t\t\t\t\t<div class=\"gva-element-gva_post_breadcrumb gva-element\">   \r\n<div class=\"post-breadcrumb\">\r\n   <div class=\"custom-breadcrumb \" >\r\n            <div class=\"breadcrumb-main\">\r\n        <div class=\"container\">\r\n          <div class=\"breadcrumb-container-inner\">\r\n            <h2 class=\"heading-title\">PE100-Di\u015fli \u00c7elik Ge\u00e7i\u015f Adapt\u00f6r\u00fc (Erkek)<\/h2><ol class=\"breadcrumb\"><li><a href=\"https:\/\/dokerler.com\/tr\/\">Home<\/a> <\/li> <li class=\"active\">Sayfa<\/li><\/ol>          <\/div>  \r\n        <\/div>   \r\n      <\/div>  \r\n   <\/div>\r\n<\/div>      \r\n\r\n<\/div>\t\t\t\t<\/div>\n\t\t\t\t<\/div>\n\t\t\t\t\t<\/div>\n\t\t<\/div>\n\t\t\t\t\t<\/div>\n\t\t<\/section>\n\t\t\t\t<section class=\"elementor-section elementor-top-section elementor-element elementor-element-a6c6e99 elementor-section-boxed elementor-section-height-default elementor-section-height-default\" data-id=\"a6c6e99\" data-element_type=\"section\">\n\t\t\t\t\t\t<div class=\"elementor-container elementor-column-gap-default\">\n\t\t\t\t\t<div class=\"elementor-column elementor-col-100 elementor-top-column elementor-element elementor-element-7f71a7e\" data-id=\"7f71a7e\" data-element_type=\"column\">\n\t\t\t<div class=\"elementor-widget-wrap elementor-element-populated\">\n\t\t\t\t\t\t<div class=\"elementor-element elementor-element-eec6306 elementor-widget elementor-widget-gva-heading-block\" data-id=\"eec6306\" data-element_type=\"widget\" data-widget_type=\"gva-heading-block.default\">\n\t\t\t\t<div class=\"elementor-widget-container\">\n\t\t\t\t\t<div class=\"gva-element-gva-heading-block gva-element\">   <div class=\"align-left style-1 widget gsc-heading box-align-left auto-responsive\">\r\n      <div class=\"content-inner\">\r\n         \r\n                  \r\n         <div class=\"sub-title\"><span class=\"tagline\">Ge\u00e7i\u015f Adapt\u00f6rleri ve \u00c7elik Flan\u015f<\/span><\/div>  \r\n         \r\n                     <h2 class=\"title\">\r\n               <span>PE100-D\u0130\u015eL\u0130 \u00c7EL\u0130K GE\u00c7\u0130\u015e ADAPT\u00d6R\u00dc (ERKEK)<\/span>\r\n            <\/h2>\r\n                  \r\n         \r\n         \r\n      <\/div>\r\n   <\/div>\r\n<\/div>\t\t\t\t<\/div>\n\t\t\t\t<\/div>\n\t\t\t\t<div class=\"elementor-element elementor-element-c321fa2 elementor-widget elementor-widget-gva-gallery\" data-id=\"c321fa2\" data-element_type=\"widget\" data-widget_type=\"gva-gallery.default\">\n\t\t\t\t<div class=\"elementor-widget-container\">\n\t\t\t\t\t<div class=\"gva-element-gva-gallery gva-element\">  \r\n  \t<div class=\"gva-gallery-grid clearfix\">\r\n\t\t<div class=\"gva-content-items\"> \r\n\t\t  \t<div class=\"lg-block-grid-4 md-block-grid-4 sm-block-grid-2 xs-block-grid-1 xx-block-grid-1\">\r\n\t\t\t \t<div class=\"item\">\r\n<div class=\"gallery-item style-1\">\r\n         <div class=\"image\">\r\n         <img decoding=\"async\" src=\"https:\/\/dokerler.com\/wp-content\/uploads\/2024\/02\/HDPE-Screwed-Steel-Transition-Male-2-580x690.png\" alt=\"\" \/>  \r\n      <\/div>\r\n      <a class=\"photo-gallery\" href=\"https:\/\/dokerler.com\/wp-content\/uploads\/2024\/02\/HDPE-Screwed-Steel-Transition-Male-2.png\" data-elementor-lightbox-slideshow=\"gallery-it5u\" aria-label=\"gallery\"><i class=\"fas fa-expand\"><\/i><\/a>\r\n   \r\n   <div class=\"image-content\">\r\n      <div class=\"content-inner\">\r\n                        <\/div>   \r\n   <\/div>\r\n<\/div>\r\n<\/div><div class=\"item\">\r\n<div class=\"gallery-item style-1\">\r\n         <div class=\"image\">\r\n         <img decoding=\"async\" src=\"https:\/\/dokerler.com\/wp-content\/uploads\/2024\/02\/HDPE-Screwed-Steel-Transition-Male-3-580x690.png\" alt=\"\" \/>  \r\n      <\/div>\r\n      <a class=\"photo-gallery\" href=\"https:\/\/dokerler.com\/wp-content\/uploads\/2024\/02\/HDPE-Screwed-Steel-Transition-Male-3.png\" data-elementor-lightbox-slideshow=\"gallery-it5u\" aria-label=\"gallery\"><i class=\"fas fa-expand\"><\/i><\/a>\r\n   \r\n   <div class=\"image-content\">\r\n      <div class=\"content-inner\">\r\n                        <\/div>   \r\n   <\/div>\r\n<\/div>\r\n<\/div><div class=\"item\">\r\n<div class=\"gallery-item style-1\">\r\n         <div class=\"image\">\r\n         <img decoding=\"async\" src=\"https:\/\/dokerler.com\/wp-content\/uploads\/2024\/02\/HDPE-Screwed-Steel-Transition-Male-4-580x690.png\" alt=\"\" \/>  \r\n      <\/div>\r\n      <a class=\"photo-gallery\" href=\"https:\/\/dokerler.com\/wp-content\/uploads\/2024\/02\/HDPE-Screwed-Steel-Transition-Male-4.png\" data-elementor-lightbox-slideshow=\"gallery-it5u\" aria-label=\"gallery\"><i class=\"fas fa-expand\"><\/i><\/a>\r\n   \r\n   <div class=\"image-content\">\r\n      <div class=\"content-inner\">\r\n                        <\/div>   \r\n   <\/div>\r\n<\/div>\r\n<\/div>\t\t  \t<\/div>\r\n\t\t<\/div>\r\n  \t<\/div>\r\n<\/div>\t\t\t\t<\/div>\n\t\t\t\t<\/div>\n\t\t\t\t<div class=\"elementor-element elementor-element-8fcfb56 elementor-widget elementor-widget-text-editor\" data-id=\"8fcfb56\" data-element_type=\"widget\" data-widget_type=\"text-editor.default\">\n\t\t\t\t<div class=\"elementor-widget-container\">\n\t\t\t\t\t\t\t\t\t<h3 class=\"table-title\">PE100 SDR11<\/h3>\n<p class=\"MsoNormal\">Di\u015fli \u00c7elik Ge\u00e7i\u015f Adapt\u00f6r\u00fc, gaz ve s\u0131v\u0131 boru hatlar\u0131nda\ns\u0131zd\u0131rmazl\u0131\u011f\u0131n anahtar\u0131 olan ek bir par\u00e7ad\u0131r. Di\u015fli \u00e7elik ge\u00e7i\u015fler ile HDPE\nborulardan di\u011fer boru cinslerine ve ak\u0131\u015f kontrol ara\u00e7lar\u0131na (vanalar,\n\u00e7ekvalfler, hidrantlar, vantuzlar vb gibi) di\u015fli olarak ge\u00e7i\u015f yap\u0131labilir. Di\u015fli\nge\u00e7i\u015f par\u00e7alar\u0131 PE100 veya PE80 borulara al\u0131n kayna\u011f\u0131 veya elektrof\u00fczyon kaynak\ny\u00f6ntemi ile kaynat\u0131labilir.<o:p><\/o:p><\/p>\t\t\t\t\t\t\t\t<\/div>\n\t\t\t\t<\/div>\n\t\t\t\t<div class=\"elementor-element elementor-element-72bccb6 elementor-widget elementor-widget-html\" data-id=\"72bccb6\" data-element_type=\"widget\" data-widget_type=\"html.default\">\n\t\t\t\t<div class=\"elementor-widget-container\">\n\t\t\t\t\t\n          <a class=\"btn-theme\" href=\"https:\/\/dokerler.com\/tr\/teklif-al\/\">\n TEKL\u0130F AL\n<\/a>\n        \t\t\t\t<\/div>\n\t\t\t\t<\/div>\n\t\t\t\t<div class=\"elementor-element elementor-element-7c6c7bd elementor-widget elementor-widget-text-editor\" data-id=\"7c6c7bd\" data-element_type=\"widget\" data-widget_type=\"text-editor.default\">\n\t\t\t\t<div class=\"elementor-widget-container\">\n\t\t\t\t\t\t\t\t\t<table class=\"table table-striped\" border=\"0\" width=\"1165\" cellspacing=\"0\" cellpadding=\"0\">\n<tbody>\n<tr>\n<td>\n                  <strong>D1<\/strong>\n                <\/td>\n<td>\n                  <strong>D2<\/strong>\n                <\/td>\n<td>\n                  <strong>bas\u0131n\u00e7 (bar) bas\u0131n\u00e7 (bar)<\/strong>\n                <\/td>\n<td>\n                  <strong>kg<\/strong>\n                <\/td>\n<td>\n                  <strong>L (mm)<\/strong>\n                <\/td>\n<td>\n                  <strong>L1 (mm)<\/strong>\n                <\/td>\n<\/tr>\n<tr>\n<td>20<\/td>\n<td>1\/2&#8243;<\/td>\n<td>pn16<\/td>\n<td>0,226<\/td>\n<td>141<\/td>\n<td>60<\/td>\n<\/tr>\n<tr>\n<td>25<\/td>\n<td>3\/4&#8243;<\/td>\n<td>pn16<\/td>\n<td>0,258<\/td>\n<td>134<\/td>\n<td>60<\/td>\n<\/tr>\n<tr>\n<td>32<\/td>\n<td>1&#8243;<\/td>\n<td>pn16<\/td>\n<td>0,412<\/td>\n<td>164<\/td>\n<td>84<\/td>\n<\/tr>\n<tr>\n<td>40<\/td>\n<td>1 1\/4&#8243;<\/td>\n<td>pn16<\/td>\n<td>0,661<\/td>\n<td>159<\/td>\n<td>72<\/td>\n<\/tr>\n<tr>\n<td>50<\/td>\n<td>1 1\/2&#8243;<\/td>\n<td>pn16<\/td>\n<td>0,831<\/td>\n<td>159<\/td>\n<td>70<\/td>\n<\/tr>\n<tr>\n<td>63<\/td>\n<td>2&#8243;<\/td>\n<td>pn16<\/td>\n<td>1,060<\/td>\n<td>203<\/td>\n<td>91<\/td>\n<\/tr>\n<tr>\n<td>75<\/td>\n<td>2 1\/2&#8243;<\/td>\n<td>pn16<\/td>\n<td>1,944<\/td>\n<td>210<\/td>\n<td>100<\/td>\n<\/tr>\n<tr>\n<td>90<\/td>\n<td>3&#8243;<\/td>\n<td>pn16<\/td>\n<td>2,460<\/td>\n<td>254<\/td>\n<td>118<\/td>\n<\/tr>\n<tr>\n<td>110<\/td>\n<td>4&#8243;<\/td>\n<td>pn16<\/td>\n<td>4,680<\/td>\n<td>270<\/td>\n<td>125<\/td>\n<\/tr>\n<\/tbody>\n<\/table>\n\t\t\t\t\t\t\t\t<\/div>\n\t\t\t\t<\/div>\n\t\t\t\t\t<\/div>\n\t\t<\/div>\n\t\t\t\t\t<\/div>\n\t\t<\/section>\n\t\t\t\t<\/div>\n\t\t","protected":false},"excerpt":{"rendered":"<p>PE100-Di\u015fli \u00c7elik Ge\u00e7i\u015f Adapt\u00f6r\u00fc (Erkek) Home Page Ge\u00e7i\u015f Adapt\u00f6rleri ve \u00c7elik Flan\u015f PE100-D\u0130\u015eL\u0130 \u00c7EL\u0130K GE\u00c7\u0130\u015e ADAPT\u00d6R\u00dc (ERKEK) PE100 SDR11 Di\u015fli \u00c7elik Ge\u00e7i\u015f Adapt\u00f6r\u00fc, gaz ve s\u0131v\u0131 boru hatlar\u0131nda s\u0131zd\u0131rmazl\u0131\u011f\u0131n anahtar\u0131 olan ek bir par\u00e7ad\u0131r. Di\u015fli \u00e7elik ge\u00e7i\u015fler ile HDPE borulardan di\u011fer boru cinslerine ve ak\u0131\u015f kontrol ara\u00e7lar\u0131na (vanalar, \u00e7ekvalfler, hidrantlar, vantuzlar vb gibi) di\u015fli olarak [&hellip;]<\/p>\n","protected":false},"author":1,"featured_media":0,"parent":3141,"menu_order":0,"comment_status":"closed","ping_status":"closed","template":"","meta":{"footnotes":""},"class_list":["post-3084","page","type-page","status-publish","hentry"],"yoast_head":"<!-- This site is optimized with the Yoast SEO plugin v25.9 - https:\/\/yoast.com\/wordpress\/plugins\/seo\/ -->\n<title>PE100-Di\u015fli \u00c7elik Ge\u00e7i\u015f Adapt\u00f6r\u00fc (Erkek) - D\u00f6kerler D\u00f6k\u00fcm ve Plastik Polietilen San. \u0130th. \u0130hr. ve Tic. Ltd. \u015eti.<\/title>\n<meta name=\"robots\" content=\"index, follow, max-snippet:-1, max-image-preview:large, max-video-preview:-1\" \/>\n<link rel=\"canonical\" href=\"https:\/\/dokerler.com\/tr\/urunler\/gecis-adaptorleri-flans\/disli-celik-gecis-adaptoru-erkek\/\" \/>\n<meta property=\"og:locale\" content=\"tr_TR\" \/>\n<meta property=\"og:type\" content=\"article\" \/>\n<meta property=\"og:title\" content=\"PE100-Di\u015fli \u00c7elik Ge\u00e7i\u015f Adapt\u00f6r\u00fc (Erkek) - D\u00f6kerler D\u00f6k\u00fcm ve Plastik Polietilen San. \u0130th. \u0130hr. ve Tic. Ltd. \u015eti.\" \/>\n<meta property=\"og:description\" content=\"PE100-Di\u015fli \u00c7elik Ge\u00e7i\u015f Adapt\u00f6r\u00fc (Erkek) Home Page Ge\u00e7i\u015f Adapt\u00f6rleri ve \u00c7elik Flan\u015f PE100-D\u0130\u015eL\u0130 \u00c7EL\u0130K GE\u00c7\u0130\u015e ADAPT\u00d6R\u00dc (ERKEK) PE100 SDR11 Di\u015fli \u00c7elik Ge\u00e7i\u015f Adapt\u00f6r\u00fc, gaz ve s\u0131v\u0131 boru hatlar\u0131nda s\u0131zd\u0131rmazl\u0131\u011f\u0131n anahtar\u0131 olan ek bir par\u00e7ad\u0131r. Di\u015fli \u00e7elik ge\u00e7i\u015fler ile HDPE borulardan di\u011fer boru cinslerine ve ak\u0131\u015f kontrol ara\u00e7lar\u0131na (vanalar, \u00e7ekvalfler, hidrantlar, vantuzlar vb gibi) di\u015fli olarak [&hellip;]\" \/>\n<meta property=\"og:url\" content=\"https:\/\/dokerler.com\/tr\/urunler\/gecis-adaptorleri-flans\/disli-celik-gecis-adaptoru-erkek\/\" \/>\n<meta property=\"og:site_name\" content=\"D\u00f6kerler D\u00f6k\u00fcm ve Plastik Polietilen San. \u0130th. \u0130hr. ve Tic. Ltd. \u015eti.\" \/>\n<meta property=\"article:modified_time\" content=\"2024-03-28T06:51:12+00:00\" \/>\n<meta property=\"og:image\" content=\"https:\/\/dokerler.com\/wp-content\/uploads\/2024\/02\/HDPE-Screwed-Steel-Transition-Male-2-580x690.png\" \/>\n<meta name=\"twitter:card\" content=\"summary_large_image\" \/>\n<meta name=\"twitter:label1\" content=\"Tahmini okuma s\u00fcresi\" \/>\n\t<meta name=\"twitter:data1\" content=\"2 dakika\" \/>\n<script type=\"application\/ld+json\" class=\"yoast-schema-graph\">{\"@context\":\"https:\/\/schema.org\",\"@graph\":[{\"@type\":\"WebPage\",\"@id\":\"https:\/\/dokerler.com\/tr\/urunler\/gecis-adaptorleri-flans\/disli-celik-gecis-adaptoru-erkek\/\",\"url\":\"https:\/\/dokerler.com\/tr\/urunler\/gecis-adaptorleri-flans\/disli-celik-gecis-adaptoru-erkek\/\",\"name\":\"PE100-Di\u015fli \u00c7elik Ge\u00e7i\u015f Adapt\u00f6r\u00fc (Erkek) - D\u00f6kerler D\u00f6k\u00fcm ve Plastik Polietilen San. \u0130th. \u0130hr. ve Tic. Ltd. \u015eti.\",\"isPartOf\":{\"@id\":\"https:\/\/dokerler.com\/#website\"},\"primaryImageOfPage\":{\"@id\":\"https:\/\/dokerler.com\/tr\/urunler\/gecis-adaptorleri-flans\/disli-celik-gecis-adaptoru-erkek\/#primaryimage\"},\"image\":{\"@id\":\"https:\/\/dokerler.com\/tr\/urunler\/gecis-adaptorleri-flans\/disli-celik-gecis-adaptoru-erkek\/#primaryimage\"},\"thumbnailUrl\":\"https:\/\/dokerler.com\/wp-content\/uploads\/2024\/02\/HDPE-Screwed-Steel-Transition-Male-2-580x690.png\",\"datePublished\":\"2024-02-06T15:50:51+00:00\",\"dateModified\":\"2024-03-28T06:51:12+00:00\",\"breadcrumb\":{\"@id\":\"https:\/\/dokerler.com\/tr\/urunler\/gecis-adaptorleri-flans\/disli-celik-gecis-adaptoru-erkek\/#breadcrumb\"},\"inLanguage\":\"tr\",\"potentialAction\":[{\"@type\":\"ReadAction\",\"target\":[\"https:\/\/dokerler.com\/tr\/urunler\/gecis-adaptorleri-flans\/disli-celik-gecis-adaptoru-erkek\/\"]}]},{\"@type\":\"ImageObject\",\"inLanguage\":\"tr\",\"@id\":\"https:\/\/dokerler.com\/tr\/urunler\/gecis-adaptorleri-flans\/disli-celik-gecis-adaptoru-erkek\/#primaryimage\",\"url\":\"https:\/\/dokerler.com\/wp-content\/uploads\/2024\/02\/HDPE-Screwed-Steel-Transition-Male-2-580x690.png\",\"contentUrl\":\"https:\/\/dokerler.com\/wp-content\/uploads\/2024\/02\/HDPE-Screwed-Steel-Transition-Male-2-580x690.png\"},{\"@type\":\"BreadcrumbList\",\"@id\":\"https:\/\/dokerler.com\/tr\/urunler\/gecis-adaptorleri-flans\/disli-celik-gecis-adaptoru-erkek\/#breadcrumb\",\"itemListElement\":[{\"@type\":\"ListItem\",\"position\":1,\"name\":\"Home\",\"item\":\"https:\/\/dokerler.com\/\"},{\"@type\":\"ListItem\",\"position\":2,\"name\":\"\u00dcr\u00fcnler\",\"item\":\"https:\/\/dokerler.com\/ru\/proizvodstvo\/\"},{\"@type\":\"ListItem\",\"position\":3,\"name\":\"Ge\u00e7i\u015f Adapt\u00f6rleri ve \u00c7elik Flan\u015f\",\"item\":\"https:\/\/dokerler.com\/ru\/proizvodstvo\/perekhodnyye-adaptery-i-flanets\/\"},{\"@type\":\"ListItem\",\"position\":4,\"name\":\"PE100-Di\u015fli \u00c7elik Ge\u00e7i\u015f Adapt\u00f6r\u00fc (Erkek)\"}]},{\"@type\":\"WebSite\",\"@id\":\"https:\/\/dokerler.com\/#website\",\"url\":\"https:\/\/dokerler.com\/\",\"name\":\"D\u00f6kerler D\u00f6k\u00fcm ve Plastik Polietilen San. \u0130th. \u0130hr. ve Tic. Ltd. \u015eti.\",\"description\":\"\",\"potentialAction\":[{\"@type\":\"SearchAction\",\"target\":{\"@type\":\"EntryPoint\",\"urlTemplate\":\"https:\/\/dokerler.com\/?s={search_term_string}\"},\"query-input\":{\"@type\":\"PropertyValueSpecification\",\"valueRequired\":true,\"valueName\":\"search_term_string\"}}],\"inLanguage\":\"tr\"}]}<\/script>\n<!-- \/ Yoast SEO plugin. -->","yoast_head_json":{"title":"PE100-Di\u015fli \u00c7elik Ge\u00e7i\u015f Adapt\u00f6r\u00fc (Erkek) - D\u00f6kerler D\u00f6k\u00fcm ve Plastik Polietilen San. \u0130th. \u0130hr. ve Tic. Ltd. \u015eti.","robots":{"index":"index","follow":"follow","max-snippet":"max-snippet:-1","max-image-preview":"max-image-preview:large","max-video-preview":"max-video-preview:-1"},"canonical":"https:\/\/dokerler.com\/tr\/urunler\/gecis-adaptorleri-flans\/disli-celik-gecis-adaptoru-erkek\/","og_locale":"tr_TR","og_type":"article","og_title":"PE100-Di\u015fli \u00c7elik Ge\u00e7i\u015f Adapt\u00f6r\u00fc (Erkek) - D\u00f6kerler D\u00f6k\u00fcm ve Plastik Polietilen San. \u0130th. \u0130hr. ve Tic. Ltd. \u015eti.","og_description":"PE100-Di\u015fli \u00c7elik Ge\u00e7i\u015f Adapt\u00f6r\u00fc (Erkek) Home Page Ge\u00e7i\u015f Adapt\u00f6rleri ve \u00c7elik Flan\u015f PE100-D\u0130\u015eL\u0130 \u00c7EL\u0130K GE\u00c7\u0130\u015e ADAPT\u00d6R\u00dc (ERKEK) PE100 SDR11 Di\u015fli \u00c7elik Ge\u00e7i\u015f Adapt\u00f6r\u00fc, gaz ve s\u0131v\u0131 boru hatlar\u0131nda s\u0131zd\u0131rmazl\u0131\u011f\u0131n anahtar\u0131 olan ek bir par\u00e7ad\u0131r. Di\u015fli \u00e7elik ge\u00e7i\u015fler ile HDPE borulardan di\u011fer boru cinslerine ve ak\u0131\u015f kontrol ara\u00e7lar\u0131na (vanalar, \u00e7ekvalfler, hidrantlar, vantuzlar vb gibi) di\u015fli olarak [&hellip;]","og_url":"https:\/\/dokerler.com\/tr\/urunler\/gecis-adaptorleri-flans\/disli-celik-gecis-adaptoru-erkek\/","og_site_name":"D\u00f6kerler D\u00f6k\u00fcm ve Plastik Polietilen San. \u0130th. \u0130hr. ve Tic. Ltd. \u015eti.","article_modified_time":"2024-03-28T06:51:12+00:00","og_image":[{"url":"https:\/\/dokerler.com\/wp-content\/uploads\/2024\/02\/HDPE-Screwed-Steel-Transition-Male-2-580x690.png","type":"","width":"","height":""}],"twitter_card":"summary_large_image","twitter_misc":{"Tahmini okuma s\u00fcresi":"2 dakika"},"schema":{"@context":"https:\/\/schema.org","@graph":[{"@type":"WebPage","@id":"https:\/\/dokerler.com\/tr\/urunler\/gecis-adaptorleri-flans\/disli-celik-gecis-adaptoru-erkek\/","url":"https:\/\/dokerler.com\/tr\/urunler\/gecis-adaptorleri-flans\/disli-celik-gecis-adaptoru-erkek\/","name":"PE100-Di\u015fli \u00c7elik Ge\u00e7i\u015f Adapt\u00f6r\u00fc (Erkek) - D\u00f6kerler D\u00f6k\u00fcm ve Plastik Polietilen San. \u0130th. \u0130hr. ve Tic. Ltd. \u015eti.","isPartOf":{"@id":"https:\/\/dokerler.com\/#website"},"primaryImageOfPage":{"@id":"https:\/\/dokerler.com\/tr\/urunler\/gecis-adaptorleri-flans\/disli-celik-gecis-adaptoru-erkek\/#primaryimage"},"image":{"@id":"https:\/\/dokerler.com\/tr\/urunler\/gecis-adaptorleri-flans\/disli-celik-gecis-adaptoru-erkek\/#primaryimage"},"thumbnailUrl":"https:\/\/dokerler.com\/wp-content\/uploads\/2024\/02\/HDPE-Screwed-Steel-Transition-Male-2-580x690.png","datePublished":"2024-02-06T15:50:51+00:00","dateModified":"2024-03-28T06:51:12+00:00","breadcrumb":{"@id":"https:\/\/dokerler.com\/tr\/urunler\/gecis-adaptorleri-flans\/disli-celik-gecis-adaptoru-erkek\/#breadcrumb"},"inLanguage":"tr","potentialAction":[{"@type":"ReadAction","target":["https:\/\/dokerler.com\/tr\/urunler\/gecis-adaptorleri-flans\/disli-celik-gecis-adaptoru-erkek\/"]}]},{"@type":"ImageObject","inLanguage":"tr","@id":"https:\/\/dokerler.com\/tr\/urunler\/gecis-adaptorleri-flans\/disli-celik-gecis-adaptoru-erkek\/#primaryimage","url":"https:\/\/dokerler.com\/wp-content\/uploads\/2024\/02\/HDPE-Screwed-Steel-Transition-Male-2-580x690.png","contentUrl":"https:\/\/dokerler.com\/wp-content\/uploads\/2024\/02\/HDPE-Screwed-Steel-Transition-Male-2-580x690.png"},{"@type":"BreadcrumbList","@id":"https:\/\/dokerler.com\/tr\/urunler\/gecis-adaptorleri-flans\/disli-celik-gecis-adaptoru-erkek\/#breadcrumb","itemListElement":[{"@type":"ListItem","position":1,"name":"Home","item":"https:\/\/dokerler.com\/"},{"@type":"ListItem","position":2,"name":"\u00dcr\u00fcnler","item":"https:\/\/dokerler.com\/ru\/proizvodstvo\/"},{"@type":"ListItem","position":3,"name":"Ge\u00e7i\u015f Adapt\u00f6rleri ve \u00c7elik Flan\u015f","item":"https:\/\/dokerler.com\/ru\/proizvodstvo\/perekhodnyye-adaptery-i-flanets\/"},{"@type":"ListItem","position":4,"name":"PE100-Di\u015fli \u00c7elik Ge\u00e7i\u015f Adapt\u00f6r\u00fc (Erkek)"}]},{"@type":"WebSite","@id":"https:\/\/dokerler.com\/#website","url":"https:\/\/dokerler.com\/","name":"D\u00f6kerler D\u00f6k\u00fcm ve Plastik Polietilen San. \u0130th. \u0130hr. ve Tic. Ltd. \u015eti.","description":"","potentialAction":[{"@type":"SearchAction","target":{"@type":"EntryPoint","urlTemplate":"https:\/\/dokerler.com\/?s={search_term_string}"},"query-input":{"@type":"PropertyValueSpecification","valueRequired":true,"valueName":"search_term_string"}}],"inLanguage":"tr"}]}},"_links":{"self":[{"href":"https:\/\/dokerler.com\/tr\/wp-json\/wp\/v2\/pages\/3084","targetHints":{"allow":["GET"]}}],"collection":[{"href":"https:\/\/dokerler.com\/tr\/wp-json\/wp\/v2\/pages"}],"about":[{"href":"https:\/\/dokerler.com\/tr\/wp-json\/wp\/v2\/types\/page"}],"author":[{"embeddable":true,"href":"https:\/\/dokerler.com\/tr\/wp-json\/wp\/v2\/users\/1"}],"replies":[{"embeddable":true,"href":"https:\/\/dokerler.com\/tr\/wp-json\/wp\/v2\/comments?post=3084"}],"version-history":[{"count":25,"href":"https:\/\/dokerler.com\/tr\/wp-json\/wp\/v2\/pages\/3084\/revisions"}],"predecessor-version":[{"id":5961,"href":"https:\/\/dokerler.com\/tr\/wp-json\/wp\/v2\/pages\/3084\/revisions\/5961"}],"up":[{"embeddable":true,"href":"https:\/\/dokerler.com\/tr\/wp-json\/wp\/v2\/pages\/3141"}],"wp:attachment":[{"href":"https:\/\/dokerler.com\/tr\/wp-json\/wp\/v2\/media?parent=3084"}],"curies":[{"name":"wp","href":"https:\/\/api.w.org\/{rel}","templated":true}]}}